{"id":109,"date":"2018-04-05T09:33:53","date_gmt":"2018-04-05T09:33:53","guid":{"rendered":"https:\/\/shop.bananierbleu.fr\/?page_id=109"},"modified":"2023-04-10T20:31:50","modified_gmt":"2023-04-10T20:31:50","slug":"a-propos","status":"publish","type":"page","link":"https:\/\/shop.bananierbleu.fr\/en\/a-propos\/","title":{"rendered":"About us"},"content":{"rendered":"<div class=\"wp-block-uagb-container uagb-block-d3f0fd34 alignfull uagb-is-root-container\"><div class=\"uagb-container-inner-blocks-wrap\">\n<figure class=\"wp-block-image aligncenter is-resized\"><img loading=\"lazy\" decoding=\"async\" src=\"https:\/\/shop.bananierbleu.fr\/wp-content\/uploads\/2018\/03\/MusicMetis2015_01.jpg\" alt=\"\" class=\"wp-image-10\" width=\"481\" height=\"134\" srcset=\"https:\/\/shop.bananierbleu.fr\/wp-content\/uploads\/2018\/03\/MusicMetis2015_01.jpg 961w, https:\/\/shop.bananierbleu.fr\/wp-content\/uploads\/2018\/03\/MusicMetis2015_01-600x167.jpg 600w, https:\/\/shop.bananierbleu.fr\/wp-content\/uploads\/2018\/03\/MusicMetis2015_01-300x84.jpg 300w, https:\/\/shop.bananierbleu.fr\/wp-content\/uploads\/2018\/03\/MusicMetis2015_01-768x214.jpg 768w, https:\/\/shop.bananierbleu.fr\/wp-content\/uploads\/2018\/03\/MusicMetis2015_01-555x155.jpg 555w\" sizes=\"auto, (max-width: 481px) 100vw, 481px\" \/><\/figure>\n\n\n\n<p class=\"has-ffffff-background-color has-background\"><strong>MusicMetis.com<\/strong> est la soci\u00e9t\u00e9 \u00e9ditrice du <strong>Bananier bleu<\/strong> (<a href=\"http:\/\/bananierbleu.fr\">https:\/\/bananierbleu.fr<\/a>) de <strong>l\u2019Agence<\/strong> (<a href=\"http:\/\/lagence.bananierbleu.fr\">https:\/\/lagence.bananierbleu.fr<\/a>) et d\u00e9sormais, du <strong>Music Shop<\/strong> (<a href=\"https:\/\/shop.bananierbleu.fr\/en\/\">https:\/\/shop.bananierbleu.fr<\/a>). Deux types de disques sont commercialis\u00e9s ici. D&rsquo;une part, nous liquidons les derniers stocks neufs de l\u2019ancienne boutique MusicMetis.com, en ligne de 2005 \u00e0 2010. La plupart de ces r\u00e9f\u00e9rences n\u2019existent plus hors de ces stocks. Dans leur grande majorit\u00e9, les produits \u00e9puis\u00e9s ne pourront donc plus \u00eatre r\u00e9approvisionn\u00e9s, exception faites des quelques albums r\u00e9cents des artistes avec lesquels nous travaillons directement. Avec la mise en route de cette nouvelle boutique, nous rajouterons progressivement de nouvelles r\u00e9f\u00e9rences \u00e0 notre catalogue, toujours orient\u00e9es sur les musiques jazz afro-carib\u00e9ennes. Par ailleurs, nous proposons \u00e9galement d\u00e9sormais un choix de r\u00e9f\u00e9rences d&rsquo;occasion. Celles-ci sont soigneusement choisies, et leur \u00e9tat physique est clairement indiqu\u00e9. Ces r\u00e9f\u00e9rences sont \u00e9videmment uniques et il n&rsquo;en existe \u00e0 chaque fois qu&rsquo;un seul exemplaire en stock.<\/p>\n\n\n\n<p class=\"has-ffffff-background-color has-background\">Sur la boutique du <strong>Bananier bleu<\/strong>, nous vendons donc exclusivement des albums physiques, exp\u00e9di\u00e9s par voie postale. Si vous recherchez de la musique en t\u00e9l\u00e9chargement, plusieurs de nos r\u00e9f\u00e9rences sont disponibles sur notre boutique <strong>BandCamp<\/strong> (<a href=\"http:\/\/lebananierbleu.bandcamp.com\">https:\/\/lebananierbleu.bandcamp.com<\/a>).<\/p>\n\n\n\n<p class=\"has-ffffff-background-color has-background\">Les exp\u00e9ditions de produits ont lieu en g\u00e9n\u00e9ral une fois par semaine. Il faut tenir compte de cela pour \u00e9valuer les d\u00e9lais de livraison lors de votre commande. Selon les destinations, deux modes d\u2019exp\u00e9ditions sont \u00e9ventuellement disponibles&nbsp;: courrier suivi et colissimo. Le choix s\u2019op\u00e8re au moment de passer commande. Le tarif est appliqu\u00e9 \u00e0 prix coutant fourni par La Poste. D&rsquo;une mani\u00e8re g\u00e9n\u00e9rale, tous les d\u00e9tails sont pr\u00e9cis\u00e9s dans nos <a href=\"https:\/\/shop.bananierbleu.fr\/en\/conditions-generales-de-vente\/\">General Terms and Conditions of Sale<\/a>. N&rsquo;h\u00e9sitez pas \u00e0 nous poser vos questions en utilisant le formulaire de la page <a href=\"https:\/\/shop.bananierbleu.fr\/en\/contact\/\">Contact<\/a>.<\/p>\n<\/div><\/div>","protected":false},"excerpt":{"rendered":"<p>MusicMetis.com est la soci\u00e9t\u00e9 \u00e9ditrice du Bananier bleu (https:\/\/bananierbleu.fr) de l\u2019Agence (https:\/\/lagence.bananierbleu.fr) et d\u00e9sormais, du Music Shop (https:\/\/shop.bananierbleu.fr). Deux types de disques sont commercialis\u00e9s ici. D&rsquo;une part, nous liquidons les derniers stocks neufs de l\u2019ancienne boutique MusicMetis.com, en ligne de 2005 \u00e0 2010. La plupart de ces r\u00e9f\u00e9rences n\u2019existent plus hors de ces stocks. Dans [&hellip;]<\/p>\n","protected":false},"author":2,"featured_media":0,"parent":0,"menu_order":0,"comment_status":"closed","ping_status":"closed","template":"","meta":{"_uag_custom_page_level_css":"","site-sidebar-layout":"no-sidebar","site-content-layout":"","ast-site-content-layout":"default","site-content-style":"default","site-sidebar-style":"default","ast-global-header-display":"","ast-banner-title-visibility":"","ast-main-header-display":"","ast-hfb-above-header-display":"","ast-hfb-below-header-display":"","ast-hfb-mobile-header-display":"","site-post-title":"","ast-breadcrumbs-content":"","ast-featured-img":"","footer-sml-layout":"","ast-disable-related-posts":"","theme-transparent-header-meta":"","adv-header-id-meta":"","stick-header-meta":"","header-above-stick-meta":"","header-main-stick-meta":"","header-below-stick-meta":"","astra-migrate-meta-layouts":"default","ast-page-background-enabled":"default","ast-page-background-meta":{"desktop":{"background-color":"var(--ast-global-color-4)","background-image":"","background-repeat":"repeat","background-position":"center center","background-size":"auto","background-attachment":"scroll","background-type":"","background-media":"","overlay-type":"","overlay-color":"","overlay-opacity":"","overlay-gradient":""},"tablet":{"background-color":"","background-image":"","background-repeat":"repeat","background-position":"center center","background-size":"auto","background-attachment":"scroll","background-type":"","background-media":"","overlay-type":"","overlay-color":"","overlay-opacity":"","overlay-gradient":""},"mobile":{"background-color":"","background-image":"","background-repeat":"repeat","background-position":"center center","background-size":"auto","background-attachment":"scroll","background-type":"","background-media":"","overlay-type":"","overlay-color":"","overlay-opacity":"","overlay-gradient":""}},"ast-content-background-meta":{"desktop":{"background-color":"var(--ast-global-color-5)","background-image":"","background-repeat":"repeat","background-position":"center center","background-size":"auto","background-attachment":"scroll","background-type":"","background-media":"","overlay-type":"","overlay-color":"","overlay-opacity":"","overlay-gradient":""},"tablet":{"background-color":"var(--ast-global-color-5)","background-image":"","background-repeat":"repeat","background-position":"center center","background-size":"auto","background-attachment":"scroll","background-type":"","background-media":"","overlay-type":"","overlay-color":"","overlay-opacity":"","overlay-gradient":""},"mobile":{"background-color":"var(--ast-global-color-5)","background-image":"","background-repeat":"repeat","background-position":"center center","background-size":"auto","background-attachment":"scroll","background-type":"","background-media":"","overlay-type":"","overlay-color":"","overlay-opacity":"","overlay-gradient":""}},"footnotes":""},"class_list":["post-109","page","type-page","status-publish","hentry"],"uagb_featured_image_src":{"full":false,"thumbnail":false,"medium":false,"medium_large":false,"large":false,"1536x1536":false,"2048x2048":false,"trp-custom-language-flag":false,"woocommerce_thumbnail":false,"woocommerce_single":false,"woocommerce_gallery_thumbnail":false},"uagb_author_info":{"display_name":"Charlie Bb","author_link":"https:\/\/shop.bananierbleu.fr\/en\/author\/christophe971\/"},"uagb_comment_info":0,"uagb_excerpt":"MusicMetis.com est la soci\u00e9t\u00e9 \u00e9ditrice du Bananier bleu (https:\/\/bananierbleu.fr) de l\u2019Agence (https:\/\/lagence.bananierbleu.fr) et d\u00e9sormais, du Music Shop (https:\/\/shop.bananierbleu.fr). Deux types de disques sont commercialis\u00e9s ici. D&rsquo;une part, nous liquidons les derniers stocks neufs de l\u2019ancienne boutique MusicMetis.com, en ligne de 2005 \u00e0 2010. La plupart de ces r\u00e9f\u00e9rences n\u2019existent plus hors de ces stocks. Dans&hellip;","_links":{"self":[{"href":"https:\/\/shop.bananierbleu.fr\/en\/wp-json\/wp\/v2\/pages\/109","targetHints":{"allow":["GET"]}}],"collection":[{"href":"https:\/\/shop.bananierbleu.fr\/en\/wp-json\/wp\/v2\/pages"}],"about":[{"href":"https:\/\/shop.bananierbleu.fr\/en\/wp-json\/wp\/v2\/types\/page"}],"author":[{"embeddable":true,"href":"https:\/\/shop.bananierbleu.fr\/en\/wp-json\/wp\/v2\/users\/2"}],"replies":[{"embeddable":true,"href":"https:\/\/shop.bananierbleu.fr\/en\/wp-json\/wp\/v2\/comments?post=109"}],"version-history":[{"count":16,"href":"https:\/\/shop.bananierbleu.fr\/en\/wp-json\/wp\/v2\/pages\/109\/revisions"}],"predecessor-version":[{"id":1135,"href":"https:\/\/shop.bananierbleu.fr\/en\/wp-json\/wp\/v2\/pages\/109\/revisions\/1135"}],"wp:attachment":[{"href":"https:\/\/shop.bananierbleu.fr\/en\/wp-json\/wp\/v2\/media?parent=109"}],"curies":[{"name":"wp","href":"https:\/\/api.w.org\/{rel}","templated":true}]}}