{"id":1064,"date":"2007-02-19T18:06:08","date_gmt":"2007-02-19T18:06:08","guid":{"rendered":"https:\/\/shop.bananierbleu.fr\/?post_type=product&#038;p=1064"},"modified":"2023-11-17T23:06:31","modified_gmt":"2023-11-17T23:06:31","slug":"exode-roberto-romard-2007","status":"publish","type":"product","link":"https:\/\/shop.bananierbleu.fr\/en\/product\/exode-roberto-romard-2007\/","title":{"rendered":"Exode (Roberto Romard \/ 2007)"},"content":{"rendered":"","protected":false},"excerpt":{"rendered":"<p>Brand new product, in blister pack. Strictly unfindable. Last copy.<\/p>\n<p>Roberto Romard : \u00ab\u00a0<em>Here is finally the album that we recorded in Guadeloupe in Jacques Joab's studio. At the beginning, a very small studio. At that time, I played a lot and I had many songs, the encounters were very favorable to the fusion, so when I had free time, I invited each musician to record track by track. I wanted to have all my good musician friends play, unfortunately, having composed only 9 tracks, it was not possible. The album was recorded in 96, but was released in 2007.<\/em>\u00a0\u00bb<\/p>\n<p>https:\/\/youtu.be\/PHroVTdXRBk<\/p>\n<ul>\n<li><strong>Year:<\/strong> 2007<\/li>\n<li><strong>Label\/Reference:<\/strong> (RRC 21-43)<\/li>\n<li><strong>Musicians:<\/strong> Camille Happsa (fl), Jos\u00e9 Gatoux (dms), Fran\u00e7ois Rinaldo (g), Gabriel Louche (keys), Jacques Iynedjian (pno), Alain Jeanne (boula), Roberto Romard (b, bck vcls, vcls), Roger B\u00e9ligny (harm), Bill Zircon (vcls), Armand Ach\u00e9ron (mak\u00e9, congas), Iscaye Marcel (boula), Franck Romard (perc).<\/li>\n<li><strong>Tracks:<\/strong> 1- Impression (toumblak) &#8211; 3:35 \/ 2- Vi\u00e8rge (kaladja) &#8211; 4:17 \/ 3- Exode (padjambel) &#8211; 4:59 \/ 4- Belle Journ\u00e9e (biguine, graj) &#8211; 3:31\/ 5- Ray Robert (kaladja l\u00e9woz) &#8211; 4:21 \/ 6- Vert (mend\u00e9) &#8211; 3:48 \/ 7- Spirit (mend\u00e9 toumblak) &#8211; 3:33 \/ 8- Ti Jean (graj) &#8211; 2:56 \/ 9- Ir\u00e8ne (basse) &#8211; 1:13<\/li>\n<\/ul>","protected":false},"featured_media":1065,"comment_status":"closed","ping_status":"closed","template":"","meta":{"_uag_custom_page_level_css":"","site-sidebar-layout":"default","site-content-layout":"default","ast-site-content-layout":"default","site-content-style":"default","site-sidebar-style":"default","ast-global-header-display":"","ast-banner-title-visibility":"","ast-main-header-display":"","ast-hfb-above-header-display":"","ast-hfb-below-header-display":"","ast-hfb-mobile-header-display":"","site-post-title":"","ast-breadcrumbs-content":"","ast-featured-img":"","footer-sml-layout":"","ast-disable-related-posts":"","theme-transparent-header-meta":"default","adv-header-id-meta":"","stick-header-meta":"","header-above-stick-meta":"","header-main-stick-meta":"","header-below-stick-meta":"","astra-migrate-meta-layouts":"default","ast-page-background-enabled":"default","ast-page-background-meta":{"desktop":{"background-color":"var(--ast-global-color-4)","background-image":"","background-repeat":"repeat","background-position":"center center","background-size":"auto","background-attachment":"scroll","background-type":"","background-media":"","overlay-type":"","overlay-color":"","overlay-opacity":"","overlay-gradient":""},"tablet":{"background-color":"","background-image":"","background-repeat":"repeat","background-position":"center center","background-size":"auto","background-attachment":"scroll","background-type":"","background-media":"","overlay-type":"","overlay-color":"","overlay-opacity":"","overlay-gradient":""},"mobile":{"background-color":"","background-image":"","background-repeat":"repeat","background-position":"center center","background-size":"auto","background-attachment":"scroll","background-type":"","background-media":"","overlay-type":"","overlay-color":"","overlay-opacity":"","overlay-gradient":""}},"ast-content-background-meta":{"desktop":{"background-color":"var(--ast-global-color-5)","background-image":"","background-repeat":"repeat","background-position":"center center","background-size":"auto","background-attachment":"scroll","background-type":"","background-media":"","overlay-type":"","overlay-color":"","overlay-opacity":"","overlay-gradient":""},"tablet":{"background-color":"var(--ast-global-color-5)","background-image":"","background-repeat":"repeat","background-position":"center center","background-size":"auto","background-attachment":"scroll","background-type":"","background-media":"","overlay-type":"","overlay-color":"","overlay-opacity":"","overlay-gradient":""},"mobile":{"background-color":"var(--ast-global-color-5)","background-image":"","background-repeat":"repeat","background-position":"center center","background-size":"auto","background-attachment":"scroll","background-type":"","background-media":"","overlay-type":"","overlay-color":"","overlay-opacity":"","overlay-gradient":""}}},"product_brand":[],"product_cat":[294],"product_tag":[424,420,627,626],"musiciens":[594],"pays":[226,227],"class_list":{"0":"post-1064","1":"product","2":"type-product","3":"status-publish","4":"has-post-thumbnail","6":"product_cat-caraibe","7":"product_tag-gwoka","8":"product_tag-jazz-creole","9":"product_tag-musique-antillaise","10":"product_tag-musiques-du-monde","11":"pa_format-album","12":"pa_format-boitier-cristal","13":"pa_format-cd","14":"musiciens-roberto-romard","15":"pays-ameriques","16":"pays-guadeloupe","17":"desktop-align-left","18":"tablet-align-left","19":"mobile-align-left","21":"first","22":"outofstock","23":"shipping-taxable","24":"purchasable","25":"product-type-simple"},"supplier_id":1151,"supplier_sku":"","barcode":null,"atum_controlled":true,"out_stock_date":"2023-11-17 23:06:31","out_stock_threshold":null,"inheritable":false,"inbound_stock":0,"stock_on_hold":0,"sold_today":0,"sales_last_days":0,"reserved_stock":0,"customer_returns":0,"warehouse_damage":0,"lost_in_post":0,"other_logs":0,"out_stock_days":884,"lost_sales":0,"has_location":false,"update_date":"2026-04-20T00:05:54","atum_locations":[],"atum_stock_status":"outofstock","restock_status":false,"low_stock_amount":"","sales_update_date":"2026-04-20T00:05:54","calc_backorders":null,"uagb_featured_image_src":{"full":["https:\/\/shop.bananierbleu.fr\/wp-content\/uploads\/2023\/02\/Roberto_Romard-Exode_discogs0.jpg",2000,2000,false],"thumbnail":["https:\/\/shop.bananierbleu.fr\/wp-content\/uploads\/2023\/02\/Roberto_Romard-Exode_discogs0-150x150.jpg",150,150,true],"medium":["https:\/\/shop.bananierbleu.fr\/wp-content\/uploads\/2023\/02\/Roberto_Romard-Exode_discogs0-300x300.jpg",300,300,true],"medium_large":["https:\/\/shop.bananierbleu.fr\/wp-content\/uploads\/2023\/02\/Roberto_Romard-Exode_discogs0-768x768.jpg",768,768,true],"large":["https:\/\/shop.bananierbleu.fr\/wp-content\/uploads\/2023\/02\/Roberto_Romard-Exode_discogs0-1024x1024.jpg",1024,1024,true],"1536x1536":["https:\/\/shop.bananierbleu.fr\/wp-content\/uploads\/2023\/02\/Roberto_Romard-Exode_discogs0-1536x1536.jpg",1536,1536,true],"2048x2048":["https:\/\/shop.bananierbleu.fr\/wp-content\/uploads\/2023\/02\/Roberto_Romard-Exode_discogs0.jpg",2000,2000,false],"trp-custom-language-flag":["https:\/\/shop.bananierbleu.fr\/wp-content\/uploads\/2023\/02\/Roberto_Romard-Exode_discogs0-12x12.jpg",12,12,true],"woocommerce_thumbnail":["https:\/\/shop.bananierbleu.fr\/wp-content\/uploads\/2023\/02\/Roberto_Romard-Exode_discogs0-300x300.jpg",300,300,true],"woocommerce_single":["https:\/\/shop.bananierbleu.fr\/wp-content\/uploads\/2023\/02\/Roberto_Romard-Exode_discogs0-600x600.jpg",600,600,true],"woocommerce_gallery_thumbnail":["https:\/\/shop.bananierbleu.fr\/wp-content\/uploads\/2023\/02\/Roberto_Romard-Exode_discogs0-100x100.jpg",100,100,true]},"uagb_author_info":{"display_name":"Charlie Bb","author_link":"https:\/\/shop.bananierbleu.fr\/en\/author\/"},"uagb_comment_info":0,"uagb_excerpt":"Produit neuf, sous blister. Strictement introuvable. Derni\u00e8re copie. Roberto Romard : \"Voici enfin l'album que nous avons enregistr\u00e9 en Guadeloupe dans le studio de Jacques Joab. Au d\u00e9but, un tout petit studio. \u00c0 cette \u00e9poque, je jouais beaucoup et j'avais de nombreux morceaux, les rencontres \u00e9taient tr\u00e8s propices \u00e0 la fusion, ainsi lorsque j'avais du&hellip;","_links":{"self":[{"href":"https:\/\/shop.bananierbleu.fr\/en\/wp-json\/wp\/v2\/product\/1064","targetHints":{"allow":["GET"]}}],"collection":[{"href":"https:\/\/shop.bananierbleu.fr\/en\/wp-json\/wp\/v2\/product"}],"about":[{"href":"https:\/\/shop.bananierbleu.fr\/en\/wp-json\/wp\/v2\/types\/product"}],"replies":[{"embeddable":true,"href":"https:\/\/shop.bananierbleu.fr\/en\/wp-json\/wp\/v2\/comments?post=1064"}],"wp:featuredmedia":[{"embeddable":true,"href":"https:\/\/shop.bananierbleu.fr\/en\/wp-json\/wp\/v2\/media\/1065"}],"wp:attachment":[{"href":"https:\/\/shop.bananierbleu.fr\/en\/wp-json\/wp\/v2\/media?parent=1064"}],"wp:term":[{"taxonomy":"product_brand","embeddable":true,"href":"https:\/\/shop.bananierbleu.fr\/en\/wp-json\/wp\/v2\/product_brand?post=1064"},{"taxonomy":"product_cat","embeddable":true,"href":"https:\/\/shop.bananierbleu.fr\/en\/wp-json\/wp\/v2\/product_cat?post=1064"},{"taxonomy":"product_tag","embeddable":true,"href":"https:\/\/shop.bananierbleu.fr\/en\/wp-json\/wp\/v2\/product_tag?post=1064"},{"taxonomy":"musiciens","embeddable":true,"href":"https:\/\/shop.bananierbleu.fr\/en\/wp-json\/wp\/v2\/musiciens?post=1064"},{"taxonomy":"pays","embeddable":true,"href":"https:\/\/shop.bananierbleu.fr\/en\/wp-json\/wp\/v2\/pays?post=1064"}],"curies":[{"name":"wp","href":"https:\/\/api.w.org\/{rel}","templated":true}]}}