{"id":1247,"date":"2023-09-01T16:02:04","date_gmt":"2023-09-01T16:02:04","guid":{"rendered":"https:\/\/shop.bananierbleu.fr\/?post_type=product&#038;p=1247"},"modified":"2026-04-11T03:01:39","modified_gmt":"2026-04-11T01:01:39","slug":"romance-sonny-troupe-2023","status":"publish","type":"product","link":"https:\/\/shop.bananierbleu.fr\/en\/product\/romance-sonny-troupe-2023\/","title":{"rendered":"Romance (Sonny Troup\u00e9 \/ 2023)"},"content":{"rendered":"","protected":false},"excerpt":{"rendered":"<p>New product, in blister pack.<\/p>\n<p>https:\/\/youtu.be\/neQOdWT1An8<\/p>\n<ul>\n<li><strong>Year:<\/strong> 2023<\/li>\n<li><strong>Label\/reference:<\/strong> (Tw3)<\/li>\n<li><strong>Musicians:<\/strong> Sonny Troup\u00e9, Yann Cl\u00e9ry, Yann Negrit, Jonathan Jurion, Sylvain Joseph, St\u00e9phane Castry, Michel Alibo<\/li>\n<li><strong>Tracks:\u00a0<\/strong>1- Romance \/ 2- Epilogue \/ 3- Sexy Music \/ 4- La Chanson De Sandra \/ 5- La Chanson De Jacques \/ 6- Konplisit\u00e9 \/ 7- La Chanson De C\u00e9l\u00e8ne \/ 8- Fin De Romance \/ 9- Vir\u00e9 D\u00e8y\u00e9 Gad\u00e9 \/ 10- La Chanson De Jacques Et Sandra \/ 11- Drama \/ 12- L\u00e8 Pou Al\u00e9<\/li>\n<\/ul>\n<div><\/div>\n<div><\/div>\n<div style=\"position: static !important;\"><\/div>\n<div style=\"position: static !important;\"><\/div>","protected":false},"featured_media":1256,"comment_status":"closed","ping_status":"closed","template":"","meta":{"_uag_custom_page_level_css":"","site-sidebar-layout":"default","site-content-layout":"default","ast-site-content-layout":"default","site-content-style":"default","site-sidebar-style":"default","ast-global-header-display":"","ast-banner-title-visibility":"","ast-main-header-display":"","ast-hfb-above-header-display":"","ast-hfb-below-header-display":"","ast-hfb-mobile-header-display":"","site-post-title":"","ast-breadcrumbs-content":"","ast-featured-img":"","footer-sml-layout":"","ast-disable-related-posts":"","theme-transparent-header-meta":"default","adv-header-id-meta":"","stick-header-meta":"","header-above-stick-meta":"","header-main-stick-meta":"","header-below-stick-meta":"","astra-migrate-meta-layouts":"set","ast-page-background-enabled":"default","ast-page-background-meta":{"desktop":{"background-color":"var(--ast-global-color-4)","background-image":"","background-repeat":"repeat","background-position":"center center","background-size":"auto","background-attachment":"scroll","background-type":"","background-media":"","overlay-type":"","overlay-color":"","overlay-opacity":"","overlay-gradient":""},"tablet":{"background-color":"","background-image":"","background-repeat":"repeat","background-position":"center center","background-size":"auto","background-attachment":"scroll","background-type":"","background-media":"","overlay-type":"","overlay-color":"","overlay-opacity":"","overlay-gradient":""},"mobile":{"background-color":"","background-image":"","background-repeat":"repeat","background-position":"center center","background-size":"auto","background-attachment":"scroll","background-type":"","background-media":"","overlay-type":"","overlay-color":"","overlay-opacity":"","overlay-gradient":""}},"ast-content-background-meta":{"desktop":{"background-color":"var(--ast-global-color-5)","background-image":"","background-repeat":"repeat","background-position":"center center","background-size":"auto","background-attachment":"scroll","background-type":"","background-media":"","overlay-type":"","overlay-color":"","overlay-opacity":"","overlay-gradient":""},"tablet":{"background-color":"var(--ast-global-color-5)","background-image":"","background-repeat":"repeat","background-position":"center center","background-size":"auto","background-attachment":"scroll","background-type":"","background-media":"","overlay-type":"","overlay-color":"","overlay-opacity":"","overlay-gradient":""},"mobile":{"background-color":"var(--ast-global-color-5)","background-image":"","background-repeat":"repeat","background-position":"center center","background-size":"auto","background-attachment":"scroll","background-type":"","background-media":"","overlay-type":"","overlay-color":"","overlay-opacity":"","overlay-gradient":""}}},"product_brand":[],"product_cat":[294],"product_tag":[660,424,414,662,661],"musiciens":[134,135,138,147,663,664,665],"pays":[226,227],"class_list":{"0":"post-1247","1":"product","2":"type-product","3":"status-publish","4":"has-post-thumbnail","6":"product_cat-caraibe","7":"product_tag-classique","8":"product_tag-gwoka","9":"product_tag-jazz","10":"product_tag-soundtrack","11":"product_tag-world","12":"pa_etat-de-la-pochette-neuf-m","13":"pa_etat-du-disque-neuf-m","14":"pa_format-album","15":"pa_format-cardboard","16":"pa_format-cd","17":"musiciens-jonathan-jurion","18":"musiciens-michel-alibo","19":"musiciens-sonny-troupe","20":"musiciens-stephane-castry","21":"musiciens-sylvain-joseph","22":"musiciens-yann-clery","23":"musiciens-yann-negrit","24":"pays-ameriques","25":"pays-guadeloupe","26":"desktop-align-left","27":"tablet-align-left","28":"mobile-align-left","30":"first","31":"instock","32":"shipping-taxable","33":"purchasable","34":"product-type-simple"},"supplier_id":1149,"supplier_sku":"","barcode":null,"atum_controlled":true,"out_stock_date":null,"out_stock_threshold":null,"inheritable":false,"inbound_stock":0,"stock_on_hold":0,"sold_today":0,"sales_last_days":1,"reserved_stock":0,"customer_returns":0,"warehouse_damage":0,"lost_in_post":0,"other_logs":0,"out_stock_days":0,"lost_sales":0,"has_location":false,"update_date":"2026-04-18T00:05:37","atum_locations":[],"atum_stock_status":"instock","restock_status":true,"low_stock_amount":0,"sales_update_date":"2026-04-18T00:05:37","calc_backorders":null,"uagb_featured_image_src":{"full":["https:\/\/shop.bananierbleu.fr\/wp-content\/uploads\/2023\/09\/Romance_cardboard.jpg",1500,1500,false],"thumbnail":["https:\/\/shop.bananierbleu.fr\/wp-content\/uploads\/2023\/09\/Romance_cardboard-150x150.jpg",150,150,true],"medium":["https:\/\/shop.bananierbleu.fr\/wp-content\/uploads\/2023\/09\/Romance_cardboard-300x300.jpg",300,300,true],"medium_large":["https:\/\/shop.bananierbleu.fr\/wp-content\/uploads\/2023\/09\/Romance_cardboard-768x768.jpg",768,768,true],"large":["https:\/\/shop.bananierbleu.fr\/wp-content\/uploads\/2023\/09\/Romance_cardboard-1024x1024.jpg",1024,1024,true],"1536x1536":["https:\/\/shop.bananierbleu.fr\/wp-content\/uploads\/2023\/09\/Romance_cardboard.jpg",1500,1500,false],"2048x2048":["https:\/\/shop.bananierbleu.fr\/wp-content\/uploads\/2023\/09\/Romance_cardboard.jpg",1500,1500,false],"trp-custom-language-flag":["https:\/\/shop.bananierbleu.fr\/wp-content\/uploads\/2023\/09\/Romance_cardboard-12x12.jpg",12,12,true],"woocommerce_thumbnail":["https:\/\/shop.bananierbleu.fr\/wp-content\/uploads\/2023\/09\/Romance_cardboard-300x300.jpg",300,300,true],"woocommerce_single":["https:\/\/shop.bananierbleu.fr\/wp-content\/uploads\/2023\/09\/Romance_cardboard-600x600.jpg",600,600,true],"woocommerce_gallery_thumbnail":["https:\/\/shop.bananierbleu.fr\/wp-content\/uploads\/2023\/09\/Romance_cardboard-100x100.jpg",100,100,true]},"uagb_author_info":{"display_name":"Charlie Bb","author_link":"https:\/\/shop.bananierbleu.fr\/en\/author\/"},"uagb_comment_info":0,"uagb_excerpt":"Produit neuf, sous blister. https:\/\/youtu.be\/neQOdWT1An8 Ann\u00e9e : 2023 Label \/ R\u00e9f\u00e9rence : (Tw3) Personnel : Sonny Troup\u00e9, Yann Cl\u00e9ry, Yann Negrit, Jonathan Jurion, Sylvain Joseph, St\u00e9phane Castry, Michel Alibo Titres :\u00a01- Romance \/ 2- Epilogue \/ 3- Sexy Music \/ 4- La Chanson De Sandra \/ 5- La Chanson De Jacques \/ 6- Konplisit\u00e9 \/&hellip;","_links":{"self":[{"href":"https:\/\/shop.bananierbleu.fr\/en\/wp-json\/wp\/v2\/product\/1247","targetHints":{"allow":["GET"]}}],"collection":[{"href":"https:\/\/shop.bananierbleu.fr\/en\/wp-json\/wp\/v2\/product"}],"about":[{"href":"https:\/\/shop.bananierbleu.fr\/en\/wp-json\/wp\/v2\/types\/product"}],"replies":[{"embeddable":true,"href":"https:\/\/shop.bananierbleu.fr\/en\/wp-json\/wp\/v2\/comments?post=1247"}],"wp:featuredmedia":[{"embeddable":true,"href":"https:\/\/shop.bananierbleu.fr\/en\/wp-json\/wp\/v2\/media\/1256"}],"wp:attachment":[{"href":"https:\/\/shop.bananierbleu.fr\/en\/wp-json\/wp\/v2\/media?parent=1247"}],"wp:term":[{"taxonomy":"product_brand","embeddable":true,"href":"https:\/\/shop.bananierbleu.fr\/en\/wp-json\/wp\/v2\/product_brand?post=1247"},{"taxonomy":"product_cat","embeddable":true,"href":"https:\/\/shop.bananierbleu.fr\/en\/wp-json\/wp\/v2\/product_cat?post=1247"},{"taxonomy":"product_tag","embeddable":true,"href":"https:\/\/shop.bananierbleu.fr\/en\/wp-json\/wp\/v2\/product_tag?post=1247"},{"taxonomy":"musiciens","embeddable":true,"href":"https:\/\/shop.bananierbleu.fr\/en\/wp-json\/wp\/v2\/musiciens?post=1247"},{"taxonomy":"pays","embeddable":true,"href":"https:\/\/shop.bananierbleu.fr\/en\/wp-json\/wp\/v2\/pays?post=1247"}],"curies":[{"name":"wp","href":"https:\/\/api.w.org\/{rel}","templated":true}]}}