{"id":1249,"date":"2023-09-01T16:16:37","date_gmt":"2023-09-01T16:16:37","guid":{"rendered":"https:\/\/shop.bananierbleu.fr\/?post_type=product&#038;p=1249"},"modified":"2024-02-05T11:29:19","modified_gmt":"2024-02-05T11:29:19","slug":"romance-cle-usb-sunset-sonny-troupe-2023","status":"publish","type":"product","link":"https:\/\/shop.bananierbleu.fr\/en\/product\/romance-cle-usb-sunset-sonny-troupe-2023\/","title":{"rendered":"Romance \/ Memory Stick Sunset (Sonny Troup\u00e9 \/ 2023)"},"content":{"rendered":"","protected":false},"excerpt":{"rendered":"<p>Mint.<\/p>\n<p>https:\/\/youtu.be\/neQOdWT1An8<\/p>\n<ul>\n<li><strong>Year:<\/strong> 2023<\/li>\n<li><strong>Label\/reference:<\/strong> (Tw3)<\/li>\n<li><strong>Musicians:<\/strong> Sonny Troup\u00e9, Yann Cl\u00e9ry, Yann Negrit, Jonathan Jurion, Sylvain Joseph, St\u00e9phane Castry, Michel Alibo<\/li>\n<li><strong>Tracks:\u00a0<\/strong>1- Romance \/ 2- Epilogue \/ 3- Sexy Music \/ 4- La Chanson De Sandra \/ 5- La Chanson De Jacques \/ 6- Konplisit\u00e9 \/ 7- La Chanson De C\u00e9l\u00e8ne \/ 8- Fin De Romance \/ 9- Vir\u00e9 D\u00e8y\u00e9 Gad\u00e9 \/ 10- La Chanson De Jacques Et Sandra \/ 11- Drama \/ 12- L\u00e8 Pou Al\u00e9<\/li>\n<li><strong>Video<\/strong> \u2013 The stick contains seven clips, two of which are exclusive and not published on the net. Romance Douvan Jou (R\u00e9alisation : Wally Fall) \/ Highway Romance (R\u00e9alisation : Sylvestre Bary) \/ Epilogue (R\u00e9alisation : Vikini movie) \/ EPK partie 1 (R\u00e9alisation : Wally Fall) \/ EPK partie 2 (R\u00e9alisation : Wally Fall) \/ La chanson de Sandra \u2013 exclusif (TW Prod) \/ On ti agouba \u2013 L\u00e8 pou al\u00e9 \u2013 \u2013 exclusif (TW Prod)<\/li>\n<\/ul>\n<div><\/div>\n<div><\/div>\n<div style=\"position: static !important;\"><\/div>\n<div style=\"position: static !important;\"><\/div>","protected":false},"featured_media":1258,"comment_status":"closed","ping_status":"closed","template":"","meta":{"_uag_custom_page_level_css":"","site-sidebar-layout":"default","site-content-layout":"default","ast-site-content-layout":"default","site-content-style":"default","site-sidebar-style":"default","ast-global-header-display":"","ast-banner-title-visibility":"","ast-main-header-display":"","ast-hfb-above-header-display":"","ast-hfb-below-header-display":"","ast-hfb-mobile-header-display":"","site-post-title":"","ast-breadcrumbs-content":"","ast-featured-img":"","footer-sml-layout":"","ast-disable-related-posts":"","theme-transparent-header-meta":"default","adv-header-id-meta":"","stick-header-meta":"","header-above-stick-meta":"","header-main-stick-meta":"","header-below-stick-meta":"","astra-migrate-meta-layouts":"set","ast-page-background-enabled":"default","ast-page-background-meta":{"desktop":{"background-color":"var(--ast-global-color-4)","background-image":"","background-repeat":"repeat","background-position":"center center","background-size":"auto","background-attachment":"scroll","background-type":"","background-media":"","overlay-type":"","overlay-color":"","overlay-opacity":"","overlay-gradient":""},"tablet":{"background-color":"","background-image":"","background-repeat":"repeat","background-position":"center center","background-size":"auto","background-attachment":"scroll","background-type":"","background-media":"","overlay-type":"","overlay-color":"","overlay-opacity":"","overlay-gradient":""},"mobile":{"background-color":"","background-image":"","background-repeat":"repeat","background-position":"center center","background-size":"auto","background-attachment":"scroll","background-type":"","background-media":"","overlay-type":"","overlay-color":"","overlay-opacity":"","overlay-gradient":""}},"ast-content-background-meta":{"desktop":{"background-color":"var(--ast-global-color-5)","background-image":"","background-repeat":"repeat","background-position":"center center","background-size":"auto","background-attachment":"scroll","background-type":"","background-media":"","overlay-type":"","overlay-color":"","overlay-opacity":"","overlay-gradient":""},"tablet":{"background-color":"var(--ast-global-color-5)","background-image":"","background-repeat":"repeat","background-position":"center center","background-size":"auto","background-attachment":"scroll","background-type":"","background-media":"","overlay-type":"","overlay-color":"","overlay-opacity":"","overlay-gradient":""},"mobile":{"background-color":"var(--ast-global-color-5)","background-image":"","background-repeat":"repeat","background-position":"center center","background-size":"auto","background-attachment":"scroll","background-type":"","background-media":"","overlay-type":"","overlay-color":"","overlay-opacity":"","overlay-gradient":""}}},"product_brand":[],"product_cat":[294],"product_tag":[660,424,414,662,661],"musiciens":[134,135,138,147,663,664,665],"pays":[],"class_list":{"0":"post-1249","1":"product","2":"type-product","3":"status-publish","4":"has-post-thumbnail","6":"product_cat-caraibe","7":"product_tag-classique","8":"product_tag-gwoka","9":"product_tag-jazz","10":"product_tag-soundtrack","11":"product_tag-world","12":"pa_etat-de-la-pochette-neuf-m","13":"pa_etat-du-disque-neuf-m","14":"pa_format-album","15":"pa_format-cle-usb","16":"musiciens-jonathan-jurion","17":"musiciens-michel-alibo","18":"musiciens-sonny-troupe","19":"musiciens-stephane-castry","20":"musiciens-sylvain-joseph","21":"musiciens-yann-clery","22":"musiciens-yann-negrit","23":"desktop-align-left","24":"tablet-align-left","25":"mobile-align-left","27":"first","28":"instock","29":"shipping-taxable","30":"purchasable","31":"product-type-simple"},"supplier_id":1149,"supplier_sku":"","barcode":null,"atum_controlled":true,"out_stock_date":null,"out_stock_threshold":null,"inheritable":false,"inbound_stock":0,"stock_on_hold":0,"sold_today":0,"sales_last_days":0,"reserved_stock":0,"customer_returns":0,"warehouse_damage":0,"lost_in_post":0,"other_logs":0,"out_stock_days":0,"lost_sales":0,"has_location":false,"update_date":"2026-04-09T00:02:54","atum_locations":[],"atum_stock_status":"instock","restock_status":false,"low_stock_amount":0,"sales_update_date":"2026-04-09T00:02:54","calc_backorders":null,"uagb_featured_image_src":{"full":["https:\/\/shop.bananierbleu.fr\/wp-content\/uploads\/2023\/09\/Romance_USB_Sunset_square.png",1013,1013,false],"thumbnail":["https:\/\/shop.bananierbleu.fr\/wp-content\/uploads\/2023\/09\/Romance_USB_Sunset_square-150x150.png",150,150,true],"medium":["https:\/\/shop.bananierbleu.fr\/wp-content\/uploads\/2023\/09\/Romance_USB_Sunset_square-300x300.png",300,300,true],"medium_large":["https:\/\/shop.bananierbleu.fr\/wp-content\/uploads\/2023\/09\/Romance_USB_Sunset_square-768x768.png",768,768,true],"large":["https:\/\/shop.bananierbleu.fr\/wp-content\/uploads\/2023\/09\/Romance_USB_Sunset_square.png",1013,1013,false],"1536x1536":["https:\/\/shop.bananierbleu.fr\/wp-content\/uploads\/2023\/09\/Romance_USB_Sunset_square.png",1013,1013,false],"2048x2048":["https:\/\/shop.bananierbleu.fr\/wp-content\/uploads\/2023\/09\/Romance_USB_Sunset_square.png",1013,1013,false],"trp-custom-language-flag":["https:\/\/shop.bananierbleu.fr\/wp-content\/uploads\/2023\/09\/Romance_USB_Sunset_square-12x12.png",12,12,true],"woocommerce_thumbnail":["https:\/\/shop.bananierbleu.fr\/wp-content\/uploads\/2023\/09\/Romance_USB_Sunset_square-300x300.png",300,300,true],"woocommerce_single":["https:\/\/shop.bananierbleu.fr\/wp-content\/uploads\/2023\/09\/Romance_USB_Sunset_square-600x600.png",600,600,true],"woocommerce_gallery_thumbnail":["https:\/\/shop.bananierbleu.fr\/wp-content\/uploads\/2023\/09\/Romance_USB_Sunset_square-100x100.png",100,100,true]},"uagb_author_info":{"display_name":"Charlie Bb","author_link":"https:\/\/shop.bananierbleu.fr\/en\/author\/"},"uagb_comment_info":0,"uagb_excerpt":"Produit neuf. https:\/\/youtu.be\/neQOdWT1An8 Ann\u00e9e : 2023 Label \/ R\u00e9f\u00e9rence : (Tw3) Personnel : Sonny Troup\u00e9, Yann Cl\u00e9ry, Yann Negrit, Jonathan Jurion, Sylvain Joseph, St\u00e9phane Castry, Michel Alibo Titres :\u00a01- Romance \/ 2- Epilogue \/ 3- Sexy Music \/ 4- La Chanson De Sandra \/ 5- La Chanson De Jacques \/ 6- Konplisit\u00e9 \/ 7- La&hellip;","_links":{"self":[{"href":"https:\/\/shop.bananierbleu.fr\/en\/wp-json\/wp\/v2\/product\/1249","targetHints":{"allow":["GET"]}}],"collection":[{"href":"https:\/\/shop.bananierbleu.fr\/en\/wp-json\/wp\/v2\/product"}],"about":[{"href":"https:\/\/shop.bananierbleu.fr\/en\/wp-json\/wp\/v2\/types\/product"}],"replies":[{"embeddable":true,"href":"https:\/\/shop.bananierbleu.fr\/en\/wp-json\/wp\/v2\/comments?post=1249"}],"wp:featuredmedia":[{"embeddable":true,"href":"https:\/\/shop.bananierbleu.fr\/en\/wp-json\/wp\/v2\/media\/1258"}],"wp:attachment":[{"href":"https:\/\/shop.bananierbleu.fr\/en\/wp-json\/wp\/v2\/media?parent=1249"}],"wp:term":[{"taxonomy":"product_brand","embeddable":true,"href":"https:\/\/shop.bananierbleu.fr\/en\/wp-json\/wp\/v2\/product_brand?post=1249"},{"taxonomy":"product_cat","embeddable":true,"href":"https:\/\/shop.bananierbleu.fr\/en\/wp-json\/wp\/v2\/product_cat?post=1249"},{"taxonomy":"product_tag","embeddable":true,"href":"https:\/\/shop.bananierbleu.fr\/en\/wp-json\/wp\/v2\/product_tag?post=1249"},{"taxonomy":"musiciens","embeddable":true,"href":"https:\/\/shop.bananierbleu.fr\/en\/wp-json\/wp\/v2\/musiciens?post=1249"},{"taxonomy":"pays","embeddable":true,"href":"https:\/\/shop.bananierbleu.fr\/en\/wp-json\/wp\/v2\/pays?post=1249"}],"curies":[{"name":"wp","href":"https:\/\/api.w.org\/{rel}","templated":true}]}}