{"id":1288,"date":"2024-01-28T15:33:58","date_gmt":"2024-01-28T15:33:58","guid":{"rendered":"https:\/\/shop.bananierbleu.fr\/?post_type=product&#038;p=1288"},"modified":"2024-07-20T10:24:01","modified_gmt":"2024-07-20T10:24:01","slug":"convergence-jimmy-felvia-2023","status":"publish","type":"product","link":"https:\/\/shop.bananierbleu.fr\/en\/product\/convergence-jimmy-felvia-2023\/","title":{"rendered":"Convergence (Jimmy Felvia, 2023)"},"content":{"rendered":"","protected":false},"excerpt":{"rendered":"<p>New product, in blister pack.<\/p>\n<p>\u00ab\u00a0<i>Convergence est le troisi\u00e8me album du pianiste martiniquais Jimmy Felvia. Enregistr\u00e9 avec Michel Alibo, Thierry JP Groov&rsquo; Jean-Pierre, Tilo Bertholo et la participation d&rsquo;Alex Han. Un jazz cr\u00e9ole moderne qui puise dans le b\u00e8l\u00e8, le jazz contemporain, et ne perd jamais de vue ni le groove ni la m\u00e9lodie. \u00c9cout\u00e9 et largement approuv\u00e9 par le Bananier bleu, et chaudement recommand\u00e9 !<\/i>\u00a0\u00bb<\/p>\n<p>https:\/\/youtu.be\/RyxP8eihILY?si=1ELh8Z21sqKPgpyI<\/p>\n<ul>\n<li><strong>Year:<\/strong> 2023<\/li>\n<li><strong>Label\/reference:<\/strong> Octogonal \/ Heavenly Sweetness (OG-001)<\/li>\n<li><strong>Musicians:<\/strong> Jimmy Felvia, Michel Alibo, Thierry Jean-Pierre, Tilo Bertholo, Alex Han<\/li>\n<li><strong>Tracks:\u00a0<\/strong>\u00a01- Intro &#8211; 2:02 \/ 2- Lawonn &#8211; 5:11 \/ 3- Neverland &#8211; 4:36 \/ 4- La Pli A &#8211; 6:29 \/ 5- Lotus &#8211; 6:37 \/ 6- Pr\u00e9lude Pou An B\u00e9lya &#8211; 2:42 \/ 7- B\u00e9lya B\u00e9lya &#8211; 9:21 \/ 8- Interlude &#8211; 0:28 \/ 9- Octogone &#8211; 3:07 \/ 10- L\u00e9v\u00e9 Bon\u00e8 &#8211; 6:04<\/li>\n<\/ul>\n<div><\/div>\n<div><\/div>\n<div><\/div>\n<div><\/div>","protected":false},"featured_media":1289,"comment_status":"open","ping_status":"closed","template":"","meta":{"_uag_custom_page_level_css":"","site-sidebar-layout":"default","site-content-layout":"","ast-site-content-layout":"default","site-content-style":"default","site-sidebar-style":"default","ast-global-header-display":"","ast-banner-title-visibility":"","ast-main-header-display":"","ast-hfb-above-header-display":"","ast-hfb-below-header-display":"","ast-hfb-mobile-header-display":"","site-post-title":"","ast-breadcrumbs-content":"","ast-featured-img":"","footer-sml-layout":"","ast-disable-related-posts":"","theme-transparent-header-meta":"default","adv-header-id-meta":"","stick-header-meta":"","header-above-stick-meta":"","header-main-stick-meta":"","header-below-stick-meta":"","astra-migrate-meta-layouts":"set","ast-page-background-enabled":"default","ast-page-background-meta":{"desktop":{"background-color":"var(--ast-global-color-4)","background-image":"","background-repeat":"repeat","background-position":"center center","background-size":"auto","background-attachment":"scroll","background-type":"","background-media":"","overlay-type":"","overlay-color":"","overlay-opacity":"","overlay-gradient":""},"tablet":{"background-color":"","background-image":"","background-repeat":"repeat","background-position":"center center","background-size":"auto","background-attachment":"scroll","background-type":"","background-media":"","overlay-type":"","overlay-color":"","overlay-opacity":"","overlay-gradient":""},"mobile":{"background-color":"","background-image":"","background-repeat":"repeat","background-position":"center center","background-size":"auto","background-attachment":"scroll","background-type":"","background-media":"","overlay-type":"","overlay-color":"","overlay-opacity":"","overlay-gradient":""}},"ast-content-background-meta":{"desktop":{"background-color":"var(--ast-global-color-5)","background-image":"","background-repeat":"repeat","background-position":"center center","background-size":"auto","background-attachment":"scroll","background-type":"","background-media":"","overlay-type":"","overlay-color":"","overlay-opacity":"","overlay-gradient":""},"tablet":{"background-color":"var(--ast-global-color-5)","background-image":"","background-repeat":"repeat","background-position":"center center","background-size":"auto","background-attachment":"scroll","background-type":"","background-media":"","overlay-type":"","overlay-color":"","overlay-opacity":"","overlay-gradient":""},"mobile":{"background-color":"var(--ast-global-color-5)","background-image":"","background-repeat":"repeat","background-position":"center center","background-size":"auto","background-attachment":"scroll","background-type":"","background-media":"","overlay-type":"","overlay-color":"","overlay-opacity":"","overlay-gradient":""}}},"product_brand":[],"product_cat":[294,472],"product_tag":[414,420,415],"musiciens":[671,669,135,272,670],"pays":[228],"class_list":{"0":"post-1288","1":"product","2":"type-product","3":"status-publish","4":"has-post-thumbnail","6":"product_cat-caraibe","7":"product_cat-jazz","8":"product_tag-jazz","9":"product_tag-jazz-creole","10":"product_tag-piano","11":"pa_etat-de-la-pochette-neuf-m","12":"pa_etat-du-disque-neuf-m","13":"pa_format-album","14":"pa_format-cd","15":"pa_format-digipack","16":"musiciens-alex-han","17":"musiciens-jimmy-felvia","18":"musiciens-michel-alibo","19":"musiciens-thierry-jean-pierre","20":"musiciens-tilo-bertholo","21":"pays-martinique","22":"desktop-align-left","23":"tablet-align-left","24":"mobile-align-left","26":"first","27":"instock","28":"shipping-taxable","29":"purchasable","30":"product-type-simple"},"supplier_id":1290,"supplier_sku":"","barcode":null,"atum_controlled":true,"out_stock_date":null,"out_stock_threshold":null,"inheritable":false,"inbound_stock":0,"stock_on_hold":0,"sold_today":0,"sales_last_days":0,"reserved_stock":0,"customer_returns":0,"warehouse_damage":0,"lost_in_post":0,"other_logs":0,"out_stock_days":0,"lost_sales":0,"has_location":false,"update_date":"2026-04-14T00:03:53","atum_locations":[],"atum_stock_status":"instock","restock_status":false,"low_stock_amount":"","sales_update_date":"2026-04-14T00:03:53","calc_backorders":null,"uagb_featured_image_src":{"full":["https:\/\/shop.bananierbleu.fr\/wp-content\/uploads\/2024\/01\/Convergence_front.jpg",804,804,false],"thumbnail":["https:\/\/shop.bananierbleu.fr\/wp-content\/uploads\/2024\/01\/Convergence_front-150x150.jpg",150,150,true],"medium":["https:\/\/shop.bananierbleu.fr\/wp-content\/uploads\/2024\/01\/Convergence_front-300x300.jpg",300,300,true],"medium_large":["https:\/\/shop.bananierbleu.fr\/wp-content\/uploads\/2024\/01\/Convergence_front-768x768.jpg",768,768,true],"large":["https:\/\/shop.bananierbleu.fr\/wp-content\/uploads\/2024\/01\/Convergence_front.jpg",804,804,false],"1536x1536":["https:\/\/shop.bananierbleu.fr\/wp-content\/uploads\/2024\/01\/Convergence_front.jpg",804,804,false],"2048x2048":["https:\/\/shop.bananierbleu.fr\/wp-content\/uploads\/2024\/01\/Convergence_front.jpg",804,804,false],"trp-custom-language-flag":["https:\/\/shop.bananierbleu.fr\/wp-content\/uploads\/2024\/01\/Convergence_front-12x12.jpg",12,12,true],"woocommerce_thumbnail":["https:\/\/shop.bananierbleu.fr\/wp-content\/uploads\/2024\/01\/Convergence_front-300x300.jpg",300,300,true],"woocommerce_single":["https:\/\/shop.bananierbleu.fr\/wp-content\/uploads\/2024\/01\/Convergence_front-600x600.jpg",600,600,true],"woocommerce_gallery_thumbnail":["https:\/\/shop.bananierbleu.fr\/wp-content\/uploads\/2024\/01\/Convergence_front-100x100.jpg",100,100,true]},"uagb_author_info":{"display_name":"Charlie Bb","author_link":"https:\/\/shop.bananierbleu.fr\/en\/author\/"},"uagb_comment_info":0,"uagb_excerpt":"Produit neuf, sous blister. \"Convergence est le troisi\u00e8me album du pianiste martiniquais Jimmy Felvia. Enregistr\u00e9 avec Michel Alibo, Thierry JP Groov' Jean-Pierre, Tilo Bertholo et la participation d'Alex Han. Un jazz cr\u00e9ole moderne qui puise dans le b\u00e8l\u00e8, le jazz contemporain, et ne perd jamais de vue ni le groove ni la m\u00e9lodie. \u00c9cout\u00e9 et&hellip;","_links":{"self":[{"href":"https:\/\/shop.bananierbleu.fr\/en\/wp-json\/wp\/v2\/product\/1288","targetHints":{"allow":["GET"]}}],"collection":[{"href":"https:\/\/shop.bananierbleu.fr\/en\/wp-json\/wp\/v2\/product"}],"about":[{"href":"https:\/\/shop.bananierbleu.fr\/en\/wp-json\/wp\/v2\/types\/product"}],"replies":[{"embeddable":true,"href":"https:\/\/shop.bananierbleu.fr\/en\/wp-json\/wp\/v2\/comments?post=1288"}],"wp:featuredmedia":[{"embeddable":true,"href":"https:\/\/shop.bananierbleu.fr\/en\/wp-json\/wp\/v2\/media\/1289"}],"wp:attachment":[{"href":"https:\/\/shop.bananierbleu.fr\/en\/wp-json\/wp\/v2\/media?parent=1288"}],"wp:term":[{"taxonomy":"product_brand","embeddable":true,"href":"https:\/\/shop.bananierbleu.fr\/en\/wp-json\/wp\/v2\/product_brand?post=1288"},{"taxonomy":"product_cat","embeddable":true,"href":"https:\/\/shop.bananierbleu.fr\/en\/wp-json\/wp\/v2\/product_cat?post=1288"},{"taxonomy":"product_tag","embeddable":true,"href":"https:\/\/shop.bananierbleu.fr\/en\/wp-json\/wp\/v2\/product_tag?post=1288"},{"taxonomy":"musiciens","embeddable":true,"href":"https:\/\/shop.bananierbleu.fr\/en\/wp-json\/wp\/v2\/musiciens?post=1288"},{"taxonomy":"pays","embeddable":true,"href":"https:\/\/shop.bananierbleu.fr\/en\/wp-json\/wp\/v2\/pays?post=1288"}],"curies":[{"name":"wp","href":"https:\/\/api.w.org\/{rel}","templated":true}]}}