{"id":1292,"date":"2024-02-05T11:13:36","date_gmt":"2024-02-05T11:13:36","guid":{"rendered":"https:\/\/shop.bananierbleu.fr\/?post_type=product&#038;p=1292"},"modified":"2026-03-01T19:14:52","modified_gmt":"2026-03-01T18:14:52","slug":"pop-ka-franck-nicolas-2023","status":"publish","type":"product","link":"https:\/\/shop.bananierbleu.fr\/en\/product\/pop-ka-franck-nicolas-2023\/","title":{"rendered":"Pop-Ka (Franck Nicolas, 2023)"},"content":{"rendered":"","protected":false},"excerpt":{"rendered":"<p>New product, in blister pack.<\/p>\n<p>https:\/\/youtu.be\/46aim6OCYEA?si=m9a09SP82vRAvA5y<\/p>\n<ul>\n<li><strong>Year:<\/strong> 2023<\/li>\n<li><strong>Label\/reference:<\/strong> Emanaprod \u2013 FJ1<\/li>\n<li><strong>Musicians:<\/strong> Franck Nicolas, Ydriss Bonalair, Norick Tisseur, Gregory Privat, Frantz Fl\u00e9reau + Jennifer Charlotte-Cleria, Jony Lerond \u00ab\u00a0Somnanbil\u00a0\u00bb, Ralph Lavital<\/li>\n<li><strong>Tracks:\u00a0<\/strong> 1- Pop-Ka &#8211; 3:03 \/ 2- Taxi &#8211; 4:30 \/ 3- Fanm Chokola &#8211; 3:58 \/ 4- Gwadloupmawtinik &#8211; 3:45 \/ 5- Z\u00e9kal &#8211; 3:34 \/ 6- Berceuse Pour Maman &#8211; 3:19 \/ 7- Asi Mon La &#8211; 3:17 \/ 8- Au Revoir Micha\u00ebl &#8211; 3:50 \/ 9- Pri\u00e8re Solaire &#8211; 0:04 \/ 10- Blues For Jenny &#8211; 1:43 \/ 11- Doudou &#8211; 3:57 \/ 12- Chabine Soleil &#8211; 2:44 \/ 13- Pati &#8211; 4:09 \/ 14- Fanm Chokola (Version Trio) &#8211; 2:55 \/ 15- Gwadloup\u00e9yen &#8211; 3:40 \/ 16- Hommage A Nos H\u00e9ro\u00efnes Du Pass\u00e9 Et Du Futur &#8211; 0:04 \/ 17- R\u00e8v Bl\u00e9 &#8211; 3:31<\/li>\n<\/ul>\n<div><\/div>\n<div><\/div>\n<div><\/div>\n<div><\/div>","protected":false},"featured_media":1293,"comment_status":"open","ping_status":"closed","template":"","meta":{"_uag_custom_page_level_css":"","site-sidebar-layout":"default","site-content-layout":"","ast-site-content-layout":"default","site-content-style":"default","site-sidebar-style":"default","ast-global-header-display":"","ast-banner-title-visibility":"","ast-main-header-display":"","ast-hfb-above-header-display":"","ast-hfb-below-header-display":"","ast-hfb-mobile-header-display":"","site-post-title":"","ast-breadcrumbs-content":"","ast-featured-img":"","footer-sml-layout":"","ast-disable-related-posts":"","theme-transparent-header-meta":"default","adv-header-id-meta":"","stick-header-meta":"","header-above-stick-meta":"","header-main-stick-meta":"","header-below-stick-meta":"","astra-migrate-meta-layouts":"set","ast-page-background-enabled":"default","ast-page-background-meta":{"desktop":{"background-color":"var(--ast-global-color-4)","background-image":"","background-repeat":"repeat","background-position":"center center","background-size":"auto","background-attachment":"scroll","background-type":"","background-media":"","overlay-type":"","overlay-color":"","overlay-opacity":"","overlay-gradient":""},"tablet":{"background-color":"","background-image":"","background-repeat":"repeat","background-position":"center center","background-size":"auto","background-attachment":"scroll","background-type":"","background-media":"","overlay-type":"","overlay-color":"","overlay-opacity":"","overlay-gradient":""},"mobile":{"background-color":"","background-image":"","background-repeat":"repeat","background-position":"center center","background-size":"auto","background-attachment":"scroll","background-type":"","background-media":"","overlay-type":"","overlay-color":"","overlay-opacity":"","overlay-gradient":""}},"ast-content-background-meta":{"desktop":{"background-color":"var(--ast-global-color-5)","background-image":"","background-repeat":"repeat","background-position":"center center","background-size":"auto","background-attachment":"scroll","background-type":"","background-media":"","overlay-type":"","overlay-color":"","overlay-opacity":"","overlay-gradient":""},"tablet":{"background-color":"var(--ast-global-color-5)","background-image":"","background-repeat":"repeat","background-position":"center center","background-size":"auto","background-attachment":"scroll","background-type":"","background-media":"","overlay-type":"","overlay-color":"","overlay-opacity":"","overlay-gradient":""},"mobile":{"background-color":"var(--ast-global-color-5)","background-image":"","background-repeat":"repeat","background-position":"center center","background-size":"auto","background-attachment":"scroll","background-type":"","background-media":"","overlay-type":"","overlay-color":"","overlay-opacity":"","overlay-gradient":""}}},"product_brand":[],"product_cat":[294,472],"product_tag":[424,414,627],"musiciens":[143,675,133,191,240,674],"pays":[226,227],"class_list":{"0":"post-1292","1":"product","2":"type-product","3":"status-publish","4":"has-post-thumbnail","6":"product_cat-caraibe","7":"product_cat-jazz","8":"product_tag-gwoka","9":"product_tag-jazz","10":"product_tag-musique-antillaise","11":"pa_etat-de-la-pochette-neuf-m","12":"pa_etat-du-disque-neuf-m","13":"pa_format-album","14":"pa_format-cd","15":"pa_format-digipack","16":"musiciens-franck-nicolas","17":"musiciens-frantz-flereau","18":"musiciens-gregory-privat","19":"musiciens-jony-lerond","20":"musiciens-ralph-lavital","21":"musiciens-ydriss-bonalair","22":"pays-ameriques","23":"pays-guadeloupe","24":"desktop-align-left","25":"tablet-align-left","26":"mobile-align-left","28":"first","29":"instock","30":"shipping-taxable","31":"purchasable","32":"product-type-simple"},"supplier_id":1294,"supplier_sku":"","barcode":null,"atum_controlled":true,"out_stock_date":null,"out_stock_threshold":null,"inheritable":false,"inbound_stock":0,"stock_on_hold":0,"sold_today":0,"sales_last_days":0,"reserved_stock":0,"customer_returns":0,"warehouse_damage":0,"lost_in_post":0,"other_logs":0,"out_stock_days":0,"lost_sales":0,"has_location":false,"update_date":"2026-04-07T00:02:08","atum_locations":[],"atum_stock_status":"instock","restock_status":false,"low_stock_amount":"","sales_update_date":"2026-04-07T00:02:08","calc_backorders":null,"uagb_featured_image_src":{"full":["https:\/\/shop.bananierbleu.fr\/wp-content\/uploads\/2024\/02\/Pop_Ka-front.jpg",2000,1786,false],"thumbnail":["https:\/\/shop.bananierbleu.fr\/wp-content\/uploads\/2024\/02\/Pop_Ka-front-150x150.jpg",150,150,true],"medium":["https:\/\/shop.bananierbleu.fr\/wp-content\/uploads\/2024\/02\/Pop_Ka-front-300x268.jpg",300,268,true],"medium_large":["https:\/\/shop.bananierbleu.fr\/wp-content\/uploads\/2024\/02\/Pop_Ka-front-768x686.jpg",768,686,true],"large":["https:\/\/shop.bananierbleu.fr\/wp-content\/uploads\/2024\/02\/Pop_Ka-front-1024x914.jpg",1024,914,true],"1536x1536":["https:\/\/shop.bananierbleu.fr\/wp-content\/uploads\/2024\/02\/Pop_Ka-front-1536x1372.jpg",1536,1372,true],"2048x2048":["https:\/\/shop.bananierbleu.fr\/wp-content\/uploads\/2024\/02\/Pop_Ka-front.jpg",2000,1786,false],"trp-custom-language-flag":["https:\/\/shop.bananierbleu.fr\/wp-content\/uploads\/2024\/02\/Pop_Ka-front-13x12.jpg",13,12,true],"woocommerce_thumbnail":["https:\/\/shop.bananierbleu.fr\/wp-content\/uploads\/2024\/02\/Pop_Ka-front-300x300.jpg",300,300,true],"woocommerce_single":["https:\/\/shop.bananierbleu.fr\/wp-content\/uploads\/2024\/02\/Pop_Ka-front-600x536.jpg",600,536,true],"woocommerce_gallery_thumbnail":["https:\/\/shop.bananierbleu.fr\/wp-content\/uploads\/2024\/02\/Pop_Ka-front-100x100.jpg",100,100,true]},"uagb_author_info":{"display_name":"Charlie Bb","author_link":"https:\/\/shop.bananierbleu.fr\/en\/author\/"},"uagb_comment_info":0,"uagb_excerpt":"Produit neuf, sous blister. https:\/\/youtu.be\/46aim6OCYEA?si=m9a09SP82vRAvA5y Ann\u00e9e : 2023 Label \/ R\u00e9f\u00e9rence : Emanaprod \u2013 FJ1 Personnel : Franck Nicolas, Ydriss Bonalair, Norick Tisseur, Gregory Privat, Frantz Fl\u00e9reau + Jennifer Charlotte-Cleria, Jony Lerond \"Somnanbil\", Ralph Lavital Titres :\u00a0 1- Pop-Ka - 3:03 \/ 2- Taxi - 4:30 \/ 3- Fanm Chokola - 3:58 \/ 4- Gwadloupmawtinik&hellip;","_links":{"self":[{"href":"https:\/\/shop.bananierbleu.fr\/en\/wp-json\/wp\/v2\/product\/1292","targetHints":{"allow":["GET"]}}],"collection":[{"href":"https:\/\/shop.bananierbleu.fr\/en\/wp-json\/wp\/v2\/product"}],"about":[{"href":"https:\/\/shop.bananierbleu.fr\/en\/wp-json\/wp\/v2\/types\/product"}],"replies":[{"embeddable":true,"href":"https:\/\/shop.bananierbleu.fr\/en\/wp-json\/wp\/v2\/comments?post=1292"}],"wp:featuredmedia":[{"embeddable":true,"href":"https:\/\/shop.bananierbleu.fr\/en\/wp-json\/wp\/v2\/media\/1293"}],"wp:attachment":[{"href":"https:\/\/shop.bananierbleu.fr\/en\/wp-json\/wp\/v2\/media?parent=1292"}],"wp:term":[{"taxonomy":"product_brand","embeddable":true,"href":"https:\/\/shop.bananierbleu.fr\/en\/wp-json\/wp\/v2\/product_brand?post=1292"},{"taxonomy":"product_cat","embeddable":true,"href":"https:\/\/shop.bananierbleu.fr\/en\/wp-json\/wp\/v2\/product_cat?post=1292"},{"taxonomy":"product_tag","embeddable":true,"href":"https:\/\/shop.bananierbleu.fr\/en\/wp-json\/wp\/v2\/product_tag?post=1292"},{"taxonomy":"musiciens","embeddable":true,"href":"https:\/\/shop.bananierbleu.fr\/en\/wp-json\/wp\/v2\/musiciens?post=1292"},{"taxonomy":"pays","embeddable":true,"href":"https:\/\/shop.bananierbleu.fr\/en\/wp-json\/wp\/v2\/pays?post=1292"}],"curies":[{"name":"wp","href":"https:\/\/api.w.org\/{rel}","templated":true}]}}