{"id":1318,"date":"2024-09-30T16:08:47","date_gmt":"2024-09-30T16:08:47","guid":{"rendered":"https:\/\/shop.bananierbleu.fr\/?post_type=product&#038;p=1318"},"modified":"2024-09-30T16:08:47","modified_gmt":"2024-09-30T16:08:47","slug":"digital-caresse-serge-fabriano-1986-reedition-2018","status":"publish","type":"product","link":"https:\/\/shop.bananierbleu.fr\/en\/product\/digital-caresse-serge-fabriano-1986-reedition-2018\/","title":{"rendered":"Digital Caresse (Serge Fabriano, 1986 &#8211; r\u00e9\u00e9dition 2018)"},"content":{"rendered":"","protected":false},"excerpt":{"rendered":"<ul>\n<li>Vinyl record<\/li>\n<li>New product, in blister pack.<\/li>\n<\/ul>\n<p>https:\/\/youtu.be\/NKjrHkXOphM<\/p>\n<ul>\n<li><strong>Year:<\/strong> 2018 (r\u00e9\u00e9dition de l&rsquo;original datant de 1986)<\/li>\n<li><strong>Label\/reference:<\/strong> BeauMonde Records \u2013 BM1803<\/li>\n<li><strong>Musicians: <\/strong>Serge Fabriano<\/li>\n<li><strong>Tracks: <\/strong>A1- Fr\u00e9quences Vacances &#8211; 5:00 \/ A2- Deshaies &#8211; 9:16 \/ B1- We Shall Overcome &#8211; 7:09 \/ B2- Mosa\u00efque &#8211; 3:00 \/ B3- Th\u00e9r\u00e8se &#8211; 4:03<\/li>\n<\/ul>","protected":false},"featured_media":1319,"comment_status":"open","ping_status":"closed","template":"","meta":{"_uag_custom_page_level_css":"","site-sidebar-layout":"default","site-content-layout":"","ast-site-content-layout":"default","site-content-style":"default","site-sidebar-style":"default","ast-global-header-display":"","ast-banner-title-visibility":"","ast-main-header-display":"","ast-hfb-above-header-display":"","ast-hfb-below-header-display":"","ast-hfb-mobile-header-display":"","site-post-title":"","ast-breadcrumbs-content":"","ast-featured-img":"","footer-sml-layout":"","ast-disable-related-posts":"","theme-transparent-header-meta":"default","adv-header-id-meta":"","stick-header-meta":"","header-above-stick-meta":"","header-main-stick-meta":"","header-below-stick-meta":"","astra-migrate-meta-layouts":"set","ast-page-background-enabled":"default","ast-page-background-meta":{"desktop":{"background-color":"var(--ast-global-color-4)","background-image":"","background-repeat":"repeat","background-position":"center center","background-size":"auto","background-attachment":"scroll","background-type":"","background-media":"","overlay-type":"","overlay-color":"","overlay-opacity":"","overlay-gradient":""},"tablet":{"background-color":"","background-image":"","background-repeat":"repeat","background-position":"center center","background-size":"auto","background-attachment":"scroll","background-type":"","background-media":"","overlay-type":"","overlay-color":"","overlay-opacity":"","overlay-gradient":""},"mobile":{"background-color":"","background-image":"","background-repeat":"repeat","background-position":"center center","background-size":"auto","background-attachment":"scroll","background-type":"","background-media":"","overlay-type":"","overlay-color":"","overlay-opacity":"","overlay-gradient":""}},"ast-content-background-meta":{"desktop":{"background-color":"var(--ast-global-color-5)","background-image":"","background-repeat":"repeat","background-position":"center center","background-size":"auto","background-attachment":"scroll","background-type":"","background-media":"","overlay-type":"","overlay-color":"","overlay-opacity":"","overlay-gradient":""},"tablet":{"background-color":"var(--ast-global-color-5)","background-image":"","background-repeat":"repeat","background-position":"center center","background-size":"auto","background-attachment":"scroll","background-type":"","background-media":"","overlay-type":"","overlay-color":"","overlay-opacity":"","overlay-gradient":""},"mobile":{"background-color":"var(--ast-global-color-5)","background-image":"","background-repeat":"repeat","background-position":"center center","background-size":"auto","background-attachment":"scroll","background-type":"","background-media":"","overlay-type":"","overlay-color":"","overlay-opacity":"","overlay-gradient":""}}},"product_brand":[],"product_cat":[294,470],"product_tag":[436,627],"musiciens":[681],"pays":[226,227],"class_list":{"0":"post-1318","1":"product","2":"type-product","3":"status-publish","4":"has-post-thumbnail","6":"product_cat-caraibe","7":"product_cat-electro","8":"product_tag-electro","9":"product_tag-musique-antillaise","10":"pa_etat-de-la-pochette-neuf-m","11":"pa_etat-du-disque-neuf-m","12":"pa_format-679","13":"pa_format-ep","14":"pa_format-vinyl","15":"musiciens-serge-fabriano","16":"pays-ameriques","17":"pays-guadeloupe","18":"desktop-align-left","19":"tablet-align-left","20":"mobile-align-left","22":"first","23":"instock","24":"shipping-taxable","25":"purchasable","26":"product-type-simple"},"supplier_id":1150,"supplier_sku":"","barcode":null,"atum_controlled":true,"out_stock_date":null,"out_stock_threshold":null,"inheritable":false,"inbound_stock":0,"stock_on_hold":0,"sold_today":0,"sales_last_days":0,"reserved_stock":0,"customer_returns":0,"warehouse_damage":0,"lost_in_post":0,"other_logs":0,"out_stock_days":0,"lost_sales":0,"has_location":false,"update_date":"2026-04-14T00:03:53","atum_locations":[],"atum_stock_status":"instock","restock_status":false,"low_stock_amount":"","sales_update_date":"2026-04-14T00:03:53","calc_backorders":null,"uagb_featured_image_src":{"full":["https:\/\/shop.bananierbleu.fr\/wp-content\/uploads\/2024\/09\/Digital-Caresse-front.jpg",600,600,false],"thumbnail":["https:\/\/shop.bananierbleu.fr\/wp-content\/uploads\/2024\/09\/Digital-Caresse-front-150x150.jpg",150,150,true],"medium":["https:\/\/shop.bananierbleu.fr\/wp-content\/uploads\/2024\/09\/Digital-Caresse-front-300x300.jpg",300,300,true],"medium_large":["https:\/\/shop.bananierbleu.fr\/wp-content\/uploads\/2024\/09\/Digital-Caresse-front.jpg",600,600,false],"large":["https:\/\/shop.bananierbleu.fr\/wp-content\/uploads\/2024\/09\/Digital-Caresse-front.jpg",600,600,false],"1536x1536":["https:\/\/shop.bananierbleu.fr\/wp-content\/uploads\/2024\/09\/Digital-Caresse-front.jpg",600,600,false],"2048x2048":["https:\/\/shop.bananierbleu.fr\/wp-content\/uploads\/2024\/09\/Digital-Caresse-front.jpg",600,600,false],"trp-custom-language-flag":["https:\/\/shop.bananierbleu.fr\/wp-content\/uploads\/2024\/09\/Digital-Caresse-front-12x12.jpg",12,12,true],"woocommerce_thumbnail":["https:\/\/shop.bananierbleu.fr\/wp-content\/uploads\/2024\/09\/Digital-Caresse-front-300x300.jpg",300,300,true],"woocommerce_single":["https:\/\/shop.bananierbleu.fr\/wp-content\/uploads\/2024\/09\/Digital-Caresse-front.jpg",600,600,false],"woocommerce_gallery_thumbnail":["https:\/\/shop.bananierbleu.fr\/wp-content\/uploads\/2024\/09\/Digital-Caresse-front-100x100.jpg",100,100,true]},"uagb_author_info":{"display_name":"Charlie Bb","author_link":"https:\/\/shop.bananierbleu.fr\/en\/author\/"},"uagb_comment_info":0,"uagb_excerpt":"Disque vinyle Produit neuf, sous blister. https:\/\/youtu.be\/NKjrHkXOphM Ann\u00e9e : 2018 (r\u00e9\u00e9dition de l'original datant de 1986) Label \/ R\u00e9f\u00e9rence : BeauMonde Records \u2013 BM1803 Personnel : Serge Fabriano Titres : A1- Fr\u00e9quences Vacances - 5:00 \/ A2- Deshaies - 9:16 \/ B1- We Shall Overcome - 7:09 \/ B2- Mosa\u00efque - 3:00 \/ B3- Th\u00e9r\u00e8se&hellip;","_links":{"self":[{"href":"https:\/\/shop.bananierbleu.fr\/en\/wp-json\/wp\/v2\/product\/1318","targetHints":{"allow":["GET"]}}],"collection":[{"href":"https:\/\/shop.bananierbleu.fr\/en\/wp-json\/wp\/v2\/product"}],"about":[{"href":"https:\/\/shop.bananierbleu.fr\/en\/wp-json\/wp\/v2\/types\/product"}],"replies":[{"embeddable":true,"href":"https:\/\/shop.bananierbleu.fr\/en\/wp-json\/wp\/v2\/comments?post=1318"}],"wp:featuredmedia":[{"embeddable":true,"href":"https:\/\/shop.bananierbleu.fr\/en\/wp-json\/wp\/v2\/media\/1319"}],"wp:attachment":[{"href":"https:\/\/shop.bananierbleu.fr\/en\/wp-json\/wp\/v2\/media?parent=1318"}],"wp:term":[{"taxonomy":"product_brand","embeddable":true,"href":"https:\/\/shop.bananierbleu.fr\/en\/wp-json\/wp\/v2\/product_brand?post=1318"},{"taxonomy":"product_cat","embeddable":true,"href":"https:\/\/shop.bananierbleu.fr\/en\/wp-json\/wp\/v2\/product_cat?post=1318"},{"taxonomy":"product_tag","embeddable":true,"href":"https:\/\/shop.bananierbleu.fr\/en\/wp-json\/wp\/v2\/product_tag?post=1318"},{"taxonomy":"musiciens","embeddable":true,"href":"https:\/\/shop.bananierbleu.fr\/en\/wp-json\/wp\/v2\/musiciens?post=1318"},{"taxonomy":"pays","embeddable":true,"href":"https:\/\/shop.bananierbleu.fr\/en\/wp-json\/wp\/v2\/pays?post=1318"}],"curies":[{"name":"wp","href":"https:\/\/api.w.org\/{rel}","templated":true}]}}