{"id":135,"date":"2006-04-07T20:24:13","date_gmt":"2006-04-07T20:24:13","guid":{"rendered":"https:\/\/shop.bananierbleu.fr\/?post_type=product&#038;p=135"},"modified":"2023-08-23T10:32:37","modified_gmt":"2023-08-23T10:32:37","slug":"nicolas-genest-lekere-2006","status":"publish","type":"product","link":"https:\/\/shop.bananierbleu.fr\/en\/product\/nicolas-genest-lekere-2006\/","title":{"rendered":"L\u00e9k\u00e9r\u00e9 (Nicolas Genest \/ 2006)"},"content":{"rendered":"","protected":false},"excerpt":{"rendered":"<p>New product, in blister pack.<\/p>\n<p>https:\/\/youtu.be\/Op1OWRg4upE<\/p>\n<ul>\n<li><strong>Year:<\/strong> 2006<\/li>\n<li><strong>Musicians:<\/strong> Nicolas Genest, Louis Winsberg, Norbert Lucarain, Bojan Z, Jules Isaac Bikoko, Hubert Dupont, La\u00efka Fatien, Laurent Dehors, Malik Mezzadri, Cyril Atef, Brice Wassy, Minino Garay, Vincent Courtois&#8230;<\/li>\n<\/ul>\n<div style=\"position: static !important;\"><\/div>\n<div style=\"position: static !important;\"><\/div>","protected":false},"featured_media":137,"comment_status":"closed","ping_status":"closed","template":"","meta":{"_uag_custom_page_level_css":"","site-sidebar-layout":"default","site-content-layout":"default","ast-site-content-layout":"default","site-content-style":"default","site-sidebar-style":"default","ast-global-header-display":"","ast-banner-title-visibility":"","ast-main-header-display":"","ast-hfb-above-header-display":"","ast-hfb-below-header-display":"","ast-hfb-mobile-header-display":"","site-post-title":"","ast-breadcrumbs-content":"","ast-featured-img":"","footer-sml-layout":"","ast-disable-related-posts":"","theme-transparent-header-meta":"default","adv-header-id-meta":"","stick-header-meta":"","header-above-stick-meta":"","header-main-stick-meta":"","header-below-stick-meta":"","astra-migrate-meta-layouts":"default","ast-page-background-enabled":"default","ast-page-background-meta":{"desktop":{"background-color":"var(--ast-global-color-4)","background-image":"","background-repeat":"repeat","background-position":"center center","background-size":"auto","background-attachment":"scroll","background-type":"","background-media":"","overlay-type":"","overlay-color":"","overlay-opacity":"","overlay-gradient":""},"tablet":{"background-color":"","background-image":"","background-repeat":"repeat","background-position":"center center","background-size":"auto","background-attachment":"scroll","background-type":"","background-media":"","overlay-type":"","overlay-color":"","overlay-opacity":"","overlay-gradient":""},"mobile":{"background-color":"","background-image":"","background-repeat":"repeat","background-position":"center center","background-size":"auto","background-attachment":"scroll","background-type":"","background-media":"","overlay-type":"","overlay-color":"","overlay-opacity":"","overlay-gradient":""}},"ast-content-background-meta":{"desktop":{"background-color":"var(--ast-global-color-5)","background-image":"","background-repeat":"repeat","background-position":"center center","background-size":"auto","background-attachment":"scroll","background-type":"","background-media":"","overlay-type":"","overlay-color":"","overlay-opacity":"","overlay-gradient":""},"tablet":{"background-color":"var(--ast-global-color-5)","background-image":"","background-repeat":"repeat","background-position":"center center","background-size":"auto","background-attachment":"scroll","background-type":"","background-media":"","overlay-type":"","overlay-color":"","overlay-opacity":"","overlay-gradient":""},"mobile":{"background-color":"var(--ast-global-color-5)","background-image":"","background-repeat":"repeat","background-position":"center center","background-size":"auto","background-attachment":"scroll","background-type":"","background-media":"","overlay-type":"","overlay-color":"","overlay-opacity":"","overlay-gradient":""}}},"product_brand":[],"product_cat":[472],"product_tag":[425,414],"musiciens":[192,193,194,195],"pays":[230],"class_list":{"0":"post-135","1":"product","2":"type-product","3":"status-publish","4":"has-post-thumbnail","6":"product_cat-jazz","7":"product_tag-afro-jazz","8":"product_tag-jazz","9":"pa_format-album","10":"pa_format-cd","11":"pa_format-digipack","12":"musiciens-brice-wassy","13":"musiciens-louis-winsberg","14":"musiciens-malik-mezzadri","15":"musiciens-nicolas-genest","16":"pays-europe","17":"desktop-align-left","18":"tablet-align-left","19":"mobile-align-left","21":"first","22":"instock","23":"shipping-taxable","24":"purchasable","25":"product-type-simple"},"supplier_id":1173,"supplier_sku":"","barcode":null,"atum_controlled":true,"out_stock_date":null,"out_stock_threshold":null,"inheritable":false,"inbound_stock":0,"stock_on_hold":0,"sold_today":0,"sales_last_days":0,"reserved_stock":0,"customer_returns":0,"warehouse_damage":0,"lost_in_post":0,"other_logs":0,"out_stock_days":0,"lost_sales":0,"has_location":false,"update_date":"2026-04-13T00:03:08","atum_locations":[],"atum_stock_status":"instock","restock_status":false,"low_stock_amount":"","sales_update_date":"2026-04-13T00:03:08","calc_backorders":null,"uagb_featured_image_src":{"full":["https:\/\/shop.bananierbleu.fr\/wp-content\/uploads\/2018\/04\/lekere-300.jpg",300,271,false],"thumbnail":["https:\/\/shop.bananierbleu.fr\/wp-content\/uploads\/2018\/04\/lekere-300-150x150.jpg",150,150,true],"medium":["https:\/\/shop.bananierbleu.fr\/wp-content\/uploads\/2018\/04\/lekere-300-300x271.jpg",300,271,true],"medium_large":["https:\/\/shop.bananierbleu.fr\/wp-content\/uploads\/2018\/04\/lekere-300.jpg",300,271,false],"large":["https:\/\/shop.bananierbleu.fr\/wp-content\/uploads\/2018\/04\/lekere-300.jpg",300,271,false],"1536x1536":["https:\/\/shop.bananierbleu.fr\/wp-content\/uploads\/2018\/04\/lekere-300.jpg",300,271,false],"2048x2048":["https:\/\/shop.bananierbleu.fr\/wp-content\/uploads\/2018\/04\/lekere-300.jpg",300,271,false],"trp-custom-language-flag":["https:\/\/shop.bananierbleu.fr\/wp-content\/uploads\/2018\/04\/lekere-300.jpg",13,12,false],"woocommerce_thumbnail":["https:\/\/shop.bananierbleu.fr\/wp-content\/uploads\/2018\/04\/lekere-300.jpg",300,271,false],"woocommerce_single":["https:\/\/shop.bananierbleu.fr\/wp-content\/uploads\/2018\/04\/lekere-300.jpg",300,271,false],"woocommerce_gallery_thumbnail":["https:\/\/shop.bananierbleu.fr\/wp-content\/uploads\/2018\/04\/lekere-300-100x100.jpg",100,100,true]},"uagb_author_info":{"display_name":"Charlie Bb","author_link":"https:\/\/shop.bananierbleu.fr\/en\/author\/"},"uagb_comment_info":0,"uagb_excerpt":"Produit neuf, sous blister. https:\/\/youtu.be\/Op1OWRg4upE Ann\u00e9e : 2006 Personnel : Nicolas Genest, Louis Winsberg, Norbert Lucarain, Bojan Z, Jules Isaac Bikoko, Hubert Dupont, La\u00efka Fatien, Laurent Dehors, Malik Mezzadri, Cyril Atef, Brice Wassy, Minino Garay, Vincent Courtois...","_links":{"self":[{"href":"https:\/\/shop.bananierbleu.fr\/en\/wp-json\/wp\/v2\/product\/135","targetHints":{"allow":["GET"]}}],"collection":[{"href":"https:\/\/shop.bananierbleu.fr\/en\/wp-json\/wp\/v2\/product"}],"about":[{"href":"https:\/\/shop.bananierbleu.fr\/en\/wp-json\/wp\/v2\/types\/product"}],"replies":[{"embeddable":true,"href":"https:\/\/shop.bananierbleu.fr\/en\/wp-json\/wp\/v2\/comments?post=135"}],"wp:featuredmedia":[{"embeddable":true,"href":"https:\/\/shop.bananierbleu.fr\/en\/wp-json\/wp\/v2\/media\/137"}],"wp:attachment":[{"href":"https:\/\/shop.bananierbleu.fr\/en\/wp-json\/wp\/v2\/media?parent=135"}],"wp:term":[{"taxonomy":"product_brand","embeddable":true,"href":"https:\/\/shop.bananierbleu.fr\/en\/wp-json\/wp\/v2\/product_brand?post=135"},{"taxonomy":"product_cat","embeddable":true,"href":"https:\/\/shop.bananierbleu.fr\/en\/wp-json\/wp\/v2\/product_cat?post=135"},{"taxonomy":"product_tag","embeddable":true,"href":"https:\/\/shop.bananierbleu.fr\/en\/wp-json\/wp\/v2\/product_tag?post=135"},{"taxonomy":"musiciens","embeddable":true,"href":"https:\/\/shop.bananierbleu.fr\/en\/wp-json\/wp\/v2\/musiciens?post=135"},{"taxonomy":"pays","embeddable":true,"href":"https:\/\/shop.bananierbleu.fr\/en\/wp-json\/wp\/v2\/pays?post=135"}],"curies":[{"name":"wp","href":"https:\/\/api.w.org\/{rel}","templated":true}]}}