{"id":1363,"date":"2025-01-06T11:59:35","date_gmt":"2025-01-06T10:59:35","guid":{"rendered":"https:\/\/shop.bananierbleu.fr\/?post_type=product&#038;p=1363"},"modified":"2025-01-26T13:38:16","modified_gmt":"2025-01-26T12:38:16","slug":"akokan-roberto-fonseca-2009","status":"publish","type":"product","link":"https:\/\/shop.bananierbleu.fr\/en\/product\/akokan-roberto-fonseca-2009\/","title":{"rendered":"Akokan (Roberto Fonseca, 2009)"},"content":{"rendered":"","protected":false},"excerpt":{"rendered":"<p>New product, in blister pack.<\/p>\n<p>https:\/\/youtu.be\/JbD0JASo5r8<\/p>\n<ul>\n<li><strong>Ann\u00e9e<\/strong> : 2009<\/li>\n<li><strong>Label<\/strong> : Enja Records<\/li>\n<li><strong>Personnel<\/strong> : Joel Hierrezuelo, Omar Gonz\u00e1lez, Rams\u00e9s Rodriguez, Roberto Fonseca<\/li>\n<li><strong>Titres<\/strong> :<br \/>\n1 &#8211; Fragmento De Misa &#8211; 0:38 \/ 2 &#8211; Lo Que Me Hace Vivir &#8211; 5:14 \/ 3 &#8211; Drume Negrita &#8211; 6:35 \/ 4 &#8211; Siete Potencias (Bu Kantu) &#8211; 5:13 \/ 5 &#8211; Bulgarian &#8211; 4:31 \/ 6 &#8211; Cuando Uno Crece &#8211; 6:16 \/ 7 &#8211; Lento Y Despacio &#8211; 4:00 \/ 8 &#8211; Como En Las Pel\u00edculas &#8211; 6:35 \/ 9 &#8211; Peque\u00f1os Viajes &#8211; 0:41 \/ 10 &#8211; La Flor Que No Cuid\u00e9 &#8211; 6:15 \/ 11 &#8211; El Ritmo De Tus Hombros &#8211; 2:59 \/ 12 &#8211; Everyone Deserves A Second Chance &#8211; 6:04 \/ 13 &#8211; Cuando Una Madre Llama A Su Hijo &#8211; 0:47<\/li>\n<\/ul>","protected":false},"featured_media":1364,"comment_status":"open","ping_status":"closed","template":"","meta":{"_uag_custom_page_level_css":"","site-sidebar-layout":"default","site-content-layout":"","ast-site-content-layout":"default","site-content-style":"default","site-sidebar-style":"default","ast-global-header-display":"","ast-banner-title-visibility":"","ast-main-header-display":"","ast-hfb-above-header-display":"","ast-hfb-below-header-display":"","ast-hfb-mobile-header-display":"","site-post-title":"","ast-breadcrumbs-content":"","ast-featured-img":"","footer-sml-layout":"","ast-disable-related-posts":"","theme-transparent-header-meta":"default","adv-header-id-meta":"","stick-header-meta":"","header-above-stick-meta":"","header-main-stick-meta":"","header-below-stick-meta":"","astra-migrate-meta-layouts":"set","ast-page-background-enabled":"default","ast-page-background-meta":{"desktop":{"background-color":"var(--ast-global-color-4)","background-image":"","background-repeat":"repeat","background-position":"center center","background-size":"auto","background-attachment":"scroll","background-type":"","background-media":"","overlay-type":"","overlay-color":"","overlay-opacity":"","overlay-gradient":""},"tablet":{"background-color":"","background-image":"","background-repeat":"repeat","background-position":"center center","background-size":"auto","background-attachment":"scroll","background-type":"","background-media":"","overlay-type":"","overlay-color":"","overlay-opacity":"","overlay-gradient":""},"mobile":{"background-color":"","background-image":"","background-repeat":"repeat","background-position":"center center","background-size":"auto","background-attachment":"scroll","background-type":"","background-media":"","overlay-type":"","overlay-color":"","overlay-opacity":"","overlay-gradient":""}},"ast-content-background-meta":{"desktop":{"background-color":"var(--ast-global-color-5)","background-image":"","background-repeat":"repeat","background-position":"center center","background-size":"auto","background-attachment":"scroll","background-type":"","background-media":"","overlay-type":"","overlay-color":"","overlay-opacity":"","overlay-gradient":""},"tablet":{"background-color":"var(--ast-global-color-5)","background-image":"","background-repeat":"repeat","background-position":"center center","background-size":"auto","background-attachment":"scroll","background-type":"","background-media":"","overlay-type":"","overlay-color":"","overlay-opacity":"","overlay-gradient":""},"mobile":{"background-color":"var(--ast-global-color-5)","background-image":"","background-repeat":"repeat","background-position":"center center","background-size":"auto","background-attachment":"scroll","background-type":"","background-media":"","overlay-type":"","overlay-color":"","overlay-opacity":"","overlay-gradient":""}}},"product_brand":[],"product_cat":[294,472,473],"product_tag":[],"musiciens":[573],"pays":[226,418],"class_list":{"0":"post-1363","1":"product","2":"type-product","3":"status-publish","4":"has-post-thumbnail","6":"product_cat-caraibe","7":"product_cat-jazz","8":"product_cat-latin","9":"pa_etat-de-la-pochette-neuf-m","10":"pa_etat-du-disque-neuf-m","11":"pa_format-cd","12":"musiciens-roberto-fonseca","13":"pays-ameriques","14":"pays-cuba","15":"desktop-align-left","16":"tablet-align-left","17":"mobile-align-left","19":"first","20":"outofstock","21":"shipping-taxable","22":"purchasable","23":"product-type-simple"},"supplier_id":1160,"supplier_sku":"","barcode":null,"atum_controlled":true,"out_stock_date":"2025-01-26 13:38:16","out_stock_threshold":null,"inheritable":false,"inbound_stock":0,"stock_on_hold":0,"sold_today":0,"sales_last_days":0,"reserved_stock":0,"customer_returns":0,"warehouse_damage":0,"lost_in_post":0,"other_logs":0,"out_stock_days":450,"lost_sales":771,"has_location":true,"update_date":"2026-04-22T00:06:54","atum_locations":[{"id":684,"name":"J0","slug":"j0"}],"atum_stock_status":"outofstock","restock_status":false,"low_stock_amount":"","sales_update_date":"2026-04-22T00:06:54","calc_backorders":null,"uagb_featured_image_src":{"full":["https:\/\/shop.bananierbleu.fr\/wp-content\/uploads\/2025\/01\/R-2937613-1502040436-1656.jpg",600,600,false],"thumbnail":["https:\/\/shop.bananierbleu.fr\/wp-content\/uploads\/2025\/01\/R-2937613-1502040436-1656-150x150.jpg",150,150,true],"medium":["https:\/\/shop.bananierbleu.fr\/wp-content\/uploads\/2025\/01\/R-2937613-1502040436-1656-300x300.jpg",300,300,true],"medium_large":["https:\/\/shop.bananierbleu.fr\/wp-content\/uploads\/2025\/01\/R-2937613-1502040436-1656.jpg",600,600,false],"large":["https:\/\/shop.bananierbleu.fr\/wp-content\/uploads\/2025\/01\/R-2937613-1502040436-1656.jpg",600,600,false],"1536x1536":["https:\/\/shop.bananierbleu.fr\/wp-content\/uploads\/2025\/01\/R-2937613-1502040436-1656.jpg",600,600,false],"2048x2048":["https:\/\/shop.bananierbleu.fr\/wp-content\/uploads\/2025\/01\/R-2937613-1502040436-1656.jpg",600,600,false],"trp-custom-language-flag":["https:\/\/shop.bananierbleu.fr\/wp-content\/uploads\/2025\/01\/R-2937613-1502040436-1656-12x12.jpg",12,12,true],"woocommerce_thumbnail":["https:\/\/shop.bananierbleu.fr\/wp-content\/uploads\/2025\/01\/R-2937613-1502040436-1656-300x300.jpg",300,300,true],"woocommerce_single":["https:\/\/shop.bananierbleu.fr\/wp-content\/uploads\/2025\/01\/R-2937613-1502040436-1656.jpg",600,600,false],"woocommerce_gallery_thumbnail":["https:\/\/shop.bananierbleu.fr\/wp-content\/uploads\/2025\/01\/R-2937613-1502040436-1656-100x100.jpg",100,100,true]},"uagb_author_info":{"display_name":"Charlie Bb","author_link":"https:\/\/shop.bananierbleu.fr\/en\/author\/"},"uagb_comment_info":0,"uagb_excerpt":"Produit neuf, sous blister. https:\/\/youtu.be\/JbD0JASo5r8 Ann\u00e9e : 2009 Label : Enja Records Personnel : Joel Hierrezuelo, Omar Gonz\u00e1lez, Rams\u00e9s Rodriguez, Roberto Fonseca Titres : 1 - Fragmento De Misa - 0:38 \/ 2 - Lo Que Me Hace Vivir - 5:14 \/ 3 - Drume Negrita - 6:35 \/ 4 - Siete Potencias (Bu Kantu)&hellip;","_links":{"self":[{"href":"https:\/\/shop.bananierbleu.fr\/en\/wp-json\/wp\/v2\/product\/1363","targetHints":{"allow":["GET"]}}],"collection":[{"href":"https:\/\/shop.bananierbleu.fr\/en\/wp-json\/wp\/v2\/product"}],"about":[{"href":"https:\/\/shop.bananierbleu.fr\/en\/wp-json\/wp\/v2\/types\/product"}],"replies":[{"embeddable":true,"href":"https:\/\/shop.bananierbleu.fr\/en\/wp-json\/wp\/v2\/comments?post=1363"}],"wp:featuredmedia":[{"embeddable":true,"href":"https:\/\/shop.bananierbleu.fr\/en\/wp-json\/wp\/v2\/media\/1364"}],"wp:attachment":[{"href":"https:\/\/shop.bananierbleu.fr\/en\/wp-json\/wp\/v2\/media?parent=1363"}],"wp:term":[{"taxonomy":"product_brand","embeddable":true,"href":"https:\/\/shop.bananierbleu.fr\/en\/wp-json\/wp\/v2\/product_brand?post=1363"},{"taxonomy":"product_cat","embeddable":true,"href":"https:\/\/shop.bananierbleu.fr\/en\/wp-json\/wp\/v2\/product_cat?post=1363"},{"taxonomy":"product_tag","embeddable":true,"href":"https:\/\/shop.bananierbleu.fr\/en\/wp-json\/wp\/v2\/product_tag?post=1363"},{"taxonomy":"musiciens","embeddable":true,"href":"https:\/\/shop.bananierbleu.fr\/en\/wp-json\/wp\/v2\/musiciens?post=1363"},{"taxonomy":"pays","embeddable":true,"href":"https:\/\/shop.bananierbleu.fr\/en\/wp-json\/wp\/v2\/pays?post=1363"}],"curies":[{"name":"wp","href":"https:\/\/api.w.org\/{rel}","templated":true}]}}