{"id":1373,"date":"2025-01-06T12:43:40","date_gmt":"2025-01-06T11:43:40","guid":{"rendered":"https:\/\/shop.bananierbleu.fr\/?post_type=product&#038;p=1373"},"modified":"2025-08-25T19:39:54","modified_gmt":"2025-08-25T17:39:54","slug":"sin-rumba-no-hay-son-septeto-nacional-de-ignacio-pineiro-2010","status":"publish","type":"product","link":"https:\/\/shop.bananierbleu.fr\/en\/product\/sin-rumba-no-hay-son-septeto-nacional-de-ignacio-pineiro-2010\/","title":{"rendered":"Sin Rumba No Hay Son (Septeto Nacional De Ignacio Pi\u00f1eiro \/ 2010)"},"content":{"rendered":"","protected":false},"excerpt":{"rendered":"<p>New product, in blister pack.<\/p>\n<p>https:\/\/youtu.be\/iVgaos7ihDM<\/p>\n<ul>\n<li><strong>Ann\u00e9e<\/strong> : 2010<\/li>\n<li><strong>Label<\/strong> : World Village<\/li>\n<li><strong>Personnel<\/strong> : Agust\u00edn Someillan Garc\u00eda, Crispin Diaz Hern\u00e1ndez, Dagoberto Sacerio Oliva, Enrique Collazo Collazo, Eugenio Rodr\u00edguez Rodr\u00edguez, Francisco Oropesa Fern\u00e1ndes, Raul Acea Rivera<\/li>\n<li><strong>Titres<\/strong> :<br \/>\n1 &#8211; Embale Tiene La Llave \/ 2 &#8211; El Plato Roto \/ 3 &#8211; Bella Criolla \/ 4 &#8211; Arrolla Cubano \/ 5 &#8211; Recapacita \/ 6 &#8211; La Rumba No Es Como Ayer \/ 7 &#8211; Mueve La Cintura \/ 8 &#8211; En Tus Ojos Yo Veo \/ 9 &#8211; La Mulata Rumbera \/ 10 &#8211; El Discreto \/ 11 &#8211; Me Dieron La Clave \/ 12 &#8211; Se Te Acabo La Pared \/ 13 &#8211; Donde Andabas Anoche \/ 14 &#8211; La Fiesta De Los Animales<\/li>\n<\/ul>","protected":false},"featured_media":1374,"comment_status":"open","ping_status":"closed","template":"","meta":{"_uag_custom_page_level_css":"","site-sidebar-layout":"default","site-content-layout":"","ast-site-content-layout":"default","site-content-style":"default","site-sidebar-style":"default","ast-global-header-display":"","ast-banner-title-visibility":"","ast-main-header-display":"","ast-hfb-above-header-display":"","ast-hfb-below-header-display":"","ast-hfb-mobile-header-display":"","site-post-title":"","ast-breadcrumbs-content":"","ast-featured-img":"","footer-sml-layout":"","ast-disable-related-posts":"","theme-transparent-header-meta":"default","adv-header-id-meta":"","stick-header-meta":"","header-above-stick-meta":"","header-main-stick-meta":"","header-below-stick-meta":"","astra-migrate-meta-layouts":"set","ast-page-background-enabled":"default","ast-page-background-meta":{"desktop":{"background-color":"var(--ast-global-color-4)","background-image":"","background-repeat":"repeat","background-position":"center center","background-size":"auto","background-attachment":"scroll","background-type":"","background-media":"","overlay-type":"","overlay-color":"","overlay-opacity":"","overlay-gradient":""},"tablet":{"background-color":"","background-image":"","background-repeat":"repeat","background-position":"center center","background-size":"auto","background-attachment":"scroll","background-type":"","background-media":"","overlay-type":"","overlay-color":"","overlay-opacity":"","overlay-gradient":""},"mobile":{"background-color":"","background-image":"","background-repeat":"repeat","background-position":"center center","background-size":"auto","background-attachment":"scroll","background-type":"","background-media":"","overlay-type":"","overlay-color":"","overlay-opacity":"","overlay-gradient":""}},"ast-content-background-meta":{"desktop":{"background-color":"var(--ast-global-color-5)","background-image":"","background-repeat":"repeat","background-position":"center center","background-size":"auto","background-attachment":"scroll","background-type":"","background-media":"","overlay-type":"","overlay-color":"","overlay-opacity":"","overlay-gradient":""},"tablet":{"background-color":"var(--ast-global-color-5)","background-image":"","background-repeat":"repeat","background-position":"center center","background-size":"auto","background-attachment":"scroll","background-type":"","background-media":"","overlay-type":"","overlay-color":"","overlay-opacity":"","overlay-gradient":""},"mobile":{"background-color":"var(--ast-global-color-5)","background-image":"","background-repeat":"repeat","background-position":"center center","background-size":"auto","background-attachment":"scroll","background-type":"","background-media":"","overlay-type":"","overlay-color":"","overlay-opacity":"","overlay-gradient":""}}},"product_brand":[],"product_cat":[294,473],"product_tag":[629,445,496],"musiciens":[],"pays":[226,418],"class_list":{"0":"post-1373","1":"product","2":"type-product","3":"status-publish","4":"has-post-thumbnail","6":"product_cat-caraibe","7":"product_cat-latin","8":"product_tag-latin-music","9":"product_tag-rumba","10":"product_tag-son","11":"pa_etat-de-la-pochette-neuf-m","12":"pa_etat-du-disque-neuf-m","13":"pa_format-cd","14":"pa_format-digipack","15":"pays-ameriques","16":"pays-cuba","17":"desktop-align-left","18":"tablet-align-left","19":"mobile-align-left","21":"first","22":"instock","23":"shipping-taxable","24":"purchasable","25":"product-type-simple"},"supplier_id":1160,"supplier_sku":"","barcode":null,"atum_controlled":true,"out_stock_date":null,"out_stock_threshold":null,"inheritable":false,"inbound_stock":0,"stock_on_hold":0,"sold_today":0,"sales_last_days":0,"reserved_stock":0,"customer_returns":0,"warehouse_damage":0,"lost_in_post":0,"other_logs":0,"out_stock_days":0,"lost_sales":0,"has_location":true,"update_date":"2026-04-15T00:03:56","atum_locations":[{"id":684,"name":"J0","slug":"j0"}],"atum_stock_status":"instock","restock_status":false,"low_stock_amount":"","sales_update_date":"2026-04-15T00:03:56","calc_backorders":null,"uagb_featured_image_src":{"full":["https:\/\/shop.bananierbleu.fr\/wp-content\/uploads\/2025\/01\/R-15697112-1660859643-2377.jpg",599,593,false],"thumbnail":["https:\/\/shop.bananierbleu.fr\/wp-content\/uploads\/2025\/01\/R-15697112-1660859643-2377-150x150.jpg",150,150,true],"medium":["https:\/\/shop.bananierbleu.fr\/wp-content\/uploads\/2025\/01\/R-15697112-1660859643-2377-300x297.jpg",300,297,true],"medium_large":["https:\/\/shop.bananierbleu.fr\/wp-content\/uploads\/2025\/01\/R-15697112-1660859643-2377.jpg",599,593,false],"large":["https:\/\/shop.bananierbleu.fr\/wp-content\/uploads\/2025\/01\/R-15697112-1660859643-2377.jpg",599,593,false],"1536x1536":["https:\/\/shop.bananierbleu.fr\/wp-content\/uploads\/2025\/01\/R-15697112-1660859643-2377.jpg",599,593,false],"2048x2048":["https:\/\/shop.bananierbleu.fr\/wp-content\/uploads\/2025\/01\/R-15697112-1660859643-2377.jpg",599,593,false],"trp-custom-language-flag":["https:\/\/shop.bananierbleu.fr\/wp-content\/uploads\/2025\/01\/R-15697112-1660859643-2377-12x12.jpg",12,12,true],"woocommerce_thumbnail":["https:\/\/shop.bananierbleu.fr\/wp-content\/uploads\/2025\/01\/R-15697112-1660859643-2377-300x300.jpg",300,300,true],"woocommerce_single":["https:\/\/shop.bananierbleu.fr\/wp-content\/uploads\/2025\/01\/R-15697112-1660859643-2377.jpg",599,593,false],"woocommerce_gallery_thumbnail":["https:\/\/shop.bananierbleu.fr\/wp-content\/uploads\/2025\/01\/R-15697112-1660859643-2377-100x100.jpg",100,100,true]},"uagb_author_info":{"display_name":"Charlie Bb","author_link":"https:\/\/shop.bananierbleu.fr\/en\/author\/"},"uagb_comment_info":0,"uagb_excerpt":"Produit neuf, sous blister. https:\/\/youtu.be\/iVgaos7ihDM Ann\u00e9e : 2010 Label : World Village Personnel : Agust\u00edn Someillan Garc\u00eda, Crispin Diaz Hern\u00e1ndez, Dagoberto Sacerio Oliva, Enrique Collazo Collazo, Eugenio Rodr\u00edguez Rodr\u00edguez, Francisco Oropesa Fern\u00e1ndes, Raul Acea Rivera Titres : 1 - Embale Tiene La Llave \/ 2 - El Plato Roto \/ 3 - Bella Criolla \/&hellip;","_links":{"self":[{"href":"https:\/\/shop.bananierbleu.fr\/en\/wp-json\/wp\/v2\/product\/1373","targetHints":{"allow":["GET"]}}],"collection":[{"href":"https:\/\/shop.bananierbleu.fr\/en\/wp-json\/wp\/v2\/product"}],"about":[{"href":"https:\/\/shop.bananierbleu.fr\/en\/wp-json\/wp\/v2\/types\/product"}],"replies":[{"embeddable":true,"href":"https:\/\/shop.bananierbleu.fr\/en\/wp-json\/wp\/v2\/comments?post=1373"}],"wp:featuredmedia":[{"embeddable":true,"href":"https:\/\/shop.bananierbleu.fr\/en\/wp-json\/wp\/v2\/media\/1374"}],"wp:attachment":[{"href":"https:\/\/shop.bananierbleu.fr\/en\/wp-json\/wp\/v2\/media?parent=1373"}],"wp:term":[{"taxonomy":"product_brand","embeddable":true,"href":"https:\/\/shop.bananierbleu.fr\/en\/wp-json\/wp\/v2\/product_brand?post=1373"},{"taxonomy":"product_cat","embeddable":true,"href":"https:\/\/shop.bananierbleu.fr\/en\/wp-json\/wp\/v2\/product_cat?post=1373"},{"taxonomy":"product_tag","embeddable":true,"href":"https:\/\/shop.bananierbleu.fr\/en\/wp-json\/wp\/v2\/product_tag?post=1373"},{"taxonomy":"musiciens","embeddable":true,"href":"https:\/\/shop.bananierbleu.fr\/en\/wp-json\/wp\/v2\/musiciens?post=1373"},{"taxonomy":"pays","embeddable":true,"href":"https:\/\/shop.bananierbleu.fr\/en\/wp-json\/wp\/v2\/pays?post=1373"}],"curies":[{"name":"wp","href":"https:\/\/api.w.org\/{rel}","templated":true}]}}