{"id":1400,"date":"2025-01-06T14:55:04","date_gmt":"2025-01-06T13:55:04","guid":{"rendered":"https:\/\/shop.bananierbleu.fr\/?post_type=product&#038;p=1400"},"modified":"2025-01-06T15:44:12","modified_gmt":"2025-01-06T14:44:12","slug":"still-active-flying-donuts-2014","status":"publish","type":"product","link":"https:\/\/shop.bananierbleu.fr\/en\/product\/still-active-flying-donuts-2014\/","title":{"rendered":"Still Active (Flying Donuts \/ 2014)"},"content":{"rendered":"","protected":false},"excerpt":{"rendered":"<p class=\"whitespace-pre-wrap break-words\">Produit neuf. Sous blister.<\/p>\n<p>https:\/\/youtu.be\/UiUk1HMUCZE<\/p>\n<ul class=\"-mt-1 [li&gt;&amp;]:mt-2 [li&gt;mark&gt;&amp;]:mt-2 list-disc space-y-2 pl-8\">\n<li class=\"whitespace-normal break-words\">Ann\u00e9e : 2014<\/li>\n<li class=\"whitespace-normal break-words\">Label : Jos\u00e9 Records (r\u00e9f. JOS10), Kicking Records (r\u00e9f. KICKING64), Chanmax Records (r\u00e9f. CHX027)<\/li>\n<li class=\"whitespace-normal break-words\">Personnel : Barbe Emmanuel, Dalstein Benjamin, Dalstein J\u00e9r\u00e9mie<\/li>\n<li class=\"whitespace-normal break-words\">Titres : 1- All Or Nothing \/ 2- The Fuziness \/ 3- Anything For Granted \/ 4- Going Forward \/ 5- Becoming Wrong \/ 6- Unjust \/ 7- From Inside \/ 8- Great Powers Of Adaptation \/ 9- Chosen Road \/ 10- Remain Alone \/ 11- Shadows \/ 12- Given Up To You \/ 13- Time Bomb \/ 14- Before I Went Home<\/li>\n<\/ul>\n","protected":false},"featured_media":1401,"comment_status":"open","ping_status":"closed","template":"","meta":{"_uag_custom_page_level_css":"","site-sidebar-layout":"default","site-content-layout":"","ast-site-content-layout":"default","site-content-style":"default","site-sidebar-style":"default","ast-global-header-display":"","ast-banner-title-visibility":"","ast-main-header-display":"","ast-hfb-above-header-display":"","ast-hfb-below-header-display":"","ast-hfb-mobile-header-display":"","site-post-title":"","ast-breadcrumbs-content":"","ast-featured-img":"","footer-sml-layout":"","ast-disable-related-posts":"","theme-transparent-header-meta":"default","adv-header-id-meta":"","stick-header-meta":"","header-above-stick-meta":"","header-main-stick-meta":"","header-below-stick-meta":"","astra-migrate-meta-layouts":"set","ast-page-background-enabled":"default","ast-page-background-meta":{"desktop":{"background-color":"var(--ast-global-color-4)","background-image":"","background-repeat":"repeat","background-position":"center center","background-size":"auto","background-attachment":"scroll","background-type":"","background-media":"","overlay-type":"","overlay-color":"","overlay-opacity":"","overlay-gradient":""},"tablet":{"background-color":"","background-image":"","background-repeat":"repeat","background-position":"center center","background-size":"auto","background-attachment":"scroll","background-type":"","background-media":"","overlay-type":"","overlay-color":"","overlay-opacity":"","overlay-gradient":""},"mobile":{"background-color":"","background-image":"","background-repeat":"repeat","background-position":"center center","background-size":"auto","background-attachment":"scroll","background-type":"","background-media":"","overlay-type":"","overlay-color":"","overlay-opacity":"","overlay-gradient":""}},"ast-content-background-meta":{"desktop":{"background-color":"var(--ast-global-color-5)","background-image":"","background-repeat":"repeat","background-position":"center center","background-size":"auto","background-attachment":"scroll","background-type":"","background-media":"","overlay-type":"","overlay-color":"","overlay-opacity":"","overlay-gradient":""},"tablet":{"background-color":"var(--ast-global-color-5)","background-image":"","background-repeat":"repeat","background-position":"center center","background-size":"auto","background-attachment":"scroll","background-type":"","background-media":"","overlay-type":"","overlay-color":"","overlay-opacity":"","overlay-gradient":""},"mobile":{"background-color":"var(--ast-global-color-5)","background-image":"","background-repeat":"repeat","background-position":"center center","background-size":"auto","background-attachment":"scroll","background-type":"","background-media":"","overlay-type":"","overlay-color":"","overlay-opacity":"","overlay-gradient":""}}},"product_brand":[],"product_cat":[700],"product_tag":[701,702],"musiciens":[],"pays":[230],"class_list":{"0":"post-1400","1":"product","2":"type-product","3":"status-publish","4":"has-post-thumbnail","6":"product_cat-rock","7":"product_tag-punk","8":"product_tag-stoner-rock","9":"pa_etat-de-la-pochette-neuf-m","10":"pa_etat-du-disque-neuf-m","11":"pa_format-cd","12":"pays-europe","13":"desktop-align-left","14":"tablet-align-left","15":"mobile-align-left","17":"first","18":"instock","19":"shipping-taxable","20":"purchasable","21":"product-type-simple"},"supplier_id":1160,"supplier_sku":"","barcode":null,"atum_controlled":true,"out_stock_date":null,"out_stock_threshold":null,"inheritable":false,"inbound_stock":0,"stock_on_hold":0,"sold_today":0,"sales_last_days":0,"reserved_stock":0,"customer_returns":0,"warehouse_damage":0,"lost_in_post":0,"other_logs":0,"out_stock_days":0,"lost_sales":0,"has_location":true,"update_date":"2026-04-10T00:02:55","atum_locations":[{"id":703,"name":"F0","slug":"f0"}],"atum_stock_status":"instock","restock_status":false,"low_stock_amount":"","sales_update_date":"2026-04-10T00:02:55","calc_backorders":null,"uagb_featured_image_src":{"full":["https:\/\/shop.bananierbleu.fr\/wp-content\/uploads\/2025\/01\/R-5644797-1398802941-9243.jpg",600,600,false],"thumbnail":["https:\/\/shop.bananierbleu.fr\/wp-content\/uploads\/2025\/01\/R-5644797-1398802941-9243-150x150.jpg",150,150,true],"medium":["https:\/\/shop.bananierbleu.fr\/wp-content\/uploads\/2025\/01\/R-5644797-1398802941-9243-300x300.jpg",300,300,true],"medium_large":["https:\/\/shop.bananierbleu.fr\/wp-content\/uploads\/2025\/01\/R-5644797-1398802941-9243.jpg",600,600,false],"large":["https:\/\/shop.bananierbleu.fr\/wp-content\/uploads\/2025\/01\/R-5644797-1398802941-9243.jpg",600,600,false],"1536x1536":["https:\/\/shop.bananierbleu.fr\/wp-content\/uploads\/2025\/01\/R-5644797-1398802941-9243.jpg",600,600,false],"2048x2048":["https:\/\/shop.bananierbleu.fr\/wp-content\/uploads\/2025\/01\/R-5644797-1398802941-9243.jpg",600,600,false],"trp-custom-language-flag":["https:\/\/shop.bananierbleu.fr\/wp-content\/uploads\/2025\/01\/R-5644797-1398802941-9243-12x12.jpg",12,12,true],"woocommerce_thumbnail":["https:\/\/shop.bananierbleu.fr\/wp-content\/uploads\/2025\/01\/R-5644797-1398802941-9243-300x300.jpg",300,300,true],"woocommerce_single":["https:\/\/shop.bananierbleu.fr\/wp-content\/uploads\/2025\/01\/R-5644797-1398802941-9243.jpg",600,600,false],"woocommerce_gallery_thumbnail":["https:\/\/shop.bananierbleu.fr\/wp-content\/uploads\/2025\/01\/R-5644797-1398802941-9243-100x100.jpg",100,100,true]},"uagb_author_info":{"display_name":"Charlie Bb","author_link":"https:\/\/shop.bananierbleu.fr\/en\/author\/"},"uagb_comment_info":0,"uagb_excerpt":"Produit neuf. Sous blister. https:\/\/youtu.be\/UiUk1HMUCZE Ann\u00e9e : 2014 Label : Jos\u00e9 Records (r\u00e9f. JOS10), Kicking Records (r\u00e9f. KICKING64), Chanmax Records (r\u00e9f. CHX027) Personnel : Barbe Emmanuel, Dalstein Benjamin, Dalstein J\u00e9r\u00e9mie Titres : 1- All Or Nothing \/ 2- The Fuziness \/ 3- Anything For Granted \/ 4- Going Forward \/ 5- Becoming Wrong \/ 6-&hellip;","_links":{"self":[{"href":"https:\/\/shop.bananierbleu.fr\/en\/wp-json\/wp\/v2\/product\/1400","targetHints":{"allow":["GET"]}}],"collection":[{"href":"https:\/\/shop.bananierbleu.fr\/en\/wp-json\/wp\/v2\/product"}],"about":[{"href":"https:\/\/shop.bananierbleu.fr\/en\/wp-json\/wp\/v2\/types\/product"}],"replies":[{"embeddable":true,"href":"https:\/\/shop.bananierbleu.fr\/en\/wp-json\/wp\/v2\/comments?post=1400"}],"wp:featuredmedia":[{"embeddable":true,"href":"https:\/\/shop.bananierbleu.fr\/en\/wp-json\/wp\/v2\/media\/1401"}],"wp:attachment":[{"href":"https:\/\/shop.bananierbleu.fr\/en\/wp-json\/wp\/v2\/media?parent=1400"}],"wp:term":[{"taxonomy":"product_brand","embeddable":true,"href":"https:\/\/shop.bananierbleu.fr\/en\/wp-json\/wp\/v2\/product_brand?post=1400"},{"taxonomy":"product_cat","embeddable":true,"href":"https:\/\/shop.bananierbleu.fr\/en\/wp-json\/wp\/v2\/product_cat?post=1400"},{"taxonomy":"product_tag","embeddable":true,"href":"https:\/\/shop.bananierbleu.fr\/en\/wp-json\/wp\/v2\/product_tag?post=1400"},{"taxonomy":"musiciens","embeddable":true,"href":"https:\/\/shop.bananierbleu.fr\/en\/wp-json\/wp\/v2\/musiciens?post=1400"},{"taxonomy":"pays","embeddable":true,"href":"https:\/\/shop.bananierbleu.fr\/en\/wp-json\/wp\/v2\/pays?post=1400"}],"curies":[{"name":"wp","href":"https:\/\/api.w.org\/{rel}","templated":true}]}}