{"id":1433,"date":"2025-03-08T18:22:03","date_gmt":"2025-03-08T17:22:03","guid":{"rendered":"https:\/\/shop.bananierbleu.fr\/?post_type=product&#038;p=1433"},"modified":"2025-04-25T16:12:59","modified_gmt":"2025-04-25T14:12:59","slug":"studio-cameroon-sally-nyolo-and-the-original-bands-of-yaounde-2006","status":"publish","type":"product","link":"https:\/\/shop.bananierbleu.fr\/en\/product\/studio-cameroon-sally-nyolo-and-the-original-bands-of-yaounde-2006\/","title":{"rendered":"Studio Cameroon (Sally Nyolo And The Original Bands Of Yaound\u00e9 \/ 2006)"},"content":{"rendered":"","protected":false},"excerpt":{"rendered":"<p dir=\"auto\">New product, in blister pack.<\/p>\n<p>https:\/\/youtu.be\/z_Hxd86yipo<\/p>\n<ul>\n<li>Ann\u00e9e : 2006<\/li>\n<li>Label : Riverboat Records \u2013 TUGCD1043, World Music Network \u2013 TUGCD1043<\/li>\n<li>Personnel : Ad\u00e8le Etogo, Alice Ebill, Antoinette Rikobo, Ass. S\u00e9raphine, Bertrand Ebod\u00e9, Biby St\u00e9phane, Calmal, C\u00e9cile Abena, Charles Mevoah, Edmond Fils Nkoa Band, Eric Marteau, Eric Zacharie Nyere, Essomba Koko, Essono, Gervais Mango, Gis\u00e8le Mvo Anji, Gu\u00e9yanka, Guilou Abanda Essomba, Jean Jack Adjomo, Joel Nkoulo, Jos\u00e9 Babeu, Joseph Ayissi, Kool Bass, Lina Show, Magloire Eterne, Mama Andela, Mandeng, Martin Atengana Etoundi, Mbassi Emmanuel, Mr Eddy, Ndongo, Nke Jo, Orchestre D&rsquo;Essono, Ottou Parfait, Palpal, Patou Efam, Patrick Castille, Philippe Odj\u00e9, Ren\u00e9, Roger Ngono Ayissi, Sally Nyolo, Simon Ali, Simon Ati, Tsogo Marie<\/li>\n<li>Titres : 1- Souris-Moi &#8211; 3:19 \/ 2- Bikoutsi &#8211; 3:38 \/ 3- Chantal &#8211; 3:24 \/ 4- La Vie &#8211; 4:34 \/ 5- Obili \u00c9ba &#8211; 5:20 \/ 6- March\u00e9 Mokolo &#8211; 4:16 \/ 7- Pek &#8211; 3:46 \/ 8- Nomo Nga &#8211; 5:06 \/ 9- To Le B\u00e8pe &#8211; 3:55 \/ 10- Mote Atane &#8211; 3:07 \/ 11- Salaire &#8211; 3:41 \/ 12- Djim Miadj\u00e9 &#8211; 4:18 \/ 13- Esclaves &#8211; 4:15 \/ 14- Ikoak Soat &#8211; 4:11<\/li>\n<\/ul>","protected":false},"featured_media":1434,"comment_status":"open","ping_status":"closed","template":"","meta":{"_uag_custom_page_level_css":"","site-sidebar-layout":"default","site-content-layout":"","ast-site-content-layout":"default","site-content-style":"default","site-sidebar-style":"default","ast-global-header-display":"","ast-banner-title-visibility":"","ast-main-header-display":"","ast-hfb-above-header-display":"","ast-hfb-below-header-display":"","ast-hfb-mobile-header-display":"","site-post-title":"","ast-breadcrumbs-content":"","ast-featured-img":"","footer-sml-layout":"","ast-disable-related-posts":"","theme-transparent-header-meta":"default","adv-header-id-meta":"","stick-header-meta":"","header-above-stick-meta":"","header-main-stick-meta":"","header-below-stick-meta":"","astra-migrate-meta-layouts":"set","ast-page-background-enabled":"default","ast-page-background-meta":{"desktop":{"background-color":"var(--ast-global-color-4)","background-image":"","background-repeat":"repeat","background-position":"center center","background-size":"auto","background-attachment":"scroll","background-type":"","background-media":"","overlay-type":"","overlay-color":"","overlay-opacity":"","overlay-gradient":""},"tablet":{"background-color":"","background-image":"","background-repeat":"repeat","background-position":"center center","background-size":"auto","background-attachment":"scroll","background-type":"","background-media":"","overlay-type":"","overlay-color":"","overlay-opacity":"","overlay-gradient":""},"mobile":{"background-color":"","background-image":"","background-repeat":"repeat","background-position":"center center","background-size":"auto","background-attachment":"scroll","background-type":"","background-media":"","overlay-type":"","overlay-color":"","overlay-opacity":"","overlay-gradient":""}},"ast-content-background-meta":{"desktop":{"background-color":"var(--ast-global-color-5)","background-image":"","background-repeat":"repeat","background-position":"center center","background-size":"auto","background-attachment":"scroll","background-type":"","background-media":"","overlay-type":"","overlay-color":"","overlay-opacity":"","overlay-gradient":""},"tablet":{"background-color":"var(--ast-global-color-5)","background-image":"","background-repeat":"repeat","background-position":"center center","background-size":"auto","background-attachment":"scroll","background-type":"","background-media":"","overlay-type":"","overlay-color":"","overlay-opacity":"","overlay-gradient":""},"mobile":{"background-color":"var(--ast-global-color-5)","background-image":"","background-repeat":"repeat","background-position":"center center","background-size":"auto","background-attachment":"scroll","background-type":"","background-media":"","overlay-type":"","overlay-color":"","overlay-opacity":"","overlay-gradient":""}}},"product_brand":[],"product_cat":[469],"product_tag":[624,625],"musiciens":[706],"pays":[231,232],"class_list":{"0":"post-1433","1":"product","2":"type-product","3":"status-publish","4":"has-post-thumbnail","6":"product_cat-afrique","7":"product_tag-african-music","8":"product_tag-musique-africaine","9":"pa_etat-de-la-pochette-neuf-m","10":"pa_etat-du-disque-neuf-m","11":"pa_format-boitier-cristal","12":"pa_format-cd","13":"musiciens-sally-nyolo","14":"pays-afrique","15":"pays-cameroun","16":"desktop-align-left","17":"tablet-align-left","18":"mobile-align-left","20":"first","21":"instock","22":"shipping-taxable","23":"purchasable","24":"product-type-simple"},"supplier_id":1160,"supplier_sku":"","barcode":null,"atum_controlled":true,"out_stock_date":null,"out_stock_threshold":null,"inheritable":false,"inbound_stock":0,"stock_on_hold":0,"sold_today":0,"sales_last_days":0,"reserved_stock":0,"customer_returns":0,"warehouse_damage":0,"lost_in_post":0,"other_logs":0,"out_stock_days":0,"lost_sales":0,"has_location":false,"update_date":"2026-04-16T00:04:41","atum_locations":[{"id":690,"name":"A0","slug":"a0"}],"atum_stock_status":"instock","restock_status":false,"low_stock_amount":"","sales_update_date":"2026-04-16T00:04:41","calc_backorders":null,"uagb_featured_image_src":{"full":["https:\/\/shop.bananierbleu.fr\/wp-content\/uploads\/2025\/03\/Sally_Nyolo-Studio_Cameroon.jpg",600,533,false],"thumbnail":["https:\/\/shop.bananierbleu.fr\/wp-content\/uploads\/2025\/03\/Sally_Nyolo-Studio_Cameroon-150x150.jpg",150,150,true],"medium":["https:\/\/shop.bananierbleu.fr\/wp-content\/uploads\/2025\/03\/Sally_Nyolo-Studio_Cameroon-300x267.jpg",300,267,true],"medium_large":["https:\/\/shop.bananierbleu.fr\/wp-content\/uploads\/2025\/03\/Sally_Nyolo-Studio_Cameroon.jpg",600,533,false],"large":["https:\/\/shop.bananierbleu.fr\/wp-content\/uploads\/2025\/03\/Sally_Nyolo-Studio_Cameroon.jpg",600,533,false],"1536x1536":["https:\/\/shop.bananierbleu.fr\/wp-content\/uploads\/2025\/03\/Sally_Nyolo-Studio_Cameroon.jpg",600,533,false],"2048x2048":["https:\/\/shop.bananierbleu.fr\/wp-content\/uploads\/2025\/03\/Sally_Nyolo-Studio_Cameroon.jpg",600,533,false],"trp-custom-language-flag":["https:\/\/shop.bananierbleu.fr\/wp-content\/uploads\/2025\/03\/Sally_Nyolo-Studio_Cameroon-14x12.jpg",14,12,true],"woocommerce_thumbnail":["https:\/\/shop.bananierbleu.fr\/wp-content\/uploads\/2025\/03\/Sally_Nyolo-Studio_Cameroon-300x300.jpg",300,300,true],"woocommerce_single":["https:\/\/shop.bananierbleu.fr\/wp-content\/uploads\/2025\/03\/Sally_Nyolo-Studio_Cameroon.jpg",600,533,false],"woocommerce_gallery_thumbnail":["https:\/\/shop.bananierbleu.fr\/wp-content\/uploads\/2025\/03\/Sally_Nyolo-Studio_Cameroon-100x100.jpg",100,100,true]},"uagb_author_info":{"display_name":"Charlie Bb","author_link":"https:\/\/shop.bananierbleu.fr\/en\/author\/"},"uagb_comment_info":0,"uagb_excerpt":"Produit neuf, sous blister. https:\/\/youtu.be\/z_Hxd86yipo Ann\u00e9e : 2006 Label : Riverboat Records \u2013 TUGCD1043, World Music Network \u2013 TUGCD1043 Personnel : Ad\u00e8le Etogo, Alice Ebill, Antoinette Rikobo, Ass. S\u00e9raphine, Bertrand Ebod\u00e9, Biby St\u00e9phane, Calmal, C\u00e9cile Abena, Charles Mevoah, Edmond Fils Nkoa Band, Eric Marteau, Eric Zacharie Nyere, Essomba Koko, Essono, Gervais Mango, Gis\u00e8le Mvo Anji,&hellip;","_links":{"self":[{"href":"https:\/\/shop.bananierbleu.fr\/en\/wp-json\/wp\/v2\/product\/1433","targetHints":{"allow":["GET"]}}],"collection":[{"href":"https:\/\/shop.bananierbleu.fr\/en\/wp-json\/wp\/v2\/product"}],"about":[{"href":"https:\/\/shop.bananierbleu.fr\/en\/wp-json\/wp\/v2\/types\/product"}],"replies":[{"embeddable":true,"href":"https:\/\/shop.bananierbleu.fr\/en\/wp-json\/wp\/v2\/comments?post=1433"}],"wp:featuredmedia":[{"embeddable":true,"href":"https:\/\/shop.bananierbleu.fr\/en\/wp-json\/wp\/v2\/media\/1434"}],"wp:attachment":[{"href":"https:\/\/shop.bananierbleu.fr\/en\/wp-json\/wp\/v2\/media?parent=1433"}],"wp:term":[{"taxonomy":"product_brand","embeddable":true,"href":"https:\/\/shop.bananierbleu.fr\/en\/wp-json\/wp\/v2\/product_brand?post=1433"},{"taxonomy":"product_cat","embeddable":true,"href":"https:\/\/shop.bananierbleu.fr\/en\/wp-json\/wp\/v2\/product_cat?post=1433"},{"taxonomy":"product_tag","embeddable":true,"href":"https:\/\/shop.bananierbleu.fr\/en\/wp-json\/wp\/v2\/product_tag?post=1433"},{"taxonomy":"musiciens","embeddable":true,"href":"https:\/\/shop.bananierbleu.fr\/en\/wp-json\/wp\/v2\/musiciens?post=1433"},{"taxonomy":"pays","embeddable":true,"href":"https:\/\/shop.bananierbleu.fr\/en\/wp-json\/wp\/v2\/pays?post=1433"}],"curies":[{"name":"wp","href":"https:\/\/api.w.org\/{rel}","templated":true}]}}