{"id":144,"date":"2010-04-07T20:55:07","date_gmt":"2010-04-07T20:55:07","guid":{"rendered":"https:\/\/shop.bananierbleu.fr\/?post_type=product&#038;p=144"},"modified":"2023-09-02T08:51:41","modified_gmt":"2023-09-02T08:51:41","slug":"baylavwa-baylavwa-2010","status":"publish","type":"product","link":"https:\/\/shop.bananierbleu.fr\/en\/product\/baylavwa-baylavwa-2010\/","title":{"rendered":"Baylavwa (Baylavwa \/ 2010)"},"content":{"rendered":"","protected":false},"excerpt":{"rendered":"<p>New product, in blister pack.<\/p>\n<p>https:\/\/youtu.be\/b0WCkaLOxTg<\/p>\n<ul>\n<li><strong>Year:<\/strong> 2010<\/li>\n<li><strong>Musicians:<\/strong> Jean-Paul Elys\u00e9e, Thierry Fred Fran\u00e7ois, Hubert Colau, L\u00e9o Rafael, Olivier Th\u00e9tis<\/li>\n<li><strong>Tracks:<\/strong> 1- Chabine &#8211; 2:28 \/ 2- La Guadeloup\u00e9enne &#8211; 3:56 \/ 3- Maladie d&rsquo;Amour 2:17 \/ 4- Fraiche &#8211; 4:12 \/ 5- M\u00e8si Bondi\u00e9 &#8211; 2:54 \/ 6- La Rue Zabime &#8211; 2:54 \/ 7- Le Vieux Couple &#8211; 3:39 \/ 8- Sic \u00e0 Menthe (Interlude) &#8211; 1:13 \/ 9- Fanm Matinik Dou &#8211; 2:47 \/ 10- Turn Your Lights Down Low &#8211; 4:17 \/ 11- P\u00e9yi Mwen Jodi &#8211; 4:08 \/ 12- Day O &#8211; 3:50 \/ 13- Fo Pa Kannot La Chavir\u00e9 &#8211; 3:26 \/ 14- Malavoi 3:31<\/li>\n<\/ul>\n<div style=\"position: static !important;\"><\/div>\n<div style=\"position: static !important;\"><\/div>\n<div style=\"position: static !important;\"><\/div>","protected":false},"featured_media":145,"comment_status":"closed","ping_status":"closed","template":"","meta":{"_uag_custom_page_level_css":"","site-sidebar-layout":"default","site-content-layout":"default","ast-site-content-layout":"default","site-content-style":"default","site-sidebar-style":"default","ast-global-header-display":"","ast-banner-title-visibility":"","ast-main-header-display":"","ast-hfb-above-header-display":"","ast-hfb-below-header-display":"","ast-hfb-mobile-header-display":"","site-post-title":"","ast-breadcrumbs-content":"","ast-featured-img":"","footer-sml-layout":"","ast-disable-related-posts":"","theme-transparent-header-meta":"default","adv-header-id-meta":"","stick-header-meta":"","header-above-stick-meta":"","header-main-stick-meta":"","header-below-stick-meta":"","astra-migrate-meta-layouts":"default","ast-page-background-enabled":"default","ast-page-background-meta":{"desktop":{"background-color":"var(--ast-global-color-4)","background-image":"","background-repeat":"repeat","background-position":"center center","background-size":"auto","background-attachment":"scroll","background-type":"","background-media":"","overlay-type":"","overlay-color":"","overlay-opacity":"","overlay-gradient":""},"tablet":{"background-color":"","background-image":"","background-repeat":"repeat","background-position":"center center","background-size":"auto","background-attachment":"scroll","background-type":"","background-media":"","overlay-type":"","overlay-color":"","overlay-opacity":"","overlay-gradient":""},"mobile":{"background-color":"","background-image":"","background-repeat":"repeat","background-position":"center center","background-size":"auto","background-attachment":"scroll","background-type":"","background-media":"","overlay-type":"","overlay-color":"","overlay-opacity":"","overlay-gradient":""}},"ast-content-background-meta":{"desktop":{"background-color":"var(--ast-global-color-5)","background-image":"","background-repeat":"repeat","background-position":"center center","background-size":"auto","background-attachment":"scroll","background-type":"","background-media":"","overlay-type":"","overlay-color":"","overlay-opacity":"","overlay-gradient":""},"tablet":{"background-color":"var(--ast-global-color-5)","background-image":"","background-repeat":"repeat","background-position":"center center","background-size":"auto","background-attachment":"scroll","background-type":"","background-media":"","overlay-type":"","overlay-color":"","overlay-opacity":"","overlay-gradient":""},"mobile":{"background-color":"var(--ast-global-color-5)","background-image":"","background-repeat":"repeat","background-position":"center center","background-size":"auto","background-attachment":"scroll","background-type":"","background-media":"","overlay-type":"","overlay-color":"","overlay-opacity":"","overlay-gradient":""}}},"product_brand":[],"product_cat":[294,472],"product_tag":[426,420,627,626],"musiciens":[159,160],"pays":[226,228],"class_list":{"0":"post-144","1":"product","2":"type-product","3":"status-publish","4":"has-post-thumbnail","6":"product_cat-caraibe","7":"product_cat-jazz","8":"product_tag-a-cappella","9":"product_tag-jazz-creole","10":"product_tag-musique-antillaise","11":"product_tag-musiques-du-monde","12":"pa_format-album","13":"pa_format-cd","14":"pa_format-digipack","15":"musiciens-hubert-colau","16":"musiciens-jean-paul-elysee","17":"pays-ameriques","18":"pays-martinique","19":"desktop-align-left","20":"tablet-align-left","21":"mobile-align-left","23":"first","24":"instock","25":"shipping-taxable","26":"purchasable","27":"product-type-simple"},"supplier_id":1186,"supplier_sku":"","barcode":null,"atum_controlled":true,"out_stock_date":null,"out_stock_threshold":null,"inheritable":false,"inbound_stock":0,"stock_on_hold":0,"sold_today":0,"sales_last_days":0,"reserved_stock":0,"customer_returns":0,"warehouse_damage":0,"lost_in_post":0,"other_logs":0,"out_stock_days":0,"lost_sales":0,"has_location":false,"update_date":"2026-04-04T00:01:19","atum_locations":[],"atum_stock_status":"instock","restock_status":false,"low_stock_amount":"","sales_update_date":"2026-04-04T00:01:19","calc_backorders":null,"uagb_featured_image_src":{"full":["https:\/\/shop.bananierbleu.fr\/wp-content\/uploads\/2018\/04\/Visuel.jpg",1685,1512,false],"thumbnail":["https:\/\/shop.bananierbleu.fr\/wp-content\/uploads\/2018\/04\/Visuel-150x150.jpg",150,150,true],"medium":["https:\/\/shop.bananierbleu.fr\/wp-content\/uploads\/2018\/04\/Visuel-300x269.jpg",300,269,true],"medium_large":["https:\/\/shop.bananierbleu.fr\/wp-content\/uploads\/2018\/04\/Visuel-768x689.jpg",768,689,true],"large":["https:\/\/shop.bananierbleu.fr\/wp-content\/uploads\/2018\/04\/Visuel-1024x919.jpg",1024,919,true],"1536x1536":["https:\/\/shop.bananierbleu.fr\/wp-content\/uploads\/2018\/04\/Visuel.jpg",1536,1378,false],"2048x2048":["https:\/\/shop.bananierbleu.fr\/wp-content\/uploads\/2018\/04\/Visuel.jpg",1685,1512,false],"trp-custom-language-flag":["https:\/\/shop.bananierbleu.fr\/wp-content\/uploads\/2018\/04\/Visuel.jpg",13,12,false],"woocommerce_thumbnail":["https:\/\/shop.bananierbleu.fr\/wp-content\/uploads\/2018\/04\/Visuel-300x300.jpg",300,300,true],"woocommerce_single":["https:\/\/shop.bananierbleu.fr\/wp-content\/uploads\/2018\/04\/Visuel-600x538.jpg",600,538,true],"woocommerce_gallery_thumbnail":["https:\/\/shop.bananierbleu.fr\/wp-content\/uploads\/2018\/04\/Visuel-100x100.jpg",100,100,true]},"uagb_author_info":{"display_name":"Charlie Bb","author_link":"https:\/\/shop.bananierbleu.fr\/en\/author\/"},"uagb_comment_info":0,"uagb_excerpt":"Produit neuf, sous blister. https:\/\/youtu.be\/b0WCkaLOxTg Ann\u00e9e : 2010 Personnel : Jean-Paul Elys\u00e9e, Thierry Fred Fran\u00e7ois, Hubert Colau, L\u00e9o Rafael, Olivier Th\u00e9tis Titres : 1- Chabine - 2:28 \/ 2- La Guadeloup\u00e9enne - 3:56 \/ 3- Maladie d'Amour 2:17 \/ 4- Fraiche - 4:12 \/ 5- M\u00e8si Bondi\u00e9 - 2:54 \/ 6- La Rue Zabime -&hellip;","_links":{"self":[{"href":"https:\/\/shop.bananierbleu.fr\/en\/wp-json\/wp\/v2\/product\/144","targetHints":{"allow":["GET"]}}],"collection":[{"href":"https:\/\/shop.bananierbleu.fr\/en\/wp-json\/wp\/v2\/product"}],"about":[{"href":"https:\/\/shop.bananierbleu.fr\/en\/wp-json\/wp\/v2\/types\/product"}],"replies":[{"embeddable":true,"href":"https:\/\/shop.bananierbleu.fr\/en\/wp-json\/wp\/v2\/comments?post=144"}],"wp:featuredmedia":[{"embeddable":true,"href":"https:\/\/shop.bananierbleu.fr\/en\/wp-json\/wp\/v2\/media\/145"}],"wp:attachment":[{"href":"https:\/\/shop.bananierbleu.fr\/en\/wp-json\/wp\/v2\/media?parent=144"}],"wp:term":[{"taxonomy":"product_brand","embeddable":true,"href":"https:\/\/shop.bananierbleu.fr\/en\/wp-json\/wp\/v2\/product_brand?post=144"},{"taxonomy":"product_cat","embeddable":true,"href":"https:\/\/shop.bananierbleu.fr\/en\/wp-json\/wp\/v2\/product_cat?post=144"},{"taxonomy":"product_tag","embeddable":true,"href":"https:\/\/shop.bananierbleu.fr\/en\/wp-json\/wp\/v2\/product_tag?post=144"},{"taxonomy":"musiciens","embeddable":true,"href":"https:\/\/shop.bananierbleu.fr\/en\/wp-json\/wp\/v2\/musiciens?post=144"},{"taxonomy":"pays","embeddable":true,"href":"https:\/\/shop.bananierbleu.fr\/en\/wp-json\/wp\/v2\/pays?post=144"}],"curies":[{"name":"wp","href":"https:\/\/api.w.org\/{rel}","templated":true}]}}