{"id":1457,"date":"2025-04-25T16:27:26","date_gmt":"2025-04-25T14:27:26","guid":{"rendered":"https:\/\/shop.bananierbleu.fr\/?post_type=product&#038;p=1457"},"modified":"2025-04-25T17:04:33","modified_gmt":"2025-04-25T15:04:33","slug":"konfians-pou-demen-kimbol-2004","status":"publish","type":"product","link":"https:\/\/shop.bananierbleu.fr\/en\/product\/konfians-pou-demen-kimbol-2004\/","title":{"rendered":"Konfians pou d\u00e8men (Kimb\u00f2l \/ 2004)"},"content":{"rendered":"","protected":false},"excerpt":{"rendered":"<p>New product, in blister pack.<\/p>\n<p>https:\/\/youtu.be\/-hZUhn8_HAw<\/p>\n<ul>\n<li><strong>Year:<\/strong> 2004<\/li>\n<li><strong>Label\/Reference:<\/strong> Kimb\u00f2l (KB 003)<\/li>\n<li><strong>Musicians:<\/strong>\u00a0Arnaud Dolmen, C\u00e9lia Richer-Matou, David Annabelle, Fanny Fran\u00e7ois, F\u00e9lie Fran\u00e7ois, Fr\u00e9d\u00e9ric Martino, Ga\u00ebl Samut, Georges Troup\u00e9, Jasmina Legros, Jean-Michel Gore, Laurence Jules-Gaston, Vanessa Jules-Gaston, Julie Marie-Joseph, Karim Dousseau, Jasmina Legros, Lo\u00efc Galas, Lo\u00efc Voitus, Maryl\u00e8ne Troup\u00e9, Olivier Mathurin, Rapha\u00ebl Philibert, Fiona Roche, Sabrina Gore, Sonny Troup\u00e9,\u00a0 Mikael Voitus<\/li>\n<li><strong>Tracks:<\/strong> 1- Intro \/ 2- Konfians Pou D\u00e8men \/ 3- Ad\u00f2 \/ 4- Milo &#8211; 1\u00e8re Partie \/ 5- Milo &#8211; 2e Partie \/ 6- Variation Sur Graj Traditionnel \/ 7- Pou Touv\u00e9&#8230; \/ 8- Lien Etewn\u00e8l \/ 9- Konfians Pou D\u00e8men (version longue) \/ 10- Outro<\/li>\n<\/ul>","protected":false},"featured_media":1458,"comment_status":"closed","ping_status":"closed","template":"","meta":{"_uag_custom_page_level_css":"","site-sidebar-layout":"default","site-content-layout":"default","ast-site-content-layout":"default","site-content-style":"default","site-sidebar-style":"default","ast-global-header-display":"","ast-banner-title-visibility":"","ast-main-header-display":"","ast-hfb-above-header-display":"","ast-hfb-below-header-display":"","ast-hfb-mobile-header-display":"","site-post-title":"","ast-breadcrumbs-content":"","ast-featured-img":"","footer-sml-layout":"","ast-disable-related-posts":"","theme-transparent-header-meta":"default","adv-header-id-meta":"","stick-header-meta":"","header-above-stick-meta":"","header-main-stick-meta":"","header-below-stick-meta":"","astra-migrate-meta-layouts":"set","ast-page-background-enabled":"default","ast-page-background-meta":{"desktop":{"background-color":"var(--ast-global-color-4)","background-image":"","background-repeat":"repeat","background-position":"center center","background-size":"auto","background-attachment":"scroll","background-type":"","background-media":"","overlay-type":"","overlay-color":"","overlay-opacity":"","overlay-gradient":""},"tablet":{"background-color":"","background-image":"","background-repeat":"repeat","background-position":"center center","background-size":"auto","background-attachment":"scroll","background-type":"","background-media":"","overlay-type":"","overlay-color":"","overlay-opacity":"","overlay-gradient":""},"mobile":{"background-color":"","background-image":"","background-repeat":"repeat","background-position":"center center","background-size":"auto","background-attachment":"scroll","background-type":"","background-media":"","overlay-type":"","overlay-color":"","overlay-opacity":"","overlay-gradient":""}},"ast-content-background-meta":{"desktop":{"background-color":"var(--ast-global-color-5)","background-image":"","background-repeat":"repeat","background-position":"center center","background-size":"auto","background-attachment":"scroll","background-type":"","background-media":"","overlay-type":"","overlay-color":"","overlay-opacity":"","overlay-gradient":""},"tablet":{"background-color":"var(--ast-global-color-5)","background-image":"","background-repeat":"repeat","background-position":"center center","background-size":"auto","background-attachment":"scroll","background-type":"","background-media":"","overlay-type":"","overlay-color":"","overlay-opacity":"","overlay-gradient":""},"mobile":{"background-color":"var(--ast-global-color-5)","background-image":"","background-repeat":"repeat","background-position":"center center","background-size":"auto","background-attachment":"scroll","background-type":"","background-media":"","overlay-type":"","overlay-color":"","overlay-opacity":"","overlay-gradient":""}}},"product_brand":[],"product_cat":[294],"product_tag":[424,420,627,626],"musiciens":[131,726,719,720,718,722,723,724,725,138,721],"pays":[227],"class_list":{"0":"post-1457","1":"product","2":"type-product","3":"status-publish","4":"has-post-thumbnail","6":"product_cat-caraibe","7":"product_tag-gwoka","8":"product_tag-jazz-creole","9":"product_tag-musique-antillaise","10":"product_tag-musiques-du-monde","11":"pa_etat-de-la-pochette-neuf-m","12":"pa_etat-du-disque-neuf-m","13":"pa_format-album","14":"pa_format-boitier-cristal","15":"pa_format-cd","16":"musiciens-arnaud-dolmen","17":"musiciens-georges-troupe","18":"musiciens-jasmina-legros","19":"musiciens-laurence-jules-gaston","20":"musiciens-loic-galas","21":"musiciens-marylene-troupe","22":"musiciens-mikael-voitus","23":"musiciens-olivier-mathurin","24":"musiciens-raphael-philibert","25":"musiciens-sonny-troupe","26":"musiciens-vanessa-jules-gaston","27":"pays-guadeloupe","28":"desktop-align-left","29":"tablet-align-left","30":"mobile-align-left","32":"first","33":"instock","34":"shipping-taxable","35":"purchasable","36":"product-type-simple"},"supplier_id":1149,"supplier_sku":"","barcode":null,"atum_controlled":true,"out_stock_date":null,"out_stock_threshold":null,"inheritable":false,"inbound_stock":0,"stock_on_hold":0,"sold_today":0,"sales_last_days":0,"reserved_stock":0,"customer_returns":0,"warehouse_damage":0,"lost_in_post":0,"other_logs":0,"out_stock_days":0,"lost_sales":0,"has_location":false,"update_date":"2026-04-07T00:02:08","atum_locations":[],"atum_stock_status":"instock","restock_status":false,"low_stock_amount":"","sales_update_date":"2026-04-07T00:02:08","calc_backorders":null,"uagb_featured_image_src":{"full":["https:\/\/shop.bananierbleu.fr\/wp-content\/uploads\/2025\/04\/KonfiansPouDemen.jpg",598,599,false],"thumbnail":["https:\/\/shop.bananierbleu.fr\/wp-content\/uploads\/2025\/04\/KonfiansPouDemen-150x150.jpg",150,150,true],"medium":["https:\/\/shop.bananierbleu.fr\/wp-content\/uploads\/2025\/04\/KonfiansPouDemen-300x300.jpg",300,300,true],"medium_large":["https:\/\/shop.bananierbleu.fr\/wp-content\/uploads\/2025\/04\/KonfiansPouDemen.jpg",598,599,false],"large":["https:\/\/shop.bananierbleu.fr\/wp-content\/uploads\/2025\/04\/KonfiansPouDemen.jpg",598,599,false],"1536x1536":["https:\/\/shop.bananierbleu.fr\/wp-content\/uploads\/2025\/04\/KonfiansPouDemen.jpg",598,599,false],"2048x2048":["https:\/\/shop.bananierbleu.fr\/wp-content\/uploads\/2025\/04\/KonfiansPouDemen.jpg",598,599,false],"trp-custom-language-flag":["https:\/\/shop.bananierbleu.fr\/wp-content\/uploads\/2025\/04\/KonfiansPouDemen-12x12.jpg",12,12,true],"woocommerce_thumbnail":["https:\/\/shop.bananierbleu.fr\/wp-content\/uploads\/2025\/04\/KonfiansPouDemen-300x300.jpg",300,300,true],"woocommerce_single":["https:\/\/shop.bananierbleu.fr\/wp-content\/uploads\/2025\/04\/KonfiansPouDemen.jpg",598,599,false],"woocommerce_gallery_thumbnail":["https:\/\/shop.bananierbleu.fr\/wp-content\/uploads\/2025\/04\/KonfiansPouDemen-100x100.jpg",100,100,true]},"uagb_author_info":{"display_name":"Charlie Bb","author_link":"https:\/\/shop.bananierbleu.fr\/en\/author\/"},"uagb_comment_info":0,"uagb_excerpt":"Produit neuf, sous blister. https:\/\/youtu.be\/-hZUhn8_HAw Ann\u00e9e : 2004 Label \/ r\u00e9f\u00e9rence : Kimb\u00f2l (KB 003) Personnel :\u00a0Arnaud Dolmen, C\u00e9lia Richer-Matou, David Annabelle, Fanny Fran\u00e7ois, F\u00e9lie Fran\u00e7ois, Fr\u00e9d\u00e9ric Martino, Ga\u00ebl Samut, Georges Troup\u00e9, Jasmina Legros, Jean-Michel Gore, Laurence Jules-Gaston, Vanessa Jules-Gaston, Julie Marie-Joseph, Karim Dousseau, Jasmina Legros, Lo\u00efc Galas, Lo\u00efc Voitus, Maryl\u00e8ne Troup\u00e9, Olivier Mathurin, Rapha\u00ebl&hellip;","_links":{"self":[{"href":"https:\/\/shop.bananierbleu.fr\/en\/wp-json\/wp\/v2\/product\/1457","targetHints":{"allow":["GET"]}}],"collection":[{"href":"https:\/\/shop.bananierbleu.fr\/en\/wp-json\/wp\/v2\/product"}],"about":[{"href":"https:\/\/shop.bananierbleu.fr\/en\/wp-json\/wp\/v2\/types\/product"}],"replies":[{"embeddable":true,"href":"https:\/\/shop.bananierbleu.fr\/en\/wp-json\/wp\/v2\/comments?post=1457"}],"wp:featuredmedia":[{"embeddable":true,"href":"https:\/\/shop.bananierbleu.fr\/en\/wp-json\/wp\/v2\/media\/1458"}],"wp:attachment":[{"href":"https:\/\/shop.bananierbleu.fr\/en\/wp-json\/wp\/v2\/media?parent=1457"}],"wp:term":[{"taxonomy":"product_brand","embeddable":true,"href":"https:\/\/shop.bananierbleu.fr\/en\/wp-json\/wp\/v2\/product_brand?post=1457"},{"taxonomy":"product_cat","embeddable":true,"href":"https:\/\/shop.bananierbleu.fr\/en\/wp-json\/wp\/v2\/product_cat?post=1457"},{"taxonomy":"product_tag","embeddable":true,"href":"https:\/\/shop.bananierbleu.fr\/en\/wp-json\/wp\/v2\/product_tag?post=1457"},{"taxonomy":"musiciens","embeddable":true,"href":"https:\/\/shop.bananierbleu.fr\/en\/wp-json\/wp\/v2\/musiciens?post=1457"},{"taxonomy":"pays","embeddable":true,"href":"https:\/\/shop.bananierbleu.fr\/en\/wp-json\/wp\/v2\/pays?post=1457"}],"curies":[{"name":"wp","href":"https:\/\/api.w.org\/{rel}","templated":true}]}}