{"id":1461,"date":"2025-04-25T18:03:04","date_gmt":"2025-04-25T16:03:04","guid":{"rendered":"https:\/\/shop.bananierbleu.fr\/?post_type=product&#038;p=1461"},"modified":"2025-09-09T19:48:12","modified_gmt":"2025-09-09T17:48:12","slug":"biguine-vol-1-lage-dor-des-bals-et-cabarets-antillais-de-paris-1929-1940-divers-1993","status":"publish","type":"product","link":"https:\/\/shop.bananierbleu.fr\/en\/product\/biguine-vol-1-lage-dor-des-bals-et-cabarets-antillais-de-paris-1929-1940-divers-1993\/","title":{"rendered":"Biguine Vol. 1 &#8211; L&rsquo;\u00e2ge d&rsquo;or des bals et cabarets antillais de Paris 1929-1940 (Divers \/ 1993)"},"content":{"rendered":"","protected":false},"excerpt":{"rendered":"<p class=\"\" data-start=\"195\" data-end=\"222\">Produit en \u00e9tat neuf, double CD.<\/p>\n<p>https:\/\/youtu.be\/n4F2i4ds548<\/p>\n<ul data-start=\"224\" data-end=\"1698\">\n<li class=\"\" data-start=\"224\" data-end=\"244\">\n<p class=\"\" data-start=\"226\" data-end=\"244\"><strong data-start=\"226\" data-end=\"235\">Ann\u00e9e<\/strong> : 1993<\/p>\n<\/li>\n<li class=\"\" data-start=\"245\" data-end=\"289\">\n<p class=\"\" data-start=\"247\" data-end=\"289\"><strong data-start=\"247\" data-end=\"256\">Label<\/strong> : Fr\u00e9meaux &amp; Associ\u00e9s \u2013 FA 007<\/p>\n<\/li>\n<li class=\"\" data-start=\"290\" data-end=\"450\">\n<p class=\"\" data-start=\"292\" data-end=\"450\"><strong data-start=\"292\" data-end=\"305\">Personnel<\/strong> : Ma\u00efotte Almaby, Sam Castandet, Roger Fanfant, Benjamin G\u00e9rion, Pollo Malahel, Nelly Lungla, Sosso P\u00e9-En-Kin, Alexandre Stellio, Marcel Yamba<\/p>\n<\/li>\n<li class=\"\" data-start=\"451\" data-end=\"736\"><strong data-start=\"739\" data-end=\"749\">Titres<\/strong> : 1-Le Serpent Maigre-3:02 \/ 2-La Georgi-Nana-2:54 \/ 3-Armide-2:41 \/ 4-Pam\u00e9la-3:37 \/ 5-Maraca\u00efbo-3:05 \/ 6-A Si Par\u00e9-3:14 \/ 7-Soign\u00e9 I Ba Moin-3:07 \/ 8-C&rsquo;Est Biguine-3:09 \/ 9-Ba Moin En Ti Bo Doudou-2:40 \/ 10-Robes A Queues-2:31 \/ 11-Mouvements D&rsquo;avions-2:17 \/ 12-Du Feu Pri En T\u00eate Man Nord\u00e9-2:55 \/ 13-M\u00e9 Gad\u00e9 Yo-2:25 \/ 14-Gros Sou-3:06 \/ 15-C\u00e9lestin Roi Diable-2:48 \/ 16-Krakador Bon Ti Coin Capesterre La-2:34 \/ 17-Eti Tintin-2:40 \/ 18-Ti Joseph A Jos\u00e9phine-2:34 \/ 19-Moin Aim\u00e9 Doudou Moin-2:28 \/ 20-Gepe Ka Pik\u00e9-2:55 \/ 21-Cam\u00e9lia-2:55 \/ 22-Ren\u00e9e-2:55 \/ 23-Martinique-2:53 \/ 24-Complainte-3:03 \/ 25-Negues Bon Defen\u00e7eus-2:50 \/ 26-Bossu Doudou-2:58 \/ 27-Naomi-3:06 \/ 28-Les Deux Jumeaux-2:47 \/ 29-Sous Les Tropiques-3:10 \/ 30-Souvenirs De Saint-Pierre-2:56 \/ 31-Toutoulou Mi Toutoulou A Ou La-2:30 \/ 32-Jeanne Et Marcelle-2:17 \/ 33-Ma Goulou Goulou-3:01 \/ 34-1-2-3 A La Vand\u00e9-2:59 \/ 35-Su Les Flots Aux Antilles-3:03 \/ 36-Pot-Pourri Biguine-2:34<\/li>\n<\/ul>","protected":false},"featured_media":1462,"comment_status":"open","ping_status":"closed","template":"","meta":{"_uag_custom_page_level_css":"","site-sidebar-layout":"default","site-content-layout":"","ast-site-content-layout":"default","site-content-style":"default","site-sidebar-style":"default","ast-global-header-display":"","ast-banner-title-visibility":"","ast-main-header-display":"","ast-hfb-above-header-display":"","ast-hfb-below-header-display":"","ast-hfb-mobile-header-display":"","site-post-title":"","ast-breadcrumbs-content":"","ast-featured-img":"","footer-sml-layout":"","ast-disable-related-posts":"","theme-transparent-header-meta":"default","adv-header-id-meta":"","stick-header-meta":"","header-above-stick-meta":"","header-main-stick-meta":"","header-below-stick-meta":"","astra-migrate-meta-layouts":"set","ast-page-background-enabled":"default","ast-page-background-meta":{"desktop":{"background-color":"var(--ast-global-color-4)","background-image":"","background-repeat":"repeat","background-position":"center center","background-size":"auto","background-attachment":"scroll","background-type":"","background-media":"","overlay-type":"","overlay-color":"","overlay-opacity":"","overlay-gradient":""},"tablet":{"background-color":"","background-image":"","background-repeat":"repeat","background-position":"center center","background-size":"auto","background-attachment":"scroll","background-type":"","background-media":"","overlay-type":"","overlay-color":"","overlay-opacity":"","overlay-gradient":""},"mobile":{"background-color":"","background-image":"","background-repeat":"repeat","background-position":"center center","background-size":"auto","background-attachment":"scroll","background-type":"","background-media":"","overlay-type":"","overlay-color":"","overlay-opacity":"","overlay-gradient":""}},"ast-content-background-meta":{"desktop":{"background-color":"var(--ast-global-color-5)","background-image":"","background-repeat":"repeat","background-position":"center center","background-size":"auto","background-attachment":"scroll","background-type":"","background-media":"","overlay-type":"","overlay-color":"","overlay-opacity":"","overlay-gradient":""},"tablet":{"background-color":"var(--ast-global-color-5)","background-image":"","background-repeat":"repeat","background-position":"center center","background-size":"auto","background-attachment":"scroll","background-type":"","background-media":"","overlay-type":"","overlay-color":"","overlay-opacity":"","overlay-gradient":""},"mobile":{"background-color":"var(--ast-global-color-5)","background-image":"","background-repeat":"repeat","background-position":"center center","background-size":"auto","background-attachment":"scroll","background-type":"","background-media":"","overlay-type":"","overlay-color":"","overlay-opacity":"","overlay-gradient":""}}},"product_brand":[],"product_cat":[294],"product_tag":[431,420],"musiciens":[736,739,735,737,742,738,741,740,743,734],"pays":[227,233,228],"class_list":{"0":"post-1461","1":"product","2":"type-product","3":"status-publish","4":"has-post-thumbnail","6":"product_cat-caraibe","7":"product_tag-biguine","8":"product_tag-jazz-creole","9":"pa_etat-de-la-pochette-quasi-neuf-nm","10":"pa_etat-du-disque-quasi-neuf-nm","11":"pa_format-2xcd","12":"pa_format-boitier-cristal","13":"pa_format-compilation","14":"musiciens-ernest-leardee","15":"musiciens-eugene-delouche","16":"musiciens-felix-valvert","17":"musiciens-henri-volmar","18":"musiciens-marcel-yamba","19":"musiciens-pollo-malahel","20":"musiciens-roger-fanfant","21":"musiciens-sam-castendet","22":"musiciens-sosso-pe-en-kin","23":"musiciens-stellio","24":"pays-guadeloupe","25":"pays-guyane","26":"pays-martinique","27":"desktop-align-left","28":"tablet-align-left","29":"mobile-align-left","31":"first","32":"instock","33":"shipping-taxable","34":"purchasable","35":"product-type-simple"},"supplier_id":1160,"supplier_sku":"","barcode":null,"atum_controlled":true,"out_stock_date":null,"out_stock_threshold":null,"inheritable":false,"inbound_stock":0,"stock_on_hold":0,"sold_today":0,"sales_last_days":0,"reserved_stock":0,"customer_returns":0,"warehouse_damage":0,"lost_in_post":0,"other_logs":0,"out_stock_days":0,"lost_sales":0,"has_location":false,"update_date":"2026-04-16T00:04:41","atum_locations":[],"atum_stock_status":"instock","restock_status":false,"low_stock_amount":"","sales_update_date":"2026-04-16T00:04:41","calc_backorders":null,"uagb_featured_image_src":{"full":["https:\/\/shop.bananierbleu.fr\/wp-content\/uploads\/2025\/04\/biguine-1929-1940_01.jpg",1968,1968,false],"thumbnail":["https:\/\/shop.bananierbleu.fr\/wp-content\/uploads\/2025\/04\/biguine-1929-1940_01-150x150.jpg",150,150,true],"medium":["https:\/\/shop.bananierbleu.fr\/wp-content\/uploads\/2025\/04\/biguine-1929-1940_01-300x300.jpg",300,300,true],"medium_large":["https:\/\/shop.bananierbleu.fr\/wp-content\/uploads\/2025\/04\/biguine-1929-1940_01-768x768.jpg",768,768,true],"large":["https:\/\/shop.bananierbleu.fr\/wp-content\/uploads\/2025\/04\/biguine-1929-1940_01-1024x1024.jpg",1024,1024,true],"1536x1536":["https:\/\/shop.bananierbleu.fr\/wp-content\/uploads\/2025\/04\/biguine-1929-1940_01-1536x1536.jpg",1536,1536,true],"2048x2048":["https:\/\/shop.bananierbleu.fr\/wp-content\/uploads\/2025\/04\/biguine-1929-1940_01.jpg",1968,1968,false],"trp-custom-language-flag":["https:\/\/shop.bananierbleu.fr\/wp-content\/uploads\/2025\/04\/biguine-1929-1940_01-12x12.jpg",12,12,true],"woocommerce_thumbnail":["https:\/\/shop.bananierbleu.fr\/wp-content\/uploads\/2025\/04\/biguine-1929-1940_01-300x300.jpg",300,300,true],"woocommerce_single":["https:\/\/shop.bananierbleu.fr\/wp-content\/uploads\/2025\/04\/biguine-1929-1940_01-600x600.jpg",600,600,true],"woocommerce_gallery_thumbnail":["https:\/\/shop.bananierbleu.fr\/wp-content\/uploads\/2025\/04\/biguine-1929-1940_01-100x100.jpg",100,100,true]},"uagb_author_info":{"display_name":"Charlie Bb","author_link":"https:\/\/shop.bananierbleu.fr\/en\/author\/"},"uagb_comment_info":0,"uagb_excerpt":"Produit en \u00e9tat neuf, double CD. https:\/\/youtu.be\/n4F2i4ds548 Ann\u00e9e : 1993 Label : Fr\u00e9meaux &amp; Associ\u00e9s \u2013 FA 007 Personnel : Ma\u00efotte Almaby, Sam Castandet, Roger Fanfant, Benjamin G\u00e9rion, Pollo Malahel, Nelly Lungla, Sosso P\u00e9-En-Kin, Alexandre Stellio, Marcel Yamba Titres : 1-Le Serpent Maigre-3:02 \/ 2-La Georgi-Nana-2:54 \/ 3-Armide-2:41 \/ 4-Pam\u00e9la-3:37 \/ 5-Maraca\u00efbo-3:05 \/ 6-A Si&hellip;","_links":{"self":[{"href":"https:\/\/shop.bananierbleu.fr\/en\/wp-json\/wp\/v2\/product\/1461","targetHints":{"allow":["GET"]}}],"collection":[{"href":"https:\/\/shop.bananierbleu.fr\/en\/wp-json\/wp\/v2\/product"}],"about":[{"href":"https:\/\/shop.bananierbleu.fr\/en\/wp-json\/wp\/v2\/types\/product"}],"replies":[{"embeddable":true,"href":"https:\/\/shop.bananierbleu.fr\/en\/wp-json\/wp\/v2\/comments?post=1461"}],"wp:featuredmedia":[{"embeddable":true,"href":"https:\/\/shop.bananierbleu.fr\/en\/wp-json\/wp\/v2\/media\/1462"}],"wp:attachment":[{"href":"https:\/\/shop.bananierbleu.fr\/en\/wp-json\/wp\/v2\/media?parent=1461"}],"wp:term":[{"taxonomy":"product_brand","embeddable":true,"href":"https:\/\/shop.bananierbleu.fr\/en\/wp-json\/wp\/v2\/product_brand?post=1461"},{"taxonomy":"product_cat","embeddable":true,"href":"https:\/\/shop.bananierbleu.fr\/en\/wp-json\/wp\/v2\/product_cat?post=1461"},{"taxonomy":"product_tag","embeddable":true,"href":"https:\/\/shop.bananierbleu.fr\/en\/wp-json\/wp\/v2\/product_tag?post=1461"},{"taxonomy":"musiciens","embeddable":true,"href":"https:\/\/shop.bananierbleu.fr\/en\/wp-json\/wp\/v2\/musiciens?post=1461"},{"taxonomy":"pays","embeddable":true,"href":"https:\/\/shop.bananierbleu.fr\/en\/wp-json\/wp\/v2\/pays?post=1461"}],"curies":[{"name":"wp","href":"https:\/\/api.w.org\/{rel}","templated":true}]}}