{"id":150,"date":"2006-04-08T17:05:04","date_gmt":"2006-04-08T17:05:04","guid":{"rendered":"https:\/\/shop.bananierbleu.fr\/?post_type=product&#038;p=150"},"modified":"2023-05-17T19:39:36","modified_gmt":"2023-05-17T19:39:36","slug":"jony-lerond-dit-somnanbil-ton-si-ke-bayif-2006","status":"publish","type":"product","link":"https:\/\/shop.bananierbleu.fr\/en\/product\/jony-lerond-dit-somnanbil-ton-si-ke-bayif-2006\/","title":{"rendered":"Ton si k\u00e9 Bayif&#8230; (Jony Lerond dit S\u00f2mnanbil \/ 2006)"},"content":{"rendered":"","protected":false},"excerpt":{"rendered":"<p>New product, in blister pack.<\/p>\n<ul>\n<li aria-level=\"1\"><b>Year:<\/b> 2006<\/li>\n<li aria-level=\"1\"><b>Label\/reference:<\/b> Debs Music (5156.2)<\/li>\n<li aria-level=\"1\"><b>Musicians:<\/b> Jony Lerond<\/li>\n<li aria-level=\"1\"><strong><b>Tracks: <\/b><\/strong>1- Ton Si K\u00e9 Bayif &#8211; 4:29 \/ 2- Lanmou Dou &#8211; 5:16 \/ 3- CD la Soti &#8211; 5:17 \/ 4- Kout\u00e9 &#8211; 5:55 \/ 5- Bon Moman &#8211; 3:40 \/ 6- Tradisyon On Nou &#8211; 4:35 \/ 7- A Pa Kouyonad &#8211; 3:48 \/ 8- Jouw\u00e9 An Lakou D\u00e9 Gran &#8211; 4:04 \/ 9- Pou Zot Fw\u00e9 &#8211; 4:39 \/ 10- Atansyon &#8211; 3:20 \/ 11- Mal O Dan &#8211; 4:10 \/ 12- D\u00e9kwaz\u00e9 Bwa Kwaz\u00e9 &#8211; 3:29 \/ 13- Ti Celes &#8211; 5:48<\/li>\n<\/ul>","protected":false},"featured_media":151,"comment_status":"closed","ping_status":"closed","template":"","meta":{"_uag_custom_page_level_css":"","site-sidebar-layout":"default","site-content-layout":"default","ast-site-content-layout":"default","site-content-style":"default","site-sidebar-style":"default","ast-global-header-display":"","ast-banner-title-visibility":"","ast-main-header-display":"","ast-hfb-above-header-display":"","ast-hfb-below-header-display":"","ast-hfb-mobile-header-display":"","site-post-title":"","ast-breadcrumbs-content":"","ast-featured-img":"","footer-sml-layout":"","ast-disable-related-posts":"","theme-transparent-header-meta":"default","adv-header-id-meta":"","stick-header-meta":"","header-above-stick-meta":"","header-main-stick-meta":"","header-below-stick-meta":"","astra-migrate-meta-layouts":"default","ast-page-background-enabled":"default","ast-page-background-meta":{"desktop":{"background-color":"var(--ast-global-color-4)","background-image":"","background-repeat":"repeat","background-position":"center center","background-size":"auto","background-attachment":"scroll","background-type":"","background-media":"","overlay-type":"","overlay-color":"","overlay-opacity":"","overlay-gradient":""},"tablet":{"background-color":"","background-image":"","background-repeat":"repeat","background-position":"center center","background-size":"auto","background-attachment":"scroll","background-type":"","background-media":"","overlay-type":"","overlay-color":"","overlay-opacity":"","overlay-gradient":""},"mobile":{"background-color":"","background-image":"","background-repeat":"repeat","background-position":"center center","background-size":"auto","background-attachment":"scroll","background-type":"","background-media":"","overlay-type":"","overlay-color":"","overlay-opacity":"","overlay-gradient":""}},"ast-content-background-meta":{"desktop":{"background-color":"var(--ast-global-color-5)","background-image":"","background-repeat":"repeat","background-position":"center center","background-size":"auto","background-attachment":"scroll","background-type":"","background-media":"","overlay-type":"","overlay-color":"","overlay-opacity":"","overlay-gradient":""},"tablet":{"background-color":"var(--ast-global-color-5)","background-image":"","background-repeat":"repeat","background-position":"center center","background-size":"auto","background-attachment":"scroll","background-type":"","background-media":"","overlay-type":"","overlay-color":"","overlay-opacity":"","overlay-gradient":""},"mobile":{"background-color":"var(--ast-global-color-5)","background-image":"","background-repeat":"repeat","background-position":"center center","background-size":"auto","background-attachment":"scroll","background-type":"","background-media":"","overlay-type":"","overlay-color":"","overlay-opacity":"","overlay-gradient":""}}},"product_brand":[],"product_cat":[294],"product_tag":[424,627,626],"musiciens":[191],"pays":[226,227],"class_list":{"0":"post-150","1":"product","2":"type-product","3":"status-publish","4":"has-post-thumbnail","6":"product_cat-caraibe","7":"product_tag-gwoka","8":"product_tag-musique-antillaise","9":"product_tag-musiques-du-monde","10":"pa_format-album","11":"pa_format-boitier-cristal","12":"pa_format-cd","13":"musiciens-jony-lerond","14":"pays-ameriques","15":"pays-guadeloupe","16":"desktop-align-left","17":"tablet-align-left","18":"mobile-align-left","20":"first","21":"instock","22":"shipping-taxable","23":"purchasable","24":"product-type-simple"},"supplier_id":1168,"supplier_sku":"","barcode":null,"atum_controlled":true,"out_stock_date":null,"out_stock_threshold":null,"inheritable":false,"inbound_stock":0,"stock_on_hold":0,"sold_today":0,"sales_last_days":0,"reserved_stock":0,"customer_returns":0,"warehouse_damage":0,"lost_in_post":0,"other_logs":0,"out_stock_days":0,"lost_sales":0,"has_location":false,"update_date":"2026-04-13T00:03:08","atum_locations":[],"atum_stock_status":"instock","restock_status":false,"low_stock_amount":"","sales_update_date":"2026-04-13T00:03:08","calc_backorders":null,"uagb_featured_image_src":{"full":["https:\/\/shop.bananierbleu.fr\/wp-content\/uploads\/2018\/04\/somnanbil-300.jpg",300,322,false],"thumbnail":["https:\/\/shop.bananierbleu.fr\/wp-content\/uploads\/2018\/04\/somnanbil-300-150x150.jpg",150,150,true],"medium":["https:\/\/shop.bananierbleu.fr\/wp-content\/uploads\/2018\/04\/somnanbil-300-280x300.jpg",280,300,true],"medium_large":["https:\/\/shop.bananierbleu.fr\/wp-content\/uploads\/2018\/04\/somnanbil-300.jpg",300,322,false],"large":["https:\/\/shop.bananierbleu.fr\/wp-content\/uploads\/2018\/04\/somnanbil-300.jpg",300,322,false],"1536x1536":["https:\/\/shop.bananierbleu.fr\/wp-content\/uploads\/2018\/04\/somnanbil-300.jpg",300,322,false],"2048x2048":["https:\/\/shop.bananierbleu.fr\/wp-content\/uploads\/2018\/04\/somnanbil-300.jpg",300,322,false],"trp-custom-language-flag":["https:\/\/shop.bananierbleu.fr\/wp-content\/uploads\/2018\/04\/somnanbil-300.jpg",11,12,false],"woocommerce_thumbnail":["https:\/\/shop.bananierbleu.fr\/wp-content\/uploads\/2018\/04\/somnanbil-300-300x300.jpg",300,300,true],"woocommerce_single":["https:\/\/shop.bananierbleu.fr\/wp-content\/uploads\/2018\/04\/somnanbil-300.jpg",300,322,false],"woocommerce_gallery_thumbnail":["https:\/\/shop.bananierbleu.fr\/wp-content\/uploads\/2018\/04\/somnanbil-300-100x100.jpg",100,100,true]},"uagb_author_info":{"display_name":"Charlie Bb","author_link":"https:\/\/shop.bananierbleu.fr\/en\/author\/"},"uagb_comment_info":0,"uagb_excerpt":"Produit neuf, sous blister. Ann\u00e9e : 2006 Label \/ R\u00e9f\u00e9rence : Debs Music (5156.2) Personnel : Jony Lerond Titres : 1- Ton Si K\u00e9 Bayif - 4:29 \/ 2- Lanmou Dou - 5:16 \/ 3- CD la Soti - 5:17 \/ 4- Kout\u00e9 - 5:55 \/ 5- Bon Moman - 3:40 \/ 6- Tradisyon On&hellip;","_links":{"self":[{"href":"https:\/\/shop.bananierbleu.fr\/en\/wp-json\/wp\/v2\/product\/150","targetHints":{"allow":["GET"]}}],"collection":[{"href":"https:\/\/shop.bananierbleu.fr\/en\/wp-json\/wp\/v2\/product"}],"about":[{"href":"https:\/\/shop.bananierbleu.fr\/en\/wp-json\/wp\/v2\/types\/product"}],"replies":[{"embeddable":true,"href":"https:\/\/shop.bananierbleu.fr\/en\/wp-json\/wp\/v2\/comments?post=150"}],"wp:featuredmedia":[{"embeddable":true,"href":"https:\/\/shop.bananierbleu.fr\/en\/wp-json\/wp\/v2\/media\/151"}],"wp:attachment":[{"href":"https:\/\/shop.bananierbleu.fr\/en\/wp-json\/wp\/v2\/media?parent=150"}],"wp:term":[{"taxonomy":"product_brand","embeddable":true,"href":"https:\/\/shop.bananierbleu.fr\/en\/wp-json\/wp\/v2\/product_brand?post=150"},{"taxonomy":"product_cat","embeddable":true,"href":"https:\/\/shop.bananierbleu.fr\/en\/wp-json\/wp\/v2\/product_cat?post=150"},{"taxonomy":"product_tag","embeddable":true,"href":"https:\/\/shop.bananierbleu.fr\/en\/wp-json\/wp\/v2\/product_tag?post=150"},{"taxonomy":"musiciens","embeddable":true,"href":"https:\/\/shop.bananierbleu.fr\/en\/wp-json\/wp\/v2\/musiciens?post=150"},{"taxonomy":"pays","embeddable":true,"href":"https:\/\/shop.bananierbleu.fr\/en\/wp-json\/wp\/v2\/pays?post=150"}],"curies":[{"name":"wp","href":"https:\/\/api.w.org\/{rel}","templated":true}]}}