{"id":1504,"date":"2025-08-21T19:33:37","date_gmt":"2025-08-21T17:33:37","guid":{"rendered":"https:\/\/shop.bananierbleu.fr\/?post_type=product&#038;p=1504"},"modified":"2025-08-25T19:37:49","modified_gmt":"2025-08-25T17:37:49","slug":"les-maitres-du-tambour-homaja-carnot-devenn-fon-feran","status":"publish","type":"product","link":"https:\/\/shop.bananierbleu.fr\/en\/product\/les-maitres-du-tambour-homaja-carnot-devenn-fon-feran\/","title":{"rendered":"Les Ma\u00eetres du Tambour &#8211; Homaj&rsquo;a Carnot &#038; Devenn (Fon Feran)"},"content":{"rendered":"","protected":false},"excerpt":{"rendered":"<p dir=\"auto\">New product, in blister pack.<\/p>\n<ul>\n<li><strong>Ann\u00e9e<\/strong> : Non pr\u00e9cis\u00e9e<\/li>\n<li><strong>Label<\/strong> : Autoproduction &#8211; 4244-2<\/li>\n<li><strong>Avec<\/strong> : Charles Polypheme<\/li>\n<li><strong>Titres<\/strong> : 1- Kabolo &#8211; 4:27 \/ 2- Ti Kanal &#8211; 3:30 \/ 3- Ambyan&rsquo;s &#8211; 4:26 \/ 4- Homaj&rsquo;a Carnot &#8211; 4:32 \/ 5- Deven (Fon Feran) &#8211; 5:04 \/ 6- Es Ke Se Sa la Vi la &#8211; 4:17 \/ 7- Tambour &#8211; 3:23 \/ 8- Tambour &#8211; 4:35 \/ 9- Tambour &#8211; 4:30<\/li>\n<\/ul>","protected":false},"featured_media":1505,"comment_status":"open","ping_status":"closed","template":"","meta":{"_uag_custom_page_level_css":"","site-sidebar-layout":"default","site-content-layout":"","ast-site-content-layout":"default","site-content-style":"default","site-sidebar-style":"default","ast-global-header-display":"","ast-banner-title-visibility":"","ast-main-header-display":"","ast-hfb-above-header-display":"","ast-hfb-below-header-display":"","ast-hfb-mobile-header-display":"","site-post-title":"","ast-breadcrumbs-content":"","ast-featured-img":"","footer-sml-layout":"","ast-disable-related-posts":"","theme-transparent-header-meta":"default","adv-header-id-meta":"","stick-header-meta":"","header-above-stick-meta":"","header-main-stick-meta":"","header-below-stick-meta":"","astra-migrate-meta-layouts":"set","ast-page-background-enabled":"default","ast-page-background-meta":{"desktop":{"background-color":"var(--ast-global-color-4)","background-image":"","background-repeat":"repeat","background-position":"center center","background-size":"auto","background-attachment":"scroll","background-type":"","background-media":"","overlay-type":"","overlay-color":"","overlay-opacity":"","overlay-gradient":""},"tablet":{"background-color":"","background-image":"","background-repeat":"repeat","background-position":"center center","background-size":"auto","background-attachment":"scroll","background-type":"","background-media":"","overlay-type":"","overlay-color":"","overlay-opacity":"","overlay-gradient":""},"mobile":{"background-color":"","background-image":"","background-repeat":"repeat","background-position":"center center","background-size":"auto","background-attachment":"scroll","background-type":"","background-media":"","overlay-type":"","overlay-color":"","overlay-opacity":"","overlay-gradient":""}},"ast-content-background-meta":{"desktop":{"background-color":"var(--ast-global-color-5)","background-image":"","background-repeat":"repeat","background-position":"center center","background-size":"auto","background-attachment":"scroll","background-type":"","background-media":"","overlay-type":"","overlay-color":"","overlay-opacity":"","overlay-gradient":""},"tablet":{"background-color":"var(--ast-global-color-5)","background-image":"","background-repeat":"repeat","background-position":"center center","background-size":"auto","background-attachment":"scroll","background-type":"","background-media":"","overlay-type":"","overlay-color":"","overlay-opacity":"","overlay-gradient":""},"mobile":{"background-color":"var(--ast-global-color-5)","background-image":"","background-repeat":"repeat","background-position":"center center","background-size":"auto","background-attachment":"scroll","background-type":"","background-media":"","overlay-type":"","overlay-color":"","overlay-opacity":"","overlay-gradient":""}}},"product_brand":[],"product_cat":[294],"product_tag":[424],"musiciens":[746],"pays":[226,227],"class_list":{"0":"post-1504","1":"product","2":"type-product","3":"status-publish","4":"has-post-thumbnail","6":"product_cat-caraibe","7":"product_tag-gwoka","8":"pa_etat-de-la-pochette-neuf-m","9":"pa_etat-du-disque-neuf-m","10":"pa_format-boitier-cristal","11":"pa_format-cd","12":"musiciens-charles-polypheme","13":"pays-ameriques","14":"pays-guadeloupe","15":"desktop-align-left","16":"tablet-align-left","17":"mobile-align-left","19":"first","20":"instock","21":"shipping-taxable","22":"purchasable","23":"product-type-simple"},"supplier_id":null,"supplier_sku":"","barcode":null,"atum_controlled":true,"out_stock_date":null,"out_stock_threshold":null,"inheritable":false,"inbound_stock":0,"stock_on_hold":0,"sold_today":0,"sales_last_days":0,"reserved_stock":0,"customer_returns":0,"warehouse_damage":0,"lost_in_post":0,"other_logs":0,"out_stock_days":0,"lost_sales":0,"has_location":true,"update_date":"2026-04-13T00:03:07","atum_locations":[{"id":698,"name":"H0","slug":"h0"}],"atum_stock_status":"instock","restock_status":false,"low_stock_amount":"","sales_update_date":"2026-04-13T00:03:07","calc_backorders":null,"uagb_featured_image_src":{"full":["https:\/\/shop.bananierbleu.fr\/wp-content\/uploads\/2025\/08\/Les_maitres_du_tambour-01.jpg",1800,1607,false],"thumbnail":["https:\/\/shop.bananierbleu.fr\/wp-content\/uploads\/2025\/08\/Les_maitres_du_tambour-01-150x150.jpg",150,150,true],"medium":["https:\/\/shop.bananierbleu.fr\/wp-content\/uploads\/2025\/08\/Les_maitres_du_tambour-01-300x268.jpg",300,268,true],"medium_large":["https:\/\/shop.bananierbleu.fr\/wp-content\/uploads\/2025\/08\/Les_maitres_du_tambour-01-768x686.jpg",768,686,true],"large":["https:\/\/shop.bananierbleu.fr\/wp-content\/uploads\/2025\/08\/Les_maitres_du_tambour-01-1024x914.jpg",1024,914,true],"1536x1536":["https:\/\/shop.bananierbleu.fr\/wp-content\/uploads\/2025\/08\/Les_maitres_du_tambour-01-1536x1371.jpg",1536,1371,true],"2048x2048":["https:\/\/shop.bananierbleu.fr\/wp-content\/uploads\/2025\/08\/Les_maitres_du_tambour-01.jpg",1800,1607,false],"trp-custom-language-flag":["https:\/\/shop.bananierbleu.fr\/wp-content\/uploads\/2025\/08\/Les_maitres_du_tambour-01-13x12.jpg",13,12,true],"woocommerce_thumbnail":["https:\/\/shop.bananierbleu.fr\/wp-content\/uploads\/2025\/08\/Les_maitres_du_tambour-01-300x300.jpg",300,300,true],"woocommerce_single":["https:\/\/shop.bananierbleu.fr\/wp-content\/uploads\/2025\/08\/Les_maitres_du_tambour-01-600x536.jpg",600,536,true],"woocommerce_gallery_thumbnail":["https:\/\/shop.bananierbleu.fr\/wp-content\/uploads\/2025\/08\/Les_maitres_du_tambour-01-100x100.jpg",100,100,true]},"uagb_author_info":{"display_name":"Charlie Bb","author_link":"https:\/\/shop.bananierbleu.fr\/en\/author\/"},"uagb_comment_info":0,"uagb_excerpt":"Produit neuf, sous blister. Ann\u00e9e : Non pr\u00e9cis\u00e9e Label : Autoproduction - 4244-2 Avec : Charles Polypheme Titres : 1- Kabolo - 4:27 \/ 2- Ti Kanal - 3:30 \/ 3- Ambyan's - 4:26 \/ 4- Homaj'a Carnot - 4:32 \/ 5- Deven (Fon Feran) - 5:04 \/ 6- Es Ke Se Sa la Vi&hellip;","_links":{"self":[{"href":"https:\/\/shop.bananierbleu.fr\/en\/wp-json\/wp\/v2\/product\/1504","targetHints":{"allow":["GET"]}}],"collection":[{"href":"https:\/\/shop.bananierbleu.fr\/en\/wp-json\/wp\/v2\/product"}],"about":[{"href":"https:\/\/shop.bananierbleu.fr\/en\/wp-json\/wp\/v2\/types\/product"}],"replies":[{"embeddable":true,"href":"https:\/\/shop.bananierbleu.fr\/en\/wp-json\/wp\/v2\/comments?post=1504"}],"wp:featuredmedia":[{"embeddable":true,"href":"https:\/\/shop.bananierbleu.fr\/en\/wp-json\/wp\/v2\/media\/1505"}],"wp:attachment":[{"href":"https:\/\/shop.bananierbleu.fr\/en\/wp-json\/wp\/v2\/media?parent=1504"}],"wp:term":[{"taxonomy":"product_brand","embeddable":true,"href":"https:\/\/shop.bananierbleu.fr\/en\/wp-json\/wp\/v2\/product_brand?post=1504"},{"taxonomy":"product_cat","embeddable":true,"href":"https:\/\/shop.bananierbleu.fr\/en\/wp-json\/wp\/v2\/product_cat?post=1504"},{"taxonomy":"product_tag","embeddable":true,"href":"https:\/\/shop.bananierbleu.fr\/en\/wp-json\/wp\/v2\/product_tag?post=1504"},{"taxonomy":"musiciens","embeddable":true,"href":"https:\/\/shop.bananierbleu.fr\/en\/wp-json\/wp\/v2\/musiciens?post=1504"},{"taxonomy":"pays","embeddable":true,"href":"https:\/\/shop.bananierbleu.fr\/en\/wp-json\/wp\/v2\/pays?post=1504"}],"curies":[{"name":"wp","href":"https:\/\/api.w.org\/{rel}","templated":true}]}}