{"id":1507,"date":"2025-08-21T19:32:46","date_gmt":"2025-08-21T17:32:46","guid":{"rendered":"https:\/\/shop.bananierbleu.fr\/?post_type=product&#038;p=1507"},"modified":"2026-04-15T09:36:25","modified_gmt":"2026-04-15T07:36:25","slug":"69-96-magic-malik-orchestra","status":"publish","type":"product","link":"https:\/\/shop.bananierbleu.fr\/en\/product\/69-96-magic-malik-orchestra\/","title":{"rendered":"69 96 &#8211; Magic Malik Orchestra"},"content":{"rendered":"","protected":false},"excerpt":{"rendered":"<p dir=\"auto\">Produit quasi neuf. Digipack en excellent \u00e9tat, avec quelques tr\u00e8s l\u00e9gers signes normaux d&rsquo;usure.<\/p>\n<p>https:\/\/youtu.be\/4bFRwXeBA8M<\/p>\n<ul>\n<li dir=\"auto\"><strong>Ann\u00e9e<\/strong> : 2000<\/li>\n<li dir=\"auto\"><strong>Label<\/strong> : Label Bleu &#8211; LBLC 6632<\/li>\n<li dir=\"auto\"><strong>Personnel et instruments<\/strong> : Anga Diaz (congas), Bojan Zulfikarpasic (claviers), Clio (cymbalium), Denis Guivarch (saxophone), Jules Bikoko Bi Njami (contrebasse), Julien Lourau (saxophone), Magic Malik (fl\u00fbte, chant), Maxime Zampieri (batterie), Minino Garay (percussions), Nelson Veras (guitare), Prahbou (tabla), S\u00e9bastien Martel (guitare), St\u00e9phanus Vivens (claviers, harmonium)<\/li>\n<li dir=\"auto\"><strong>Titres<\/strong> : 1- Ovni &#8211; 7:33 \/ 2- Madness &#8211; 7:36 \/ 3- Doyin &#8211; 9:30 \/ 4- Voleo &#8211; 5:30 \/ 5- Alti-Plano &#8211; 3:54 \/ 6- Pandemonium &#8211; 7:15 \/ 7- Ave Maria &#8211; 8:29<\/li>\n<\/ul>","protected":false},"featured_media":1508,"comment_status":"open","ping_status":"closed","template":"","meta":{"_uag_custom_page_level_css":"","site-sidebar-layout":"default","site-content-layout":"","ast-site-content-layout":"default","site-content-style":"default","site-sidebar-style":"default","ast-global-header-display":"","ast-banner-title-visibility":"","ast-main-header-display":"","ast-hfb-above-header-display":"","ast-hfb-below-header-display":"","ast-hfb-mobile-header-display":"","site-post-title":"","ast-breadcrumbs-content":"","ast-featured-img":"","footer-sml-layout":"","ast-disable-related-posts":"","theme-transparent-header-meta":"default","adv-header-id-meta":"","stick-header-meta":"","header-above-stick-meta":"","header-main-stick-meta":"","header-below-stick-meta":"","astra-migrate-meta-layouts":"set","ast-page-background-enabled":"default","ast-page-background-meta":{"desktop":{"background-color":"var(--ast-global-color-4)","background-image":"","background-repeat":"repeat","background-position":"center center","background-size":"auto","background-attachment":"scroll","background-type":"","background-media":"","overlay-type":"","overlay-color":"","overlay-opacity":"","overlay-gradient":""},"tablet":{"background-color":"","background-image":"","background-repeat":"repeat","background-position":"center center","background-size":"auto","background-attachment":"scroll","background-type":"","background-media":"","overlay-type":"","overlay-color":"","overlay-opacity":"","overlay-gradient":""},"mobile":{"background-color":"","background-image":"","background-repeat":"repeat","background-position":"center center","background-size":"auto","background-attachment":"scroll","background-type":"","background-media":"","overlay-type":"","overlay-color":"","overlay-opacity":"","overlay-gradient":""}},"ast-content-background-meta":{"desktop":{"background-color":"var(--ast-global-color-5)","background-image":"","background-repeat":"repeat","background-position":"center center","background-size":"auto","background-attachment":"scroll","background-type":"","background-media":"","overlay-type":"","overlay-color":"","overlay-opacity":"","overlay-gradient":""},"tablet":{"background-color":"var(--ast-global-color-5)","background-image":"","background-repeat":"repeat","background-position":"center center","background-size":"auto","background-attachment":"scroll","background-type":"","background-media":"","overlay-type":"","overlay-color":"","overlay-opacity":"","overlay-gradient":""},"mobile":{"background-color":"var(--ast-global-color-5)","background-image":"","background-repeat":"repeat","background-position":"center center","background-size":"auto","background-attachment":"scroll","background-type":"","background-media":"","overlay-type":"","overlay-color":"","overlay-opacity":"","overlay-gradient":""}}},"product_brand":[],"product_cat":[472],"product_tag":[414],"musiciens":[747,748,749,750,751,752,546,753,754,755,756,757,758],"pays":[230],"class_list":{"0":"post-1507","1":"product","2":"type-product","3":"status-publish","4":"has-post-thumbnail","6":"product_cat-jazz","7":"product_tag-jazz","8":"pa_etat-de-la-pochette-quasi-neuf-nm","9":"pa_etat-du-disque-quasi-neuf-nm","10":"pa_format-cd","11":"pa_format-digipack","12":"musiciens-anga-diaz","13":"musiciens-bojan-zulfikarpasic","14":"musiciens-clio","15":"musiciens-denis-guivarch","16":"musiciens-jules-bikoko-bi-njami","17":"musiciens-julien-lourau","18":"musiciens-magic-malik","19":"musiciens-maxime-zampieri","20":"musiciens-minino-garay","21":"musiciens-nelson-veras","22":"musiciens-prahbou","23":"musiciens-sebastien-martel","24":"musiciens-stephanus-vivens","25":"pays-europe","26":"desktop-align-left","27":"tablet-align-left","28":"mobile-align-left","30":"first","31":"instock","32":"shipping-taxable","33":"purchasable","34":"product-type-simple"},"supplier_id":1160,"supplier_sku":"","barcode":null,"atum_controlled":true,"out_stock_date":null,"out_stock_threshold":null,"inheritable":false,"inbound_stock":0,"stock_on_hold":0,"sold_today":0,"sales_last_days":0,"reserved_stock":0,"customer_returns":0,"warehouse_damage":0,"lost_in_post":0,"other_logs":0,"out_stock_days":0,"lost_sales":0,"has_location":true,"update_date":"2026-04-22T00:06:54","atum_locations":[{"id":759,"name":"G0","slug":"g0"}],"atum_stock_status":"instock","restock_status":false,"low_stock_amount":"","sales_update_date":"2026-04-22T00:06:54","calc_backorders":null,"uagb_featured_image_src":{"full":["https:\/\/shop.bananierbleu.fr\/wp-content\/uploads\/2025\/08\/Magic_Malik_6996-01.jpg",1800,1607,false],"thumbnail":["https:\/\/shop.bananierbleu.fr\/wp-content\/uploads\/2025\/08\/Magic_Malik_6996-01-150x150.jpg",150,150,true],"medium":["https:\/\/shop.bananierbleu.fr\/wp-content\/uploads\/2025\/08\/Magic_Malik_6996-01-300x268.jpg",300,268,true],"medium_large":["https:\/\/shop.bananierbleu.fr\/wp-content\/uploads\/2025\/08\/Magic_Malik_6996-01-768x686.jpg",768,686,true],"large":["https:\/\/shop.bananierbleu.fr\/wp-content\/uploads\/2025\/08\/Magic_Malik_6996-01-1024x914.jpg",1024,914,true],"1536x1536":["https:\/\/shop.bananierbleu.fr\/wp-content\/uploads\/2025\/08\/Magic_Malik_6996-01-1536x1371.jpg",1536,1371,true],"2048x2048":["https:\/\/shop.bananierbleu.fr\/wp-content\/uploads\/2025\/08\/Magic_Malik_6996-01.jpg",1800,1607,false],"trp-custom-language-flag":["https:\/\/shop.bananierbleu.fr\/wp-content\/uploads\/2025\/08\/Magic_Malik_6996-01-13x12.jpg",13,12,true],"woocommerce_thumbnail":["https:\/\/shop.bananierbleu.fr\/wp-content\/uploads\/2025\/08\/Magic_Malik_6996-01-300x300.jpg",300,300,true],"woocommerce_single":["https:\/\/shop.bananierbleu.fr\/wp-content\/uploads\/2025\/08\/Magic_Malik_6996-01-600x536.jpg",600,536,true],"woocommerce_gallery_thumbnail":["https:\/\/shop.bananierbleu.fr\/wp-content\/uploads\/2025\/08\/Magic_Malik_6996-01-100x100.jpg",100,100,true]},"uagb_author_info":{"display_name":"Charlie Bb","author_link":"https:\/\/shop.bananierbleu.fr\/en\/author\/"},"uagb_comment_info":0,"uagb_excerpt":"Produit quasi neuf. Digipack en excellent \u00e9tat, avec quelques tr\u00e8s l\u00e9gers signes normaux d'usure. https:\/\/youtu.be\/4bFRwXeBA8M Ann\u00e9e : 2000 Label : Label Bleu - LBLC 6632 Personnel et instruments : Anga Diaz (congas), Bojan Zulfikarpasic (claviers), Clio (cymbalium), Denis Guivarch (saxophone), Jules Bikoko Bi Njami (contrebasse), Julien Lourau (saxophone), Magic Malik (fl\u00fbte, chant), Maxime Zampieri (batterie),&hellip;","_links":{"self":[{"href":"https:\/\/shop.bananierbleu.fr\/en\/wp-json\/wp\/v2\/product\/1507","targetHints":{"allow":["GET"]}}],"collection":[{"href":"https:\/\/shop.bananierbleu.fr\/en\/wp-json\/wp\/v2\/product"}],"about":[{"href":"https:\/\/shop.bananierbleu.fr\/en\/wp-json\/wp\/v2\/types\/product"}],"replies":[{"embeddable":true,"href":"https:\/\/shop.bananierbleu.fr\/en\/wp-json\/wp\/v2\/comments?post=1507"}],"wp:featuredmedia":[{"embeddable":true,"href":"https:\/\/shop.bananierbleu.fr\/en\/wp-json\/wp\/v2\/media\/1508"}],"wp:attachment":[{"href":"https:\/\/shop.bananierbleu.fr\/en\/wp-json\/wp\/v2\/media?parent=1507"}],"wp:term":[{"taxonomy":"product_brand","embeddable":true,"href":"https:\/\/shop.bananierbleu.fr\/en\/wp-json\/wp\/v2\/product_brand?post=1507"},{"taxonomy":"product_cat","embeddable":true,"href":"https:\/\/shop.bananierbleu.fr\/en\/wp-json\/wp\/v2\/product_cat?post=1507"},{"taxonomy":"product_tag","embeddable":true,"href":"https:\/\/shop.bananierbleu.fr\/en\/wp-json\/wp\/v2\/product_tag?post=1507"},{"taxonomy":"musiciens","embeddable":true,"href":"https:\/\/shop.bananierbleu.fr\/en\/wp-json\/wp\/v2\/musiciens?post=1507"},{"taxonomy":"pays","embeddable":true,"href":"https:\/\/shop.bananierbleu.fr\/en\/wp-json\/wp\/v2\/pays?post=1507"}],"curies":[{"name":"wp","href":"https:\/\/api.w.org\/{rel}","templated":true}]}}