{"id":1522,"date":"2025-10-10T19:03:38","date_gmt":"2025-10-10T17:03:38","guid":{"rendered":"https:\/\/shop.bananierbleu.fr\/?post_type=product&#038;p=1522"},"modified":"2026-04-15T09:36:25","modified_gmt":"2026-04-15T07:36:25","slug":"malmanoury-kreyol-amazoni-orkestra-1990","status":"publish","type":"product","link":"https:\/\/shop.bananierbleu.fr\/en\/product\/malmanoury-kreyol-amazoni-orkestra-1990\/","title":{"rendered":"Malmanoury (Kreyol Amazoni Orkestra \/ 1990)"},"content":{"rendered":"","protected":false},"excerpt":{"rendered":"<ul>\n<li class=\"whitespace-break-spaces\"><span class=\"followup-block followup-block-hidden cursor-pointer outline-none static inline group-hover\/message:[--hover-opacity:1]\" tabindex=\"0\" data-question=\"Quelles sont les caract\u00e9ristiques distinctives de la biguine et de la mazurka dans la musique cr\u00e9ole?\" aria-haspopup=\"dialog\" aria-expanded=\"false\" aria-controls=\"radix-_r_1nv_\" data-state=\"closed\">Biguine, Valse, Mazurka, Mazouk, Quadrille, Musique traditionnelle cr\u00e9ole<\/span><\/li>\n<li class=\"whitespace-break-spaces\">Ann\u00e9e : 1990<\/li>\n<li class=\"whitespace-break-spaces\"><span class=\"followup-block followup-block-hidden cursor-pointer outline-none static inline group-hover\/message:[--hover-opacity:1]\" tabindex=\"0\" data-question=\"Peut-on identifier le label original de cet album \u00e0 partir de son code-barres ou d'autres r\u00e9f\u00e9rences?\" aria-haspopup=\"dialog\" aria-expanded=\"false\" aria-controls=\"radix-_r_1o0_\" data-state=\"closed\">Label : Non pr\u00e9cis\u00e9 \/ <\/span><\/li>\n<li class=\"whitespace-break-spaces\"><span class=\"followup-block followup-block-hidden cursor-pointer outline-none static inline group-hover\/message:[--hover-opacity:1]\" tabindex=\"0\" data-question=\"Peut-on identifier le label original de cet album \u00e0 partir de son code-barres ou d'autres r\u00e9f\u00e9rences?\" aria-haspopup=\"dialog\" aria-expanded=\"false\" aria-controls=\"radix-_r_1o0_\" data-state=\"closed\">R\u00e9f\u00e9rence : Barcode 3252414275254<\/span><\/li>\n<\/ul>\n<p class=\"whitespace-break-spaces\"><strong>Personnel et instruments<\/strong> : Christophe Chapuis (trompette), Emmanuel Lucenay (fl\u00fbte, percussions, chant), Fran\u00e7ois Bagoee (saxophone), Gilles Hubert (violon), Herv\u00e9 Chiapparin (violoncelle), Isabelle Beaudru (clarinette), Jean-Maurice Robo (batterie), Jean-Paul Agarande (chant, percussions), Jean-Yves Garcia (trombone), Josy Masse (chant), Lionel Lezan (violon), Philippe Kong (piano), Sylvestre Serotte (percussions), Victor Sabas (basse)<\/p>\n<p class=\"whitespace-break-spaces\"><strong>Titres<\/strong> : 1-Mo r\u00e9l\u00e9 manman &#8211; \/ 2-<span class=\"followup-block followup-block-hidden cursor-pointer outline-none static inline group-hover\/message:[--hover-opacity:1]\" tabindex=\"0\" data-question=\"En quoi consiste une suite carnavalesque dans le contexte de la musique antillaise?\" aria-haspopup=\"dialog\" aria-expanded=\"false\" aria-controls=\"radix-_r_1o1_\" data-state=\"closed\">Suite carnavalesque (biguine quadrille)<\/span> &#8211; 4:29 \/ 3-Suite carnavalesque (Valse &#8211; Mazurka) &#8211; 5:57 \/ 4-Mazouk Ernie &#8211; 3:57 \/ 5-D\u00e9 mo lamnou &#8211; 4:52 \/ 6-Souviens-toi vieux Cayenne &#8211; 4:13 \/ 7-<span class=\"followup-block followup-block-hidden cursor-pointer outline-none static inline group-hover\/message:[--hover-opacity:1]\" tabindex=\"0\" data-question=\"Quelle est l'origine historique du quadrille dans la musique cr\u00e9ole et comment est-il interpr\u00e9t\u00e9 ici?\" aria-haspopup=\"dialog\" aria-expanded=\"false\" aria-controls=\"radix-_r_1o2_\" data-state=\"closed\">Quadrille &#8211; 8:22<\/span> \/ 8-Sacr\u00e9 N\u00e9gresse &#8211; 3:48 \/ 9-Manman tchenb\u00e9 mo ren &#8211; 3:49 \/ 10-La belle Malmanourienne &#8211; 4:46<\/p>\n","protected":false},"featured_media":1523,"comment_status":"open","ping_status":"closed","template":"","meta":{"_uag_custom_page_level_css":"","site-sidebar-layout":"default","site-content-layout":"","ast-site-content-layout":"default","site-content-style":"default","site-sidebar-style":"default","ast-global-header-display":"","ast-banner-title-visibility":"","ast-main-header-display":"","ast-hfb-above-header-display":"","ast-hfb-below-header-display":"","ast-hfb-mobile-header-display":"","site-post-title":"","ast-breadcrumbs-content":"","ast-featured-img":"","footer-sml-layout":"","ast-disable-related-posts":"","theme-transparent-header-meta":"default","adv-header-id-meta":"","stick-header-meta":"","header-above-stick-meta":"","header-main-stick-meta":"","header-below-stick-meta":"","astra-migrate-meta-layouts":"set","ast-page-background-enabled":"default","ast-page-background-meta":{"desktop":{"background-color":"var(--ast-global-color-4)","background-image":"","background-repeat":"repeat","background-position":"center center","background-size":"auto","background-attachment":"scroll","background-type":"","background-media":"","overlay-type":"","overlay-color":"","overlay-opacity":"","overlay-gradient":""},"tablet":{"background-color":"","background-image":"","background-repeat":"repeat","background-position":"center center","background-size":"auto","background-attachment":"scroll","background-type":"","background-media":"","overlay-type":"","overlay-color":"","overlay-opacity":"","overlay-gradient":""},"mobile":{"background-color":"","background-image":"","background-repeat":"repeat","background-position":"center center","background-size":"auto","background-attachment":"scroll","background-type":"","background-media":"","overlay-type":"","overlay-color":"","overlay-opacity":"","overlay-gradient":""}},"ast-content-background-meta":{"desktop":{"background-color":"var(--ast-global-color-5)","background-image":"","background-repeat":"repeat","background-position":"center center","background-size":"auto","background-attachment":"scroll","background-type":"","background-media":"","overlay-type":"","overlay-color":"","overlay-opacity":"","overlay-gradient":""},"tablet":{"background-color":"var(--ast-global-color-5)","background-image":"","background-repeat":"repeat","background-position":"center center","background-size":"auto","background-attachment":"scroll","background-type":"","background-media":"","overlay-type":"","overlay-color":"","overlay-opacity":"","overlay-gradient":""},"mobile":{"background-color":"var(--ast-global-color-5)","background-image":"","background-repeat":"repeat","background-position":"center center","background-size":"auto","background-attachment":"scroll","background-type":"","background-media":"","overlay-type":"","overlay-color":"","overlay-opacity":"","overlay-gradient":""}}},"product_brand":[],"product_cat":[294],"product_tag":[431,767,765,766],"musiciens":[],"pays":[226,233],"class_list":{"0":"post-1522","1":"product","2":"type-product","3":"status-publish","4":"has-post-thumbnail","6":"product_cat-caraibe","7":"product_tag-biguine","8":"product_tag-guyane","9":"product_tag-mazurka","10":"product_tag-quadrille","11":"pa_etat-de-la-pochette-quasi-neuf-nm","12":"pa_etat-du-disque-quasi-neuf-nm","13":"pa_format-boitier-cristal","14":"pa_format-cd","15":"pays-ameriques","16":"pays-guyane","17":"desktop-align-left","18":"tablet-align-left","19":"mobile-align-left","21":"first","22":"instock","23":"shipping-taxable","24":"purchasable","25":"product-type-simple"},"supplier_id":1160,"supplier_sku":"","barcode":null,"atum_controlled":true,"out_stock_date":null,"out_stock_threshold":null,"inheritable":false,"inbound_stock":0,"stock_on_hold":0,"sold_today":0,"sales_last_days":0,"reserved_stock":0,"customer_returns":0,"warehouse_damage":0,"lost_in_post":0,"other_logs":0,"out_stock_days":0,"lost_sales":0,"has_location":false,"update_date":"2026-04-22T00:06:55","atum_locations":[],"atum_stock_status":"instock","restock_status":false,"low_stock_amount":"","sales_update_date":"2026-04-22T00:06:55","calc_backorders":null,"uagb_featured_image_src":{"full":["https:\/\/shop.bananierbleu.fr\/wp-content\/uploads\/2025\/10\/Kreyol_Amazoni_Orkestra-Malmanoury-01.jpg",1800,1800,false],"thumbnail":["https:\/\/shop.bananierbleu.fr\/wp-content\/uploads\/2025\/10\/Kreyol_Amazoni_Orkestra-Malmanoury-01-150x150.jpg",150,150,true],"medium":["https:\/\/shop.bananierbleu.fr\/wp-content\/uploads\/2025\/10\/Kreyol_Amazoni_Orkestra-Malmanoury-01-300x300.jpg",300,300,true],"medium_large":["https:\/\/shop.bananierbleu.fr\/wp-content\/uploads\/2025\/10\/Kreyol_Amazoni_Orkestra-Malmanoury-01-768x768.jpg",768,768,true],"large":["https:\/\/shop.bananierbleu.fr\/wp-content\/uploads\/2025\/10\/Kreyol_Amazoni_Orkestra-Malmanoury-01-1024x1024.jpg",1024,1024,true],"1536x1536":["https:\/\/shop.bananierbleu.fr\/wp-content\/uploads\/2025\/10\/Kreyol_Amazoni_Orkestra-Malmanoury-01-1536x1536.jpg",1536,1536,true],"2048x2048":["https:\/\/shop.bananierbleu.fr\/wp-content\/uploads\/2025\/10\/Kreyol_Amazoni_Orkestra-Malmanoury-01.jpg",1800,1800,false],"trp-custom-language-flag":["https:\/\/shop.bananierbleu.fr\/wp-content\/uploads\/2025\/10\/Kreyol_Amazoni_Orkestra-Malmanoury-01-12x12.jpg",12,12,true],"woocommerce_thumbnail":["https:\/\/shop.bananierbleu.fr\/wp-content\/uploads\/2025\/10\/Kreyol_Amazoni_Orkestra-Malmanoury-01-300x300.jpg",300,300,true],"woocommerce_single":["https:\/\/shop.bananierbleu.fr\/wp-content\/uploads\/2025\/10\/Kreyol_Amazoni_Orkestra-Malmanoury-01-600x600.jpg",600,600,true],"woocommerce_gallery_thumbnail":["https:\/\/shop.bananierbleu.fr\/wp-content\/uploads\/2025\/10\/Kreyol_Amazoni_Orkestra-Malmanoury-01-100x100.jpg",100,100,true]},"uagb_author_info":{"display_name":"Charlie Bb","author_link":"https:\/\/shop.bananierbleu.fr\/en\/author\/"},"uagb_comment_info":0,"uagb_excerpt":"Biguine, Valse, Mazurka, Mazouk, Quadrille, Musique traditionnelle cr\u00e9ole Ann\u00e9e : 1990 Label : Non pr\u00e9cis\u00e9 \/ R\u00e9f\u00e9rence : Barcode 3252414275254 Personnel et instruments : Christophe Chapuis (trompette), Emmanuel Lucenay (fl\u00fbte, percussions, chant), Fran\u00e7ois Bagoee (saxophone), Gilles Hubert (violon), Herv\u00e9 Chiapparin (violoncelle), Isabelle Beaudru (clarinette), Jean-Maurice Robo (batterie), Jean-Paul Agarande (chant, percussions), Jean-Yves Garcia (trombone), Josy&hellip;","_links":{"self":[{"href":"https:\/\/shop.bananierbleu.fr\/en\/wp-json\/wp\/v2\/product\/1522","targetHints":{"allow":["GET"]}}],"collection":[{"href":"https:\/\/shop.bananierbleu.fr\/en\/wp-json\/wp\/v2\/product"}],"about":[{"href":"https:\/\/shop.bananierbleu.fr\/en\/wp-json\/wp\/v2\/types\/product"}],"replies":[{"embeddable":true,"href":"https:\/\/shop.bananierbleu.fr\/en\/wp-json\/wp\/v2\/comments?post=1522"}],"wp:featuredmedia":[{"embeddable":true,"href":"https:\/\/shop.bananierbleu.fr\/en\/wp-json\/wp\/v2\/media\/1523"}],"wp:attachment":[{"href":"https:\/\/shop.bananierbleu.fr\/en\/wp-json\/wp\/v2\/media?parent=1522"}],"wp:term":[{"taxonomy":"product_brand","embeddable":true,"href":"https:\/\/shop.bananierbleu.fr\/en\/wp-json\/wp\/v2\/product_brand?post=1522"},{"taxonomy":"product_cat","embeddable":true,"href":"https:\/\/shop.bananierbleu.fr\/en\/wp-json\/wp\/v2\/product_cat?post=1522"},{"taxonomy":"product_tag","embeddable":true,"href":"https:\/\/shop.bananierbleu.fr\/en\/wp-json\/wp\/v2\/product_tag?post=1522"},{"taxonomy":"musiciens","embeddable":true,"href":"https:\/\/shop.bananierbleu.fr\/en\/wp-json\/wp\/v2\/musiciens?post=1522"},{"taxonomy":"pays","embeddable":true,"href":"https:\/\/shop.bananierbleu.fr\/en\/wp-json\/wp\/v2\/pays?post=1522"}],"curies":[{"name":"wp","href":"https:\/\/api.w.org\/{rel}","templated":true}]}}