{"id":154,"date":"2006-04-08T17:15:40","date_gmt":"2006-04-08T17:15:40","guid":{"rendered":"https:\/\/shop.bananierbleu.fr\/?post_type=product&#038;p=154"},"modified":"2023-09-10T16:47:37","modified_gmt":"2023-09-10T16:47:37","slug":"makaia-makaia-2006","status":"publish","type":"product","link":"https:\/\/shop.bananierbleu.fr\/en\/product\/makaia-makaia-2006\/","title":{"rendered":"Maka\u00efa (Maka\u00efa \/ 2006)"},"content":{"rendered":"","protected":false},"excerpt":{"rendered":"<p>New product, in blister pack.<\/p>\n<p>https:\/\/youtu.be\/1SUHmltPWa8<\/p>\n<ul>\n<li aria-level=\"1\"><b>Year:<\/b> 2006<\/li>\n<li aria-level=\"1\"><b>Label\/reference:<\/b> JFC Music (JFC CD 018)<\/li>\n<li aria-level=\"1\"><b>Musicians:<\/b> Philippe Maka\u00efa (vcl, boula, mak\u00e9), Claire Gillet (cb, bckg vcls), Franck Curier (g, bckg vcls), Pierre Chabr\u00e8le (tb, bckg vcls), Alain Castaing (boula, vcl), Pablo Master (vcl #2), Bruno Harl\u00e9 (fl)<\/li>\n<li aria-level=\"1\"><b>Tracks:<\/b> 1- M\u00e9mwa P\u00e8di \/ 2- Van Vant\u00e9 \/ 3- An Nou Al\u00e9 \/ 4- Takouta Enide \/ 5- Kominik\u00e9 \/ 6- Jenn Fi \/ 7- Ki Chimen \/ 8- I Y\u00e9 \/ 9- On Jou Maten \/ 10- La Lin Sol\u00e8y<\/li>\n<\/ul>","protected":false},"featured_media":997,"comment_status":"closed","ping_status":"closed","template":"","meta":{"_uag_custom_page_level_css":"","site-sidebar-layout":"default","site-content-layout":"default","ast-site-content-layout":"default","site-content-style":"default","site-sidebar-style":"default","ast-global-header-display":"","ast-banner-title-visibility":"","ast-main-header-display":"","ast-hfb-above-header-display":"","ast-hfb-below-header-display":"","ast-hfb-mobile-header-display":"","site-post-title":"","ast-breadcrumbs-content":"","ast-featured-img":"","footer-sml-layout":"","ast-disable-related-posts":"","theme-transparent-header-meta":"default","adv-header-id-meta":"","stick-header-meta":"","header-above-stick-meta":"","header-main-stick-meta":"","header-below-stick-meta":"","astra-migrate-meta-layouts":"default","ast-page-background-enabled":"default","ast-page-background-meta":{"desktop":{"background-color":"var(--ast-global-color-4)","background-image":"","background-repeat":"repeat","background-position":"center center","background-size":"auto","background-attachment":"scroll","background-type":"","background-media":"","overlay-type":"","overlay-color":"","overlay-opacity":"","overlay-gradient":""},"tablet":{"background-color":"","background-image":"","background-repeat":"repeat","background-position":"center center","background-size":"auto","background-attachment":"scroll","background-type":"","background-media":"","overlay-type":"","overlay-color":"","overlay-opacity":"","overlay-gradient":""},"mobile":{"background-color":"","background-image":"","background-repeat":"repeat","background-position":"center center","background-size":"auto","background-attachment":"scroll","background-type":"","background-media":"","overlay-type":"","overlay-color":"","overlay-opacity":"","overlay-gradient":""}},"ast-content-background-meta":{"desktop":{"background-color":"var(--ast-global-color-5)","background-image":"","background-repeat":"repeat","background-position":"center center","background-size":"auto","background-attachment":"scroll","background-type":"","background-media":"","overlay-type":"","overlay-color":"","overlay-opacity":"","overlay-gradient":""},"tablet":{"background-color":"var(--ast-global-color-5)","background-image":"","background-repeat":"repeat","background-position":"center center","background-size":"auto","background-attachment":"scroll","background-type":"","background-media":"","overlay-type":"","overlay-color":"","overlay-opacity":"","overlay-gradient":""},"mobile":{"background-color":"var(--ast-global-color-5)","background-image":"","background-repeat":"repeat","background-position":"center center","background-size":"auto","background-attachment":"scroll","background-type":"","background-media":"","overlay-type":"","overlay-color":"","overlay-opacity":"","overlay-gradient":""}}},"product_brand":[],"product_cat":[294],"product_tag":[424,435,627,626],"musiciens":[188,189,190],"pays":[226,227],"class_list":{"0":"post-154","1":"product","2":"type-product","3":"status-publish","4":"has-post-thumbnail","6":"product_cat-caraibe","7":"product_tag-gwoka","8":"product_tag-gwoka-moderne","9":"product_tag-musique-antillaise","10":"product_tag-musiques-du-monde","11":"pa_format-album","12":"pa_format-boitier-cristal","13":"pa_format-cd","14":"musiciens-franck-curier","15":"musiciens-philippe-makaia","16":"musiciens-pierre-chabrele","17":"pays-ameriques","18":"pays-guadeloupe","19":"desktop-align-left","20":"tablet-align-left","21":"mobile-align-left","23":"first","24":"instock","25":"shipping-taxable","26":"purchasable","27":"product-type-simple"},"supplier_id":1167,"supplier_sku":"","barcode":null,"atum_controlled":true,"out_stock_date":null,"out_stock_threshold":null,"inheritable":false,"inbound_stock":0,"stock_on_hold":0,"sold_today":0,"sales_last_days":0,"reserved_stock":0,"customer_returns":0,"warehouse_damage":0,"lost_in_post":0,"other_logs":0,"out_stock_days":0,"lost_sales":0,"has_location":false,"update_date":"2026-04-07T00:02:09","atum_locations":[],"atum_stock_status":"instock","restock_status":false,"low_stock_amount":"","sales_update_date":"2026-04-07T00:02:09","calc_backorders":null,"uagb_featured_image_src":{"full":["https:\/\/shop.bananierbleu.fr\/wp-content\/uploads\/2006\/04\/Makaia-front.jpg",706,698,false],"thumbnail":["https:\/\/shop.bananierbleu.fr\/wp-content\/uploads\/2006\/04\/Makaia-front-150x150.jpg",150,150,true],"medium":["https:\/\/shop.bananierbleu.fr\/wp-content\/uploads\/2006\/04\/Makaia-front-300x297.jpg",300,297,true],"medium_large":["https:\/\/shop.bananierbleu.fr\/wp-content\/uploads\/2006\/04\/Makaia-front.jpg",706,698,false],"large":["https:\/\/shop.bananierbleu.fr\/wp-content\/uploads\/2006\/04\/Makaia-front.jpg",706,698,false],"1536x1536":["https:\/\/shop.bananierbleu.fr\/wp-content\/uploads\/2006\/04\/Makaia-front.jpg",706,698,false],"2048x2048":["https:\/\/shop.bananierbleu.fr\/wp-content\/uploads\/2006\/04\/Makaia-front.jpg",706,698,false],"trp-custom-language-flag":["https:\/\/shop.bananierbleu.fr\/wp-content\/uploads\/2006\/04\/Makaia-front-12x12.jpg",12,12,true],"woocommerce_thumbnail":["https:\/\/shop.bananierbleu.fr\/wp-content\/uploads\/2006\/04\/Makaia-front-300x300.jpg",300,300,true],"woocommerce_single":["https:\/\/shop.bananierbleu.fr\/wp-content\/uploads\/2006\/04\/Makaia-front-600x593.jpg",600,593,true],"woocommerce_gallery_thumbnail":["https:\/\/shop.bananierbleu.fr\/wp-content\/uploads\/2006\/04\/Makaia-front-100x100.jpg",100,100,true]},"uagb_author_info":{"display_name":"Charlie Bb","author_link":"https:\/\/shop.bananierbleu.fr\/en\/author\/"},"uagb_comment_info":0,"uagb_excerpt":"Produit neuf, sous blister. https:\/\/youtu.be\/1SUHmltPWa8 Ann\u00e9e : 2006 Label \/ R\u00e9f\u00e9rence : JFC Music (JFC CD 018) Personnel : Philippe Maka\u00efa (vcl, boula, mak\u00e9), Claire Gillet (cb, bckg vcls), Franck Curier (g, bckg vcls), Pierre Chabr\u00e8le (tb, bckg vcls), Alain Castaing (boula, vcl), Pablo Master (vcl #2), Bruno Harl\u00e9 (fl) Titres : 1- M\u00e9mwa P\u00e8di&hellip;","_links":{"self":[{"href":"https:\/\/shop.bananierbleu.fr\/en\/wp-json\/wp\/v2\/product\/154","targetHints":{"allow":["GET"]}}],"collection":[{"href":"https:\/\/shop.bananierbleu.fr\/en\/wp-json\/wp\/v2\/product"}],"about":[{"href":"https:\/\/shop.bananierbleu.fr\/en\/wp-json\/wp\/v2\/types\/product"}],"replies":[{"embeddable":true,"href":"https:\/\/shop.bananierbleu.fr\/en\/wp-json\/wp\/v2\/comments?post=154"}],"wp:featuredmedia":[{"embeddable":true,"href":"https:\/\/shop.bananierbleu.fr\/en\/wp-json\/wp\/v2\/media\/997"}],"wp:attachment":[{"href":"https:\/\/shop.bananierbleu.fr\/en\/wp-json\/wp\/v2\/media?parent=154"}],"wp:term":[{"taxonomy":"product_brand","embeddable":true,"href":"https:\/\/shop.bananierbleu.fr\/en\/wp-json\/wp\/v2\/product_brand?post=154"},{"taxonomy":"product_cat","embeddable":true,"href":"https:\/\/shop.bananierbleu.fr\/en\/wp-json\/wp\/v2\/product_cat?post=154"},{"taxonomy":"product_tag","embeddable":true,"href":"https:\/\/shop.bananierbleu.fr\/en\/wp-json\/wp\/v2\/product_tag?post=154"},{"taxonomy":"musiciens","embeddable":true,"href":"https:\/\/shop.bananierbleu.fr\/en\/wp-json\/wp\/v2\/musiciens?post=154"},{"taxonomy":"pays","embeddable":true,"href":"https:\/\/shop.bananierbleu.fr\/en\/wp-json\/wp\/v2\/pays?post=154"}],"curies":[{"name":"wp","href":"https:\/\/api.w.org\/{rel}","templated":true}]}}