{"id":1549,"date":"2026-01-11T10:59:19","date_gmt":"2026-01-11T09:59:19","guid":{"rendered":"https:\/\/shop.bananierbleu.fr\/?post_type=product&#038;p=1549"},"modified":"2026-04-01T12:07:25","modified_gmt":"2026-04-01T10:07:25","slug":"limewo-twa-horizon-2011","status":"publish","type":"product","link":"https:\/\/shop.bananierbleu.fr\/en\/product\/limewo-twa-horizon-2011\/","title":{"rendered":"Lim\u00e9wo Twa (Horizon \/ 2011)"},"content":{"rendered":"","protected":false},"excerpt":{"rendered":"<p>Produit neuf sous blister<\/p>\n<p>https:\/\/youtu.be\/a7tP8eEr5sU?si=EHAcDLekLEhO83Oq<\/p>\n<p class=\"whitespace-break-spaces\" dir=\"auto\"><strong>Ann\u00e9e :<\/strong> 2011<br \/>\n<strong>Label :<\/strong> autoproduit<\/p>\n<p class=\"whitespace-break-spaces\" dir=\"auto\"><strong>Personnel et instruments :<\/strong> Aldo Middleton (percussion), Charly Machecler (percussion [Mak\u00e9], ch\u0153urs [R\u00e9pond\u00e9]), Christian Laviso (guitare, chant), Jean-Denis Guemb\u00e9 (percussion [Boula], ch\u0153urs [R\u00e9pond\u00e9]), Jos\u00e9 Gustarimac (batterie, ch\u0153urs [R\u00e9pond\u00e9]), Lucien Verger (percussion [Siyak]), Maurice Coco (trompette, bugle), Michel Sylvestre (trombone, ch\u0153urs [R\u00e9pond\u00e9]), Olivier Vamur (fl\u00fbte, ch\u0153urs [R\u00e9pond\u00e9]), Philippe Pierre-Marie (basse, ch\u0153urs [R\u00e9pond\u00e9]), Roland Galas (saxophone t\u00e9nor, saxophone baryton)<\/p>\n<p class=\"whitespace-break-spaces\" dir=\"auto\"><strong>Titres :<\/strong> 1- B\u00e8dj\u00f2 &#8211; 4:37 \/ 2- Vivil &#8211; 5:41 \/ 3- Vriy &#8211; 10:11 \/ 4- Joum &#8211; 4:49 \/ 5- F\u00f2 N\u00e9gosy\u00e9 &#8211; 9:03 \/ 6- Horizon &#8211; 8:49 \/ 7- D\u00e9f\u00f2mat\u00e9 &#8211; 5:40 \/ 8 -En\u00e8ji &#8211; 9:10 \/ 9- J\u00e9 &#8211; 4:47 \/ 10- Joum (instru) &#8211; 5:35<\/p>\n","protected":false},"featured_media":1551,"comment_status":"open","ping_status":"closed","template":"","meta":{"_uag_custom_page_level_css":"","site-sidebar-layout":"default","site-content-layout":"","ast-site-content-layout":"default","site-content-style":"default","site-sidebar-style":"default","ast-global-header-display":"","ast-banner-title-visibility":"","ast-main-header-display":"","ast-hfb-above-header-display":"","ast-hfb-below-header-display":"","ast-hfb-mobile-header-display":"","site-post-title":"","ast-breadcrumbs-content":"","ast-featured-img":"","footer-sml-layout":"","ast-disable-related-posts":"","theme-transparent-header-meta":"default","adv-header-id-meta":"","stick-header-meta":"","header-above-stick-meta":"","header-main-stick-meta":"","header-below-stick-meta":"","astra-migrate-meta-layouts":"set","ast-page-background-enabled":"default","ast-page-background-meta":{"desktop":{"background-color":"var(--ast-global-color-4)","background-image":"","background-repeat":"repeat","background-position":"center center","background-size":"auto","background-attachment":"scroll","background-type":"","background-media":"","overlay-type":"","overlay-color":"","overlay-opacity":"","overlay-gradient":""},"tablet":{"background-color":"","background-image":"","background-repeat":"repeat","background-position":"center center","background-size":"auto","background-attachment":"scroll","background-type":"","background-media":"","overlay-type":"","overlay-color":"","overlay-opacity":"","overlay-gradient":""},"mobile":{"background-color":"","background-image":"","background-repeat":"repeat","background-position":"center center","background-size":"auto","background-attachment":"scroll","background-type":"","background-media":"","overlay-type":"","overlay-color":"","overlay-opacity":"","overlay-gradient":""}},"ast-content-background-meta":{"desktop":{"background-color":"var(--ast-global-color-5)","background-image":"","background-repeat":"repeat","background-position":"center center","background-size":"auto","background-attachment":"scroll","background-type":"","background-media":"","overlay-type":"","overlay-color":"","overlay-opacity":"","overlay-gradient":""},"tablet":{"background-color":"var(--ast-global-color-5)","background-image":"","background-repeat":"repeat","background-position":"center center","background-size":"auto","background-attachment":"scroll","background-type":"","background-media":"","overlay-type":"","overlay-color":"","overlay-opacity":"","overlay-gradient":""},"mobile":{"background-color":"var(--ast-global-color-5)","background-image":"","background-repeat":"repeat","background-position":"center center","background-size":"auto","background-attachment":"scroll","background-type":"","background-media":"","overlay-type":"","overlay-color":"","overlay-opacity":"","overlay-gradient":""}}},"product_brand":[],"product_cat":[294],"product_tag":[424,435,627],"musiciens":[775,769,132,768,770,776,773,771,772,774,386],"pays":[227],"class_list":{"0":"post-1549","1":"product","2":"type-product","3":"status-publish","4":"has-post-thumbnail","6":"product_cat-caraibe","7":"product_tag-gwoka","8":"product_tag-gwoka-moderne","9":"product_tag-musique-antillaise","10":"pa_etat-de-la-pochette-neuf-m","11":"pa_etat-du-disque-neuf-m","12":"pa_format-cd","13":"pa_format-digipack","14":"musiciens-aldo-middleton","15":"musiciens-charly-machecler","16":"musiciens-christian-laviso","17":"musiciens-jean-denis-guembe","18":"musiciens-jose-gustarimac","19":"musiciens-lucien-verger","20":"musiciens-maurice-coco","21":"musiciens-michel-sylvestre","22":"musiciens-olivier-vamur","23":"musiciens-philippe-pierre-marie","24":"musiciens-roland-gallas","25":"pays-guadeloupe","26":"desktop-align-left","27":"tablet-align-left","28":"mobile-align-left","30":"first","31":"instock","32":"shipping-taxable","33":"purchasable","34":"product-type-simple"},"supplier_id":1149,"supplier_sku":"","barcode":null,"atum_controlled":true,"out_stock_date":null,"out_stock_threshold":null,"inheritable":false,"inbound_stock":0,"stock_on_hold":1,"sold_today":0,"sales_last_days":1,"reserved_stock":0,"customer_returns":0,"warehouse_damage":0,"lost_in_post":0,"other_logs":0,"out_stock_days":0,"lost_sales":0,"has_location":false,"update_date":"2026-04-07T00:02:09","atum_locations":[],"atum_stock_status":"instock","restock_status":false,"low_stock_amount":"","sales_update_date":"2026-04-07T00:02:09","calc_backorders":null,"uagb_featured_image_src":{"full":["https:\/\/shop.bananierbleu.fr\/wp-content\/uploads\/2026\/01\/Horizon-Limewo_Twa-01.jpg",2000,2000,false],"thumbnail":["https:\/\/shop.bananierbleu.fr\/wp-content\/uploads\/2026\/01\/Horizon-Limewo_Twa-01-150x150.jpg",150,150,true],"medium":["https:\/\/shop.bananierbleu.fr\/wp-content\/uploads\/2026\/01\/Horizon-Limewo_Twa-01-300x300.jpg",300,300,true],"medium_large":["https:\/\/shop.bananierbleu.fr\/wp-content\/uploads\/2026\/01\/Horizon-Limewo_Twa-01-768x768.jpg",768,768,true],"large":["https:\/\/shop.bananierbleu.fr\/wp-content\/uploads\/2026\/01\/Horizon-Limewo_Twa-01-1024x1024.jpg",1024,1024,true],"1536x1536":["https:\/\/shop.bananierbleu.fr\/wp-content\/uploads\/2026\/01\/Horizon-Limewo_Twa-01-1536x1536.jpg",1536,1536,true],"2048x2048":["https:\/\/shop.bananierbleu.fr\/wp-content\/uploads\/2026\/01\/Horizon-Limewo_Twa-01.jpg",2000,2000,false],"trp-custom-language-flag":["https:\/\/shop.bananierbleu.fr\/wp-content\/uploads\/2026\/01\/Horizon-Limewo_Twa-01-12x12.jpg",12,12,true],"woocommerce_thumbnail":["https:\/\/shop.bananierbleu.fr\/wp-content\/uploads\/2026\/01\/Horizon-Limewo_Twa-01-300x300.jpg",300,300,true],"woocommerce_single":["https:\/\/shop.bananierbleu.fr\/wp-content\/uploads\/2026\/01\/Horizon-Limewo_Twa-01-600x600.jpg",600,600,true],"woocommerce_gallery_thumbnail":["https:\/\/shop.bananierbleu.fr\/wp-content\/uploads\/2026\/01\/Horizon-Limewo_Twa-01-100x100.jpg",100,100,true]},"uagb_author_info":{"display_name":"Charlie Bb","author_link":"https:\/\/shop.bananierbleu.fr\/en\/author\/"},"uagb_comment_info":0,"uagb_excerpt":"Produit neuf sous blister https:\/\/youtu.be\/a7tP8eEr5sU?si=EHAcDLekLEhO83Oq Ann\u00e9e : 2011 Label : autoproduit Personnel et instruments : Aldo Middleton (percussion), Charly Machecler (percussion [Mak\u00e9], ch\u0153urs [R\u00e9pond\u00e9]), Christian Laviso (guitare, chant), Jean-Denis Guemb\u00e9 (percussion [Boula], ch\u0153urs [R\u00e9pond\u00e9]), Jos\u00e9 Gustarimac (batterie, ch\u0153urs [R\u00e9pond\u00e9]), Lucien Verger (percussion [Siyak]), Maurice Coco (trompette, bugle), Michel Sylvestre (trombone, ch\u0153urs [R\u00e9pond\u00e9]), Olivier Vamur (fl\u00fbte,&hellip;","_links":{"self":[{"href":"https:\/\/shop.bananierbleu.fr\/en\/wp-json\/wp\/v2\/product\/1549","targetHints":{"allow":["GET"]}}],"collection":[{"href":"https:\/\/shop.bananierbleu.fr\/en\/wp-json\/wp\/v2\/product"}],"about":[{"href":"https:\/\/shop.bananierbleu.fr\/en\/wp-json\/wp\/v2\/types\/product"}],"replies":[{"embeddable":true,"href":"https:\/\/shop.bananierbleu.fr\/en\/wp-json\/wp\/v2\/comments?post=1549"}],"wp:featuredmedia":[{"embeddable":true,"href":"https:\/\/shop.bananierbleu.fr\/en\/wp-json\/wp\/v2\/media\/1551"}],"wp:attachment":[{"href":"https:\/\/shop.bananierbleu.fr\/en\/wp-json\/wp\/v2\/media?parent=1549"}],"wp:term":[{"taxonomy":"product_brand","embeddable":true,"href":"https:\/\/shop.bananierbleu.fr\/en\/wp-json\/wp\/v2\/product_brand?post=1549"},{"taxonomy":"product_cat","embeddable":true,"href":"https:\/\/shop.bananierbleu.fr\/en\/wp-json\/wp\/v2\/product_cat?post=1549"},{"taxonomy":"product_tag","embeddable":true,"href":"https:\/\/shop.bananierbleu.fr\/en\/wp-json\/wp\/v2\/product_tag?post=1549"},{"taxonomy":"musiciens","embeddable":true,"href":"https:\/\/shop.bananierbleu.fr\/en\/wp-json\/wp\/v2\/musiciens?post=1549"},{"taxonomy":"pays","embeddable":true,"href":"https:\/\/shop.bananierbleu.fr\/en\/wp-json\/wp\/v2\/pays?post=1549"}],"curies":[{"name":"wp","href":"https:\/\/api.w.org\/{rel}","templated":true}]}}