{"id":1554,"date":"2026-01-11T11:07:23","date_gmt":"2026-01-11T10:07:23","guid":{"rendered":"https:\/\/shop.bananierbleu.fr\/?post_type=product&#038;p=1554"},"modified":"2026-01-11T11:07:23","modified_gmt":"2026-01-11T10:07:23","slug":"ti-moun-a-lafrik-christian-laviso-2008","status":"publish","type":"product","link":"https:\/\/shop.bananierbleu.fr\/en\/product\/ti-moun-a-lafrik-christian-laviso-2008\/","title":{"rendered":"Ti Moun A Lafrik (Christian Laviso \/ 2008)"},"content":{"rendered":"","protected":false},"excerpt":{"rendered":"<p class=\"whitespace-break-spaces\" dir=\"auto\">Produit Neuf sous blister<\/p>\n<p>https:\/\/youtu.be\/Z4UrE1c6wOA<\/p>\n<p class=\"whitespace-break-spaces\" dir=\"auto\"><strong>Ann\u00e9e :<\/strong> 2008<\/p>\n<p class=\"whitespace-break-spaces\" dir=\"auto\"><strong>Label :<\/strong> Autoproduction<\/p>\n<p class=\"whitespace-break-spaces\" dir=\"auto\"><strong>Personnel et instruments :<\/strong> Aldo Middleton (congas, percussion [Ka Mak\u00e8]), Christian Laviso (<span class=\"followup-block followup-block-hidden cursor-pointer outline-none static inline group-hover\/message:[--hover-opacity:1]\" tabindex=\"0\" data-question=\"En quoi la guitare Ka diff\u00e8re-t-elle d'une guitare classique et quel son apporte-t-elle \u00e0 cet album ?\" aria-haspopup=\"dialog\" aria-expanded=\"false\" aria-controls=\"radix-_r_jj_\" data-state=\"closed\">guitare [Ka]<\/span>, chant, percussion [Boula Gy\u00e8l]), Jean-Pierre Coquerel (chant), <span class=\"followup-block followup-block-hidden cursor-pointer outline-none static inline group-hover\/message:[--hover-opacity:1]\" tabindex=\"0\" data-question=\"Quel r\u00f4le joue Kenny Garrett dans cet album et comment sa collaboration avec Christian Laviso a-t-elle influenc\u00e9 le son ?\" aria-haspopup=\"dialog\" aria-expanded=\"false\" aria-controls=\"radix-_r_jk_\" data-state=\"closed\">Kenny Garrett (saxophone alto)<\/span>, Leedyah Barlagne (chant), Lucile Kancel (chant), Patrice Hullman (chant), Sonny Troup\u00e9 (batterie), Yves Thole (percussion [Ka Mak\u00e8])<\/p>\n<p class=\"whitespace-break-spaces\" dir=\"auto\"><strong>Titres :<\/strong> 1- Ti Moun A Lafrik &#8211; 5:39 \/ 2- S\u00e9 Nou Menm &#8211; 6:54 \/ 3- B\u00e8l Madanm La &#8211; 5:15 \/ 4- <span class=\"followup-block followup-block-hidden cursor-pointer outline-none static inline group-hover\/message:[--hover-opacity:1]\" tabindex=\"0\" data-question=\"Pourquoi ce morceau est-il si long compar\u00e9 aux autres titres de l'album ?\" aria-haspopup=\"dialog\" aria-expanded=\"false\" aria-controls=\"radix-_r_jl_\" data-state=\"closed\">Fos E Limy\u00e8 &#8211; 10:02<\/span> \/ 5- Gita Banjo &#8211; 3:23 \/ 6- Jimbo &#8211; 7:30 \/ 7- Bonnvenn &#8211; 6:25 \/ 8- Graj 86 &#8211; 6:27 \/ 9- Mi Mawiz.. !! &#8211; 7:51 \/ 10- S\u00e8l Pa Ka Pal\u00e9 &#8211; 6:07 \/ 11- <span class=\"followup-block followup-block-hidden cursor-pointer outline-none static inline group-hover\/message:[--hover-opacity:1]\" tabindex=\"0\" data-question=\"Quelle est la signification ou l'intention derri\u00e8re ce morceau tr\u00e8s court ?\" aria-haspopup=\"dialog\" aria-expanded=\"false\" aria-controls=\"radix-_r_jm_\" data-state=\"closed\">On Dot Swing &#8211; 1:02<\/span> \/ 12- Gwan Bonn\u00e8 &#8211; 9:52<\/p>\n","protected":false},"featured_media":1555,"comment_status":"open","ping_status":"closed","template":"","meta":{"_uag_custom_page_level_css":"","site-sidebar-layout":"default","site-content-layout":"","ast-site-content-layout":"default","site-content-style":"default","site-sidebar-style":"default","ast-global-header-display":"","ast-banner-title-visibility":"","ast-main-header-display":"","ast-hfb-above-header-display":"","ast-hfb-below-header-display":"","ast-hfb-mobile-header-display":"","site-post-title":"","ast-breadcrumbs-content":"","ast-featured-img":"","footer-sml-layout":"","ast-disable-related-posts":"","theme-transparent-header-meta":"default","adv-header-id-meta":"","stick-header-meta":"","header-above-stick-meta":"","header-main-stick-meta":"","header-below-stick-meta":"","astra-migrate-meta-layouts":"set","ast-page-background-enabled":"default","ast-page-background-meta":{"desktop":{"background-color":"var(--ast-global-color-4)","background-image":"","background-repeat":"repeat","background-position":"center center","background-size":"auto","background-attachment":"scroll","background-type":"","background-media":"","overlay-type":"","overlay-color":"","overlay-opacity":"","overlay-gradient":""},"tablet":{"background-color":"","background-image":"","background-repeat":"repeat","background-position":"center center","background-size":"auto","background-attachment":"scroll","background-type":"","background-media":"","overlay-type":"","overlay-color":"","overlay-opacity":"","overlay-gradient":""},"mobile":{"background-color":"","background-image":"","background-repeat":"repeat","background-position":"center center","background-size":"auto","background-attachment":"scroll","background-type":"","background-media":"","overlay-type":"","overlay-color":"","overlay-opacity":"","overlay-gradient":""}},"ast-content-background-meta":{"desktop":{"background-color":"var(--ast-global-color-5)","background-image":"","background-repeat":"repeat","background-position":"center center","background-size":"auto","background-attachment":"scroll","background-type":"","background-media":"","overlay-type":"","overlay-color":"","overlay-opacity":"","overlay-gradient":""},"tablet":{"background-color":"var(--ast-global-color-5)","background-image":"","background-repeat":"repeat","background-position":"center center","background-size":"auto","background-attachment":"scroll","background-type":"","background-media":"","overlay-type":"","overlay-color":"","overlay-opacity":"","overlay-gradient":""},"mobile":{"background-color":"var(--ast-global-color-5)","background-image":"","background-repeat":"repeat","background-position":"center center","background-size":"auto","background-attachment":"scroll","background-type":"","background-media":"","overlay-type":"","overlay-color":"","overlay-opacity":"","overlay-gradient":""}}},"product_brand":[],"product_cat":[294],"product_tag":[424,435,627,626],"musiciens":[775,132,251,777,267,778,779,138,780],"pays":[227],"class_list":{"0":"post-1554","1":"product","2":"type-product","3":"status-publish","4":"has-post-thumbnail","6":"product_cat-caraibe","7":"product_tag-gwoka","8":"product_tag-gwoka-moderne","9":"product_tag-musique-antillaise","10":"product_tag-musiques-du-monde","11":"pa_etat-de-la-pochette-neuf-m","12":"pa_etat-du-disque-neuf-m","13":"pa_format-cd","14":"pa_format-digipack","15":"musiciens-aldo-middleton","16":"musiciens-christian-laviso","17":"musiciens-jean-pierre-coquerelle","18":"musiciens-kenny-garrett","19":"musiciens-leedyah-barlagne","20":"musiciens-lucile-kancel","21":"musiciens-patrice-hulman","22":"musiciens-sonny-troupe","23":"musiciens-yves-thole","24":"pays-guadeloupe","25":"desktop-align-left","26":"tablet-align-left","27":"mobile-align-left","29":"first","30":"instock","31":"shipping-taxable","32":"purchasable","33":"product-type-simple"},"supplier_id":null,"supplier_sku":"","barcode":null,"atum_controlled":true,"out_stock_date":null,"out_stock_threshold":null,"inheritable":false,"inbound_stock":0,"stock_on_hold":0,"sold_today":0,"sales_last_days":0,"reserved_stock":0,"customer_returns":0,"warehouse_damage":0,"lost_in_post":0,"other_logs":0,"out_stock_days":0,"lost_sales":0,"has_location":false,"update_date":"2026-04-13T00:03:09","atum_locations":[],"atum_stock_status":"instock","restock_status":false,"low_stock_amount":"","sales_update_date":"2026-04-13T00:03:09","calc_backorders":null,"uagb_featured_image_src":{"full":["https:\/\/shop.bananierbleu.fr\/wp-content\/uploads\/2026\/01\/timoualafrik.jpg",386,386,false],"thumbnail":["https:\/\/shop.bananierbleu.fr\/wp-content\/uploads\/2026\/01\/timoualafrik-150x150.jpg",150,150,true],"medium":["https:\/\/shop.bananierbleu.fr\/wp-content\/uploads\/2026\/01\/timoualafrik-300x300.jpg",300,300,true],"medium_large":["https:\/\/shop.bananierbleu.fr\/wp-content\/uploads\/2026\/01\/timoualafrik.jpg",386,386,false],"large":["https:\/\/shop.bananierbleu.fr\/wp-content\/uploads\/2026\/01\/timoualafrik.jpg",386,386,false],"1536x1536":["https:\/\/shop.bananierbleu.fr\/wp-content\/uploads\/2026\/01\/timoualafrik.jpg",386,386,false],"2048x2048":["https:\/\/shop.bananierbleu.fr\/wp-content\/uploads\/2026\/01\/timoualafrik.jpg",386,386,false],"trp-custom-language-flag":["https:\/\/shop.bananierbleu.fr\/wp-content\/uploads\/2026\/01\/timoualafrik-12x12.jpg",12,12,true],"woocommerce_thumbnail":["https:\/\/shop.bananierbleu.fr\/wp-content\/uploads\/2026\/01\/timoualafrik-300x300.jpg",300,300,true],"woocommerce_single":["https:\/\/shop.bananierbleu.fr\/wp-content\/uploads\/2026\/01\/timoualafrik.jpg",386,386,false],"woocommerce_gallery_thumbnail":["https:\/\/shop.bananierbleu.fr\/wp-content\/uploads\/2026\/01\/timoualafrik-100x100.jpg",100,100,true]},"uagb_author_info":{"display_name":"Charlie Bb","author_link":"https:\/\/shop.bananierbleu.fr\/en\/author\/"},"uagb_comment_info":0,"uagb_excerpt":"Produit Neuf sous blister https:\/\/youtu.be\/Z4UrE1c6wOA Ann\u00e9e : 2008 Label : Autoproduction Personnel et instruments : Aldo Middleton (congas, percussion [Ka Mak\u00e8]), Christian Laviso (guitare [Ka], chant, percussion [Boula Gy\u00e8l]), Jean-Pierre Coquerel (chant), Kenny Garrett (saxophone alto), Leedyah Barlagne (chant), Lucile Kancel (chant), Patrice Hullman (chant), Sonny Troup\u00e9 (batterie), Yves Thole (percussion [Ka Mak\u00e8]) Titres :&hellip;","_links":{"self":[{"href":"https:\/\/shop.bananierbleu.fr\/en\/wp-json\/wp\/v2\/product\/1554","targetHints":{"allow":["GET"]}}],"collection":[{"href":"https:\/\/shop.bananierbleu.fr\/en\/wp-json\/wp\/v2\/product"}],"about":[{"href":"https:\/\/shop.bananierbleu.fr\/en\/wp-json\/wp\/v2\/types\/product"}],"replies":[{"embeddable":true,"href":"https:\/\/shop.bananierbleu.fr\/en\/wp-json\/wp\/v2\/comments?post=1554"}],"wp:featuredmedia":[{"embeddable":true,"href":"https:\/\/shop.bananierbleu.fr\/en\/wp-json\/wp\/v2\/media\/1555"}],"wp:attachment":[{"href":"https:\/\/shop.bananierbleu.fr\/en\/wp-json\/wp\/v2\/media?parent=1554"}],"wp:term":[{"taxonomy":"product_brand","embeddable":true,"href":"https:\/\/shop.bananierbleu.fr\/en\/wp-json\/wp\/v2\/product_brand?post=1554"},{"taxonomy":"product_cat","embeddable":true,"href":"https:\/\/shop.bananierbleu.fr\/en\/wp-json\/wp\/v2\/product_cat?post=1554"},{"taxonomy":"product_tag","embeddable":true,"href":"https:\/\/shop.bananierbleu.fr\/en\/wp-json\/wp\/v2\/product_tag?post=1554"},{"taxonomy":"musiciens","embeddable":true,"href":"https:\/\/shop.bananierbleu.fr\/en\/wp-json\/wp\/v2\/musiciens?post=1554"},{"taxonomy":"pays","embeddable":true,"href":"https:\/\/shop.bananierbleu.fr\/en\/wp-json\/wp\/v2\/pays?post=1554"}],"curies":[{"name":"wp","href":"https:\/\/api.w.org\/{rel}","templated":true}]}}