{"id":1562,"date":"2026-02-24T15:34:01","date_gmt":"2026-02-24T14:34:01","guid":{"rendered":"https:\/\/shop.bananierbleu.fr\/?post_type=product&#038;p=1562"},"modified":"2026-02-24T15:37:23","modified_gmt":"2026-02-24T14:37:23","slug":"vibes-a-peyi-la-jocelyn-menard-2026","status":"publish","type":"product","link":"https:\/\/shop.bananierbleu.fr\/en\/product\/vibes-a-peyi-la-jocelyn-menard-2026\/","title":{"rendered":"Vibes A P\u00e9yi La (Jocelyn M\u00e9nard, 2026)"},"content":{"rendered":"","protected":false},"excerpt":{"rendered":"<p>New product, in blister pack.<\/p>\n<p>https:\/\/youtu.be\/gJp-vgn-KKc?si=hp3zzTjhbtBJyC8l<\/p>\n<p><strong>Year:<\/strong> 2026<\/p>\n<p><strong>Label :<\/strong> Continuo Jazz \/ R\u00e9f\u00e9rence : CC777.842<\/p>\n<p><strong>Personnel et instruments<\/strong> : Jocelyn M\u00e9nard (saxophone t\u00e9nor, saxophone soprano), Klod Kiavu\u00e9 (tambou ka, percussion), Leedyah Barlagne (chant), R\u00e9gis Th\u00e9r\u00e8se (basse), Sonny Troup\u00e9 (batterie), Jean-Michel Lesdel (piano), Jonathan Jurion (piano)<\/p>\n<p><strong>Titres<\/strong> : 1-Kalad Blues \/ 2-Les Larmes De Man Jan \/ 3-Sous La Vo\u00fbte Etoil\u00e9e \/ 4-Les Tourtereaux \/ 5-Le Moment Pr\u00e9sent \/ 6-Medecine For Soul \/ 7-Bl\u00e9 Lenb\u00e9 \/ 8-Let&rsquo;s Dance \/ 9-R\u00eaverie \/ 10-Vibes A P\u00e9yi La<\/p>","protected":false},"featured_media":1563,"comment_status":"open","ping_status":"closed","template":"","meta":{"_uag_custom_page_level_css":"","site-sidebar-layout":"default","site-content-layout":"","ast-site-content-layout":"default","site-content-style":"default","site-sidebar-style":"default","ast-global-header-display":"","ast-banner-title-visibility":"","ast-main-header-display":"","ast-hfb-above-header-display":"","ast-hfb-below-header-display":"","ast-hfb-mobile-header-display":"","site-post-title":"","ast-breadcrumbs-content":"","ast-featured-img":"","footer-sml-layout":"","ast-disable-related-posts":"","theme-transparent-header-meta":"default","adv-header-id-meta":"","stick-header-meta":"","header-above-stick-meta":"","header-main-stick-meta":"","header-below-stick-meta":"","astra-migrate-meta-layouts":"set","ast-page-background-enabled":"default","ast-page-background-meta":{"desktop":{"background-color":"var(--ast-global-color-4)","background-image":"","background-repeat":"repeat","background-position":"center center","background-size":"auto","background-attachment":"scroll","background-type":"","background-media":"","overlay-type":"","overlay-color":"","overlay-opacity":"","overlay-gradient":""},"tablet":{"background-color":"","background-image":"","background-repeat":"repeat","background-position":"center center","background-size":"auto","background-attachment":"scroll","background-type":"","background-media":"","overlay-type":"","overlay-color":"","overlay-opacity":"","overlay-gradient":""},"mobile":{"background-color":"","background-image":"","background-repeat":"repeat","background-position":"center center","background-size":"auto","background-attachment":"scroll","background-type":"","background-media":"","overlay-type":"","overlay-color":"","overlay-opacity":"","overlay-gradient":""}},"ast-content-background-meta":{"desktop":{"background-color":"var(--ast-global-color-5)","background-image":"","background-repeat":"repeat","background-position":"center center","background-size":"auto","background-attachment":"scroll","background-type":"","background-media":"","overlay-type":"","overlay-color":"","overlay-opacity":"","overlay-gradient":""},"tablet":{"background-color":"var(--ast-global-color-5)","background-image":"","background-repeat":"repeat","background-position":"center center","background-size":"auto","background-attachment":"scroll","background-type":"","background-media":"","overlay-type":"","overlay-color":"","overlay-opacity":"","overlay-gradient":""},"mobile":{"background-color":"var(--ast-global-color-5)","background-image":"","background-repeat":"repeat","background-position":"center center","background-size":"auto","background-attachment":"scroll","background-type":"","background-media":"","overlay-type":"","overlay-color":"","overlay-opacity":"","overlay-gradient":""}}},"product_brand":[],"product_cat":[294,472],"product_tag":[424,414,420],"musiciens":[270,149,134,781,267,180,138],"pays":[226,227],"class_list":{"0":"post-1562","1":"product","2":"type-product","3":"status-publish","4":"has-post-thumbnail","6":"product_cat-caraibe","7":"product_cat-jazz","8":"product_tag-gwoka","9":"product_tag-jazz","10":"product_tag-jazz-creole","11":"pa_etat-de-la-pochette-neuf-m","12":"pa_etat-du-disque-neuf-m","13":"pa_format-album","14":"pa_format-cd","15":"pa_format-digipack","16":"musiciens-jean-michel-lesdel","17":"musiciens-jocelyn-menard","18":"musiciens-jonathan-jurion","19":"musiciens-klod-kiavue","20":"musiciens-leedyah-barlagne","21":"musiciens-regis-therese","22":"musiciens-sonny-troupe","23":"pays-ameriques","24":"pays-guadeloupe","25":"desktop-align-left","26":"tablet-align-left","27":"mobile-align-left","29":"first","30":"instock","31":"shipping-taxable","32":"purchasable","33":"product-type-simple"},"supplier_id":1155,"supplier_sku":"","barcode":"3770000059755","atum_controlled":true,"out_stock_date":null,"out_stock_threshold":null,"inheritable":false,"inbound_stock":0,"stock_on_hold":0,"sold_today":0,"sales_last_days":0,"reserved_stock":0,"customer_returns":0,"warehouse_damage":0,"lost_in_post":0,"other_logs":0,"out_stock_days":0,"lost_sales":0,"has_location":false,"update_date":"2026-04-06T00:01:56","atum_locations":[],"atum_stock_status":"instock","restock_status":false,"low_stock_amount":"","sales_update_date":"2026-04-06T00:01:56","calc_backorders":null,"uagb_featured_image_src":{"full":["https:\/\/shop.bananierbleu.fr\/wp-content\/uploads\/2026\/02\/PXL_20260224_140311376_dt.jpg",1793,1793,false],"thumbnail":["https:\/\/shop.bananierbleu.fr\/wp-content\/uploads\/2026\/02\/PXL_20260224_140311376_dt-150x150.jpg",150,150,true],"medium":["https:\/\/shop.bananierbleu.fr\/wp-content\/uploads\/2026\/02\/PXL_20260224_140311376_dt-300x300.jpg",300,300,true],"medium_large":["https:\/\/shop.bananierbleu.fr\/wp-content\/uploads\/2026\/02\/PXL_20260224_140311376_dt-768x768.jpg",768,768,true],"large":["https:\/\/shop.bananierbleu.fr\/wp-content\/uploads\/2026\/02\/PXL_20260224_140311376_dt-1024x1024.jpg",1024,1024,true],"1536x1536":["https:\/\/shop.bananierbleu.fr\/wp-content\/uploads\/2026\/02\/PXL_20260224_140311376_dt-1536x1536.jpg",1536,1536,true],"2048x2048":["https:\/\/shop.bananierbleu.fr\/wp-content\/uploads\/2026\/02\/PXL_20260224_140311376_dt.jpg",1793,1793,false],"trp-custom-language-flag":["https:\/\/shop.bananierbleu.fr\/wp-content\/uploads\/2026\/02\/PXL_20260224_140311376_dt-12x12.jpg",12,12,true],"woocommerce_thumbnail":["https:\/\/shop.bananierbleu.fr\/wp-content\/uploads\/2026\/02\/PXL_20260224_140311376_dt-300x300.jpg",300,300,true],"woocommerce_single":["https:\/\/shop.bananierbleu.fr\/wp-content\/uploads\/2026\/02\/PXL_20260224_140311376_dt-600x600.jpg",600,600,true],"woocommerce_gallery_thumbnail":["https:\/\/shop.bananierbleu.fr\/wp-content\/uploads\/2026\/02\/PXL_20260224_140311376_dt-100x100.jpg",100,100,true]},"uagb_author_info":{"display_name":"Charlie Bb","author_link":"https:\/\/shop.bananierbleu.fr\/en\/author\/"},"uagb_comment_info":0,"uagb_excerpt":"Produit neuf, sous blister. https:\/\/youtu.be\/gJp-vgn-KKc?si=hp3zzTjhbtBJyC8l Ann\u00e9e : 2026 Label : Continuo Jazz \/ R\u00e9f\u00e9rence : CC777.842 Personnel et instruments : Jocelyn M\u00e9nard (saxophone t\u00e9nor, saxophone soprano), Klod Kiavu\u00e9 (tambou ka, percussion), Leedyah Barlagne (chant), R\u00e9gis Th\u00e9r\u00e8se (basse), Sonny Troup\u00e9 (batterie), Jean-Michel Lesdel (piano), Jonathan Jurion (piano) Titres : 1-Kalad Blues \/ 2-Les Larmes De Man&hellip;","_links":{"self":[{"href":"https:\/\/shop.bananierbleu.fr\/en\/wp-json\/wp\/v2\/product\/1562","targetHints":{"allow":["GET"]}}],"collection":[{"href":"https:\/\/shop.bananierbleu.fr\/en\/wp-json\/wp\/v2\/product"}],"about":[{"href":"https:\/\/shop.bananierbleu.fr\/en\/wp-json\/wp\/v2\/types\/product"}],"replies":[{"embeddable":true,"href":"https:\/\/shop.bananierbleu.fr\/en\/wp-json\/wp\/v2\/comments?post=1562"}],"wp:featuredmedia":[{"embeddable":true,"href":"https:\/\/shop.bananierbleu.fr\/en\/wp-json\/wp\/v2\/media\/1563"}],"wp:attachment":[{"href":"https:\/\/shop.bananierbleu.fr\/en\/wp-json\/wp\/v2\/media?parent=1562"}],"wp:term":[{"taxonomy":"product_brand","embeddable":true,"href":"https:\/\/shop.bananierbleu.fr\/en\/wp-json\/wp\/v2\/product_brand?post=1562"},{"taxonomy":"product_cat","embeddable":true,"href":"https:\/\/shop.bananierbleu.fr\/en\/wp-json\/wp\/v2\/product_cat?post=1562"},{"taxonomy":"product_tag","embeddable":true,"href":"https:\/\/shop.bananierbleu.fr\/en\/wp-json\/wp\/v2\/product_tag?post=1562"},{"taxonomy":"musiciens","embeddable":true,"href":"https:\/\/shop.bananierbleu.fr\/en\/wp-json\/wp\/v2\/musiciens?post=1562"},{"taxonomy":"pays","embeddable":true,"href":"https:\/\/shop.bananierbleu.fr\/en\/wp-json\/wp\/v2\/pays?post=1562"}],"curies":[{"name":"wp","href":"https:\/\/api.w.org\/{rel}","templated":true}]}}