{"id":173,"date":"2008-05-01T10:57:26","date_gmt":"2008-05-01T10:57:26","guid":{"rendered":"https:\/\/shop.bananierbleu.fr\/?post_type=product&#038;p=173"},"modified":"2024-02-01T10:06:22","modified_gmt":"2024-02-01T10:06:22","slug":"ines-bwa-bwa-2008","status":"publish","type":"product","link":"https:\/\/shop.bananierbleu.fr\/en\/product\/ines-bwa-bwa-2008\/","title":{"rendered":"Bwa Bwa (In\u00e8s \/ 2008)"},"content":{"rendered":"","protected":false},"excerpt":{"rendered":"<p>New product, in blister pack.<\/p>\n<p>https:\/\/youtu.be\/KNwKcoT6EFw<\/p>\n<ul>\n<li><strong>Year:<\/strong> 2008<\/li>\n<li><strong>Musicians:<\/strong> In\u00e8s, So&rsquo;James, George Granville, Manuel Mond\u00e9sir, Mouss&rsquo;N&rsquo;D, Fanswa Ladrezeau, Charlie Chovino, DJ Phonie, Jo&rsquo;Okacha, Exxos, Michel M\u00e9nard, Manu Sauvage&#8230;<\/li>\n<\/ul>\n<div><\/div>\n<div><\/div>\n<div style=\"position: static !important;\"><\/div>\n<div style=\"position: static !important;\"><\/div>","protected":false},"featured_media":174,"comment_status":"closed","ping_status":"closed","template":"","meta":{"_uag_custom_page_level_css":"","site-sidebar-layout":"default","site-content-layout":"default","ast-site-content-layout":"default","site-content-style":"default","site-sidebar-style":"default","ast-global-header-display":"","ast-banner-title-visibility":"","ast-main-header-display":"","ast-hfb-above-header-display":"","ast-hfb-below-header-display":"","ast-hfb-mobile-header-display":"","site-post-title":"","ast-breadcrumbs-content":"","ast-featured-img":"","footer-sml-layout":"","ast-disable-related-posts":"","theme-transparent-header-meta":"default","adv-header-id-meta":"","stick-header-meta":"","header-above-stick-meta":"","header-main-stick-meta":"","header-below-stick-meta":"","astra-migrate-meta-layouts":"default","ast-page-background-enabled":"default","ast-page-background-meta":{"desktop":{"background-color":"var(--ast-global-color-4)","background-image":"","background-repeat":"repeat","background-position":"center center","background-size":"auto","background-attachment":"scroll","background-type":"","background-media":"","overlay-type":"","overlay-color":"","overlay-opacity":"","overlay-gradient":""},"tablet":{"background-color":"","background-image":"","background-repeat":"repeat","background-position":"center center","background-size":"auto","background-attachment":"scroll","background-type":"","background-media":"","overlay-type":"","overlay-color":"","overlay-opacity":"","overlay-gradient":""},"mobile":{"background-color":"","background-image":"","background-repeat":"repeat","background-position":"center center","background-size":"auto","background-attachment":"scroll","background-type":"","background-media":"","overlay-type":"","overlay-color":"","overlay-opacity":"","overlay-gradient":""}},"ast-content-background-meta":{"desktop":{"background-color":"var(--ast-global-color-5)","background-image":"","background-repeat":"repeat","background-position":"center center","background-size":"auto","background-attachment":"scroll","background-type":"","background-media":"","overlay-type":"","overlay-color":"","overlay-opacity":"","overlay-gradient":""},"tablet":{"background-color":"var(--ast-global-color-5)","background-image":"","background-repeat":"repeat","background-position":"center center","background-size":"auto","background-attachment":"scroll","background-type":"","background-media":"","overlay-type":"","overlay-color":"","overlay-opacity":"","overlay-gradient":""},"mobile":{"background-color":"var(--ast-global-color-5)","background-image":"","background-repeat":"repeat","background-position":"center center","background-size":"auto","background-attachment":"scroll","background-type":"","background-media":"","overlay-type":"","overlay-color":"","overlay-opacity":"","overlay-gradient":""}}},"product_brand":[],"product_cat":[294,471],"product_tag":[443,627,626,394],"musiciens":[390,391,389,388],"pays":[226,227],"class_list":{"0":"post-173","1":"product","2":"type-product","3":"status-publish","4":"has-post-thumbnail","6":"product_cat-caraibe","7":"product_cat-funk-soul","8":"product_tag-creole-soul","9":"product_tag-musique-antillaise","10":"product_tag-musiques-du-monde","11":"product_tag-zouk","12":"pa_format-album","13":"pa_format-boitier-cristal","14":"pa_format-cd","15":"musiciens-charlie-chovino","16":"musiciens-exxos-metkakola","17":"musiciens-fanswa-ladrezeau","18":"musiciens-georges-granville","19":"pays-ameriques","20":"pays-guadeloupe","21":"desktop-align-left","22":"tablet-align-left","23":"mobile-align-left","25":"first","26":"instock","27":"shipping-taxable","28":"purchasable","29":"product-type-simple"},"supplier_id":1164,"supplier_sku":"","barcode":null,"atum_controlled":true,"out_stock_date":null,"out_stock_threshold":null,"inheritable":false,"inbound_stock":0,"stock_on_hold":0,"sold_today":0,"sales_last_days":0,"reserved_stock":0,"customer_returns":0,"warehouse_damage":0,"lost_in_post":0,"other_logs":0,"out_stock_days":0,"lost_sales":0,"has_location":false,"update_date":"2026-04-28T00:09:01","atum_locations":[],"atum_stock_status":"instock","restock_status":false,"low_stock_amount":"","sales_update_date":"2026-04-28T00:09:01","calc_backorders":null,"uagb_featured_image_src":{"full":["https:\/\/shop.bananierbleu.fr\/wp-content\/uploads\/2018\/05\/BwaBwa.jpg",1136,1136,false],"thumbnail":["https:\/\/shop.bananierbleu.fr\/wp-content\/uploads\/2018\/05\/BwaBwa-150x150.jpg",150,150,true],"medium":["https:\/\/shop.bananierbleu.fr\/wp-content\/uploads\/2018\/05\/BwaBwa-300x300.jpg",300,300,true],"medium_large":["https:\/\/shop.bananierbleu.fr\/wp-content\/uploads\/2018\/05\/BwaBwa-768x768.jpg",768,768,true],"large":["https:\/\/shop.bananierbleu.fr\/wp-content\/uploads\/2018\/05\/BwaBwa-1024x1024.jpg",1024,1024,true],"1536x1536":["https:\/\/shop.bananierbleu.fr\/wp-content\/uploads\/2018\/05\/BwaBwa.jpg",1136,1136,false],"2048x2048":["https:\/\/shop.bananierbleu.fr\/wp-content\/uploads\/2018\/05\/BwaBwa.jpg",1136,1136,false],"trp-custom-language-flag":["https:\/\/shop.bananierbleu.fr\/wp-content\/uploads\/2018\/05\/BwaBwa.jpg",12,12,false],"woocommerce_thumbnail":["https:\/\/shop.bananierbleu.fr\/wp-content\/uploads\/2018\/05\/BwaBwa-300x300.jpg",300,300,true],"woocommerce_single":["https:\/\/shop.bananierbleu.fr\/wp-content\/uploads\/2018\/05\/BwaBwa-600x600.jpg",600,600,true],"woocommerce_gallery_thumbnail":["https:\/\/shop.bananierbleu.fr\/wp-content\/uploads\/2018\/05\/BwaBwa-100x100.jpg",100,100,true]},"uagb_author_info":{"display_name":"Charlie Bb","author_link":"https:\/\/shop.bananierbleu.fr\/en\/author\/"},"uagb_comment_info":0,"uagb_excerpt":"Produit neuf, sous blister. https:\/\/youtu.be\/KNwKcoT6EFw Ann\u00e9e : 2008 Personnel : In\u00e8s, So'James, George Granville, Manuel Mond\u00e9sir, Mouss'N'D, Fanswa Ladrezeau, Charlie Chovino, DJ Phonie, Jo'Okacha, Exxos, Michel M\u00e9nard, Manu Sauvage...","_links":{"self":[{"href":"https:\/\/shop.bananierbleu.fr\/en\/wp-json\/wp\/v2\/product\/173","targetHints":{"allow":["GET"]}}],"collection":[{"href":"https:\/\/shop.bananierbleu.fr\/en\/wp-json\/wp\/v2\/product"}],"about":[{"href":"https:\/\/shop.bananierbleu.fr\/en\/wp-json\/wp\/v2\/types\/product"}],"replies":[{"embeddable":true,"href":"https:\/\/shop.bananierbleu.fr\/en\/wp-json\/wp\/v2\/comments?post=173"}],"wp:featuredmedia":[{"embeddable":true,"href":"https:\/\/shop.bananierbleu.fr\/en\/wp-json\/wp\/v2\/media\/174"}],"wp:attachment":[{"href":"https:\/\/shop.bananierbleu.fr\/en\/wp-json\/wp\/v2\/media?parent=173"}],"wp:term":[{"taxonomy":"product_brand","embeddable":true,"href":"https:\/\/shop.bananierbleu.fr\/en\/wp-json\/wp\/v2\/product_brand?post=173"},{"taxonomy":"product_cat","embeddable":true,"href":"https:\/\/shop.bananierbleu.fr\/en\/wp-json\/wp\/v2\/product_cat?post=173"},{"taxonomy":"product_tag","embeddable":true,"href":"https:\/\/shop.bananierbleu.fr\/en\/wp-json\/wp\/v2\/product_tag?post=173"},{"taxonomy":"musiciens","embeddable":true,"href":"https:\/\/shop.bananierbleu.fr\/en\/wp-json\/wp\/v2\/musiciens?post=173"},{"taxonomy":"pays","embeddable":true,"href":"https:\/\/shop.bananierbleu.fr\/en\/wp-json\/wp\/v2\/pays?post=173"}],"curies":[{"name":"wp","href":"https:\/\/api.w.org\/{rel}","templated":true}]}}