{"id":175,"date":"2008-05-01T11:08:47","date_gmt":"2008-05-01T11:08:47","guid":{"rendered":"https:\/\/shop.bananierbleu.fr\/?post_type=product&#038;p=175"},"modified":"2023-08-20T18:43:03","modified_gmt":"2023-08-20T18:43:03","slug":"marc-richer-tandsah-2008","status":"publish","type":"product","link":"https:\/\/shop.bananierbleu.fr\/en\/product\/marc-richer-tandsah-2008\/","title":{"rendered":"Tandsah (Marc Richer \/ 2008)"},"content":{"rendered":"","protected":false},"excerpt":{"rendered":"<p>New product, in blister pack.<\/p>\n<ul>\n<li><strong>Year:<\/strong> 2008<\/li>\n<li><strong>Musicians:<\/strong> Marc Richer, Luther Fran\u00e7ois, Michel Alibo, Bago, Jean-No\u00ebl Ekwabi, Jo\u00ebl Netri, Thierry Mvi\u00e9, Yvon Rosilette&#8230;<\/li>\n<\/ul>","protected":false},"featured_media":176,"comment_status":"closed","ping_status":"closed","template":"","meta":{"_uag_custom_page_level_css":"","site-sidebar-layout":"default","site-content-layout":"default","ast-site-content-layout":"default","site-content-style":"default","site-sidebar-style":"default","ast-global-header-display":"","ast-banner-title-visibility":"","ast-main-header-display":"","ast-hfb-above-header-display":"","ast-hfb-below-header-display":"","ast-hfb-mobile-header-display":"","site-post-title":"","ast-breadcrumbs-content":"","ast-featured-img":"","footer-sml-layout":"","ast-disable-related-posts":"","theme-transparent-header-meta":"default","adv-header-id-meta":"","stick-header-meta":"","header-above-stick-meta":"","header-main-stick-meta":"","header-below-stick-meta":"","astra-migrate-meta-layouts":"default","ast-page-background-enabled":"default","ast-page-background-meta":{"desktop":{"background-color":"var(--ast-global-color-4)","background-image":"","background-repeat":"repeat","background-position":"center center","background-size":"auto","background-attachment":"scroll","background-type":"","background-media":"","overlay-type":"","overlay-color":"","overlay-opacity":"","overlay-gradient":""},"tablet":{"background-color":"","background-image":"","background-repeat":"repeat","background-position":"center center","background-size":"auto","background-attachment":"scroll","background-type":"","background-media":"","overlay-type":"","overlay-color":"","overlay-opacity":"","overlay-gradient":""},"mobile":{"background-color":"","background-image":"","background-repeat":"repeat","background-position":"center center","background-size":"auto","background-attachment":"scroll","background-type":"","background-media":"","overlay-type":"","overlay-color":"","overlay-opacity":"","overlay-gradient":""}},"ast-content-background-meta":{"desktop":{"background-color":"var(--ast-global-color-5)","background-image":"","background-repeat":"repeat","background-position":"center center","background-size":"auto","background-attachment":"scroll","background-type":"","background-media":"","overlay-type":"","overlay-color":"","overlay-opacity":"","overlay-gradient":""},"tablet":{"background-color":"var(--ast-global-color-5)","background-image":"","background-repeat":"repeat","background-position":"center center","background-size":"auto","background-attachment":"scroll","background-type":"","background-media":"","overlay-type":"","overlay-color":"","overlay-opacity":"","overlay-gradient":""},"mobile":{"background-color":"var(--ast-global-color-5)","background-image":"","background-repeat":"repeat","background-position":"center center","background-size":"auto","background-attachment":"scroll","background-type":"","background-media":"","overlay-type":"","overlay-color":"","overlay-opacity":"","overlay-gradient":""}}},"product_brand":[],"product_cat":[294],"product_tag":[428,448,627,626],"musiciens":[161,162,154,165,135,163,164],"pays":[230],"class_list":{"0":"post-175","1":"product","2":"type-product","3":"status-publish","4":"has-post-thumbnail","6":"product_cat-caraibe","7":"product_tag-chanson","8":"product_tag-folk-creole","9":"product_tag-musique-antillaise","10":"product_tag-musiques-du-monde","11":"pa_format-album","12":"pa_format-cd","13":"pa_format-digipack","14":"musiciens-bago","15":"musiciens-jean-noel-ekwabi","16":"musiciens-luther-francois","17":"musiciens-marc-richer","18":"musiciens-michel-alibo","19":"musiciens-thierry-mvie","20":"musiciens-yvon-rosilette","21":"pays-europe","22":"desktop-align-left","23":"tablet-align-left","24":"mobile-align-left","26":"first","27":"instock","28":"shipping-taxable","29":"purchasable","30":"product-type-simple"},"supplier_id":1162,"supplier_sku":"","barcode":null,"atum_controlled":true,"out_stock_date":null,"out_stock_threshold":null,"inheritable":false,"inbound_stock":0,"stock_on_hold":0,"sold_today":0,"sales_last_days":0,"reserved_stock":0,"customer_returns":0,"warehouse_damage":0,"lost_in_post":0,"other_logs":0,"out_stock_days":0,"lost_sales":0,"has_location":false,"update_date":"2026-04-26T00:08:54","atum_locations":[],"atum_stock_status":"instock","restock_status":false,"low_stock_amount":"","sales_update_date":"2026-04-26T00:08:54","calc_backorders":null,"uagb_featured_image_src":{"full":["https:\/\/shop.bananierbleu.fr\/wp-content\/uploads\/2018\/05\/tandsah200.jpg",200,178,false],"thumbnail":["https:\/\/shop.bananierbleu.fr\/wp-content\/uploads\/2018\/05\/tandsah200-150x150.jpg",150,150,true],"medium":["https:\/\/shop.bananierbleu.fr\/wp-content\/uploads\/2018\/05\/tandsah200.jpg",200,178,false],"medium_large":["https:\/\/shop.bananierbleu.fr\/wp-content\/uploads\/2018\/05\/tandsah200.jpg",200,178,false],"large":["https:\/\/shop.bananierbleu.fr\/wp-content\/uploads\/2018\/05\/tandsah200.jpg",200,178,false],"1536x1536":["https:\/\/shop.bananierbleu.fr\/wp-content\/uploads\/2018\/05\/tandsah200.jpg",200,178,false],"2048x2048":["https:\/\/shop.bananierbleu.fr\/wp-content\/uploads\/2018\/05\/tandsah200.jpg",200,178,false],"trp-custom-language-flag":["https:\/\/shop.bananierbleu.fr\/wp-content\/uploads\/2018\/05\/tandsah200.jpg",13,12,false],"woocommerce_thumbnail":["https:\/\/shop.bananierbleu.fr\/wp-content\/uploads\/2018\/05\/tandsah200.jpg",200,178,false],"woocommerce_single":["https:\/\/shop.bananierbleu.fr\/wp-content\/uploads\/2018\/05\/tandsah200.jpg",200,178,false],"woocommerce_gallery_thumbnail":["https:\/\/shop.bananierbleu.fr\/wp-content\/uploads\/2018\/05\/tandsah200-100x100.jpg",100,100,true]},"uagb_author_info":{"display_name":"Charlie Bb","author_link":"https:\/\/shop.bananierbleu.fr\/en\/author\/"},"uagb_comment_info":0,"uagb_excerpt":"Produit neuf, sous blister. Ann\u00e9e : 2008 Personnel : Marc Richer, Luther Fran\u00e7ois, Michel Alibo, Bago, Jean-No\u00ebl Ekwabi, Jo\u00ebl Netri, Thierry Mvi\u00e9, Yvon Rosilette...","_links":{"self":[{"href":"https:\/\/shop.bananierbleu.fr\/en\/wp-json\/wp\/v2\/product\/175","targetHints":{"allow":["GET"]}}],"collection":[{"href":"https:\/\/shop.bananierbleu.fr\/en\/wp-json\/wp\/v2\/product"}],"about":[{"href":"https:\/\/shop.bananierbleu.fr\/en\/wp-json\/wp\/v2\/types\/product"}],"replies":[{"embeddable":true,"href":"https:\/\/shop.bananierbleu.fr\/en\/wp-json\/wp\/v2\/comments?post=175"}],"wp:featuredmedia":[{"embeddable":true,"href":"https:\/\/shop.bananierbleu.fr\/en\/wp-json\/wp\/v2\/media\/176"}],"wp:attachment":[{"href":"https:\/\/shop.bananierbleu.fr\/en\/wp-json\/wp\/v2\/media?parent=175"}],"wp:term":[{"taxonomy":"product_brand","embeddable":true,"href":"https:\/\/shop.bananierbleu.fr\/en\/wp-json\/wp\/v2\/product_brand?post=175"},{"taxonomy":"product_cat","embeddable":true,"href":"https:\/\/shop.bananierbleu.fr\/en\/wp-json\/wp\/v2\/product_cat?post=175"},{"taxonomy":"product_tag","embeddable":true,"href":"https:\/\/shop.bananierbleu.fr\/en\/wp-json\/wp\/v2\/product_tag?post=175"},{"taxonomy":"musiciens","embeddable":true,"href":"https:\/\/shop.bananierbleu.fr\/en\/wp-json\/wp\/v2\/musiciens?post=175"},{"taxonomy":"pays","embeddable":true,"href":"https:\/\/shop.bananierbleu.fr\/en\/wp-json\/wp\/v2\/pays?post=175"}],"curies":[{"name":"wp","href":"https:\/\/api.w.org\/{rel}","templated":true}]}}