{"id":244,"date":"2017-02-17T14:44:20","date_gmt":"2017-02-17T14:44:20","guid":{"rendered":"https:\/\/shop.bananierbleu.fr\/?post_type=product&#038;p=244"},"modified":"2026-04-14T22:37:15","modified_gmt":"2026-04-14T20:37:15","slug":"sonny-troupe-reflets-denses-2017","status":"publish","type":"product","link":"https:\/\/shop.bananierbleu.fr\/en\/product\/sonny-troupe-reflets-denses-2017\/","title":{"rendered":"Reflets Denses (Sonny Troup\u00e9 \/ 2017)"},"content":{"rendered":"","protected":false},"excerpt":{"rendered":"<p>New product, in blister pack.<\/p>\n<p>https:\/\/youtu.be\/23vcg9Xcnk8<\/p>\n<ul>\n<li><strong>Year:<\/strong> 2017<\/li>\n<li><strong>Label\/reference:<\/strong> (Tw2)<\/li>\n<li><strong>Musicians:<\/strong> Sonny Troup\u00e9 quartet (Gr\u00e9gory Privat, Mike Armoogum, Olivier Juste, Sonny Troup\u00e9) \u2013 Add 2 (Thomas Koenig, Rapha\u00ebl Philibert \u2013 Reflets Denses (Jonathan Jurion, Michel Alibo, Arnaud Dolmen) \u2013 Invit\u00e9s (Christian Laviso, Djoka\u00e8l M\u00e9ri, Lucile Kancel, Patrice Hulman, Toma Roche)<\/li>\n<li><strong>Tracks: <\/strong>1- Immediat boarding \u2013 8 :15 \/ 2- Equation \u2013 8 :24 \/ 3- Ansanm \u2013 5 :16 \/ 4- Le temps \u2013 5:16 \/ 5- Tanbou O Lwen (Interlude) \u2013 0:26 \/ 6- Yo \u2013 4:31 \/ 7- Une Fin ? \u2013 6 :22 \/ 8- Nanm a p\u00e9yi la \u2013 6 :54 \/ 9- Evocation \u2013 4 :27 \/ 10- Twa Jou San Manj\u00e9 \u2013 5 :26 \/ 11- Reflets Denses \u2013 7 :57<\/li>\n<\/ul>\n<div><\/div>\n<div><\/div>\n<div style=\"position: static !important;\"><\/div>\n<div style=\"position: static !important;\"><\/div>","protected":false},"featured_media":245,"comment_status":"closed","ping_status":"closed","template":"","meta":{"_uag_custom_page_level_css":"","site-sidebar-layout":"default","site-content-layout":"default","ast-site-content-layout":"default","site-content-style":"default","site-sidebar-style":"default","ast-global-header-display":"","ast-banner-title-visibility":"","ast-main-header-display":"","ast-hfb-above-header-display":"","ast-hfb-below-header-display":"","ast-hfb-mobile-header-display":"","site-post-title":"","ast-breadcrumbs-content":"","ast-featured-img":"","footer-sml-layout":"","ast-disable-related-posts":"","theme-transparent-header-meta":"default","adv-header-id-meta":"","stick-header-meta":"","header-above-stick-meta":"","header-main-stick-meta":"","header-below-stick-meta":"","astra-migrate-meta-layouts":"default","ast-page-background-enabled":"default","ast-page-background-meta":{"desktop":{"background-color":"var(--ast-global-color-4)","background-image":"","background-repeat":"repeat","background-position":"center center","background-size":"auto","background-attachment":"scroll","background-type":"","background-media":"","overlay-type":"","overlay-color":"","overlay-opacity":"","overlay-gradient":""},"tablet":{"background-color":"","background-image":"","background-repeat":"repeat","background-position":"center center","background-size":"auto","background-attachment":"scroll","background-type":"","background-media":"","overlay-type":"","overlay-color":"","overlay-opacity":"","overlay-gradient":""},"mobile":{"background-color":"","background-image":"","background-repeat":"repeat","background-position":"center center","background-size":"auto","background-attachment":"scroll","background-type":"","background-media":"","overlay-type":"","overlay-color":"","overlay-opacity":"","overlay-gradient":""}},"ast-content-background-meta":{"desktop":{"background-color":"var(--ast-global-color-5)","background-image":"","background-repeat":"repeat","background-position":"center center","background-size":"auto","background-attachment":"scroll","background-type":"","background-media":"","overlay-type":"","overlay-color":"","overlay-opacity":"","overlay-gradient":""},"tablet":{"background-color":"var(--ast-global-color-5)","background-image":"","background-repeat":"repeat","background-position":"center center","background-size":"auto","background-attachment":"scroll","background-type":"","background-media":"","overlay-type":"","overlay-color":"","overlay-opacity":"","overlay-gradient":""},"mobile":{"background-color":"var(--ast-global-color-5)","background-image":"","background-repeat":"repeat","background-position":"center center","background-size":"auto","background-attachment":"scroll","background-type":"","background-media":"","overlay-type":"","overlay-color":"","overlay-opacity":"","overlay-gradient":""}}},"product_brand":[],"product_cat":[294,472],"product_tag":[435,414,420,627,626],"musiciens":[131,132,133,134,135,136,137,138],"pays":[226,227],"class_list":{"0":"post-244","1":"product","2":"type-product","3":"status-publish","4":"has-post-thumbnail","6":"product_cat-caraibe","7":"product_cat-jazz","8":"product_tag-gwoka-moderne","9":"product_tag-jazz","10":"product_tag-jazz-creole","11":"product_tag-musique-antillaise","12":"product_tag-musiques-du-monde","13":"pa_format-album","14":"pa_format-cd","15":"pa_format-digipack","16":"musiciens-arnaud-dolmen","17":"musiciens-christian-laviso","18":"musiciens-gregory-privat","19":"musiciens-jonathan-jurion","20":"musiciens-michel-alibo","21":"musiciens-mike-armoogum","22":"musiciens-olivier-juste","23":"musiciens-sonny-troupe","24":"pays-ameriques","25":"pays-guadeloupe","26":"desktop-align-left","27":"tablet-align-left","28":"mobile-align-left","30":"first","31":"instock","32":"shipping-taxable","33":"purchasable","34":"product-type-simple"},"supplier_id":1149,"supplier_sku":"","barcode":null,"atum_controlled":true,"out_stock_date":null,"out_stock_threshold":null,"inheritable":false,"inbound_stock":0,"stock_on_hold":0,"sold_today":0,"sales_last_days":2,"reserved_stock":0,"customer_returns":0,"warehouse_damage":0,"lost_in_post":0,"other_logs":0,"out_stock_days":0,"lost_sales":0,"has_location":false,"update_date":"2026-04-21T00:06:51","atum_locations":[],"atum_stock_status":"instock","restock_status":false,"low_stock_amount":0,"sales_update_date":"2026-04-21T00:06:51","calc_backorders":null,"uagb_featured_image_src":{"full":["https:\/\/shop.bananierbleu.fr\/wp-content\/uploads\/2019\/02\/RefletsDenses_0400.jpg",400,400,false],"thumbnail":["https:\/\/shop.bananierbleu.fr\/wp-content\/uploads\/2019\/02\/RefletsDenses_0400-150x150.jpg",150,150,true],"medium":["https:\/\/shop.bananierbleu.fr\/wp-content\/uploads\/2019\/02\/RefletsDenses_0400-300x300.jpg",300,300,true],"medium_large":["https:\/\/shop.bananierbleu.fr\/wp-content\/uploads\/2019\/02\/RefletsDenses_0400.jpg",400,400,false],"large":["https:\/\/shop.bananierbleu.fr\/wp-content\/uploads\/2019\/02\/RefletsDenses_0400.jpg",400,400,false],"1536x1536":["https:\/\/shop.bananierbleu.fr\/wp-content\/uploads\/2019\/02\/RefletsDenses_0400.jpg",400,400,false],"2048x2048":["https:\/\/shop.bananierbleu.fr\/wp-content\/uploads\/2019\/02\/RefletsDenses_0400.jpg",400,400,false],"trp-custom-language-flag":["https:\/\/shop.bananierbleu.fr\/wp-content\/uploads\/2019\/02\/RefletsDenses_0400.jpg",12,12,false],"woocommerce_thumbnail":["https:\/\/shop.bananierbleu.fr\/wp-content\/uploads\/2019\/02\/RefletsDenses_0400-300x300.jpg",300,300,true],"woocommerce_single":["https:\/\/shop.bananierbleu.fr\/wp-content\/uploads\/2019\/02\/RefletsDenses_0400.jpg",400,400,false],"woocommerce_gallery_thumbnail":["https:\/\/shop.bananierbleu.fr\/wp-content\/uploads\/2019\/02\/RefletsDenses_0400-100x100.jpg",100,100,true]},"uagb_author_info":{"display_name":"Charlie Bb","author_link":"https:\/\/shop.bananierbleu.fr\/en\/author\/"},"uagb_comment_info":0,"uagb_excerpt":"Produit neuf, sous blister. https:\/\/youtu.be\/23vcg9Xcnk8 Ann\u00e9e : 2017 Label \/ R\u00e9f\u00e9rence : (Tw2) Personnel : Sonny Troup\u00e9 quartet (Gr\u00e9gory Privat, Mike Armoogum, Olivier Juste, Sonny Troup\u00e9) \u2013 Add 2 (Thomas Koenig, Rapha\u00ebl Philibert \u2013 Reflets Denses (Jonathan Jurion, Michel Alibo, Arnaud Dolmen) \u2013 Invit\u00e9s (Christian Laviso, Djoka\u00e8l M\u00e9ri, Lucile Kancel, Patrice Hulman, Toma Roche) Titres&hellip;","_links":{"self":[{"href":"https:\/\/shop.bananierbleu.fr\/en\/wp-json\/wp\/v2\/product\/244","targetHints":{"allow":["GET"]}}],"collection":[{"href":"https:\/\/shop.bananierbleu.fr\/en\/wp-json\/wp\/v2\/product"}],"about":[{"href":"https:\/\/shop.bananierbleu.fr\/en\/wp-json\/wp\/v2\/types\/product"}],"replies":[{"embeddable":true,"href":"https:\/\/shop.bananierbleu.fr\/en\/wp-json\/wp\/v2\/comments?post=244"}],"wp:featuredmedia":[{"embeddable":true,"href":"https:\/\/shop.bananierbleu.fr\/en\/wp-json\/wp\/v2\/media\/245"}],"wp:attachment":[{"href":"https:\/\/shop.bananierbleu.fr\/en\/wp-json\/wp\/v2\/media?parent=244"}],"wp:term":[{"taxonomy":"product_brand","embeddable":true,"href":"https:\/\/shop.bananierbleu.fr\/en\/wp-json\/wp\/v2\/product_brand?post=244"},{"taxonomy":"product_cat","embeddable":true,"href":"https:\/\/shop.bananierbleu.fr\/en\/wp-json\/wp\/v2\/product_cat?post=244"},{"taxonomy":"product_tag","embeddable":true,"href":"https:\/\/shop.bananierbleu.fr\/en\/wp-json\/wp\/v2\/product_tag?post=244"},{"taxonomy":"musiciens","embeddable":true,"href":"https:\/\/shop.bananierbleu.fr\/en\/wp-json\/wp\/v2\/musiciens?post=244"},{"taxonomy":"pays","embeddable":true,"href":"https:\/\/shop.bananierbleu.fr\/en\/wp-json\/wp\/v2\/pays?post=244"}],"curies":[{"name":"wp","href":"https:\/\/api.w.org\/{rel}","templated":true}]}}