{"id":247,"date":"2013-02-17T14:56:56","date_gmt":"2013-02-17T14:56:56","guid":{"rendered":"https:\/\/shop.bananierbleu.fr\/?post_type=product&#038;p=247"},"modified":"2026-04-14T22:37:15","modified_gmt":"2026-04-14T20:37:15","slug":"sonny-troupe-voyages-et-reves-2013","status":"publish","type":"product","link":"https:\/\/shop.bananierbleu.fr\/en\/product\/sonny-troupe-voyages-et-reves-2013\/","title":{"rendered":"Voyages et R\u00eaves (Sonny Troup\u00e9 \/ 2013)"},"content":{"rendered":"","protected":false},"excerpt":{"rendered":"<p>New product, in blister pack.<\/p>\n<p>https:\/\/youtu.be\/eD_76UL6TkU<\/p>\n<ul>\n<li><strong>Year:<\/strong> 2013<\/li>\n<li><strong>Musicians:<\/strong> Sonny Troup\u00e9, Gr\u00e9gory Privat, Mike Armoogumn, Arnaud Dolmen, Olivier Juste \u2013 invit\u00e9s Kenny Garrett, Magik Malik, Linley Marthe, St\u00e9phane Castry, Zagalo, Christian Laviso, Raymond D\u2019Huy, Patrice Hulman<\/li>\n<li><strong>Tracks:<\/strong> 1- Intro &#8211; 1:00 \/ 2- J\u00e9n\u00e9rik (M\u00e8si Pou Yo) &#8211; 4:31 \/ 3- Ki Kot\u00e9 &#8211; 7:22 \/ 4- Voyages Et R\u00eaves &#8211; 3:54 \/ 5- Balans\u00e9 A Peyi La &#8211; Interlude &#8211; 2:16 \/ 6- Gwakaladja &#8211; 5:05 \/ 7- Lyannaj Of Two Love &#8211; 5:51 \/ 8- Kalagia (Kaladja) &#8211; Ballade &#8211; 8:00 \/ 9- Yesterday 4 Tomorrow &#8211; 7:02 \/ 10- Y\u00e9 Pou Jodi &#8211; Interlude &#8211; 1:41 \/ 11- Balans\u00e9 A P\u00e9yi La &#8211; 4:44 \/ 12- Penn \u00e9 Pl\u00e9zi &#8211; 8:06 \/ 13- Sa Mwen Ka Vw\u00e9 &#8211; Interlude &#8211; 2:22 \/ 14- En Marchant &#8211; 6:05<\/li>\n<\/ul>\n<div style=\"position: static !important;\"><\/div>","protected":false},"featured_media":248,"comment_status":"closed","ping_status":"closed","template":"","meta":{"_uag_custom_page_level_css":"","site-sidebar-layout":"default","site-content-layout":"default","ast-site-content-layout":"default","site-content-style":"default","site-sidebar-style":"default","ast-global-header-display":"","ast-banner-title-visibility":"","ast-main-header-display":"","ast-hfb-above-header-display":"","ast-hfb-below-header-display":"","ast-hfb-mobile-header-display":"","site-post-title":"","ast-breadcrumbs-content":"","ast-featured-img":"","footer-sml-layout":"","ast-disable-related-posts":"","theme-transparent-header-meta":"default","adv-header-id-meta":"","stick-header-meta":"","header-above-stick-meta":"","header-main-stick-meta":"","header-below-stick-meta":"","astra-migrate-meta-layouts":"default","ast-page-background-enabled":"default","ast-page-background-meta":{"desktop":{"background-color":"var(--ast-global-color-4)","background-image":"","background-repeat":"repeat","background-position":"center center","background-size":"auto","background-attachment":"scroll","background-type":"","background-media":"","overlay-type":"","overlay-color":"","overlay-opacity":"","overlay-gradient":""},"tablet":{"background-color":"","background-image":"","background-repeat":"repeat","background-position":"center center","background-size":"auto","background-attachment":"scroll","background-type":"","background-media":"","overlay-type":"","overlay-color":"","overlay-opacity":"","overlay-gradient":""},"mobile":{"background-color":"","background-image":"","background-repeat":"repeat","background-position":"center center","background-size":"auto","background-attachment":"scroll","background-type":"","background-media":"","overlay-type":"","overlay-color":"","overlay-opacity":"","overlay-gradient":""}},"ast-content-background-meta":{"desktop":{"background-color":"var(--ast-global-color-5)","background-image":"","background-repeat":"repeat","background-position":"center center","background-size":"auto","background-attachment":"scroll","background-type":"","background-media":"","overlay-type":"","overlay-color":"","overlay-opacity":"","overlay-gradient":""},"tablet":{"background-color":"var(--ast-global-color-5)","background-image":"","background-repeat":"repeat","background-position":"center center","background-size":"auto","background-attachment":"scroll","background-type":"","background-media":"","overlay-type":"","overlay-color":"","overlay-opacity":"","overlay-gradient":""},"mobile":{"background-color":"var(--ast-global-color-5)","background-image":"","background-repeat":"repeat","background-position":"center center","background-size":"auto","background-attachment":"scroll","background-type":"","background-media":"","overlay-type":"","overlay-color":"","overlay-opacity":"","overlay-gradient":""}}},"product_brand":[],"product_cat":[294,472],"product_tag":[435,414,420,627,626],"musiciens":[131,132,133,136,137,146,138,147],"pays":[226,227],"class_list":{"0":"post-247","1":"product","2":"type-product","3":"status-publish","4":"has-post-thumbnail","6":"product_cat-caraibe","7":"product_cat-jazz","8":"product_tag-gwoka-moderne","9":"product_tag-jazz","10":"product_tag-jazz-creole","11":"product_tag-musique-antillaise","12":"product_tag-musiques-du-monde","13":"pa_format-album","14":"pa_format-cd","15":"pa_format-digipack","16":"musiciens-arnaud-dolmen","17":"musiciens-christian-laviso","18":"musiciens-gregory-privat","19":"musiciens-mike-armoogum","20":"musiciens-olivier-juste","21":"musiciens-raymond-dhuy","22":"musiciens-sonny-troupe","23":"musiciens-stephane-castry","24":"pays-ameriques","25":"pays-guadeloupe","26":"desktop-align-left","27":"tablet-align-left","28":"mobile-align-left","30":"first","31":"instock","32":"shipping-taxable","33":"purchasable","34":"product-type-simple"},"supplier_id":1149,"supplier_sku":"","barcode":null,"atum_controlled":true,"out_stock_date":null,"out_stock_threshold":null,"inheritable":false,"inbound_stock":0,"stock_on_hold":1,"sold_today":0,"sales_last_days":2,"reserved_stock":0,"customer_returns":0,"warehouse_damage":0,"lost_in_post":0,"other_logs":0,"out_stock_days":0,"lost_sales":0,"has_location":false,"update_date":"2026-04-16T18:05:22","atum_locations":[],"atum_stock_status":"instock","restock_status":false,"low_stock_amount":0,"sales_update_date":"2026-04-16T18:05:22","calc_backorders":null,"uagb_featured_image_src":{"full":["https:\/\/shop.bananierbleu.fr\/wp-content\/uploads\/2019\/02\/cover400.png",440,400,false],"thumbnail":["https:\/\/shop.bananierbleu.fr\/wp-content\/uploads\/2019\/02\/cover400-150x150.png",150,150,true],"medium":["https:\/\/shop.bananierbleu.fr\/wp-content\/uploads\/2019\/02\/cover400-300x273.png",300,273,true],"medium_large":["https:\/\/shop.bananierbleu.fr\/wp-content\/uploads\/2019\/02\/cover400.png",440,400,false],"large":["https:\/\/shop.bananierbleu.fr\/wp-content\/uploads\/2019\/02\/cover400.png",440,400,false],"1536x1536":["https:\/\/shop.bananierbleu.fr\/wp-content\/uploads\/2019\/02\/cover400.png",440,400,false],"2048x2048":["https:\/\/shop.bananierbleu.fr\/wp-content\/uploads\/2019\/02\/cover400.png",440,400,false],"trp-custom-language-flag":["https:\/\/shop.bananierbleu.fr\/wp-content\/uploads\/2019\/02\/cover400.png",13,12,false],"woocommerce_thumbnail":["https:\/\/shop.bananierbleu.fr\/wp-content\/uploads\/2019\/02\/cover400-300x300.png",300,300,true],"woocommerce_single":["https:\/\/shop.bananierbleu.fr\/wp-content\/uploads\/2019\/02\/cover400.png",440,400,false],"woocommerce_gallery_thumbnail":["https:\/\/shop.bananierbleu.fr\/wp-content\/uploads\/2019\/02\/cover400-100x100.png",100,100,true]},"uagb_author_info":{"display_name":"Charlie Bb","author_link":"https:\/\/shop.bananierbleu.fr\/en\/author\/"},"uagb_comment_info":0,"uagb_excerpt":"Produit neuf, sous blister. https:\/\/youtu.be\/eD_76UL6TkU Ann\u00e9e : 2013 Personnel : Sonny Troup\u00e9, Gr\u00e9gory Privat, Mike Armoogumn, Arnaud Dolmen, Olivier Juste \u2013 invit\u00e9s Kenny Garrett, Magik Malik, Linley Marthe, St\u00e9phane Castry, Zagalo, Christian Laviso, Raymond D\u2019Huy, Patrice Hulman Titres : 1- Intro - 1:00 \/ 2- J\u00e9n\u00e9rik (M\u00e8si Pou Yo) - 4:31 \/ 3- Ki Kot\u00e9&hellip;","_links":{"self":[{"href":"https:\/\/shop.bananierbleu.fr\/en\/wp-json\/wp\/v2\/product\/247","targetHints":{"allow":["GET"]}}],"collection":[{"href":"https:\/\/shop.bananierbleu.fr\/en\/wp-json\/wp\/v2\/product"}],"about":[{"href":"https:\/\/shop.bananierbleu.fr\/en\/wp-json\/wp\/v2\/types\/product"}],"replies":[{"embeddable":true,"href":"https:\/\/shop.bananierbleu.fr\/en\/wp-json\/wp\/v2\/comments?post=247"}],"wp:featuredmedia":[{"embeddable":true,"href":"https:\/\/shop.bananierbleu.fr\/en\/wp-json\/wp\/v2\/media\/248"}],"wp:attachment":[{"href":"https:\/\/shop.bananierbleu.fr\/en\/wp-json\/wp\/v2\/media?parent=247"}],"wp:term":[{"taxonomy":"product_brand","embeddable":true,"href":"https:\/\/shop.bananierbleu.fr\/en\/wp-json\/wp\/v2\/product_brand?post=247"},{"taxonomy":"product_cat","embeddable":true,"href":"https:\/\/shop.bananierbleu.fr\/en\/wp-json\/wp\/v2\/product_cat?post=247"},{"taxonomy":"product_tag","embeddable":true,"href":"https:\/\/shop.bananierbleu.fr\/en\/wp-json\/wp\/v2\/product_tag?post=247"},{"taxonomy":"musiciens","embeddable":true,"href":"https:\/\/shop.bananierbleu.fr\/en\/wp-json\/wp\/v2\/musiciens?post=247"},{"taxonomy":"pays","embeddable":true,"href":"https:\/\/shop.bananierbleu.fr\/en\/wp-json\/wp\/v2\/pays?post=247"}],"curies":[{"name":"wp","href":"https:\/\/api.w.org\/{rel}","templated":true}]}}