{"id":29,"date":"2012-03-21T16:41:10","date_gmt":"2012-03-21T16:41:10","guid":{"rendered":"https:\/\/shop.bananierbleu.fr\/?post_type=product&#038;p=29"},"modified":"2025-07-31T23:58:18","modified_gmt":"2025-07-31T21:58:18","slug":"parcours-berose-2012","status":"publish","type":"product","link":"https:\/\/shop.bananierbleu.fr\/en\/product\/parcours-berose-2012\/","title":{"rendered":"Parcours (B\u00e9rose \/ 2012)"},"content":{"rendered":"","protected":false},"excerpt":{"rendered":"<p>Produit neuf, sous blister.<\/p>\n<p>https:\/\/youtu.be\/qyDapP5tgRA<\/p>\n<p><em><strong>B\u00e9rose<\/strong>, c\u2019est un duo au sommet de la musique carib\u00e9enne d\u2019aujourd\u2019hui. Musique m\u00e9tiss\u00e9e par excellence, au croisement des influences qui ont fait l\u2019histoire des Antilles. <strong><span class=\"bleu\">Sonia Pinel-F\u00e9r\u00e9ol<\/span><\/strong> au chant, et <strong><span class=\"bleu\">Dominique B\u00e9rose<\/span><\/strong> aux claviers, marquent enfin de leur nom la musique de Martinique et de Guadeloupe qu\u2019ils servent depuis si longtemps avec ce premier album, le tr\u00e8s bien nomm\u00e9 <strong><span class=\"bleu\">Parcours<\/span><\/strong>. De la mazurka au gwoka, de la biguine au chouval bwa en passant par le jazz, c\u2019est une revue de d\u00e9tail, une le\u00e7on de musique \u00e0 laquelle nous sommes convi\u00e9s, enrichies de collaborations de talent.<\/em> &#8211; Christophe Jenny &#8211; liner notes.<em><br \/>\n<\/em><\/p>\n<ul>\n<li><strong>Ann\u00e9e :<\/strong> 2012<\/li>\n<li><strong>Label \/ R\u00e9f\u00e9rence<\/strong> : Couleurs Music Publishing \u2013 CM2281<\/li>\n<li><strong>Personnel :<\/strong> Dominique B\u00e9rose, Sonia B\u00e9rose, Sonny Troup\u00e9, St\u00e9phane Castry, Raymond d\u2019Huy, Luther Fran\u00e7ois, Happy Lewis, Philippe d&rsquo;Huy, Jean-Marc Albicy, Fr\u00e9d\u00e9ric Caracas, Dominique Bougrainville, Jos\u00e9 Z\u00e9bina, Micky T\u00e9l\u00e8phe, Joby Julienne, Ralph Thamar, Beethova Obas&#8230;<\/li>\n<li><strong>Titres<\/strong> : 1- Vwazin &#8211; 5:02 \/ 2- Too Late &#8211; 4:32 \/ 3- Rapho &#8211; 4:03 \/ 4- Doul\u00e9 Zenfan &#8211; 3:36 \/ 5- S\u00e9 Li Ki Ni La Kl\u00e9 &#8211; 4:18 \/ 6- Parcours &#8211; 6:02 \/ 7- Lanmou Chalvir\u00e9 &#8211; 4:49 \/ 8- Restless Bay &#8211; 4:55 \/ 9- Jaden Gran Manman &#8211; 4:49 \/ 10- Rue Du Faubourg Du Temple &#8211; 4:31 \/ 11- Soufl\u00e9 Konn Lamby A &#8211; 4:07 \/ 12- Petit Havre &#8211; 4:58 \/ 13- S\u00e9 Konsa Mwen Y\u00e9 &#8211; 5:07<\/li>\n<\/ul>\n<p><b>[icon name=\"bandcamp\" prefix=\"fa\"] BandCamp : <\/b>\u00c9galement disponible en <a href=\"https:\/\/sondo.bandcamp.com\/album\/parcours\">t\u00e9l\u00e9chargement<\/a>.<\/p>\n","protected":false},"featured_media":30,"comment_status":"closed","ping_status":"closed","template":"","meta":{"_uag_custom_page_level_css":"","site-sidebar-layout":"default","site-content-layout":"default","ast-site-content-layout":"default","site-content-style":"default","site-sidebar-style":"default","ast-global-header-display":"","ast-banner-title-visibility":"","ast-main-header-display":"","ast-hfb-above-header-display":"","ast-hfb-below-header-display":"","ast-hfb-mobile-header-display":"","site-post-title":"","ast-breadcrumbs-content":"","ast-featured-img":"","footer-sml-layout":"","ast-disable-related-posts":"","theme-transparent-header-meta":"default","adv-header-id-meta":"","stick-header-meta":"","header-above-stick-meta":"","header-main-stick-meta":"","header-below-stick-meta":"","astra-migrate-meta-layouts":"default","ast-page-background-enabled":"default","ast-page-background-meta":{"desktop":{"background-color":"var(--ast-global-color-4)","background-image":"","background-repeat":"repeat","background-position":"center center","background-size":"auto","background-attachment":"scroll","background-type":"","background-media":"","overlay-type":"","overlay-color":"","overlay-opacity":"","overlay-gradient":""},"tablet":{"background-color":"","background-image":"","background-repeat":"repeat","background-position":"center center","background-size":"auto","background-attachment":"scroll","background-type":"","background-media":"","overlay-type":"","overlay-color":"","overlay-opacity":"","overlay-gradient":""},"mobile":{"background-color":"","background-image":"","background-repeat":"repeat","background-position":"center center","background-size":"auto","background-attachment":"scroll","background-type":"","background-media":"","overlay-type":"","overlay-color":"","overlay-opacity":"","overlay-gradient":""}},"ast-content-background-meta":{"desktop":{"background-color":"var(--ast-global-color-5)","background-image":"","background-repeat":"repeat","background-position":"center center","background-size":"auto","background-attachment":"scroll","background-type":"","background-media":"","overlay-type":"","overlay-color":"","overlay-opacity":"","overlay-gradient":""},"tablet":{"background-color":"var(--ast-global-color-5)","background-image":"","background-repeat":"repeat","background-position":"center center","background-size":"auto","background-attachment":"scroll","background-type":"","background-media":"","overlay-type":"","overlay-color":"","overlay-opacity":"","overlay-gradient":""},"mobile":{"background-color":"var(--ast-global-color-5)","background-image":"","background-repeat":"repeat","background-position":"center center","background-size":"auto","background-attachment":"scroll","background-type":"","background-media":"","overlay-type":"","overlay-color":"","overlay-opacity":"","overlay-gradient":""}}},"product_brand":[],"product_cat":[294,472],"product_tag":[431,420,430,627,626],"musiciens":[531,530,148,152,153,532,144,154,533,483,146,155,138,147],"pays":[226,227,228],"class_list":{"0":"post-29","1":"product","2":"type-product","3":"status-publish","4":"has-post-thumbnail","6":"product_cat-caraibe","7":"product_cat-jazz","8":"product_tag-biguine","9":"product_tag-jazz-creole","10":"product_tag-jazz-fusion","11":"product_tag-musique-antillaise","12":"product_tag-musiques-du-monde","13":"pa_format-album","14":"pa_format-cd","15":"pa_format-digipack","16":"musiciens-beethova-obas","17":"musiciens-dave-martial","18":"musiciens-dominique-berose","19":"musiciens-dominique-bougrainville","20":"musiciens-frederic-caracas","21":"musiciens-jean-marc-albicy","22":"musiciens-joby-julienne","23":"musiciens-luther-francois","24":"musiciens-philippe-dhuy","25":"musiciens-ralph-thamar","26":"musiciens-raymond-dhuy","27":"musiciens-sonia-pinel-fereol","28":"musiciens-sonny-troupe","29":"musiciens-stephane-castry","30":"pays-ameriques","31":"pays-guadeloupe","32":"pays-martinique","33":"desktop-align-left","34":"tablet-align-left","35":"mobile-align-left","37":"first","38":"instock","39":"shipping-taxable","40":"purchasable","41":"product-type-simple"},"supplier_id":1161,"supplier_sku":"","barcode":null,"atum_controlled":true,"out_stock_date":null,"out_stock_threshold":null,"inheritable":false,"inbound_stock":0,"stock_on_hold":0,"sold_today":0,"sales_last_days":0,"reserved_stock":0,"customer_returns":0,"warehouse_damage":0,"lost_in_post":0,"other_logs":0,"out_stock_days":0,"lost_sales":0,"has_location":false,"update_date":"2026-04-14T00:03:54","atum_locations":[],"atum_stock_status":"instock","restock_status":false,"low_stock_amount":0,"sales_update_date":"2026-04-14T00:03:54","calc_backorders":null,"uagb_featured_image_src":{"full":["https:\/\/shop.bananierbleu.fr\/wp-content\/uploads\/2018\/03\/Parcours_front.jpg",818,733,false],"thumbnail":["https:\/\/shop.bananierbleu.fr\/wp-content\/uploads\/2018\/03\/Parcours_front-150x150.jpg",150,150,true],"medium":["https:\/\/shop.bananierbleu.fr\/wp-content\/uploads\/2018\/03\/Parcours_front-300x269.jpg",300,269,true],"medium_large":["https:\/\/shop.bananierbleu.fr\/wp-content\/uploads\/2018\/03\/Parcours_front-768x688.jpg",768,688,true],"large":["https:\/\/shop.bananierbleu.fr\/wp-content\/uploads\/2018\/03\/Parcours_front.jpg",818,733,false],"1536x1536":["https:\/\/shop.bananierbleu.fr\/wp-content\/uploads\/2018\/03\/Parcours_front.jpg",818,733,false],"2048x2048":["https:\/\/shop.bananierbleu.fr\/wp-content\/uploads\/2018\/03\/Parcours_front.jpg",818,733,false],"trp-custom-language-flag":["https:\/\/shop.bananierbleu.fr\/wp-content\/uploads\/2018\/03\/Parcours_front.jpg",13,12,false],"woocommerce_thumbnail":["https:\/\/shop.bananierbleu.fr\/wp-content\/uploads\/2018\/03\/Parcours_front-300x300.jpg",300,300,true],"woocommerce_single":["https:\/\/shop.bananierbleu.fr\/wp-content\/uploads\/2018\/03\/Parcours_front-600x538.jpg",600,538,true],"woocommerce_gallery_thumbnail":["https:\/\/shop.bananierbleu.fr\/wp-content\/uploads\/2018\/03\/Parcours_front-100x100.jpg",100,100,true]},"uagb_author_info":{"display_name":"admin","author_link":"https:\/\/shop.bananierbleu.fr\/en\/author\/"},"uagb_comment_info":0,"uagb_excerpt":"Produit neuf, sous blister. https:\/\/youtu.be\/qyDapP5tgRA B\u00e9rose, c\u2019est un duo au sommet de la musique carib\u00e9enne d\u2019aujourd\u2019hui. Musique m\u00e9tiss\u00e9e par excellence, au croisement des influences qui ont fait l\u2019histoire des Antilles. Sonia Pinel-F\u00e9r\u00e9ol au chant, et Dominique B\u00e9rose aux claviers, marquent enfin de leur nom la musique de Martinique et de Guadeloupe qu\u2019ils servent depuis si&hellip;","_links":{"self":[{"href":"https:\/\/shop.bananierbleu.fr\/en\/wp-json\/wp\/v2\/product\/29","targetHints":{"allow":["GET"]}}],"collection":[{"href":"https:\/\/shop.bananierbleu.fr\/en\/wp-json\/wp\/v2\/product"}],"about":[{"href":"https:\/\/shop.bananierbleu.fr\/en\/wp-json\/wp\/v2\/types\/product"}],"replies":[{"embeddable":true,"href":"https:\/\/shop.bananierbleu.fr\/en\/wp-json\/wp\/v2\/comments?post=29"}],"wp:featuredmedia":[{"embeddable":true,"href":"https:\/\/shop.bananierbleu.fr\/en\/wp-json\/wp\/v2\/media\/30"}],"wp:attachment":[{"href":"https:\/\/shop.bananierbleu.fr\/en\/wp-json\/wp\/v2\/media?parent=29"}],"wp:term":[{"taxonomy":"product_brand","embeddable":true,"href":"https:\/\/shop.bananierbleu.fr\/en\/wp-json\/wp\/v2\/product_brand?post=29"},{"taxonomy":"product_cat","embeddable":true,"href":"https:\/\/shop.bananierbleu.fr\/en\/wp-json\/wp\/v2\/product_cat?post=29"},{"taxonomy":"product_tag","embeddable":true,"href":"https:\/\/shop.bananierbleu.fr\/en\/wp-json\/wp\/v2\/product_tag?post=29"},{"taxonomy":"musiciens","embeddable":true,"href":"https:\/\/shop.bananierbleu.fr\/en\/wp-json\/wp\/v2\/musiciens?post=29"},{"taxonomy":"pays","embeddable":true,"href":"https:\/\/shop.bananierbleu.fr\/en\/wp-json\/wp\/v2\/pays?post=29"}],"curies":[{"name":"wp","href":"https:\/\/api.w.org\/{rel}","templated":true}]}}