{"id":312,"date":"2018-05-02T17:20:27","date_gmt":"2018-05-02T17:20:27","guid":{"rendered":"https:\/\/shop.bananierbleu.fr\/?post_type=product&#038;p=312"},"modified":"2023-05-17T18:05:37","modified_gmt":"2023-05-17T18:05:37","slug":"judith-flessel-ka-ou-vwe-2018","status":"publish","type":"product","link":"https:\/\/shop.bananierbleu.fr\/en\/product\/judith-flessel-ka-ou-vwe-2018\/","title":{"rendered":"Ka Ou Vw\u00e9 (Judith Flessel \/ 2018)"},"content":{"rendered":"","protected":false},"excerpt":{"rendered":"<p>New product, in blister pack.<\/p>\n<p>https:\/\/youtu.be\/4A3P5ZhY788<\/p>\n<ul>\n<li><strong>Year:<\/strong> 2018<\/li>\n<li><strong>Label\/Reference:<\/strong> (JFT 002)<\/li>\n<li><strong>Musicians:<\/strong> Judith Flessel, K\u00e9vin Jubert, Mike Clinton, Ralph Lavital, Herv\u00e9 Laval, Josias Capitaine, Jean-Marc Lerigab, Obam Zo\u00e9 Obianga, Iko, Rico Toto, Olivier Juste, C\u00e9line Languedoc, David Flessel, St\u00e9phane Athus, Julia Saar, Coco M&rsquo;bassi, Shanti Toto, Philippe Perronie, Guy Michel Gusto, Farahdji Toto<\/li>\n<li><strong>Tracks: <\/strong>1- Si Ou Pa Ni Lanmou &#8211; 04:12 \/ 2- Mesi Bondy\u00e9 &#8211; 05:02 \/ 3- Adan Nou &#8211; 04:31 \/ 4- Ma Mousso &#8211; 03:25 \/ 05- Ka Ou Vw\u00e8 &#8211; 05:32 \/ 06- Anraj\u00e9 \/ 7- D\u00e9 Mo Nou Di &#8211; 05:06 \/ 8- MJK 6\/8 &#8211; 03:59 \/ 9- Shanti &#8211; 02:44 \/ 10- Konfyans &#8211; 03:59 \/ 11- Farahdji &#8211; 05:11<\/li>\n<\/ul>\n<div><\/div>\n<div><\/div>\n<div style=\"position: static !important;\"><\/div>\n<div style=\"position: static !important;\"><\/div>","protected":false},"featured_media":313,"comment_status":"closed","ping_status":"closed","template":"","meta":{"_uag_custom_page_level_css":"","site-sidebar-layout":"default","site-content-layout":"default","ast-site-content-layout":"default","site-content-style":"default","site-sidebar-style":"default","ast-global-header-display":"","ast-banner-title-visibility":"","ast-main-header-display":"","ast-hfb-above-header-display":"","ast-hfb-below-header-display":"","ast-hfb-mobile-header-display":"","site-post-title":"","ast-breadcrumbs-content":"","ast-featured-img":"","footer-sml-layout":"","ast-disable-related-posts":"","theme-transparent-header-meta":"default","adv-header-id-meta":"","stick-header-meta":"","header-above-stick-meta":"","header-main-stick-meta":"","header-below-stick-meta":"","astra-migrate-meta-layouts":"default","ast-page-background-enabled":"default","ast-page-background-meta":{"desktop":{"background-color":"var(--ast-global-color-4)","background-image":"","background-repeat":"repeat","background-position":"center center","background-size":"auto","background-attachment":"scroll","background-type":"","background-media":"","overlay-type":"","overlay-color":"","overlay-opacity":"","overlay-gradient":""},"tablet":{"background-color":"","background-image":"","background-repeat":"repeat","background-position":"center center","background-size":"auto","background-attachment":"scroll","background-type":"","background-media":"","overlay-type":"","overlay-color":"","overlay-opacity":"","overlay-gradient":""},"mobile":{"background-color":"","background-image":"","background-repeat":"repeat","background-position":"center center","background-size":"auto","background-attachment":"scroll","background-type":"","background-media":"","overlay-type":"","overlay-color":"","overlay-opacity":"","overlay-gradient":""}},"ast-content-background-meta":{"desktop":{"background-color":"var(--ast-global-color-5)","background-image":"","background-repeat":"repeat","background-position":"center center","background-size":"auto","background-attachment":"scroll","background-type":"","background-media":"","overlay-type":"","overlay-color":"","overlay-opacity":"","overlay-gradient":""},"tablet":{"background-color":"var(--ast-global-color-5)","background-image":"","background-repeat":"repeat","background-position":"center center","background-size":"auto","background-attachment":"scroll","background-type":"","background-media":"","overlay-type":"","overlay-color":"","overlay-opacity":"","overlay-gradient":""},"mobile":{"background-color":"var(--ast-global-color-5)","background-image":"","background-repeat":"repeat","background-position":"center center","background-size":"auto","background-attachment":"scroll","background-type":"","background-media":"","overlay-type":"","overlay-color":"","overlay-opacity":"","overlay-gradient":""}}},"product_brand":[],"product_cat":[294],"product_tag":[420,627,626,394],"musiciens":[242,241,239,137,240,198],"pays":[226,227],"class_list":{"0":"post-312","1":"product","2":"type-product","3":"status-publish","4":"has-post-thumbnail","6":"product_cat-caraibe","7":"product_tag-jazz-creole","8":"product_tag-musique-antillaise","9":"product_tag-musiques-du-monde","10":"product_tag-zouk","11":"pa_etat-de-la-pochette-neuf-m","12":"pa_etat-du-disque-neuf-m","13":"pa_format-album","14":"pa_format-cd","15":"pa_format-digipack","16":"musiciens-celine-languedoc","17":"musiciens-herve-laval","18":"musiciens-mike-clinton","19":"musiciens-olivier-juste","20":"musiciens-ralph-lavital","21":"musiciens-rico-toto","22":"pays-ameriques","23":"pays-guadeloupe","24":"desktop-align-left","25":"tablet-align-left","26":"mobile-align-left","28":"first","29":"instock","30":"shipping-taxable","31":"purchasable","32":"product-type-simple"},"supplier_id":1148,"supplier_sku":"","barcode":null,"atum_controlled":true,"out_stock_date":null,"out_stock_threshold":null,"inheritable":false,"inbound_stock":0,"stock_on_hold":0,"sold_today":0,"sales_last_days":0,"reserved_stock":0,"customer_returns":0,"warehouse_damage":0,"lost_in_post":0,"other_logs":0,"out_stock_days":0,"lost_sales":0,"has_location":false,"update_date":"2026-04-14T00:03:54","atum_locations":[],"atum_stock_status":"instock","restock_status":false,"low_stock_amount":"","sales_update_date":"2026-04-14T00:03:54","calc_backorders":null,"uagb_featured_image_src":{"full":["https:\/\/shop.bananierbleu.fr\/wp-content\/uploads\/2018\/05\/KaOuVwe_front.jpg",1647,1470,false],"thumbnail":["https:\/\/shop.bananierbleu.fr\/wp-content\/uploads\/2018\/05\/KaOuVwe_front-150x150.jpg",150,150,true],"medium":["https:\/\/shop.bananierbleu.fr\/wp-content\/uploads\/2018\/05\/KaOuVwe_front-300x268.jpg",300,268,true],"medium_large":["https:\/\/shop.bananierbleu.fr\/wp-content\/uploads\/2018\/05\/KaOuVwe_front-768x685.jpg",768,685,true],"large":["https:\/\/shop.bananierbleu.fr\/wp-content\/uploads\/2018\/05\/KaOuVwe_front-1024x914.jpg",1024,914,true],"1536x1536":["https:\/\/shop.bananierbleu.fr\/wp-content\/uploads\/2018\/05\/KaOuVwe_front.jpg",1536,1371,false],"2048x2048":["https:\/\/shop.bananierbleu.fr\/wp-content\/uploads\/2018\/05\/KaOuVwe_front.jpg",1647,1470,false],"trp-custom-language-flag":["https:\/\/shop.bananierbleu.fr\/wp-content\/uploads\/2018\/05\/KaOuVwe_front.jpg",13,12,false],"woocommerce_thumbnail":["https:\/\/shop.bananierbleu.fr\/wp-content\/uploads\/2018\/05\/KaOuVwe_front-300x300.jpg",300,300,true],"woocommerce_single":["https:\/\/shop.bananierbleu.fr\/wp-content\/uploads\/2018\/05\/KaOuVwe_front-600x536.jpg",600,536,true],"woocommerce_gallery_thumbnail":["https:\/\/shop.bananierbleu.fr\/wp-content\/uploads\/2018\/05\/KaOuVwe_front-100x100.jpg",100,100,true]},"uagb_author_info":{"display_name":"Charlie Bb","author_link":"https:\/\/shop.bananierbleu.fr\/en\/author\/"},"uagb_comment_info":0,"uagb_excerpt":"Produit neuf, sous blister. https:\/\/youtu.be\/4A3P5ZhY788 Ann\u00e9e : 2018 Label \/ r\u00e9f\u00e9rence : (JFT 002) Personnel : Judith Flessel, K\u00e9vin Jubert, Mike Clinton, Ralph Lavital, Herv\u00e9 Laval, Josias Capitaine, Jean-Marc Lerigab, Obam Zo\u00e9 Obianga, Iko, Rico Toto, Olivier Juste, C\u00e9line Languedoc, David Flessel, St\u00e9phane Athus, Julia Saar, Coco M'bassi, Shanti Toto, Philippe Perronie, Guy Michel Gusto,&hellip;","_links":{"self":[{"href":"https:\/\/shop.bananierbleu.fr\/en\/wp-json\/wp\/v2\/product\/312","targetHints":{"allow":["GET"]}}],"collection":[{"href":"https:\/\/shop.bananierbleu.fr\/en\/wp-json\/wp\/v2\/product"}],"about":[{"href":"https:\/\/shop.bananierbleu.fr\/en\/wp-json\/wp\/v2\/types\/product"}],"replies":[{"embeddable":true,"href":"https:\/\/shop.bananierbleu.fr\/en\/wp-json\/wp\/v2\/comments?post=312"}],"wp:featuredmedia":[{"embeddable":true,"href":"https:\/\/shop.bananierbleu.fr\/en\/wp-json\/wp\/v2\/media\/313"}],"wp:attachment":[{"href":"https:\/\/shop.bananierbleu.fr\/en\/wp-json\/wp\/v2\/media?parent=312"}],"wp:term":[{"taxonomy":"product_brand","embeddable":true,"href":"https:\/\/shop.bananierbleu.fr\/en\/wp-json\/wp\/v2\/product_brand?post=312"},{"taxonomy":"product_cat","embeddable":true,"href":"https:\/\/shop.bananierbleu.fr\/en\/wp-json\/wp\/v2\/product_cat?post=312"},{"taxonomy":"product_tag","embeddable":true,"href":"https:\/\/shop.bananierbleu.fr\/en\/wp-json\/wp\/v2\/product_tag?post=312"},{"taxonomy":"musiciens","embeddable":true,"href":"https:\/\/shop.bananierbleu.fr\/en\/wp-json\/wp\/v2\/musiciens?post=312"},{"taxonomy":"pays","embeddable":true,"href":"https:\/\/shop.bananierbleu.fr\/en\/wp-json\/wp\/v2\/pays?post=312"}],"curies":[{"name":"wp","href":"https:\/\/api.w.org\/{rel}","templated":true}]}}