{"id":363,"date":"2001-11-10T11:53:27","date_gmt":"2001-11-10T11:53:27","guid":{"rendered":"https:\/\/shop.bananierbleu.fr\/?post_type=product&#038;p=363"},"modified":"2024-02-01T10:06:22","modified_gmt":"2024-02-01T10:06:22","slug":"jocelyn-menard-men-art-works-feat-alain-jean-marie-2001","status":"publish","type":"product","link":"https:\/\/shop.bananierbleu.fr\/en\/product\/jocelyn-menard-men-art-works-feat-alain-jean-marie-2001\/","title":{"rendered":"Men Art Works (Jocelyn M\u00e9nard feat. Alain Jean-Marie \/ 2001)"},"content":{"rendered":"","protected":false},"excerpt":{"rendered":"<p>Produit neuf, sous blister.<\/p>\n<p><em>\u00ab\u00a0Au soprano comme au t\u00e9nor, le jeu de Jocelyn M\u00e9nard se caract\u00e9rise par une constante lisibilit\u00e9, une densit\u00e9 d\u2019expression qui se conjugue \u00e0 une remarquable mobilit\u00e9 rythmique [\u2026] Mais l\u2019album n\u2019aurait pas atteint ce degr\u00e9 de r\u00e9ussite sans une impressionnante coh\u00e9sion d\u2019ensemble.\u00a0\u00bb<\/em> \u2013 St\u00e9phane Carimi \u2013 Jazzman \u2013 oct. 2002<br \/>\n<em>\u00ab\u00a0Jocelyn M\u00e9nard Jazz Quartet\u2019s label debut Men Art Works is an excellent sculpture of melodics mosaics collected on one amazing, inspired disc. [\u2026] M\u00e9nard is swinging hard and fast, rounding curves and personifying the opening song.\u00a0\u00bb<\/em> \u2013 Paula Edelstein \u2013 All Music Guide.<\/p>\n<ul>\n<li><strong>Ann\u00e9e :<\/strong> 2002<\/li>\n<li><strong>Label \/ r\u00e9f\u00e9rence :<\/strong> Effendi Records (FND025)<\/li>\n<li><strong>Personnel :<\/strong> Jocelyn M\u00e9nard (sax), Alain Jean-Marie (pno), Martin Auguste (dms), Georges Mitchell (dbl-bass)<\/li>\n<li><strong>Titres : <\/strong>01- On The Road &#8211; 05:15 \/ 02- My Country &#8211; 07:00 \/ 03- Tristesse &#8211; 07:35 \/ 04- Waladli &#8211; 05:41 \/ 05- El Chico &#8211; 05:30 \/ 06- Back Home &#8211; 07:30 \/ 07- Pour Marie &#8211; 05:46 \/ 08- To Be Alive &#8211; 08:00 \/ 09- Blues For Sosso &#8211; 04:55 \/ 10- Someday My Prince Will Come &#8211; 07:57<\/li>\n<\/ul>\n<p><b>[icon name=\"bandcamp\" prefix=\"fa\"] BandCamp : <\/b>\u00c9galement disponible en <a href=\"https:\/\/jocelynmenard.bandcamp.com\/album\/men-art-works\">t\u00e9l\u00e9chargement<\/a>.<\/p>\n","protected":false},"featured_media":364,"comment_status":"closed","ping_status":"closed","template":"","meta":{"_uag_custom_page_level_css":"","site-sidebar-layout":"default","site-content-layout":"default","ast-site-content-layout":"default","site-content-style":"default","site-sidebar-style":"default","ast-global-header-display":"","ast-banner-title-visibility":"","ast-main-header-display":"","ast-hfb-above-header-display":"","ast-hfb-below-header-display":"","ast-hfb-mobile-header-display":"","site-post-title":"","ast-breadcrumbs-content":"","ast-featured-img":"","footer-sml-layout":"","ast-disable-related-posts":"","theme-transparent-header-meta":"default","adv-header-id-meta":"","stick-header-meta":"","header-above-stick-meta":"","header-main-stick-meta":"","header-below-stick-meta":"","astra-migrate-meta-layouts":"default","ast-page-background-enabled":"default","ast-page-background-meta":{"desktop":{"background-color":"var(--ast-global-color-4)","background-image":"","background-repeat":"repeat","background-position":"center center","background-size":"auto","background-attachment":"scroll","background-type":"","background-media":"","overlay-type":"","overlay-color":"","overlay-opacity":"","overlay-gradient":""},"tablet":{"background-color":"","background-image":"","background-repeat":"repeat","background-position":"center center","background-size":"auto","background-attachment":"scroll","background-type":"","background-media":"","overlay-type":"","overlay-color":"","overlay-opacity":"","overlay-gradient":""},"mobile":{"background-color":"","background-image":"","background-repeat":"repeat","background-position":"center center","background-size":"auto","background-attachment":"scroll","background-type":"","background-media":"","overlay-type":"","overlay-color":"","overlay-opacity":"","overlay-gradient":""}},"ast-content-background-meta":{"desktop":{"background-color":"var(--ast-global-color-5)","background-image":"","background-repeat":"repeat","background-position":"center center","background-size":"auto","background-attachment":"scroll","background-type":"","background-media":"","overlay-type":"","overlay-color":"","overlay-opacity":"","overlay-gradient":""},"tablet":{"background-color":"var(--ast-global-color-5)","background-image":"","background-repeat":"repeat","background-position":"center center","background-size":"auto","background-attachment":"scroll","background-type":"","background-media":"","overlay-type":"","overlay-color":"","overlay-opacity":"","overlay-gradient":""},"mobile":{"background-color":"var(--ast-global-color-5)","background-image":"","background-repeat":"repeat","background-position":"center center","background-size":"auto","background-attachment":"scroll","background-type":"","background-media":"","overlay-type":"","overlay-color":"","overlay-opacity":"","overlay-gradient":""}}},"product_brand":[],"product_cat":[294,472],"product_tag":[429,414,441,627,626],"musiciens":[208,149],"pays":[226,247,227],"class_list":{"0":"post-363","1":"product","2":"type-product","3":"status-publish","4":"has-post-thumbnail","6":"product_cat-caraibe","7":"product_cat-jazz","8":"product_tag-bop","9":"product_tag-jazz","10":"product_tag-latin-jazz","11":"product_tag-musique-antillaise","12":"product_tag-musiques-du-monde","13":"pa_format-album","14":"pa_format-boitier-cristal","15":"pa_format-cd","16":"musiciens-alain-jean-marie","17":"musiciens-jocelyn-menard","18":"pays-ameriques","19":"pays-canada","20":"pays-guadeloupe","21":"desktop-align-left","22":"tablet-align-left","23":"mobile-align-left","25":"first","26":"instock","27":"shipping-taxable","28":"purchasable","29":"product-type-simple"},"supplier_id":1155,"supplier_sku":"","barcode":null,"atum_controlled":true,"out_stock_date":null,"out_stock_threshold":null,"inheritable":false,"inbound_stock":0,"stock_on_hold":0,"sold_today":0,"sales_last_days":0,"reserved_stock":0,"customer_returns":0,"warehouse_damage":0,"lost_in_post":0,"other_logs":0,"out_stock_days":0,"lost_sales":0,"has_location":false,"update_date":"2026-04-26T00:08:54","atum_locations":[],"atum_stock_status":"instock","restock_status":false,"low_stock_amount":"","sales_update_date":"2026-04-26T00:08:54","calc_backorders":null,"uagb_featured_image_src":{"full":["https:\/\/shop.bananierbleu.fr\/wp-content\/uploads\/2019\/11\/MenArtWorks_front_cover.jpg",700,700,false],"thumbnail":["https:\/\/shop.bananierbleu.fr\/wp-content\/uploads\/2019\/11\/MenArtWorks_front_cover-150x150.jpg",150,150,true],"medium":["https:\/\/shop.bananierbleu.fr\/wp-content\/uploads\/2019\/11\/MenArtWorks_front_cover-300x300.jpg",300,300,true],"medium_large":["https:\/\/shop.bananierbleu.fr\/wp-content\/uploads\/2019\/11\/MenArtWorks_front_cover.jpg",700,700,false],"large":["https:\/\/shop.bananierbleu.fr\/wp-content\/uploads\/2019\/11\/MenArtWorks_front_cover.jpg",700,700,false],"1536x1536":["https:\/\/shop.bananierbleu.fr\/wp-content\/uploads\/2019\/11\/MenArtWorks_front_cover.jpg",700,700,false],"2048x2048":["https:\/\/shop.bananierbleu.fr\/wp-content\/uploads\/2019\/11\/MenArtWorks_front_cover.jpg",700,700,false],"trp-custom-language-flag":["https:\/\/shop.bananierbleu.fr\/wp-content\/uploads\/2019\/11\/MenArtWorks_front_cover.jpg",12,12,false],"woocommerce_thumbnail":["https:\/\/shop.bananierbleu.fr\/wp-content\/uploads\/2019\/11\/MenArtWorks_front_cover-300x300.jpg",300,300,true],"woocommerce_single":["https:\/\/shop.bananierbleu.fr\/wp-content\/uploads\/2019\/11\/MenArtWorks_front_cover-600x600.jpg",600,600,true],"woocommerce_gallery_thumbnail":["https:\/\/shop.bananierbleu.fr\/wp-content\/uploads\/2019\/11\/MenArtWorks_front_cover-100x100.jpg",100,100,true]},"uagb_author_info":{"display_name":"Charlie Bb","author_link":"https:\/\/shop.bananierbleu.fr\/en\/author\/"},"uagb_comment_info":0,"uagb_excerpt":"Produit neuf, sous blister. \u00ab\u00a0Au soprano comme au t\u00e9nor, le jeu de Jocelyn M\u00e9nard se caract\u00e9rise par une constante lisibilit\u00e9, une densit\u00e9 d\u2019expression qui se conjugue \u00e0 une remarquable mobilit\u00e9 rythmique [\u2026] Mais l\u2019album n\u2019aurait pas atteint ce degr\u00e9 de r\u00e9ussite sans une impressionnante coh\u00e9sion d\u2019ensemble.\u00a0\u00bb \u2013 St\u00e9phane Carimi \u2013 Jazzman \u2013 oct. 2002 \u00ab\u00a0Jocelyn&hellip;","_links":{"self":[{"href":"https:\/\/shop.bananierbleu.fr\/en\/wp-json\/wp\/v2\/product\/363","targetHints":{"allow":["GET"]}}],"collection":[{"href":"https:\/\/shop.bananierbleu.fr\/en\/wp-json\/wp\/v2\/product"}],"about":[{"href":"https:\/\/shop.bananierbleu.fr\/en\/wp-json\/wp\/v2\/types\/product"}],"replies":[{"embeddable":true,"href":"https:\/\/shop.bananierbleu.fr\/en\/wp-json\/wp\/v2\/comments?post=363"}],"wp:featuredmedia":[{"embeddable":true,"href":"https:\/\/shop.bananierbleu.fr\/en\/wp-json\/wp\/v2\/media\/364"}],"wp:attachment":[{"href":"https:\/\/shop.bananierbleu.fr\/en\/wp-json\/wp\/v2\/media?parent=363"}],"wp:term":[{"taxonomy":"product_brand","embeddable":true,"href":"https:\/\/shop.bananierbleu.fr\/en\/wp-json\/wp\/v2\/product_brand?post=363"},{"taxonomy":"product_cat","embeddable":true,"href":"https:\/\/shop.bananierbleu.fr\/en\/wp-json\/wp\/v2\/product_cat?post=363"},{"taxonomy":"product_tag","embeddable":true,"href":"https:\/\/shop.bananierbleu.fr\/en\/wp-json\/wp\/v2\/product_tag?post=363"},{"taxonomy":"musiciens","embeddable":true,"href":"https:\/\/shop.bananierbleu.fr\/en\/wp-json\/wp\/v2\/musiciens?post=363"},{"taxonomy":"pays","embeddable":true,"href":"https:\/\/shop.bananierbleu.fr\/en\/wp-json\/wp\/v2\/pays?post=363"}],"curies":[{"name":"wp","href":"https:\/\/api.w.org\/{rel}","templated":true}]}}