{"id":371,"date":"2009-11-10T16:08:31","date_gmt":"2009-11-10T16:08:31","guid":{"rendered":"https:\/\/shop.bananierbleu.fr\/?post_type=product&#038;p=371"},"modified":"2023-05-17T19:53:35","modified_gmt":"2023-05-17T19:53:35","slug":"jazz-kreyol-trio-nos-richesses-2009","status":"publish","type":"product","link":"https:\/\/shop.bananierbleu.fr\/en\/product\/jazz-kreyol-trio-nos-richesses-2009\/","title":{"rendered":"Nos Richesses (Jazz Kreyol Trio \/ 2009)"},"content":{"rendered":"","protected":false},"excerpt":{"rendered":"<p>New product, in blister pack.<\/p>\n<ul>\n<li><strong>Year:<\/strong> 2009<\/li>\n<li><strong>Label\/Reference: <\/strong>Debs Music (5938-2)<\/li>\n<li><strong>Musicians:<\/strong> Dominique Leblanc (pno), Nicolas Noyon (b), Herv\u00e9 Laval (dms)<\/li>\n<li><strong>Tracks:<\/strong> 1- 6, 5, 4 Kreyol &#8211; 03:12 \/ 2- Angelina &#8211; 04:46 \/ 3- J&rsquo;aime la Guyane &#8211; 07:52 \/ 4- Je me souviens &#8211; 05:36 \/ 5- La ri zabim &#8211; 03:54 \/ 6- Hommage \u00e0 madame Blerald &#8211; 06:11 \/ 7- Le meilleur des papas &#8211; 05:30 \/ 8- H\u00e9l\u00e8ne &#8211; 01:41 \/ 9- Aur\u00e9lie &#8211; 06:28 \/ 10- Nos richesses &#8211; 05:13 \/ 11- Rituel Ti bwa modern (Hommage \u00e0 G\u00e9rard Lockel) &#8211; 07:43 \/ 12- Plein ciel &#8211; 04:48<\/li>\n<\/ul>","protected":false},"featured_media":372,"comment_status":"closed","ping_status":"closed","template":"","meta":{"_uag_custom_page_level_css":"","site-sidebar-layout":"default","site-content-layout":"default","ast-site-content-layout":"default","site-content-style":"default","site-sidebar-style":"default","ast-global-header-display":"","ast-banner-title-visibility":"","ast-main-header-display":"","ast-hfb-above-header-display":"","ast-hfb-below-header-display":"","ast-hfb-mobile-header-display":"","site-post-title":"","ast-breadcrumbs-content":"","ast-featured-img":"","footer-sml-layout":"","ast-disable-related-posts":"","theme-transparent-header-meta":"default","adv-header-id-meta":"","stick-header-meta":"","header-above-stick-meta":"","header-main-stick-meta":"","header-below-stick-meta":"","astra-migrate-meta-layouts":"default","ast-page-background-enabled":"default","ast-page-background-meta":{"desktop":{"background-color":"var(--ast-global-color-4)","background-image":"","background-repeat":"repeat","background-position":"center center","background-size":"auto","background-attachment":"scroll","background-type":"","background-media":"","overlay-type":"","overlay-color":"","overlay-opacity":"","overlay-gradient":""},"tablet":{"background-color":"","background-image":"","background-repeat":"repeat","background-position":"center center","background-size":"auto","background-attachment":"scroll","background-type":"","background-media":"","overlay-type":"","overlay-color":"","overlay-opacity":"","overlay-gradient":""},"mobile":{"background-color":"","background-image":"","background-repeat":"repeat","background-position":"center center","background-size":"auto","background-attachment":"scroll","background-type":"","background-media":"","overlay-type":"","overlay-color":"","overlay-opacity":"","overlay-gradient":""}},"ast-content-background-meta":{"desktop":{"background-color":"var(--ast-global-color-5)","background-image":"","background-repeat":"repeat","background-position":"center center","background-size":"auto","background-attachment":"scroll","background-type":"","background-media":"","overlay-type":"","overlay-color":"","overlay-opacity":"","overlay-gradient":""},"tablet":{"background-color":"var(--ast-global-color-5)","background-image":"","background-repeat":"repeat","background-position":"center center","background-size":"auto","background-attachment":"scroll","background-type":"","background-media":"","overlay-type":"","overlay-color":"","overlay-opacity":"","overlay-gradient":""},"mobile":{"background-color":"var(--ast-global-color-5)","background-image":"","background-repeat":"repeat","background-position":"center center","background-size":"auto","background-attachment":"scroll","background-type":"","background-media":"","overlay-type":"","overlay-color":"","overlay-opacity":"","overlay-gradient":""}}},"product_brand":[],"product_cat":[294,472],"product_tag":[414,420,627,626,415],"musiciens":[249,241],"pays":[226,227,233],"class_list":{"0":"post-371","1":"product","2":"type-product","3":"status-publish","4":"has-post-thumbnail","6":"product_cat-caraibe","7":"product_cat-jazz","8":"product_tag-jazz","9":"product_tag-jazz-creole","10":"product_tag-musique-antillaise","11":"product_tag-musiques-du-monde","12":"product_tag-piano","13":"pa_format-album","14":"pa_format-boitier-cristal","15":"pa_format-cd","16":"musiciens-dominique-leblanc","17":"musiciens-herve-laval","18":"pays-ameriques","19":"pays-guadeloupe","20":"pays-guyane","21":"desktop-align-left","22":"tablet-align-left","23":"mobile-align-left","25":"first","26":"instock","27":"shipping-taxable","28":"purchasable","29":"product-type-simple"},"supplier_id":1175,"supplier_sku":"","barcode":null,"atum_controlled":true,"out_stock_date":null,"out_stock_threshold":null,"inheritable":false,"inbound_stock":0,"stock_on_hold":0,"sold_today":0,"sales_last_days":0,"reserved_stock":0,"customer_returns":0,"warehouse_damage":0,"lost_in_post":0,"other_logs":0,"out_stock_days":0,"lost_sales":0,"has_location":false,"update_date":"2026-04-10T00:02:55","atum_locations":[],"atum_stock_status":"instock","restock_status":false,"low_stock_amount":"","sales_update_date":"2026-04-10T00:02:55","calc_backorders":null,"uagb_featured_image_src":{"full":["https:\/\/shop.bananierbleu.fr\/wp-content\/uploads\/2019\/11\/Nos-richesses-front.jpg",400,398,false],"thumbnail":["https:\/\/shop.bananierbleu.fr\/wp-content\/uploads\/2019\/11\/Nos-richesses-front-150x150.jpg",150,150,true],"medium":["https:\/\/shop.bananierbleu.fr\/wp-content\/uploads\/2019\/11\/Nos-richesses-front-300x300.jpg",300,300,true],"medium_large":["https:\/\/shop.bananierbleu.fr\/wp-content\/uploads\/2019\/11\/Nos-richesses-front.jpg",400,398,false],"large":["https:\/\/shop.bananierbleu.fr\/wp-content\/uploads\/2019\/11\/Nos-richesses-front.jpg",400,398,false],"1536x1536":["https:\/\/shop.bananierbleu.fr\/wp-content\/uploads\/2019\/11\/Nos-richesses-front.jpg",400,398,false],"2048x2048":["https:\/\/shop.bananierbleu.fr\/wp-content\/uploads\/2019\/11\/Nos-richesses-front.jpg",400,398,false],"trp-custom-language-flag":["https:\/\/shop.bananierbleu.fr\/wp-content\/uploads\/2019\/11\/Nos-richesses-front.jpg",12,12,false],"woocommerce_thumbnail":["https:\/\/shop.bananierbleu.fr\/wp-content\/uploads\/2019\/11\/Nos-richesses-front-300x300.jpg",300,300,true],"woocommerce_single":["https:\/\/shop.bananierbleu.fr\/wp-content\/uploads\/2019\/11\/Nos-richesses-front.jpg",400,398,false],"woocommerce_gallery_thumbnail":["https:\/\/shop.bananierbleu.fr\/wp-content\/uploads\/2019\/11\/Nos-richesses-front-100x100.jpg",100,100,true]},"uagb_author_info":{"display_name":"Charlie Bb","author_link":"https:\/\/shop.bananierbleu.fr\/en\/author\/"},"uagb_comment_info":0,"uagb_excerpt":"Produit neuf, sous blister. Ann\u00e9e : 2009 Label \/ r\u00e9f\u00e9rence : Debs Music (5938-2) Personnel : Dominique Leblanc (pno), Nicolas Noyon (b), Herv\u00e9 Laval (dms) Titres : 1- 6, 5, 4 Kreyol - 03:12 \/ 2- Angelina - 04:46 \/ 3- J'aime la Guyane - 07:52 \/ 4- Je me souviens - 05:36 \/ 5-&hellip;","_links":{"self":[{"href":"https:\/\/shop.bananierbleu.fr\/en\/wp-json\/wp\/v2\/product\/371","targetHints":{"allow":["GET"]}}],"collection":[{"href":"https:\/\/shop.bananierbleu.fr\/en\/wp-json\/wp\/v2\/product"}],"about":[{"href":"https:\/\/shop.bananierbleu.fr\/en\/wp-json\/wp\/v2\/types\/product"}],"replies":[{"embeddable":true,"href":"https:\/\/shop.bananierbleu.fr\/en\/wp-json\/wp\/v2\/comments?post=371"}],"wp:featuredmedia":[{"embeddable":true,"href":"https:\/\/shop.bananierbleu.fr\/en\/wp-json\/wp\/v2\/media\/372"}],"wp:attachment":[{"href":"https:\/\/shop.bananierbleu.fr\/en\/wp-json\/wp\/v2\/media?parent=371"}],"wp:term":[{"taxonomy":"product_brand","embeddable":true,"href":"https:\/\/shop.bananierbleu.fr\/en\/wp-json\/wp\/v2\/product_brand?post=371"},{"taxonomy":"product_cat","embeddable":true,"href":"https:\/\/shop.bananierbleu.fr\/en\/wp-json\/wp\/v2\/product_cat?post=371"},{"taxonomy":"product_tag","embeddable":true,"href":"https:\/\/shop.bananierbleu.fr\/en\/wp-json\/wp\/v2\/product_tag?post=371"},{"taxonomy":"musiciens","embeddable":true,"href":"https:\/\/shop.bananierbleu.fr\/en\/wp-json\/wp\/v2\/musiciens?post=371"},{"taxonomy":"pays","embeddable":true,"href":"https:\/\/shop.bananierbleu.fr\/en\/wp-json\/wp\/v2\/pays?post=371"}],"curies":[{"name":"wp","href":"https:\/\/api.w.org\/{rel}","templated":true}]}}