{"id":374,"date":"2008-11-10T16:21:21","date_gmt":"2008-11-10T16:21:21","guid":{"rendered":"https:\/\/shop.bananierbleu.fr\/?post_type=product&#038;p=374"},"modified":"2025-04-25T16:26:53","modified_gmt":"2025-04-25T14:26:53","slug":"kimbol-invitation-2008","status":"publish","type":"product","link":"https:\/\/shop.bananierbleu.fr\/en\/product\/kimbol-invitation-2008\/","title":{"rendered":"Invitation (Kimb\u00f2l \/ 2008)"},"content":{"rendered":"","protected":false},"excerpt":{"rendered":"<p>New product, in blister pack.<\/p>\n<ul>\n<li><strong>Year:<\/strong> 2008<\/li>\n<li><strong>Label\/Reference:<\/strong> Chabine Prod (KB 004)<\/li>\n<li><strong>Musicians:<\/strong> Maryl\u00e8ne Troup\u00e9, Jenna Legros, Fabrice Troup\u00e9, Emilie Epaminondas, Laurence Jules-Gaston, Sonny Troup\u00e9, Fabienne Condo, Arnaud Dolmen, Vanessa Jules-Gaston, Jasmina Legros, Michel Mado, Jocelyn M\u00e9nard, Lucile Kancel, Patrice Hulman, Armand Ach\u00e9ron, Alza Bordin, Jean-Pierre Coquerelle<\/li>\n<li><strong>Tracks:<\/strong> 1- Nou J\u00e9 (Envitasyon) &#8211; 4:46 \/ 2- Tanp\u00e8t &#8211; 4:51 \/ 3- Z\u00e8z\u00e8l &#8211; 4:35 \/ 4- Lyen \u00e9t\u00e8wn\u00e8l &#8211; 6:15 \/ 5- Kimb\u00f2l endikatif 1 &#8211; 0:57 \/ 6- On b\u00e8l balan &#8211; 3:19 \/ 7- Tand\u00e8m &#8211; 4:52 \/ 8- Sinenn &#8211; 5:32 \/ 9- Konfyans pou d\u00e8men &#8211; 8:20 \/ 10- On d\u00f2t jou &#8211; 3:49 \/ 11- M\u00f2d n\u00b03 (l\u00e9w\u00f2z) &#8211; 3:08 \/ 12- V\u00e9lo &#8211; 6:57 \/ 13- Kimb\u00f2l endikatif 2 &#8211; 2:53<\/li>\n<\/ul>","protected":false},"featured_media":375,"comment_status":"closed","ping_status":"closed","template":"","meta":{"_uag_custom_page_level_css":"","site-sidebar-layout":"default","site-content-layout":"default","ast-site-content-layout":"default","site-content-style":"default","site-sidebar-style":"default","ast-global-header-display":"","ast-banner-title-visibility":"","ast-main-header-display":"","ast-hfb-above-header-display":"","ast-hfb-below-header-display":"","ast-hfb-mobile-header-display":"","site-post-title":"","ast-breadcrumbs-content":"","ast-featured-img":"","footer-sml-layout":"","ast-disable-related-posts":"","theme-transparent-header-meta":"default","adv-header-id-meta":"","stick-header-meta":"","header-above-stick-meta":"","header-main-stick-meta":"","header-below-stick-meta":"","astra-migrate-meta-layouts":"default","ast-page-background-enabled":"default","ast-page-background-meta":{"desktop":{"background-color":"var(--ast-global-color-4)","background-image":"","background-repeat":"repeat","background-position":"center center","background-size":"auto","background-attachment":"scroll","background-type":"","background-media":"","overlay-type":"","overlay-color":"","overlay-opacity":"","overlay-gradient":""},"tablet":{"background-color":"","background-image":"","background-repeat":"repeat","background-position":"center center","background-size":"auto","background-attachment":"scroll","background-type":"","background-media":"","overlay-type":"","overlay-color":"","overlay-opacity":"","overlay-gradient":""},"mobile":{"background-color":"","background-image":"","background-repeat":"repeat","background-position":"center center","background-size":"auto","background-attachment":"scroll","background-type":"","background-media":"","overlay-type":"","overlay-color":"","overlay-opacity":"","overlay-gradient":""}},"ast-content-background-meta":{"desktop":{"background-color":"var(--ast-global-color-5)","background-image":"","background-repeat":"repeat","background-position":"center center","background-size":"auto","background-attachment":"scroll","background-type":"","background-media":"","overlay-type":"","overlay-color":"","overlay-opacity":"","overlay-gradient":""},"tablet":{"background-color":"var(--ast-global-color-5)","background-image":"","background-repeat":"repeat","background-position":"center center","background-size":"auto","background-attachment":"scroll","background-type":"","background-media":"","overlay-type":"","overlay-color":"","overlay-opacity":"","overlay-gradient":""},"mobile":{"background-color":"var(--ast-global-color-5)","background-image":"","background-repeat":"repeat","background-position":"center center","background-size":"auto","background-attachment":"scroll","background-type":"","background-media":"","overlay-type":"","overlay-color":"","overlay-opacity":"","overlay-gradient":""}}},"product_brand":[],"product_cat":[294],"product_tag":[424,420,627,626],"musiciens":[131,251,149,250,138],"pays":[226,227],"class_list":{"0":"post-374","1":"product","2":"type-product","3":"status-publish","4":"has-post-thumbnail","6":"product_cat-caraibe","7":"product_tag-gwoka","8":"product_tag-jazz-creole","9":"product_tag-musique-antillaise","10":"product_tag-musiques-du-monde","11":"pa_format-album","12":"pa_format-boitier-cristal","13":"pa_format-cd","14":"musiciens-arnaud-dolmen","15":"musiciens-jean-pierre-coquerelle","16":"musiciens-jocelyn-menard","17":"musiciens-michel-mado","18":"musiciens-sonny-troupe","19":"pays-ameriques","20":"pays-guadeloupe","21":"desktop-align-left","22":"tablet-align-left","23":"mobile-align-left","25":"first","26":"instock","27":"shipping-taxable","28":"purchasable","29":"product-type-simple"},"supplier_id":1149,"supplier_sku":"","barcode":null,"atum_controlled":true,"out_stock_date":null,"out_stock_threshold":null,"inheritable":false,"inbound_stock":0,"stock_on_hold":0,"sold_today":0,"sales_last_days":0,"reserved_stock":0,"customer_returns":0,"warehouse_damage":0,"lost_in_post":0,"other_logs":0,"out_stock_days":0,"lost_sales":0,"has_location":false,"update_date":"2026-04-16T00:04:42","atum_locations":[],"atum_stock_status":"instock","restock_status":false,"low_stock_amount":"","sales_update_date":"2026-04-16T00:04:42","calc_backorders":null,"uagb_featured_image_src":{"full":["https:\/\/shop.bananierbleu.fr\/wp-content\/uploads\/2019\/11\/invitation-300.jpg",300,298,false],"thumbnail":["https:\/\/shop.bananierbleu.fr\/wp-content\/uploads\/2019\/11\/invitation-300-150x150.jpg",150,150,true],"medium":["https:\/\/shop.bananierbleu.fr\/wp-content\/uploads\/2019\/11\/invitation-300-300x298.jpg",300,298,true],"medium_large":["https:\/\/shop.bananierbleu.fr\/wp-content\/uploads\/2019\/11\/invitation-300.jpg",300,298,false],"large":["https:\/\/shop.bananierbleu.fr\/wp-content\/uploads\/2019\/11\/invitation-300.jpg",300,298,false],"1536x1536":["https:\/\/shop.bananierbleu.fr\/wp-content\/uploads\/2019\/11\/invitation-300.jpg",300,298,false],"2048x2048":["https:\/\/shop.bananierbleu.fr\/wp-content\/uploads\/2019\/11\/invitation-300.jpg",300,298,false],"trp-custom-language-flag":["https:\/\/shop.bananierbleu.fr\/wp-content\/uploads\/2019\/11\/invitation-300.jpg",12,12,false],"woocommerce_thumbnail":["https:\/\/shop.bananierbleu.fr\/wp-content\/uploads\/2019\/11\/invitation-300.jpg",300,298,false],"woocommerce_single":["https:\/\/shop.bananierbleu.fr\/wp-content\/uploads\/2019\/11\/invitation-300.jpg",300,298,false],"woocommerce_gallery_thumbnail":["https:\/\/shop.bananierbleu.fr\/wp-content\/uploads\/2019\/11\/invitation-300-100x100.jpg",100,100,true]},"uagb_author_info":{"display_name":"Charlie Bb","author_link":"https:\/\/shop.bananierbleu.fr\/en\/author\/"},"uagb_comment_info":0,"uagb_excerpt":"Produit neuf, sous blister. Ann\u00e9e : 2008 Label \/ r\u00e9f\u00e9rence : Chabine Prod (KB 004) Personnel : Maryl\u00e8ne Troup\u00e9, Jenna Legros, Fabrice Troup\u00e9, Emilie Epaminondas, Laurence Jules-Gaston, Sonny Troup\u00e9, Fabienne Condo, Arnaud Dolmen, Vanessa Jules-Gaston, Jasmina Legros, Michel Mado, Jocelyn M\u00e9nard, Lucile Kancel, Patrice Hulman, Armand Ach\u00e9ron, Alza Bordin, Jean-Pierre Coquerelle Titres : 1- Nou&hellip;","_links":{"self":[{"href":"https:\/\/shop.bananierbleu.fr\/en\/wp-json\/wp\/v2\/product\/374","targetHints":{"allow":["GET"]}}],"collection":[{"href":"https:\/\/shop.bananierbleu.fr\/en\/wp-json\/wp\/v2\/product"}],"about":[{"href":"https:\/\/shop.bananierbleu.fr\/en\/wp-json\/wp\/v2\/types\/product"}],"replies":[{"embeddable":true,"href":"https:\/\/shop.bananierbleu.fr\/en\/wp-json\/wp\/v2\/comments?post=374"}],"wp:featuredmedia":[{"embeddable":true,"href":"https:\/\/shop.bananierbleu.fr\/en\/wp-json\/wp\/v2\/media\/375"}],"wp:attachment":[{"href":"https:\/\/shop.bananierbleu.fr\/en\/wp-json\/wp\/v2\/media?parent=374"}],"wp:term":[{"taxonomy":"product_brand","embeddable":true,"href":"https:\/\/shop.bananierbleu.fr\/en\/wp-json\/wp\/v2\/product_brand?post=374"},{"taxonomy":"product_cat","embeddable":true,"href":"https:\/\/shop.bananierbleu.fr\/en\/wp-json\/wp\/v2\/product_cat?post=374"},{"taxonomy":"product_tag","embeddable":true,"href":"https:\/\/shop.bananierbleu.fr\/en\/wp-json\/wp\/v2\/product_tag?post=374"},{"taxonomy":"musiciens","embeddable":true,"href":"https:\/\/shop.bananierbleu.fr\/en\/wp-json\/wp\/v2\/musiciens?post=374"},{"taxonomy":"pays","embeddable":true,"href":"https:\/\/shop.bananierbleu.fr\/en\/wp-json\/wp\/v2\/pays?post=374"}],"curies":[{"name":"wp","href":"https:\/\/api.w.org\/{rel}","templated":true}]}}