{"id":389,"date":"2003-11-10T17:13:06","date_gmt":"2003-11-10T17:13:06","guid":{"rendered":"https:\/\/shop.bananierbleu.fr\/?post_type=product&#038;p=389"},"modified":"2023-08-24T16:14:25","modified_gmt":"2023-08-24T16:14:25","slug":"dominik-coco-lakou-zaboka-2003","status":"publish","type":"product","link":"https:\/\/shop.bananierbleu.fr\/en\/product\/dominik-coco-lakou-zaboka-2003\/","title":{"rendered":"Lakou Zaboka (Dominik Coco \/ 2003)"},"content":{"rendered":"","protected":false},"excerpt":{"rendered":"<p>New product, in blister pack.<\/p>\n<ul>\n<li><strong>Year:<\/strong> 2003<\/li>\n<li><strong>Label\/Reference:<\/strong><\/li>\n<li><strong>Musicians:<\/strong> Dominik Coco, Eric Delblond, Daniel Kissoun, Didier Juste, Harry Prudent\u00e9, Willy Blomblou, Nathalie Jeanlys + Leedyah Barlagne, Willy Salzedo, Jean-Christophe Maillard, Thierry Jean-Pierre, Ludovic Tinval, Jean-Michel Lesdel, Philippe Sadikalay&#8230;<\/li>\n<\/ul>","protected":false},"featured_media":390,"comment_status":"closed","ping_status":"closed","template":"","meta":{"_uag_custom_page_level_css":"","site-sidebar-layout":"default","site-content-layout":"default","ast-site-content-layout":"default","site-content-style":"default","site-sidebar-style":"default","ast-global-header-display":"","ast-banner-title-visibility":"","ast-main-header-display":"","ast-hfb-above-header-display":"","ast-hfb-below-header-display":"","ast-hfb-mobile-header-display":"","site-post-title":"","ast-breadcrumbs-content":"","ast-featured-img":"","footer-sml-layout":"","ast-disable-related-posts":"","theme-transparent-header-meta":"default","adv-header-id-meta":"","stick-header-meta":"","header-above-stick-meta":"","header-main-stick-meta":"","header-below-stick-meta":"","astra-migrate-meta-layouts":"default","ast-page-background-enabled":"default","ast-page-background-meta":{"desktop":{"background-color":"var(--ast-global-color-4)","background-image":"","background-repeat":"repeat","background-position":"center center","background-size":"auto","background-attachment":"scroll","background-type":"","background-media":"","overlay-type":"","overlay-color":"","overlay-opacity":"","overlay-gradient":""},"tablet":{"background-color":"","background-image":"","background-repeat":"repeat","background-position":"center center","background-size":"auto","background-attachment":"scroll","background-type":"","background-media":"","overlay-type":"","overlay-color":"","overlay-opacity":"","overlay-gradient":""},"mobile":{"background-color":"","background-image":"","background-repeat":"repeat","background-position":"center center","background-size":"auto","background-attachment":"scroll","background-type":"","background-media":"","overlay-type":"","overlay-color":"","overlay-opacity":"","overlay-gradient":""}},"ast-content-background-meta":{"desktop":{"background-color":"var(--ast-global-color-5)","background-image":"","background-repeat":"repeat","background-position":"center center","background-size":"auto","background-attachment":"scroll","background-type":"","background-media":"","overlay-type":"","overlay-color":"","overlay-opacity":"","overlay-gradient":""},"tablet":{"background-color":"var(--ast-global-color-5)","background-image":"","background-repeat":"repeat","background-position":"center center","background-size":"auto","background-attachment":"scroll","background-type":"","background-media":"","overlay-type":"","overlay-color":"","overlay-opacity":"","overlay-gradient":""},"mobile":{"background-color":"var(--ast-global-color-5)","background-image":"","background-repeat":"repeat","background-position":"center center","background-size":"auto","background-attachment":"scroll","background-type":"","background-media":"","overlay-type":"","overlay-color":"","overlay-opacity":"","overlay-gradient":""}}},"product_brand":[],"product_cat":[294,471],"product_tag":[627,626,444,394],"musiciens":[197,263,264,265,269,270,267,266,271,272,268],"pays":[226,227],"class_list":{"0":"post-389","1":"product","2":"type-product","3":"status-publish","4":"has-post-thumbnail","6":"product_cat-caraibe","7":"product_cat-funk-soul","8":"product_tag-musique-antillaise","9":"product_tag-musiques-du-monde","10":"product_tag-soul-creole","11":"product_tag-zouk","12":"pa_format-album","13":"pa_format-boitier-cristal","14":"pa_format-cd","15":"musiciens-didier-juste","16":"musiciens-dominik-coco","17":"musiciens-eric-delblond","18":"musiciens-harry-prudente","19":"musiciens-jean-christophe-maillard","20":"musiciens-jean-michel-lesdel","21":"musiciens-leedyah-barlagne","22":"musiciens-nathalie-jeanlys","23":"musiciens-philippe-sadikalay","24":"musiciens-thierry-jean-pierre","25":"musiciens-willy-salzedo","26":"pays-ameriques","27":"pays-guadeloupe","28":"desktop-align-left","29":"tablet-align-left","30":"mobile-align-left","32":"first","33":"instock","34":"shipping-taxable","35":"purchasable","36":"product-type-simple"},"supplier_id":1153,"supplier_sku":"","barcode":null,"atum_controlled":true,"out_stock_date":null,"out_stock_threshold":null,"inheritable":false,"inbound_stock":0,"stock_on_hold":0,"sold_today":0,"sales_last_days":0,"reserved_stock":0,"customer_returns":0,"warehouse_damage":0,"lost_in_post":0,"other_logs":0,"out_stock_days":0,"lost_sales":0,"has_location":false,"update_date":"2026-04-15T00:03:56","atum_locations":[],"atum_stock_status":"instock","restock_status":false,"low_stock_amount":"","sales_update_date":"2026-04-15T00:03:56","calc_backorders":null,"uagb_featured_image_src":{"full":["https:\/\/shop.bananierbleu.fr\/wp-content\/uploads\/2019\/11\/Lakou-Zaboka-front.jpg",710,702,false],"thumbnail":["https:\/\/shop.bananierbleu.fr\/wp-content\/uploads\/2019\/11\/Lakou-Zaboka-front-150x150.jpg",150,150,true],"medium":["https:\/\/shop.bananierbleu.fr\/wp-content\/uploads\/2019\/11\/Lakou-Zaboka-front-300x297.jpg",300,297,true],"medium_large":["https:\/\/shop.bananierbleu.fr\/wp-content\/uploads\/2019\/11\/Lakou-Zaboka-front.jpg",710,702,false],"large":["https:\/\/shop.bananierbleu.fr\/wp-content\/uploads\/2019\/11\/Lakou-Zaboka-front.jpg",710,702,false],"1536x1536":["https:\/\/shop.bananierbleu.fr\/wp-content\/uploads\/2019\/11\/Lakou-Zaboka-front.jpg",710,702,false],"2048x2048":["https:\/\/shop.bananierbleu.fr\/wp-content\/uploads\/2019\/11\/Lakou-Zaboka-front.jpg",710,702,false],"trp-custom-language-flag":["https:\/\/shop.bananierbleu.fr\/wp-content\/uploads\/2019\/11\/Lakou-Zaboka-front.jpg",12,12,false],"woocommerce_thumbnail":["https:\/\/shop.bananierbleu.fr\/wp-content\/uploads\/2019\/11\/Lakou-Zaboka-front-300x300.jpg",300,300,true],"woocommerce_single":["https:\/\/shop.bananierbleu.fr\/wp-content\/uploads\/2019\/11\/Lakou-Zaboka-front-600x593.jpg",600,593,true],"woocommerce_gallery_thumbnail":["https:\/\/shop.bananierbleu.fr\/wp-content\/uploads\/2019\/11\/Lakou-Zaboka-front-100x100.jpg",100,100,true]},"uagb_author_info":{"display_name":"Charlie Bb","author_link":"https:\/\/shop.bananierbleu.fr\/en\/author\/"},"uagb_comment_info":0,"uagb_excerpt":"Produit neuf, sous blister. Ann\u00e9e : 2003 Label \/ r\u00e9f\u00e9rence : Personnel : Dominik Coco, Eric Delblond, Daniel Kissoun, Didier Juste, Harry Prudent\u00e9, Willy Blomblou, Nathalie Jeanlys + Leedyah Barlagne, Willy Salzedo, Jean-Christophe Maillard, Thierry Jean-Pierre, Ludovic Tinval, Jean-Michel Lesdel, Philippe Sadikalay...","_links":{"self":[{"href":"https:\/\/shop.bananierbleu.fr\/en\/wp-json\/wp\/v2\/product\/389","targetHints":{"allow":["GET"]}}],"collection":[{"href":"https:\/\/shop.bananierbleu.fr\/en\/wp-json\/wp\/v2\/product"}],"about":[{"href":"https:\/\/shop.bananierbleu.fr\/en\/wp-json\/wp\/v2\/types\/product"}],"replies":[{"embeddable":true,"href":"https:\/\/shop.bananierbleu.fr\/en\/wp-json\/wp\/v2\/comments?post=389"}],"wp:featuredmedia":[{"embeddable":true,"href":"https:\/\/shop.bananierbleu.fr\/en\/wp-json\/wp\/v2\/media\/390"}],"wp:attachment":[{"href":"https:\/\/shop.bananierbleu.fr\/en\/wp-json\/wp\/v2\/media?parent=389"}],"wp:term":[{"taxonomy":"product_brand","embeddable":true,"href":"https:\/\/shop.bananierbleu.fr\/en\/wp-json\/wp\/v2\/product_brand?post=389"},{"taxonomy":"product_cat","embeddable":true,"href":"https:\/\/shop.bananierbleu.fr\/en\/wp-json\/wp\/v2\/product_cat?post=389"},{"taxonomy":"product_tag","embeddable":true,"href":"https:\/\/shop.bananierbleu.fr\/en\/wp-json\/wp\/v2\/product_tag?post=389"},{"taxonomy":"musiciens","embeddable":true,"href":"https:\/\/shop.bananierbleu.fr\/en\/wp-json\/wp\/v2\/musiciens?post=389"},{"taxonomy":"pays","embeddable":true,"href":"https:\/\/shop.bananierbleu.fr\/en\/wp-json\/wp\/v2\/pays?post=389"}],"curies":[{"name":"wp","href":"https:\/\/api.w.org\/{rel}","templated":true}]}}