{"id":39,"date":"2007-03-21T21:37:18","date_gmt":"2007-03-21T21:37:18","guid":{"rendered":"https:\/\/shop.bananierbleu.fr\/?post_type=product&#038;p=39"},"modified":"2025-10-26T23:46:00","modified_gmt":"2025-10-26T22:46:00","slug":"caraib-ii-jazz-ciij-2007","status":"publish","type":"product","link":"https:\/\/shop.bananierbleu.fr\/en\/product\/caraib-ii-jazz-ciij-2007\/","title":{"rendered":"Caraib II Jazz (Caraib II Jazz \/ 2007)"},"content":{"rendered":"","protected":false},"excerpt":{"rendered":"<p>New product, in blister pack.<\/p>\n<ul>\n<li><strong>Year:<\/strong> 2007<\/li>\n<li><strong>Musicians:<\/strong> Laurent Lalsingu\u00e9 (steel drums), Jonathan Jurion (pno &amp; keys), R\u00e9gis Th\u00e9r\u00e8se (b), Gr\u00e9gory Louis (drms). Invit\u00e9s : Dominique Tauliaut (ka &amp; perc), Laurent Coatalen (perc), Jacques Schwarz-Bart (sax), Lucile Kancel &amp; Patrice Hulman (bckg vcls)<\/li>\n<li><strong>Tracks: <\/strong>Gwadafrika (G. Louis) \u2013 7:06 \/ Remember Malecone (R. Th\u00e9r\u00e8se) \u2013 8:09 \/ Flying Colors (J. Jurion) \u2013 7:05 \/ Medites (L. Lalsingu\u00e9) \u2013 6:30 \/ Yelale (R. Th\u00e9r\u00e8se) \u2013 6:50 \/ Nanou (J. Jurion) \u2013 3:00 \/ 1,50m (J. Jurion) \u2013 9:07 \/ Five 4U ( G. Louis) \u2013 6:35 \/ Vermine (J. Jurion) \u2013 9:43 \/ Fam Kreol (J. Jurion, P. Lalsingu\u00e9)<\/li>\n<\/ul>","protected":false},"featured_media":40,"comment_status":"closed","ping_status":"closed","template":"","meta":{"_uag_custom_page_level_css":"","site-sidebar-layout":"default","site-content-layout":"default","ast-site-content-layout":"default","site-content-style":"default","site-sidebar-style":"default","ast-global-header-display":"","ast-banner-title-visibility":"","ast-main-header-display":"","ast-hfb-above-header-display":"","ast-hfb-below-header-display":"","ast-hfb-mobile-header-display":"","site-post-title":"","ast-breadcrumbs-content":"","ast-featured-img":"","footer-sml-layout":"","ast-disable-related-posts":"","theme-transparent-header-meta":"default","adv-header-id-meta":"","stick-header-meta":"","header-above-stick-meta":"","header-main-stick-meta":"","header-below-stick-meta":"","astra-migrate-meta-layouts":"default","ast-page-background-enabled":"default","ast-page-background-meta":{"desktop":{"background-color":"var(--ast-global-color-4)","background-image":"","background-repeat":"repeat","background-position":"center center","background-size":"auto","background-attachment":"scroll","background-type":"","background-media":"","overlay-type":"","overlay-color":"","overlay-opacity":"","overlay-gradient":""},"tablet":{"background-color":"","background-image":"","background-repeat":"repeat","background-position":"center center","background-size":"auto","background-attachment":"scroll","background-type":"","background-media":"","overlay-type":"","overlay-color":"","overlay-opacity":"","overlay-gradient":""},"mobile":{"background-color":"","background-image":"","background-repeat":"repeat","background-position":"center center","background-size":"auto","background-attachment":"scroll","background-type":"","background-media":"","overlay-type":"","overlay-color":"","overlay-opacity":"","overlay-gradient":""}},"ast-content-background-meta":{"desktop":{"background-color":"var(--ast-global-color-5)","background-image":"","background-repeat":"repeat","background-position":"center center","background-size":"auto","background-attachment":"scroll","background-type":"","background-media":"","overlay-type":"","overlay-color":"","overlay-opacity":"","overlay-gradient":""},"tablet":{"background-color":"var(--ast-global-color-5)","background-image":"","background-repeat":"repeat","background-position":"center center","background-size":"auto","background-attachment":"scroll","background-type":"","background-media":"","overlay-type":"","overlay-color":"","overlay-opacity":"","overlay-gradient":""},"mobile":{"background-color":"var(--ast-global-color-5)","background-image":"","background-repeat":"repeat","background-position":"center center","background-size":"auto","background-attachment":"scroll","background-type":"","background-media":"","overlay-type":"","overlay-color":"","overlay-opacity":"","overlay-gradient":""}}},"product_brand":[],"product_cat":[294,472],"product_tag":[420,627,626,433],"musiciens":[176,177,178,134,179,180],"pays":[226,227,228],"class_list":{"0":"post-39","1":"product","2":"type-product","3":"status-publish","4":"has-post-thumbnail","6":"product_cat-caraibe","7":"product_cat-jazz","8":"product_tag-jazz-creole","9":"product_tag-musique-antillaise","10":"product_tag-musiques-du-monde","11":"product_tag-steel-drums","12":"pa_format-album","13":"pa_format-cd","14":"pa_format-digipack","15":"musiciens-dominique-tauliaut","16":"musiciens-gregory-louis","17":"musiciens-jacques-schwarz-bart","18":"musiciens-jonathan-jurion","19":"musiciens-laurent-lalsingue","20":"musiciens-regis-therese","21":"pays-ameriques","22":"pays-guadeloupe","23":"pays-martinique","24":"desktop-align-left","25":"tablet-align-left","26":"mobile-align-left","28":"first","29":"outofstock","30":"shipping-taxable","31":"purchasable","32":"product-type-simple"},"supplier_id":1166,"supplier_sku":"","barcode":null,"atum_controlled":true,"out_stock_date":"2025-10-26 23:46:00","out_stock_threshold":null,"inheritable":false,"inbound_stock":0,"stock_on_hold":0,"sold_today":0,"sales_last_days":0,"reserved_stock":0,"customer_returns":0,"warehouse_damage":0,"lost_in_post":0,"other_logs":0,"out_stock_days":183,"lost_sales":444,"has_location":false,"update_date":"2026-04-28T00:09:01","atum_locations":[],"atum_stock_status":"outofstock","restock_status":false,"low_stock_amount":"","sales_update_date":"2026-04-28T00:09:01","calc_backorders":null,"uagb_featured_image_src":{"full":["https:\/\/shop.bananierbleu.fr\/wp-content\/uploads\/2018\/03\/CIIJ-front.jpg",942,940,false],"thumbnail":["https:\/\/shop.bananierbleu.fr\/wp-content\/uploads\/2018\/03\/CIIJ-front-150x150.jpg",150,150,true],"medium":["https:\/\/shop.bananierbleu.fr\/wp-content\/uploads\/2018\/03\/CIIJ-front-300x300.jpg",300,300,true],"medium_large":["https:\/\/shop.bananierbleu.fr\/wp-content\/uploads\/2018\/03\/CIIJ-front-768x766.jpg",768,766,true],"large":["https:\/\/shop.bananierbleu.fr\/wp-content\/uploads\/2018\/03\/CIIJ-front.jpg",942,940,false],"1536x1536":["https:\/\/shop.bananierbleu.fr\/wp-content\/uploads\/2018\/03\/CIIJ-front.jpg",942,940,false],"2048x2048":["https:\/\/shop.bananierbleu.fr\/wp-content\/uploads\/2018\/03\/CIIJ-front.jpg",942,940,false],"trp-custom-language-flag":["https:\/\/shop.bananierbleu.fr\/wp-content\/uploads\/2018\/03\/CIIJ-front.jpg",12,12,false],"woocommerce_thumbnail":["https:\/\/shop.bananierbleu.fr\/wp-content\/uploads\/2018\/03\/CIIJ-front-300x300.jpg",300,300,true],"woocommerce_single":["https:\/\/shop.bananierbleu.fr\/wp-content\/uploads\/2018\/03\/CIIJ-front-600x599.jpg",600,599,true],"woocommerce_gallery_thumbnail":["https:\/\/shop.bananierbleu.fr\/wp-content\/uploads\/2018\/03\/CIIJ-front-100x100.jpg",100,100,true]},"uagb_author_info":{"display_name":"admin","author_link":"https:\/\/shop.bananierbleu.fr\/en\/author\/"},"uagb_comment_info":0,"uagb_excerpt":"Produit neuf, sous blister. Ann\u00e9e : 2007 Personnel : Laurent Lalsingu\u00e9 (steel drums), Jonathan Jurion (pno &amp; keys), R\u00e9gis Th\u00e9r\u00e8se (b), Gr\u00e9gory Louis (drms). Invit\u00e9s : Dominique Tauliaut (ka &amp; perc), Laurent Coatalen (perc), Jacques Schwarz-Bart (sax), Lucile Kancel &amp; Patrice Hulman (bckg vcls) Titres : Gwadafrika (G. Louis) \u2013 7:06 \/ Remember Malecone (R.&hellip;","_links":{"self":[{"href":"https:\/\/shop.bananierbleu.fr\/en\/wp-json\/wp\/v2\/product\/39","targetHints":{"allow":["GET"]}}],"collection":[{"href":"https:\/\/shop.bananierbleu.fr\/en\/wp-json\/wp\/v2\/product"}],"about":[{"href":"https:\/\/shop.bananierbleu.fr\/en\/wp-json\/wp\/v2\/types\/product"}],"replies":[{"embeddable":true,"href":"https:\/\/shop.bananierbleu.fr\/en\/wp-json\/wp\/v2\/comments?post=39"}],"wp:featuredmedia":[{"embeddable":true,"href":"https:\/\/shop.bananierbleu.fr\/en\/wp-json\/wp\/v2\/media\/40"}],"wp:attachment":[{"href":"https:\/\/shop.bananierbleu.fr\/en\/wp-json\/wp\/v2\/media?parent=39"}],"wp:term":[{"taxonomy":"product_brand","embeddable":true,"href":"https:\/\/shop.bananierbleu.fr\/en\/wp-json\/wp\/v2\/product_brand?post=39"},{"taxonomy":"product_cat","embeddable":true,"href":"https:\/\/shop.bananierbleu.fr\/en\/wp-json\/wp\/v2\/product_cat?post=39"},{"taxonomy":"product_tag","embeddable":true,"href":"https:\/\/shop.bananierbleu.fr\/en\/wp-json\/wp\/v2\/product_tag?post=39"},{"taxonomy":"musiciens","embeddable":true,"href":"https:\/\/shop.bananierbleu.fr\/en\/wp-json\/wp\/v2\/musiciens?post=39"},{"taxonomy":"pays","embeddable":true,"href":"https:\/\/shop.bananierbleu.fr\/en\/wp-json\/wp\/v2\/pays?post=39"}],"curies":[{"name":"wp","href":"https:\/\/api.w.org\/{rel}","templated":true}]}}