{"id":392,"date":"2006-11-10T17:20:30","date_gmt":"2006-11-10T17:20:30","guid":{"rendered":"https:\/\/shop.bananierbleu.fr\/?post_type=product&#038;p=392"},"modified":"2023-05-17T18:05:37","modified_gmt":"2023-05-17T18:05:37","slug":"dominik-coco-live-la-2006","status":"publish","type":"product","link":"https:\/\/shop.bananierbleu.fr\/en\/product\/dominik-coco-live-la-2006\/","title":{"rendered":"Live-La (Dominik Coco \/ 2006)"},"content":{"rendered":"","protected":false},"excerpt":{"rendered":"<p>New product, in blister pack.<\/p>\n<p><span class=\"_aacl _aaco _aacu _aacx _aad7 _aade\">The 2000s are the great years of excitement around <strong>Dominik Coco<\/strong>. The singer comes out of Volt-Face and launches his energetic folk creole, mixed with zouk, reggae, rap, creole soul and gwoka. The success is also linked to the real welded tribe that accompanies the leader, the unavoidable Karibbean Koumbeat. The rhythmic of Eric \"Bluebass\" Delblond and Daniel Kissoun, completed by the percussion of Didier Juste, the chorus of Nathalie Jeanlys and Leedyah Barlagne (the neighbor), and in lead Willy Salzedo (keys), Philippe Sadikalay (sax), Ludovic Tinval and Willy Blombou (guitars). And to complete the team, we cannot forget the management of Dominique Hubert and the very late Guy-Michel Couvin, charismatic alter ego of the leader, prematurely disappeared. <strong>Live-La<\/strong> est enregistr\u00e9 durant les tourn\u00e9es de l\u2019\u00e9poque et parait en 2006. La ferveur du public est au rendez-vous, qui se d\u00e9foule sur les succ\u00e8s de Coco (Gwada, Natirel Po\u00e9zi etc.) ou les reprises de Jeff Joseph (Imajin\u00e9). Pour mieux replonger dans l\u2019ambiance de la tourn\u00e9e, Live-La comprend \u00e9galement un DVD du m\u00eame programme.<\/span><\/p>\n<ul>\n<li><strong>Year:<\/strong> 2006<\/li>\n<li><strong>Musicians:<\/strong> Dominik Coco, Daniel Kissoun, Eric Delblond, Didier Juste, Nathalie Jeanlys, Leedyah Barlagne, Philippe Sadikalay, Willy Salzedo, Willy Blombou.<\/li>\n<\/ul>","protected":false},"featured_media":393,"comment_status":"closed","ping_status":"closed","template":"","meta":{"_uag_custom_page_level_css":"","site-sidebar-layout":"default","site-content-layout":"default","ast-site-content-layout":"default","site-content-style":"default","site-sidebar-style":"default","ast-global-header-display":"","ast-banner-title-visibility":"","ast-main-header-display":"","ast-hfb-above-header-display":"","ast-hfb-below-header-display":"","ast-hfb-mobile-header-display":"","site-post-title":"","ast-breadcrumbs-content":"","ast-featured-img":"","footer-sml-layout":"","ast-disable-related-posts":"","theme-transparent-header-meta":"default","adv-header-id-meta":"","stick-header-meta":"","header-above-stick-meta":"","header-main-stick-meta":"","header-below-stick-meta":"","astra-migrate-meta-layouts":"default","ast-page-background-enabled":"default","ast-page-background-meta":{"desktop":{"background-color":"var(--ast-global-color-4)","background-image":"","background-repeat":"repeat","background-position":"center center","background-size":"auto","background-attachment":"scroll","background-type":"","background-media":"","overlay-type":"","overlay-color":"","overlay-opacity":"","overlay-gradient":""},"tablet":{"background-color":"","background-image":"","background-repeat":"repeat","background-position":"center center","background-size":"auto","background-attachment":"scroll","background-type":"","background-media":"","overlay-type":"","overlay-color":"","overlay-opacity":"","overlay-gradient":""},"mobile":{"background-color":"","background-image":"","background-repeat":"repeat","background-position":"center center","background-size":"auto","background-attachment":"scroll","background-type":"","background-media":"","overlay-type":"","overlay-color":"","overlay-opacity":"","overlay-gradient":""}},"ast-content-background-meta":{"desktop":{"background-color":"var(--ast-global-color-5)","background-image":"","background-repeat":"repeat","background-position":"center center","background-size":"auto","background-attachment":"scroll","background-type":"","background-media":"","overlay-type":"","overlay-color":"","overlay-opacity":"","overlay-gradient":""},"tablet":{"background-color":"var(--ast-global-color-5)","background-image":"","background-repeat":"repeat","background-position":"center center","background-size":"auto","background-attachment":"scroll","background-type":"","background-media":"","overlay-type":"","overlay-color":"","overlay-opacity":"","overlay-gradient":""},"mobile":{"background-color":"var(--ast-global-color-5)","background-image":"","background-repeat":"repeat","background-position":"center center","background-size":"auto","background-attachment":"scroll","background-type":"","background-media":"","overlay-type":"","overlay-color":"","overlay-opacity":"","overlay-gradient":""}}},"product_brand":[],"product_cat":[294,471],"product_tag":[627,626,444,394,615],"musiciens":[197,263,264,267,266,271,268],"pays":[226,227],"class_list":{"0":"post-392","1":"product","2":"type-product","3":"status-publish","4":"has-post-thumbnail","6":"product_cat-caraibe","7":"product_cat-funk-soul","8":"product_tag-musique-antillaise","9":"product_tag-musiques-du-monde","10":"product_tag-soul-creole","11":"product_tag-zouk","12":"product_tag-zouk-music","13":"pa_format-album","14":"pa_format-cd","15":"pa_format-digipack","16":"pa_format-dvd","17":"musiciens-didier-juste","18":"musiciens-dominik-coco","19":"musiciens-eric-delblond","20":"musiciens-leedyah-barlagne","21":"musiciens-nathalie-jeanlys","22":"musiciens-philippe-sadikalay","23":"musiciens-willy-salzedo","24":"pays-ameriques","25":"pays-guadeloupe","26":"desktop-align-left","27":"tablet-align-left","28":"mobile-align-left","30":"first","31":"instock","32":"shipping-taxable","33":"purchasable","34":"product-type-simple"},"supplier_id":1153,"supplier_sku":"","barcode":null,"atum_controlled":true,"out_stock_date":null,"out_stock_threshold":null,"inheritable":false,"inbound_stock":0,"stock_on_hold":0,"sold_today":0,"sales_last_days":0,"reserved_stock":0,"customer_returns":0,"warehouse_damage":0,"lost_in_post":0,"other_logs":0,"out_stock_days":0,"lost_sales":0,"has_location":false,"update_date":"2026-04-21T00:06:51","atum_locations":[],"atum_stock_status":"instock","restock_status":false,"low_stock_amount":"","sales_update_date":"2026-04-21T00:06:51","calc_backorders":null,"uagb_featured_image_src":{"full":["https:\/\/shop.bananierbleu.fr\/wp-content\/uploads\/2019\/11\/Live-La-front.jpg",818,757,false],"thumbnail":["https:\/\/shop.bananierbleu.fr\/wp-content\/uploads\/2019\/11\/Live-La-front-150x150.jpg",150,150,true],"medium":["https:\/\/shop.bananierbleu.fr\/wp-content\/uploads\/2019\/11\/Live-La-front-300x278.jpg",300,278,true],"medium_large":["https:\/\/shop.bananierbleu.fr\/wp-content\/uploads\/2019\/11\/Live-La-front-768x711.jpg",768,711,true],"large":["https:\/\/shop.bananierbleu.fr\/wp-content\/uploads\/2019\/11\/Live-La-front.jpg",818,757,false],"1536x1536":["https:\/\/shop.bananierbleu.fr\/wp-content\/uploads\/2019\/11\/Live-La-front.jpg",818,757,false],"2048x2048":["https:\/\/shop.bananierbleu.fr\/wp-content\/uploads\/2019\/11\/Live-La-front.jpg",818,757,false],"trp-custom-language-flag":["https:\/\/shop.bananierbleu.fr\/wp-content\/uploads\/2019\/11\/Live-La-front.jpg",13,12,false],"woocommerce_thumbnail":["https:\/\/shop.bananierbleu.fr\/wp-content\/uploads\/2019\/11\/Live-La-front-300x300.jpg",300,300,true],"woocommerce_single":["https:\/\/shop.bananierbleu.fr\/wp-content\/uploads\/2019\/11\/Live-La-front-600x555.jpg",600,555,true],"woocommerce_gallery_thumbnail":["https:\/\/shop.bananierbleu.fr\/wp-content\/uploads\/2019\/11\/Live-La-front-100x100.jpg",100,100,true]},"uagb_author_info":{"display_name":"Charlie Bb","author_link":"https:\/\/shop.bananierbleu.fr\/en\/author\/"},"uagb_comment_info":0,"uagb_excerpt":"Produit neuf, sous blister. Les ann\u00e9es 2000 sont les grandes ann\u00e9es de la fureur Dominik Coco. Le chanteur sort de Volt-Face et lance son cr\u00e9ole folk \u00e9nergique, m\u00e2tin\u00e9 de zouk, de reggae, de rap, de creole soul et de gwoka. Le succ\u00e8s est aussi li\u00e9 \u00e0 la v\u00e9ritable tribu soud\u00e9e qui accompagne le leader, l\u2019incontournable&hellip;","_links":{"self":[{"href":"https:\/\/shop.bananierbleu.fr\/en\/wp-json\/wp\/v2\/product\/392","targetHints":{"allow":["GET"]}}],"collection":[{"href":"https:\/\/shop.bananierbleu.fr\/en\/wp-json\/wp\/v2\/product"}],"about":[{"href":"https:\/\/shop.bananierbleu.fr\/en\/wp-json\/wp\/v2\/types\/product"}],"replies":[{"embeddable":true,"href":"https:\/\/shop.bananierbleu.fr\/en\/wp-json\/wp\/v2\/comments?post=392"}],"wp:featuredmedia":[{"embeddable":true,"href":"https:\/\/shop.bananierbleu.fr\/en\/wp-json\/wp\/v2\/media\/393"}],"wp:attachment":[{"href":"https:\/\/shop.bananierbleu.fr\/en\/wp-json\/wp\/v2\/media?parent=392"}],"wp:term":[{"taxonomy":"product_brand","embeddable":true,"href":"https:\/\/shop.bananierbleu.fr\/en\/wp-json\/wp\/v2\/product_brand?post=392"},{"taxonomy":"product_cat","embeddable":true,"href":"https:\/\/shop.bananierbleu.fr\/en\/wp-json\/wp\/v2\/product_cat?post=392"},{"taxonomy":"product_tag","embeddable":true,"href":"https:\/\/shop.bananierbleu.fr\/en\/wp-json\/wp\/v2\/product_tag?post=392"},{"taxonomy":"musiciens","embeddable":true,"href":"https:\/\/shop.bananierbleu.fr\/en\/wp-json\/wp\/v2\/musiciens?post=392"},{"taxonomy":"pays","embeddable":true,"href":"https:\/\/shop.bananierbleu.fr\/en\/wp-json\/wp\/v2\/pays?post=392"}],"curies":[{"name":"wp","href":"https:\/\/api.w.org\/{rel}","templated":true}]}}