{"id":42,"date":"2005-03-21T21:50:00","date_gmt":"2005-03-21T21:50:00","guid":{"rendered":"https:\/\/shop.bananierbleu.fr\/?post_type=product&#038;p=42"},"modified":"2025-08-25T19:39:54","modified_gmt":"2025-08-25T17:39:54","slug":"iguane-xtet-maagix-2005","status":"publish","type":"product","link":"https:\/\/shop.bananierbleu.fr\/en\/product\/iguane-xtet-maagix-2005\/","title":{"rendered":"Maagix (Iguane Xtet \/ 2005)"},"content":{"rendered":"","protected":false},"excerpt":{"rendered":"<p>Produit neuf, sous blister.<\/p>\n<p>Les toutes derni\u00e8res copies de l&rsquo;iconique premier album d&rsquo;Iguane Xtet. Enregistr\u00e9 \u00e0 Pointe-\u00e0-Pitre aux studios Namn, et avec les participations de Jacques Schwarz-Bart et Bruno Jofa.<\/p>\n<p>https:\/\/youtu.be\/4ujuRiZ_Vb0<\/p>\n<ul>\n<li><strong>Ann\u00e9e :<\/strong> 2005<\/li>\n<li><strong>Label \/ R\u00e9f\u00e9rence :<\/strong> le Bananier bleu (122IG315)<\/li>\n<li><strong>Personnel :<\/strong> Alain Jos\u00e9phine (ts, ss), Marc Chillet (g), Jonathan Jurion (pno, kbd), Josy Michineau (b), Joby Julienne (ka &amp; perc), Eric Danquin (dms) &#8211; Invit\u00e9s Jacques Schwarz-Bart (ts #1, #2), Bruno Jofa (vln #1, #4), Emil Spanyi (synth #3).<\/li>\n<li><strong>Titres :<\/strong> 1- Retrouvailles \/ 2- You don\u2019t Understand \/ 3- P\u00e9yi Mwen \/ 4- Mr. J. \/ 5- Purple Sofa \/ 6- Pomoskii \/ 7- Lend\u00e9pandans \/ 8- Lespwa \/ 9- Light is Coming Your Way \/ 10- Namoyaade \/ 11- Heart Beats in Beirut \/ 12- After David \/ 13- Saturday Night with Bliinch<\/li>\n<\/ul>\n<p><b>[icon name=\"bandcamp\" prefix=\"fa\"] BandCamp : <\/b>\u00c9galement disponible en <a href=\"https:\/\/iguanextet.bandcamp.com\/album\/maagix\">t\u00e9l\u00e9chargement<\/a>.<\/p>\n<div style=\"position: static !important;\"><\/div>\n<div style=\"position: static !important;\"><\/div>\n","protected":false},"featured_media":43,"comment_status":"closed","ping_status":"closed","template":"","meta":{"_uag_custom_page_level_css":"","site-sidebar-layout":"default","site-content-layout":"default","ast-site-content-layout":"default","site-content-style":"default","site-sidebar-style":"default","ast-global-header-display":"","ast-banner-title-visibility":"","ast-main-header-display":"","ast-hfb-above-header-display":"","ast-hfb-below-header-display":"","ast-hfb-mobile-header-display":"","site-post-title":"","ast-breadcrumbs-content":"","ast-featured-img":"","footer-sml-layout":"","ast-disable-related-posts":"","theme-transparent-header-meta":"default","adv-header-id-meta":"","stick-header-meta":"","header-above-stick-meta":"","header-main-stick-meta":"","header-below-stick-meta":"","astra-migrate-meta-layouts":"default","ast-page-background-enabled":"default","ast-page-background-meta":{"desktop":{"background-color":"var(--ast-global-color-4)","background-image":"","background-repeat":"repeat","background-position":"center center","background-size":"auto","background-attachment":"scroll","background-type":"","background-media":"","overlay-type":"","overlay-color":"","overlay-opacity":"","overlay-gradient":""},"tablet":{"background-color":"","background-image":"","background-repeat":"repeat","background-position":"center center","background-size":"auto","background-attachment":"scroll","background-type":"","background-media":"","overlay-type":"","overlay-color":"","overlay-opacity":"","overlay-gradient":""},"mobile":{"background-color":"","background-image":"","background-repeat":"repeat","background-position":"center center","background-size":"auto","background-attachment":"scroll","background-type":"","background-media":"","overlay-type":"","overlay-color":"","overlay-opacity":"","overlay-gradient":""}},"ast-content-background-meta":{"desktop":{"background-color":"var(--ast-global-color-5)","background-image":"","background-repeat":"repeat","background-position":"center center","background-size":"auto","background-attachment":"scroll","background-type":"","background-media":"","overlay-type":"","overlay-color":"","overlay-opacity":"","overlay-gradient":""},"tablet":{"background-color":"var(--ast-global-color-5)","background-image":"","background-repeat":"repeat","background-position":"center center","background-size":"auto","background-attachment":"scroll","background-type":"","background-media":"","overlay-type":"","overlay-color":"","overlay-opacity":"","overlay-gradient":""},"mobile":{"background-color":"var(--ast-global-color-5)","background-image":"","background-repeat":"repeat","background-position":"center center","background-size":"auto","background-attachment":"scroll","background-type":"","background-media":"","overlay-type":"","overlay-color":"","overlay-opacity":"","overlay-gradient":""}}},"product_brand":[],"product_cat":[294,472],"product_tag":[435,414,430,627,626],"musiciens":[140,218,141,178,144,134,145],"pays":[226,227],"class_list":{"0":"post-42","1":"product","2":"type-product","3":"status-publish","4":"has-post-thumbnail","6":"product_cat-caraibe","7":"product_cat-jazz","8":"product_tag-gwoka-moderne","9":"product_tag-jazz","10":"product_tag-jazz-fusion","11":"product_tag-musique-antillaise","12":"product_tag-musiques-du-monde","13":"pa_format-album","14":"pa_format-boitier-cristal","15":"pa_format-cd","16":"musiciens-alain-josephine","17":"musiciens-bruno-jofa","18":"musiciens-eric-danquin","19":"musiciens-jacques-schwarz-bart","20":"musiciens-joby-julienne","21":"musiciens-jonathan-jurion","22":"musiciens-marc-chillet","23":"pays-ameriques","24":"pays-guadeloupe","25":"desktop-align-left","26":"tablet-align-left","27":"mobile-align-left","29":"first","30":"instock","31":"shipping-taxable","32":"purchasable","33":"product-type-simple"},"supplier_id":1160,"supplier_sku":"","barcode":null,"atum_controlled":true,"out_stock_date":null,"out_stock_threshold":null,"inheritable":false,"inbound_stock":0,"stock_on_hold":0,"sold_today":0,"sales_last_days":0,"reserved_stock":0,"customer_returns":0,"warehouse_damage":0,"lost_in_post":0,"other_logs":0,"out_stock_days":0,"lost_sales":0,"has_location":false,"update_date":"2026-04-21T00:06:51","atum_locations":[],"atum_stock_status":"instock","restock_status":false,"low_stock_amount":"","sales_update_date":"2026-04-21T00:06:51","calc_backorders":null,"uagb_featured_image_src":{"full":["https:\/\/shop.bananierbleu.fr\/wp-content\/uploads\/2018\/03\/Maagix_800.jpg",800,800,false],"thumbnail":["https:\/\/shop.bananierbleu.fr\/wp-content\/uploads\/2018\/03\/Maagix_800-150x150.jpg",150,150,true],"medium":["https:\/\/shop.bananierbleu.fr\/wp-content\/uploads\/2018\/03\/Maagix_800-300x300.jpg",300,300,true],"medium_large":["https:\/\/shop.bananierbleu.fr\/wp-content\/uploads\/2018\/03\/Maagix_800-768x768.jpg",768,768,true],"large":["https:\/\/shop.bananierbleu.fr\/wp-content\/uploads\/2018\/03\/Maagix_800.jpg",800,800,false],"1536x1536":["https:\/\/shop.bananierbleu.fr\/wp-content\/uploads\/2018\/03\/Maagix_800.jpg",800,800,false],"2048x2048":["https:\/\/shop.bananierbleu.fr\/wp-content\/uploads\/2018\/03\/Maagix_800.jpg",800,800,false],"trp-custom-language-flag":["https:\/\/shop.bananierbleu.fr\/wp-content\/uploads\/2018\/03\/Maagix_800.jpg",12,12,false],"woocommerce_thumbnail":["https:\/\/shop.bananierbleu.fr\/wp-content\/uploads\/2018\/03\/Maagix_800-300x300.jpg",300,300,true],"woocommerce_single":["https:\/\/shop.bananierbleu.fr\/wp-content\/uploads\/2018\/03\/Maagix_800-600x600.jpg",600,600,true],"woocommerce_gallery_thumbnail":["https:\/\/shop.bananierbleu.fr\/wp-content\/uploads\/2018\/03\/Maagix_800-100x100.jpg",100,100,true]},"uagb_author_info":{"display_name":"admin","author_link":"https:\/\/shop.bananierbleu.fr\/en\/author\/"},"uagb_comment_info":0,"uagb_excerpt":"Produit neuf, sous blister. Les toutes derni\u00e8res copies de l'iconique premier album d'Iguane Xtet. Enregistr\u00e9 \u00e0 Pointe-\u00e0-Pitre aux studios Namn, et avec les participations de Jacques Schwarz-Bart et Bruno Jofa. https:\/\/youtu.be\/4ujuRiZ_Vb0 Ann\u00e9e : 2005 Label \/ R\u00e9f\u00e9rence : le Bananier bleu (122IG315) Personnel : Alain Jos\u00e9phine (ts, ss), Marc Chillet (g), Jonathan Jurion (pno, kbd),&hellip;","_links":{"self":[{"href":"https:\/\/shop.bananierbleu.fr\/en\/wp-json\/wp\/v2\/product\/42","targetHints":{"allow":["GET"]}}],"collection":[{"href":"https:\/\/shop.bananierbleu.fr\/en\/wp-json\/wp\/v2\/product"}],"about":[{"href":"https:\/\/shop.bananierbleu.fr\/en\/wp-json\/wp\/v2\/types\/product"}],"replies":[{"embeddable":true,"href":"https:\/\/shop.bananierbleu.fr\/en\/wp-json\/wp\/v2\/comments?post=42"}],"wp:featuredmedia":[{"embeddable":true,"href":"https:\/\/shop.bananierbleu.fr\/en\/wp-json\/wp\/v2\/media\/43"}],"wp:attachment":[{"href":"https:\/\/shop.bananierbleu.fr\/en\/wp-json\/wp\/v2\/media?parent=42"}],"wp:term":[{"taxonomy":"product_brand","embeddable":true,"href":"https:\/\/shop.bananierbleu.fr\/en\/wp-json\/wp\/v2\/product_brand?post=42"},{"taxonomy":"product_cat","embeddable":true,"href":"https:\/\/shop.bananierbleu.fr\/en\/wp-json\/wp\/v2\/product_cat?post=42"},{"taxonomy":"product_tag","embeddable":true,"href":"https:\/\/shop.bananierbleu.fr\/en\/wp-json\/wp\/v2\/product_tag?post=42"},{"taxonomy":"musiciens","embeddable":true,"href":"https:\/\/shop.bananierbleu.fr\/en\/wp-json\/wp\/v2\/musiciens?post=42"},{"taxonomy":"pays","embeddable":true,"href":"https:\/\/shop.bananierbleu.fr\/en\/wp-json\/wp\/v2\/pays?post=42"}],"curies":[{"name":"wp","href":"https:\/\/api.w.org\/{rel}","templated":true}]}}