{"id":442,"date":"2003-03-14T14:26:44","date_gmt":"2003-03-14T14:26:44","guid":{"rendered":"https:\/\/shop.bananierbleu.fr\/?post_type=product&#038;p=442"},"modified":"2024-01-12T12:58:13","modified_gmt":"2024-01-12T12:58:13","slug":"brother-jacques-project-inspiration-2003","status":"publish","type":"product","link":"https:\/\/shop.bananierbleu.fr\/en\/product\/brother-jacques-project-inspiration-2003\/","title":{"rendered":"Inspiration (Brother Jacques Project \/ 2003)"},"content":{"rendered":"","protected":false},"excerpt":{"rendered":"<p>New product, in blister pack.<\/p>\n<p>First edition of the Brother Jacques Project, released in 2003 and pressed in Guadeloupe by MusicMetis for Le Bananier Bleu. Seven years before Rise Above, Inspiration is the first release from the Brother Jacques Project, led by saxophonist Jacques Schwarz-Bart, with Stephanie McKay (vcls), Terreon Gully, Johnathan Maron and Jason Lindner. On Home, bassist Me'Shell Ndegeocello takes over, accompanied by Gene Lake and Federico Pe\u00f1a. This 2003 version contains two unreleased tracks not included in the 2010 version (Mind Soother, Tryin' Times) and the single Forget \/ Regret which also appears on Roy Hargrove's RH Factor.<\/p>\n<p>https:\/\/youtu.be\/7crP01LEpgU<\/p>\n<ul>\n<li><strong>Year:<\/strong> 2003<\/li>\n<li><strong>Musicians:<\/strong> Jacques Schwarz-Bart, Stephanie McKay, Terreon Gully, Johnathan Maron, Jason Lindner + Me&rsquo;Shell Ndegeocello, Gene Lake, Federico Pe\u00f1a<\/li>\n<li><strong>Tracks:<\/strong> 1- Feel So Free &#8211; 4:04 \/ 2- Rise Above &#8211; 5:26 \/ 3- Forget \/ Regret &#8211; 3:52 \/ 4- Mind Soother &#8211; 4:24 \/ 5- Tryin Times &#8211; 4:33 \/ 6- This One &#8211; 3:41 \/ 7- Rainbow &#8211; 6:08 \/ 8- Busted &#8211; 4:01 \/ 9- I Don&rsquo;t Know &#8211; 7:31 \/ 10- Abyss &#8211; 6:06 \/ 11- That Girl Steph &#8211; 6:19 \/ 12- Home &#8211; 5:46<\/li>\n<\/ul>\n<div style=\"position: static !important;\"><\/div>","protected":false},"featured_media":443,"comment_status":"closed","ping_status":"closed","template":"","meta":{"_uag_custom_page_level_css":"","site-sidebar-layout":"default","site-content-layout":"default","ast-site-content-layout":"default","site-content-style":"default","site-sidebar-style":"default","ast-global-header-display":"","ast-banner-title-visibility":"","ast-main-header-display":"","ast-hfb-above-header-display":"","ast-hfb-below-header-display":"","ast-hfb-mobile-header-display":"","site-post-title":"","ast-breadcrumbs-content":"","ast-featured-img":"","footer-sml-layout":"","ast-disable-related-posts":"","theme-transparent-header-meta":"default","adv-header-id-meta":"","stick-header-meta":"","header-above-stick-meta":"","header-main-stick-meta":"","header-below-stick-meta":"","astra-migrate-meta-layouts":"default","ast-page-background-enabled":"default","ast-page-background-meta":{"desktop":{"background-color":"var(--ast-global-color-4)","background-image":"","background-repeat":"repeat","background-position":"center center","background-size":"auto","background-attachment":"scroll","background-type":"","background-media":"","overlay-type":"","overlay-color":"","overlay-opacity":"","overlay-gradient":""},"tablet":{"background-color":"","background-image":"","background-repeat":"repeat","background-position":"center center","background-size":"auto","background-attachment":"scroll","background-type":"","background-media":"","overlay-type":"","overlay-color":"","overlay-opacity":"","overlay-gradient":""},"mobile":{"background-color":"","background-image":"","background-repeat":"repeat","background-position":"center center","background-size":"auto","background-attachment":"scroll","background-type":"","background-media":"","overlay-type":"","overlay-color":"","overlay-opacity":"","overlay-gradient":""}},"ast-content-background-meta":{"desktop":{"background-color":"var(--ast-global-color-5)","background-image":"","background-repeat":"repeat","background-position":"center center","background-size":"auto","background-attachment":"scroll","background-type":"","background-media":"","overlay-type":"","overlay-color":"","overlay-opacity":"","overlay-gradient":""},"tablet":{"background-color":"var(--ast-global-color-5)","background-image":"","background-repeat":"repeat","background-position":"center center","background-size":"auto","background-attachment":"scroll","background-type":"","background-media":"","overlay-type":"","overlay-color":"","overlay-opacity":"","overlay-gradient":""},"mobile":{"background-color":"var(--ast-global-color-5)","background-image":"","background-repeat":"repeat","background-position":"center center","background-size":"auto","background-attachment":"scroll","background-type":"","background-media":"","overlay-type":"","overlay-color":"","overlay-opacity":"","overlay-gradient":""}}},"product_brand":[],"product_cat":[294,471,472],"product_tag":[430,627,626],"musiciens":[178],"pays":[226,227],"class_list":{"0":"post-442","1":"product","2":"type-product","3":"status-publish","4":"has-post-thumbnail","6":"product_cat-caraibe","7":"product_cat-funk-soul","8":"product_cat-jazz","9":"product_tag-jazz-fusion","10":"product_tag-musique-antillaise","11":"product_tag-musiques-du-monde","12":"pa_format-album","13":"pa_format-boitier-cristal","14":"pa_format-cd","15":"musiciens-jacques-schwarz-bart","16":"pays-ameriques","17":"pays-guadeloupe","18":"desktop-align-left","19":"tablet-align-left","20":"mobile-align-left","22":"first","23":"instock","24":"shipping-taxable","25":"purchasable","26":"product-type-simple"},"supplier_id":1160,"supplier_sku":"","barcode":null,"atum_controlled":true,"out_stock_date":null,"out_stock_threshold":null,"inheritable":false,"inbound_stock":0,"stock_on_hold":0,"sold_today":0,"sales_last_days":0,"reserved_stock":0,"customer_returns":0,"warehouse_damage":0,"lost_in_post":0,"other_logs":0,"out_stock_days":0,"lost_sales":0,"has_location":false,"update_date":"2026-04-06T00:01:56","atum_locations":[],"atum_stock_status":"instock","restock_status":false,"low_stock_amount":"","sales_update_date":"2026-04-06T00:01:56","calc_backorders":null,"uagb_featured_image_src":{"full":["https:\/\/shop.bananierbleu.fr\/wp-content\/uploads\/2021\/03\/inspiration_front.jpg",727,742,false],"thumbnail":["https:\/\/shop.bananierbleu.fr\/wp-content\/uploads\/2021\/03\/inspiration_front-150x150.jpg",150,150,true],"medium":["https:\/\/shop.bananierbleu.fr\/wp-content\/uploads\/2021\/03\/inspiration_front-294x300.jpg",294,300,true],"medium_large":["https:\/\/shop.bananierbleu.fr\/wp-content\/uploads\/2021\/03\/inspiration_front.jpg",727,742,false],"large":["https:\/\/shop.bananierbleu.fr\/wp-content\/uploads\/2021\/03\/inspiration_front.jpg",727,742,false],"1536x1536":["https:\/\/shop.bananierbleu.fr\/wp-content\/uploads\/2021\/03\/inspiration_front.jpg",727,742,false],"2048x2048":["https:\/\/shop.bananierbleu.fr\/wp-content\/uploads\/2021\/03\/inspiration_front.jpg",727,742,false],"trp-custom-language-flag":["https:\/\/shop.bananierbleu.fr\/wp-content\/uploads\/2021\/03\/inspiration_front.jpg",12,12,false],"woocommerce_thumbnail":["https:\/\/shop.bananierbleu.fr\/wp-content\/uploads\/2021\/03\/inspiration_front-300x300.jpg",300,300,true],"woocommerce_single":["https:\/\/shop.bananierbleu.fr\/wp-content\/uploads\/2021\/03\/inspiration_front-600x612.jpg",600,612,true],"woocommerce_gallery_thumbnail":["https:\/\/shop.bananierbleu.fr\/wp-content\/uploads\/2021\/03\/inspiration_front-100x100.jpg",100,100,true]},"uagb_author_info":{"display_name":"Charlie Bb","author_link":"https:\/\/shop.bananierbleu.fr\/en\/author\/"},"uagb_comment_info":0,"uagb_excerpt":"Produit neuf, sous blister. Premi\u00e8re \u00e9dition du Brother Jacques Project, publi\u00e9e en 2003 et press\u00e9e en Guadeloupe par MusicMetis pour le Bananier bleu. Sept ans avant Rise Above, Inspiration est la premi\u00e8re version du Brother Jacques Project, emmen\u00e9 par le saxophoniste Jacques Schwarz-Bart, avec Stephanie McKay (vcls), Terreon Gully, Johnathan Maron et Jason Lindner. Sur&hellip;","_links":{"self":[{"href":"https:\/\/shop.bananierbleu.fr\/en\/wp-json\/wp\/v2\/product\/442","targetHints":{"allow":["GET"]}}],"collection":[{"href":"https:\/\/shop.bananierbleu.fr\/en\/wp-json\/wp\/v2\/product"}],"about":[{"href":"https:\/\/shop.bananierbleu.fr\/en\/wp-json\/wp\/v2\/types\/product"}],"replies":[{"embeddable":true,"href":"https:\/\/shop.bananierbleu.fr\/en\/wp-json\/wp\/v2\/comments?post=442"}],"wp:featuredmedia":[{"embeddable":true,"href":"https:\/\/shop.bananierbleu.fr\/en\/wp-json\/wp\/v2\/media\/443"}],"wp:attachment":[{"href":"https:\/\/shop.bananierbleu.fr\/en\/wp-json\/wp\/v2\/media?parent=442"}],"wp:term":[{"taxonomy":"product_brand","embeddable":true,"href":"https:\/\/shop.bananierbleu.fr\/en\/wp-json\/wp\/v2\/product_brand?post=442"},{"taxonomy":"product_cat","embeddable":true,"href":"https:\/\/shop.bananierbleu.fr\/en\/wp-json\/wp\/v2\/product_cat?post=442"},{"taxonomy":"product_tag","embeddable":true,"href":"https:\/\/shop.bananierbleu.fr\/en\/wp-json\/wp\/v2\/product_tag?post=442"},{"taxonomy":"musiciens","embeddable":true,"href":"https:\/\/shop.bananierbleu.fr\/en\/wp-json\/wp\/v2\/musiciens?post=442"},{"taxonomy":"pays","embeddable":true,"href":"https:\/\/shop.bananierbleu.fr\/en\/wp-json\/wp\/v2\/pays?post=442"}],"curies":[{"name":"wp","href":"https:\/\/api.w.org\/{rel}","templated":true}]}}