{"id":49,"date":"2012-03-22T18:25:16","date_gmt":"2012-03-22T18:25:16","guid":{"rendered":"https:\/\/shop.bananierbleu.fr\/?post_type=product&#038;p=49"},"modified":"2024-02-01T10:06:22","modified_gmt":"2024-02-01T10:06:22","slug":"jocelyn-menard-terre-mere-2012","status":"publish","type":"product","link":"https:\/\/shop.bananierbleu.fr\/en\/product\/jocelyn-menard-terre-mere-2012\/","title":{"rendered":"Terre M\u00e8re (Jocelyn M\u00e9nard \/ 2012)"},"content":{"rendered":"","protected":false},"excerpt":{"rendered":"<p>Produit neuf, sous blister.<\/p>\n<p><em>\u00ab\u00a0Jocelyn M\u00e9nard est un solide instrumentiste, agr\u00e9able compositeur, poss\u00e9dant une belle attaque et une r\u00e9elle expressivit\u00e9 \u2013 ce qui manque parfois \u00e0 ses compatriotes du Nord \u2013 et qui a trouv\u00e9 dans ses voyages, c\u2019est \u00e9vident, l\u2019inspiration et les ressorts d\u2019une expression qui donnent du contenu, parfois jazz latin, parfois jazz fusion, parfois strictement jazz, sans mani\u00e9risme, direct.\u00a0\u00bb<\/em> \u2013 Yves Sportis \u2013 Jazz Hot \u2013 f\u00e9v. 2013<\/p>\n<p>https:\/\/youtu.be\/6ava5-kbIps<\/p>\n<ul>\n<li><strong>Ann\u00e9e :<\/strong> 2012<\/li>\n<li><strong>Personnel :<\/strong> Dominique B\u00e9rose, Sonny Troup\u00e9, Raymond Grego, Raymond d\u2019Huy, Gr\u00e9gory Privat, Gino Chantoiseau, Olivier Juste + Max Font\u00e8s, Philippe d&rsquo;Huy, Fred Desplan, Steve Browman, Malika Tirolien&#8230;<\/li>\n<\/ul>\n<p><b>[icon name=\"bandcamp\" prefix=\"fa\"] BandCamp : <\/b>\u00c9galement disponible en <a href=\"https:\/\/jocelynmenard.bandcamp.com\/album\/terre-m-re\">t\u00e9l\u00e9chargement<\/a>.<\/p>\n<div><\/div>\n<div><\/div>\n<div style=\"position: static !important;\"><\/div>\n<div style=\"position: static !important;\"><\/div>\n","protected":false},"featured_media":50,"comment_status":"closed","ping_status":"closed","template":"","meta":{"_uag_custom_page_level_css":"","site-sidebar-layout":"default","site-content-layout":"default","ast-site-content-layout":"default","site-content-style":"default","site-sidebar-style":"default","ast-global-header-display":"","ast-banner-title-visibility":"","ast-main-header-display":"","ast-hfb-above-header-display":"","ast-hfb-below-header-display":"","ast-hfb-mobile-header-display":"","site-post-title":"","ast-breadcrumbs-content":"","ast-featured-img":"","footer-sml-layout":"","ast-disable-related-posts":"","theme-transparent-header-meta":"default","adv-header-id-meta":"","stick-header-meta":"","header-above-stick-meta":"","header-main-stick-meta":"","header-below-stick-meta":"","astra-migrate-meta-layouts":"default","ast-page-background-enabled":"default","ast-page-background-meta":{"desktop":{"background-color":"var(--ast-global-color-4)","background-image":"","background-repeat":"repeat","background-position":"center center","background-size":"auto","background-attachment":"scroll","background-type":"","background-media":"","overlay-type":"","overlay-color":"","overlay-opacity":"","overlay-gradient":""},"tablet":{"background-color":"","background-image":"","background-repeat":"repeat","background-position":"center center","background-size":"auto","background-attachment":"scroll","background-type":"","background-media":"","overlay-type":"","overlay-color":"","overlay-opacity":"","overlay-gradient":""},"mobile":{"background-color":"","background-image":"","background-repeat":"repeat","background-position":"center center","background-size":"auto","background-attachment":"scroll","background-type":"","background-media":"","overlay-type":"","overlay-color":"","overlay-opacity":"","overlay-gradient":""}},"ast-content-background-meta":{"desktop":{"background-color":"var(--ast-global-color-5)","background-image":"","background-repeat":"repeat","background-position":"center center","background-size":"auto","background-attachment":"scroll","background-type":"","background-media":"","overlay-type":"","overlay-color":"","overlay-opacity":"","overlay-gradient":""},"tablet":{"background-color":"var(--ast-global-color-5)","background-image":"","background-repeat":"repeat","background-position":"center center","background-size":"auto","background-attachment":"scroll","background-type":"","background-media":"","overlay-type":"","overlay-color":"","overlay-opacity":"","overlay-gradient":""},"mobile":{"background-color":"var(--ast-global-color-5)","background-image":"","background-repeat":"repeat","background-position":"center center","background-size":"auto","background-attachment":"scroll","background-type":"","background-media":"","overlay-type":"","overlay-color":"","overlay-opacity":"","overlay-gradient":""}}},"product_brand":[],"product_cat":[294,472],"product_tag":[420,627,626],"musiciens":[148,534,535,133,149,536,137,533,146,150,138],"pays":[226,247,227],"class_list":{"0":"post-49","1":"product","2":"type-product","3":"status-publish","4":"has-post-thumbnail","6":"product_cat-caraibe","7":"product_cat-jazz","8":"product_tag-jazz-creole","9":"product_tag-musique-antillaise","10":"product_tag-musiques-du-monde","11":"pa_format-album","12":"pa_format-cd","13":"pa_format-digipack","14":"musiciens-dominique-berose","15":"musiciens-fred-desplan","16":"musiciens-gino-chantoiseau","17":"musiciens-gregory-privat","18":"musiciens-jocelyn-menard","19":"musiciens-malika-tirolien","20":"musiciens-olivier-juste","21":"musiciens-philippe-dhuy","22":"musiciens-raymond-dhuy","23":"musiciens-raymond-grego","24":"musiciens-sonny-troupe","25":"pays-ameriques","26":"pays-canada","27":"pays-guadeloupe","28":"desktop-align-left","29":"tablet-align-left","30":"mobile-align-left","32":"first","33":"instock","34":"shipping-taxable","35":"purchasable","36":"product-type-simple"},"supplier_id":1155,"supplier_sku":"","barcode":null,"atum_controlled":true,"out_stock_date":null,"out_stock_threshold":null,"inheritable":false,"inbound_stock":0,"stock_on_hold":0,"sold_today":0,"sales_last_days":0,"reserved_stock":0,"customer_returns":0,"warehouse_damage":0,"lost_in_post":0,"other_logs":0,"out_stock_days":0,"lost_sales":0,"has_location":false,"update_date":"2026-04-24T00:07:55","atum_locations":[],"atum_stock_status":"instock","restock_status":false,"low_stock_amount":0,"sales_update_date":"2026-04-24T00:07:55","calc_backorders":null,"uagb_featured_image_src":{"full":["https:\/\/shop.bananierbleu.fr\/wp-content\/uploads\/2018\/03\/TerreMere_front_final.jpg",1000,898,false],"thumbnail":["https:\/\/shop.bananierbleu.fr\/wp-content\/uploads\/2018\/03\/TerreMere_front_final-150x150.jpg",150,150,true],"medium":["https:\/\/shop.bananierbleu.fr\/wp-content\/uploads\/2018\/03\/TerreMere_front_final-300x269.jpg",300,269,true],"medium_large":["https:\/\/shop.bananierbleu.fr\/wp-content\/uploads\/2018\/03\/TerreMere_front_final-768x690.jpg",768,690,true],"large":["https:\/\/shop.bananierbleu.fr\/wp-content\/uploads\/2018\/03\/TerreMere_front_final.jpg",1000,898,false],"1536x1536":["https:\/\/shop.bananierbleu.fr\/wp-content\/uploads\/2018\/03\/TerreMere_front_final.jpg",1000,898,false],"2048x2048":["https:\/\/shop.bananierbleu.fr\/wp-content\/uploads\/2018\/03\/TerreMere_front_final.jpg",1000,898,false],"trp-custom-language-flag":["https:\/\/shop.bananierbleu.fr\/wp-content\/uploads\/2018\/03\/TerreMere_front_final.jpg",13,12,false],"woocommerce_thumbnail":["https:\/\/shop.bananierbleu.fr\/wp-content\/uploads\/2018\/03\/TerreMere_front_final-300x300.jpg",300,300,true],"woocommerce_single":["https:\/\/shop.bananierbleu.fr\/wp-content\/uploads\/2018\/03\/TerreMere_front_final-600x539.jpg",600,539,true],"woocommerce_gallery_thumbnail":["https:\/\/shop.bananierbleu.fr\/wp-content\/uploads\/2018\/03\/TerreMere_front_final-100x100.jpg",100,100,true]},"uagb_author_info":{"display_name":"admin","author_link":"https:\/\/shop.bananierbleu.fr\/en\/author\/"},"uagb_comment_info":0,"uagb_excerpt":"Produit neuf, sous blister. \u00ab\u00a0Jocelyn M\u00e9nard est un solide instrumentiste, agr\u00e9able compositeur, poss\u00e9dant une belle attaque et une r\u00e9elle expressivit\u00e9 \u2013 ce qui manque parfois \u00e0 ses compatriotes du Nord \u2013 et qui a trouv\u00e9 dans ses voyages, c\u2019est \u00e9vident, l\u2019inspiration et les ressorts d\u2019une expression qui donnent du contenu, parfois jazz latin, parfois jazz&hellip;","_links":{"self":[{"href":"https:\/\/shop.bananierbleu.fr\/en\/wp-json\/wp\/v2\/product\/49","targetHints":{"allow":["GET"]}}],"collection":[{"href":"https:\/\/shop.bananierbleu.fr\/en\/wp-json\/wp\/v2\/product"}],"about":[{"href":"https:\/\/shop.bananierbleu.fr\/en\/wp-json\/wp\/v2\/types\/product"}],"replies":[{"embeddable":true,"href":"https:\/\/shop.bananierbleu.fr\/en\/wp-json\/wp\/v2\/comments?post=49"}],"wp:featuredmedia":[{"embeddable":true,"href":"https:\/\/shop.bananierbleu.fr\/en\/wp-json\/wp\/v2\/media\/50"}],"wp:attachment":[{"href":"https:\/\/shop.bananierbleu.fr\/en\/wp-json\/wp\/v2\/media?parent=49"}],"wp:term":[{"taxonomy":"product_brand","embeddable":true,"href":"https:\/\/shop.bananierbleu.fr\/en\/wp-json\/wp\/v2\/product_brand?post=49"},{"taxonomy":"product_cat","embeddable":true,"href":"https:\/\/shop.bananierbleu.fr\/en\/wp-json\/wp\/v2\/product_cat?post=49"},{"taxonomy":"product_tag","embeddable":true,"href":"https:\/\/shop.bananierbleu.fr\/en\/wp-json\/wp\/v2\/product_tag?post=49"},{"taxonomy":"musiciens","embeddable":true,"href":"https:\/\/shop.bananierbleu.fr\/en\/wp-json\/wp\/v2\/musiciens?post=49"},{"taxonomy":"pays","embeddable":true,"href":"https:\/\/shop.bananierbleu.fr\/en\/wp-json\/wp\/v2\/pays?post=49"}],"curies":[{"name":"wp","href":"https:\/\/api.w.org\/{rel}","templated":true}]}}