{"id":515,"date":"2017-11-01T16:42:49","date_gmt":"2017-11-01T16:42:49","guid":{"rendered":"https:\/\/shop.bananierbleu.fr\/?post_type=product&#038;p=515"},"modified":"2023-05-21T09:21:22","modified_gmt":"2023-05-21T09:21:22","slug":"get-on-board-deluxe-edition-emmanuel-djob-2017","status":"publish","type":"product","link":"https:\/\/shop.bananierbleu.fr\/en\/product\/get-on-board-deluxe-edition-emmanuel-djob-2017\/","title":{"rendered":"Get On Board &#8211; DeLuxe Edition (Emmanuel Djob \/ 2017)"},"content":{"rendered":"","protected":false},"excerpt":{"rendered":"<p>New product, in blister pack.<\/p>\n<p>https:\/\/youtu.be\/Hx_F_Cy0GWU<\/p>\n<ul>\n<li><strong>Year:<\/strong> 2017<\/li>\n<li><strong>Label\/Reference:<\/strong> (Epimuzik EPI001)<\/li>\n<li><strong>Musicians: <\/strong>Antoine Hurault, C\u00e9line Henry, Javier Canales, Louise Charbonnel, Rachel Ratsizafy, Ben Labejof, Didier Likeng, Olivier Soubeyran, Emmanuel Pi Djob, Jean-Michel Charbonnel, B\u00e9nilde Foko, Hong-Anh Vo, S\u00e9bastien Le Calvez, Emilienne Chouadossi, Emma Lamadji, Eva Hakapoka, Mike Louvila, Boris Tchango, Fr\u00e9d\u00e9ric Marchal, Sega Seck, Laurent Locuratolo, Mario Cimenti, Amen Viana, Philippe Lafon, Mourchid Baco, William Galison, Clara Sallago, Ritz Andrianasolo, Sidney, St\u00e9phanie Akoa Mva, \u00c1ngela Cervantes, David Donatien, Eric Durand, Osvaldo Hernandez, R\u00e9mi Amblard, Nicolas No\u00ebl, Dondieu Divin, Elvis M\u00e9gn\u00e9, Andy Lyden, Harold Camus, Jean-Jacques Elangu\u00e9, Kayou Roots, Thierry Farrugia, David Meyrat, Giovanni Hector, Philippe Henry, Aur\u00e9lien Deltoro, Christian Martinez, Ronald Baker<\/li>\n<li><strong>Tracks: <\/strong>1 &#8211; Gimme Some More &#8211; 3:16 \/ 2 &#8211; I&rsquo;m Goin&rsquo; Home &#8211; 3:49 \/ 3 &#8211; I Can Smile Again &#8211; 3:14 \/ 4 &#8211; Mes Tissages &#8211; 3:25 \/ 5 &#8211; When There&rsquo;s No More Love (Lead Vocals \u2013 Marianne Aya Omac) &#8211; 3:43 \/ 6 &#8211; Praise Jah (Kora, Lead Vocals \u2013 N&rsquo;Faly Kouyat\u00e9 ; Vocals \u2013 Black &amp; White Xperience) &#8211; 3:49 \/ 7 &#8211; Sons Of Lilith, Daughters Of Kham &#8211; 3:48 \/ 8 &#8211; Look Into My Eyes &#8211; 3:58 \/ 9 &#8211; Get On Board ! (Rap \u2013 Kach) &#8211; 3:06 \/ 10 &#8211; I Dont Wanna Be Strong Tonite &#8211; 3:10 \/ 11 &#8211; Love WIthout Words &#8211; 3:51 \/ 12 &#8211; Nobody Wants To Die &#8211; 4:41 \/ 13 &#8211; Hold On (Vocals \u2013 Black &amp; White Xperience) &#8211; 5:06<\/li>\n<\/ul>\n<div style=\"position: static !important;\"><\/div>","protected":false},"featured_media":516,"comment_status":"closed","ping_status":"closed","template":"","meta":{"_uag_custom_page_level_css":"","site-sidebar-layout":"default","site-content-layout":"default","ast-site-content-layout":"default","site-content-style":"default","site-sidebar-style":"default","ast-global-header-display":"","ast-banner-title-visibility":"","ast-main-header-display":"","ast-hfb-above-header-display":"","ast-hfb-below-header-display":"","ast-hfb-mobile-header-display":"","site-post-title":"","ast-breadcrumbs-content":"","ast-featured-img":"","footer-sml-layout":"","ast-disable-related-posts":"","theme-transparent-header-meta":"default","adv-header-id-meta":"","stick-header-meta":"","header-above-stick-meta":"","header-main-stick-meta":"","header-below-stick-meta":"","astra-migrate-meta-layouts":"default","ast-page-background-enabled":"default","ast-page-background-meta":{"desktop":{"background-color":"var(--ast-global-color-4)","background-image":"","background-repeat":"repeat","background-position":"center center","background-size":"auto","background-attachment":"scroll","background-type":"","background-media":"","overlay-type":"","overlay-color":"","overlay-opacity":"","overlay-gradient":""},"tablet":{"background-color":"","background-image":"","background-repeat":"repeat","background-position":"center center","background-size":"auto","background-attachment":"scroll","background-type":"","background-media":"","overlay-type":"","overlay-color":"","overlay-opacity":"","overlay-gradient":""},"mobile":{"background-color":"","background-image":"","background-repeat":"repeat","background-position":"center center","background-size":"auto","background-attachment":"scroll","background-type":"","background-media":"","overlay-type":"","overlay-color":"","overlay-opacity":"","overlay-gradient":""}},"ast-content-background-meta":{"desktop":{"background-color":"var(--ast-global-color-5)","background-image":"","background-repeat":"repeat","background-position":"center center","background-size":"auto","background-attachment":"scroll","background-type":"","background-media":"","overlay-type":"","overlay-color":"","overlay-opacity":"","overlay-gradient":""},"tablet":{"background-color":"var(--ast-global-color-5)","background-image":"","background-repeat":"repeat","background-position":"center center","background-size":"auto","background-attachment":"scroll","background-type":"","background-media":"","overlay-type":"","overlay-color":"","overlay-opacity":"","overlay-gradient":""},"mobile":{"background-color":"var(--ast-global-color-5)","background-image":"","background-repeat":"repeat","background-position":"center center","background-size":"auto","background-attachment":"scroll","background-type":"","background-media":"","overlay-type":"","overlay-color":"","overlay-opacity":"","overlay-gradient":""}}},"product_brand":[],"product_cat":[469],"product_tag":[624,438,447,620,623,446,625,621],"musiciens":[333,331,332,335,213,330,334],"pays":[231,232],"class_list":{"0":"post-515","1":"product","2":"type-product","3":"status-publish","4":"has-post-thumbnail","6":"product_cat-afrique","7":"product_tag-african-music","8":"product_tag-afro-beat","9":"product_tag-afro-funk","10":"product_tag-afrobeat","11":"product_tag-afrobeat-music","12":"product_tag-gospel","13":"product_tag-musique-africaine","14":"product_tag-nigerian-music","15":"pa_format-album","16":"pa_format-cd","17":"pa_format-digipack","18":"musiciens-benilde-foko","19":"musiciens-boris-tchango","20":"musiciens-david-donatien","21":"musiciens-elvis-megne","22":"musiciens-emmanuel-djob","23":"musiciens-sega-seck","24":"musiciens-william-galison","25":"pays-afrique","26":"pays-cameroun","27":"desktop-align-left","28":"tablet-align-left","29":"mobile-align-left","31":"first","32":"instock","33":"shipping-taxable","34":"purchasable","35":"product-type-simple"},"supplier_id":1160,"supplier_sku":"","barcode":null,"atum_controlled":true,"out_stock_date":null,"out_stock_threshold":null,"inheritable":false,"inbound_stock":0,"stock_on_hold":0,"sold_today":0,"sales_last_days":0,"reserved_stock":0,"customer_returns":0,"warehouse_damage":0,"lost_in_post":0,"other_logs":0,"out_stock_days":0,"lost_sales":0,"has_location":false,"update_date":"2026-04-09T00:02:55","atum_locations":[],"atum_stock_status":"instock","restock_status":false,"low_stock_amount":"","sales_update_date":"2026-04-09T00:02:55","calc_backorders":null,"uagb_featured_image_src":{"full":["https:\/\/shop.bananierbleu.fr\/wp-content\/uploads\/2021\/11\/Emmanuel-Djob-Get-On-Board-Deluxe-front.jpg",599,540,false],"thumbnail":["https:\/\/shop.bananierbleu.fr\/wp-content\/uploads\/2021\/11\/Emmanuel-Djob-Get-On-Board-Deluxe-front-150x150.jpg",150,150,true],"medium":["https:\/\/shop.bananierbleu.fr\/wp-content\/uploads\/2021\/11\/Emmanuel-Djob-Get-On-Board-Deluxe-front-300x270.jpg",300,270,true],"medium_large":["https:\/\/shop.bananierbleu.fr\/wp-content\/uploads\/2021\/11\/Emmanuel-Djob-Get-On-Board-Deluxe-front.jpg",599,540,false],"large":["https:\/\/shop.bananierbleu.fr\/wp-content\/uploads\/2021\/11\/Emmanuel-Djob-Get-On-Board-Deluxe-front.jpg",599,540,false],"1536x1536":["https:\/\/shop.bananierbleu.fr\/wp-content\/uploads\/2021\/11\/Emmanuel-Djob-Get-On-Board-Deluxe-front.jpg",599,540,false],"2048x2048":["https:\/\/shop.bananierbleu.fr\/wp-content\/uploads\/2021\/11\/Emmanuel-Djob-Get-On-Board-Deluxe-front.jpg",599,540,false],"trp-custom-language-flag":["https:\/\/shop.bananierbleu.fr\/wp-content\/uploads\/2021\/11\/Emmanuel-Djob-Get-On-Board-Deluxe-front.jpg",13,12,false],"woocommerce_thumbnail":["https:\/\/shop.bananierbleu.fr\/wp-content\/uploads\/2021\/11\/Emmanuel-Djob-Get-On-Board-Deluxe-front-300x300.jpg",300,300,true],"woocommerce_single":["https:\/\/shop.bananierbleu.fr\/wp-content\/uploads\/2021\/11\/Emmanuel-Djob-Get-On-Board-Deluxe-front.jpg",599,540,false],"woocommerce_gallery_thumbnail":["https:\/\/shop.bananierbleu.fr\/wp-content\/uploads\/2021\/11\/Emmanuel-Djob-Get-On-Board-Deluxe-front-100x100.jpg",100,100,true]},"uagb_author_info":{"display_name":"Charlie Bb","author_link":"https:\/\/shop.bananierbleu.fr\/en\/author\/"},"uagb_comment_info":0,"uagb_excerpt":"Produit neuf, sous blister. https:\/\/youtu.be\/Hx_F_Cy0GWU Ann\u00e9e : 2017 Label \/ r\u00e9f\u00e9rence : (Epimuzik EPI001) Personnel : Antoine Hurault, C\u00e9line Henry, Javier Canales, Louise Charbonnel, Rachel Ratsizafy, Ben Labejof, Didier Likeng, Olivier Soubeyran, Emmanuel Pi Djob, Jean-Michel Charbonnel, B\u00e9nilde Foko, Hong-Anh Vo, S\u00e9bastien Le Calvez, Emilienne Chouadossi, Emma Lamadji, Eva Hakapoka, Mike Louvila, Boris Tchango, Fr\u00e9d\u00e9ric&hellip;","_links":{"self":[{"href":"https:\/\/shop.bananierbleu.fr\/en\/wp-json\/wp\/v2\/product\/515","targetHints":{"allow":["GET"]}}],"collection":[{"href":"https:\/\/shop.bananierbleu.fr\/en\/wp-json\/wp\/v2\/product"}],"about":[{"href":"https:\/\/shop.bananierbleu.fr\/en\/wp-json\/wp\/v2\/types\/product"}],"replies":[{"embeddable":true,"href":"https:\/\/shop.bananierbleu.fr\/en\/wp-json\/wp\/v2\/comments?post=515"}],"wp:featuredmedia":[{"embeddable":true,"href":"https:\/\/shop.bananierbleu.fr\/en\/wp-json\/wp\/v2\/media\/516"}],"wp:attachment":[{"href":"https:\/\/shop.bananierbleu.fr\/en\/wp-json\/wp\/v2\/media?parent=515"}],"wp:term":[{"taxonomy":"product_brand","embeddable":true,"href":"https:\/\/shop.bananierbleu.fr\/en\/wp-json\/wp\/v2\/product_brand?post=515"},{"taxonomy":"product_cat","embeddable":true,"href":"https:\/\/shop.bananierbleu.fr\/en\/wp-json\/wp\/v2\/product_cat?post=515"},{"taxonomy":"product_tag","embeddable":true,"href":"https:\/\/shop.bananierbleu.fr\/en\/wp-json\/wp\/v2\/product_tag?post=515"},{"taxonomy":"musiciens","embeddable":true,"href":"https:\/\/shop.bananierbleu.fr\/en\/wp-json\/wp\/v2\/musiciens?post=515"},{"taxonomy":"pays","embeddable":true,"href":"https:\/\/shop.bananierbleu.fr\/en\/wp-json\/wp\/v2\/pays?post=515"}],"curies":[{"name":"wp","href":"https:\/\/api.w.org\/{rel}","templated":true}]}}