{"id":592,"date":"2000-04-18T13:36:28","date_gmt":"2000-04-18T13:36:28","guid":{"rendered":"https:\/\/shop.bananierbleu.fr\/?post_type=product&#038;p=592"},"modified":"2023-05-21T09:29:06","modified_gmt":"2023-05-21T09:29:06","slug":"cite-indigene-messo-messo-2000","status":"publish","type":"product","link":"https:\/\/shop.bananierbleu.fr\/en\/product\/cite-indigene-messo-messo-2000\/","title":{"rendered":"Cit\u00e9 Indig\u00e8ne (Messo Messo \/ 2000)"},"content":{"rendered":"","protected":false},"excerpt":{"rendered":"<p>New product, in blister pack.<\/p>\n<p>The Congolese guitarist Messo Messo has an enormous talent, unfortunately proportional to his great discretion. Based in Montpellier for more than thirty years, he has played with everything the local afro-folk-fusion scene has to offer, from the historic Kunta Kinte to the realistic songs of Dimon\u00e9 and the afro-gospel of Emmanuel Djob. He has also set up his own projects, a trio with drummer Sega Seck for example, and produced a wonderful album, Cit\u00e9 Indig\u00e8ne, released in 2000. A dive into the tradition of Congo rhythms, where Messo-Messo alternates between guitar and sanza, accompanied by the magic sticks of Denis Tchangou, Marco Baliu and Serge Ngando on bass, and Fran\u00e7ois Rava on saxophone. One sometimes thinks of Sixun, of Ray Lema - or one thinks of nothing and lets oneself be carried away. To discover without moderation!<\/p>\n<ul>\n<li><strong>Year:<\/strong> 2000<\/li>\n<li><strong>Tracks:\u00a0<\/strong> 1- S.O.S. Tiers Monde &#8211; 5:21 \/ 2- Lata Ekoti &#8211; 3:23 \/ 3- Coutumes Et Usages &#8211; 5:41 \/ 4- Sala Bi Sala &#8211; 4:18 \/ 5- Mbanza Kongo &#8211; 4:37 \/ 6- Mani Kongo &#8211; 4:51 \/ 7- N&rsquo;temo &#8211; 4:33 \/ 8- Berceuse Pour Te\u00eflo &#8211; 3:40 \/ 9- Muifi Tinini &#8211; 5:22<\/li>\n<\/ul>","protected":false},"featured_media":637,"comment_status":"closed","ping_status":"closed","template":"","meta":{"_uag_custom_page_level_css":"","site-sidebar-layout":"default","site-content-layout":"default","ast-site-content-layout":"default","site-content-style":"default","site-sidebar-style":"default","ast-global-header-display":"","ast-banner-title-visibility":"","ast-main-header-display":"","ast-hfb-above-header-display":"","ast-hfb-below-header-display":"","ast-hfb-mobile-header-display":"","site-post-title":"","ast-breadcrumbs-content":"","ast-featured-img":"","footer-sml-layout":"","ast-disable-related-posts":"","theme-transparent-header-meta":"default","adv-header-id-meta":"","stick-header-meta":"","header-above-stick-meta":"","header-main-stick-meta":"","header-below-stick-meta":"","astra-migrate-meta-layouts":"default","ast-page-background-enabled":"default","ast-page-background-meta":{"desktop":{"background-color":"var(--ast-global-color-4)","background-image":"","background-repeat":"repeat","background-position":"center center","background-size":"auto","background-attachment":"scroll","background-type":"","background-media":"","overlay-type":"","overlay-color":"","overlay-opacity":"","overlay-gradient":""},"tablet":{"background-color":"","background-image":"","background-repeat":"repeat","background-position":"center center","background-size":"auto","background-attachment":"scroll","background-type":"","background-media":"","overlay-type":"","overlay-color":"","overlay-opacity":"","overlay-gradient":""},"mobile":{"background-color":"","background-image":"","background-repeat":"repeat","background-position":"center center","background-size":"auto","background-attachment":"scroll","background-type":"","background-media":"","overlay-type":"","overlay-color":"","overlay-opacity":"","overlay-gradient":""}},"ast-content-background-meta":{"desktop":{"background-color":"var(--ast-global-color-5)","background-image":"","background-repeat":"repeat","background-position":"center center","background-size":"auto","background-attachment":"scroll","background-type":"","background-media":"","overlay-type":"","overlay-color":"","overlay-opacity":"","overlay-gradient":""},"tablet":{"background-color":"var(--ast-global-color-5)","background-image":"","background-repeat":"repeat","background-position":"center center","background-size":"auto","background-attachment":"scroll","background-type":"","background-media":"","overlay-type":"","overlay-color":"","overlay-opacity":"","overlay-gradient":""},"mobile":{"background-color":"var(--ast-global-color-5)","background-image":"","background-repeat":"repeat","background-position":"center center","background-size":"auto","background-attachment":"scroll","background-type":"","background-media":"","overlay-type":"","overlay-color":"","overlay-opacity":"","overlay-gradient":""}}},"product_brand":[],"product_cat":[469],"product_tag":[624,438,625,445],"musiciens":[182,359,360],"pays":[231,361],"class_list":{"0":"post-592","1":"product","2":"type-product","3":"status-publish","4":"has-post-thumbnail","6":"product_cat-afrique","7":"product_tag-african-music","8":"product_tag-afro-beat","9":"product_tag-musique-africaine","10":"product_tag-rumba","11":"pa_format-boitier-cristal","12":"pa_format-cd","13":"musiciens-denis-tchangou","14":"musiciens-messo-messo","15":"musiciens-serge-ngando","16":"pays-afrique","17":"pays-republique-democratique-du-congo","18":"desktop-align-left","19":"tablet-align-left","20":"mobile-align-left","22":"first","23":"instock","24":"shipping-taxable","25":"purchasable","26":"product-type-simple"},"supplier_id":1189,"supplier_sku":"","barcode":null,"atum_controlled":true,"out_stock_date":null,"out_stock_threshold":null,"inheritable":false,"inbound_stock":0,"stock_on_hold":0,"sold_today":0,"sales_last_days":0,"reserved_stock":0,"customer_returns":0,"warehouse_damage":0,"lost_in_post":0,"other_logs":0,"out_stock_days":0,"lost_sales":0,"has_location":false,"update_date":"2026-04-20T00:05:55","atum_locations":[],"atum_stock_status":"instock","restock_status":false,"low_stock_amount":"","sales_update_date":"2026-04-20T00:05:55","calc_backorders":null,"uagb_featured_image_src":{"full":["https:\/\/shop.bananierbleu.fr\/wp-content\/uploads\/2022\/04\/Messo-Messo_raw1.jpg",1417,1408,false],"thumbnail":["https:\/\/shop.bananierbleu.fr\/wp-content\/uploads\/2022\/04\/Messo-Messo_raw1-150x150.jpg",150,150,true],"medium":["https:\/\/shop.bananierbleu.fr\/wp-content\/uploads\/2022\/04\/Messo-Messo_raw1-300x298.jpg",300,298,true],"medium_large":["https:\/\/shop.bananierbleu.fr\/wp-content\/uploads\/2022\/04\/Messo-Messo_raw1-768x763.jpg",768,763,true],"large":["https:\/\/shop.bananierbleu.fr\/wp-content\/uploads\/2022\/04\/Messo-Messo_raw1-1024x1017.jpg",1024,1017,true],"1536x1536":["https:\/\/shop.bananierbleu.fr\/wp-content\/uploads\/2022\/04\/Messo-Messo_raw1.jpg",1417,1408,false],"2048x2048":["https:\/\/shop.bananierbleu.fr\/wp-content\/uploads\/2022\/04\/Messo-Messo_raw1.jpg",1417,1408,false],"trp-custom-language-flag":["https:\/\/shop.bananierbleu.fr\/wp-content\/uploads\/2022\/04\/Messo-Messo_raw1.jpg",12,12,false],"woocommerce_thumbnail":["https:\/\/shop.bananierbleu.fr\/wp-content\/uploads\/2022\/04\/Messo-Messo_raw1-300x300.jpg",300,300,true],"woocommerce_single":["https:\/\/shop.bananierbleu.fr\/wp-content\/uploads\/2022\/04\/Messo-Messo_raw1-600x596.jpg",600,596,true],"woocommerce_gallery_thumbnail":["https:\/\/shop.bananierbleu.fr\/wp-content\/uploads\/2022\/04\/Messo-Messo_raw1-100x100.jpg",100,100,true]},"uagb_author_info":{"display_name":"Charlie Bb","author_link":"https:\/\/shop.bananierbleu.fr\/en\/author\/"},"uagb_comment_info":0,"uagb_excerpt":"Produit neuf, sous blister. Le guitariste congolais Messo Messo a un \u00e9norme talent, malheureusement proportionnel \u00e0 sa tr\u00e8s grande discr\u00e9tion. Install\u00e9 \u00e0 Montpellier depuis plus de trente ans, il a jou\u00e9 avec tout ce que la sc\u00e8ne locale afro-folk-fusion peut proposer, de l\u2019historique Kunta Kinte \u00e0 la chanson r\u00e9aliste de Dimon\u00e9 en passant par l\u2019afro-gospel&hellip;","_links":{"self":[{"href":"https:\/\/shop.bananierbleu.fr\/en\/wp-json\/wp\/v2\/product\/592","targetHints":{"allow":["GET"]}}],"collection":[{"href":"https:\/\/shop.bananierbleu.fr\/en\/wp-json\/wp\/v2\/product"}],"about":[{"href":"https:\/\/shop.bananierbleu.fr\/en\/wp-json\/wp\/v2\/types\/product"}],"replies":[{"embeddable":true,"href":"https:\/\/shop.bananierbleu.fr\/en\/wp-json\/wp\/v2\/comments?post=592"}],"wp:featuredmedia":[{"embeddable":true,"href":"https:\/\/shop.bananierbleu.fr\/en\/wp-json\/wp\/v2\/media\/637"}],"wp:attachment":[{"href":"https:\/\/shop.bananierbleu.fr\/en\/wp-json\/wp\/v2\/media?parent=592"}],"wp:term":[{"taxonomy":"product_brand","embeddable":true,"href":"https:\/\/shop.bananierbleu.fr\/en\/wp-json\/wp\/v2\/product_brand?post=592"},{"taxonomy":"product_cat","embeddable":true,"href":"https:\/\/shop.bananierbleu.fr\/en\/wp-json\/wp\/v2\/product_cat?post=592"},{"taxonomy":"product_tag","embeddable":true,"href":"https:\/\/shop.bananierbleu.fr\/en\/wp-json\/wp\/v2\/product_tag?post=592"},{"taxonomy":"musiciens","embeddable":true,"href":"https:\/\/shop.bananierbleu.fr\/en\/wp-json\/wp\/v2\/musiciens?post=592"},{"taxonomy":"pays","embeddable":true,"href":"https:\/\/shop.bananierbleu.fr\/en\/wp-json\/wp\/v2\/pays?post=592"}],"curies":[{"name":"wp","href":"https:\/\/api.w.org\/{rel}","templated":true}]}}