{"id":628,"date":"2019-08-20T16:41:32","date_gmt":"2019-08-20T16:41:32","guid":{"rendered":"https:\/\/shop.bananierbleu.fr\/?post_type=product&#038;p=628"},"modified":"2023-05-17T18:03:16","modified_gmt":"2023-05-17T18:03:16","slug":"doubout-pou-gade-jose-mancliere-2019","status":"publish","type":"product","link":"https:\/\/shop.bananierbleu.fr\/en\/product\/doubout-pou-gade-jose-mancliere-2019\/","title":{"rendered":"Doubout Pou Gad\u00e9 (Jos\u00e9 Mancli\u00e8re \/ 1980 r\u00e9\u00e9dition 2019)"},"content":{"rendered":"","protected":false},"excerpt":{"rendered":"<p>New product, in blister pack.<\/p>\n<p>Co-produced by Pierre-Edouard Decimus, Jos\u00e9 Mancli\u00e8re has concocted a truly personal and singular record that features an astonishing experimental composition fusing Gwo Ka, Jazz-Funk and Biguine for one of the very first synthetic electronic productions of the genre. This ultra-rare album, privately distributed in the West Indies, has now reached the status of a Holy Grail among collectors. It is without a doubt a true masterpiece with deep tracks like Syka, a fierce synthetic jazz-funk hybrid with incredible clavinet, synth and trumpet solos halfway between Placebo and the Fabiano Orchestra. Vini Cout\u00e9 E Tann' is the excellent funky biguine that was chosen to be part of the Kout\u00e9 Jazz compilation with two fantastic piano and guitar solos by Patrick Jean-Marie and Gilbert Coco respectively. Tipi Fanm' is another jazz piece with infectious gwo ka percussion. This album features the Who's Who of modern Guadeloupean jazz with Patrick Jean-Marie, Ramon Pirm\u00e9, Herbert 'Happy' Lewis, Roger &amp; Gilbert Coco, Germain C\u00e9d\u00e9, Philippe Dambury and even Pierre-Edouard Decimus on bass. Originally released in 1980, Doubout Pou Gad\u00e9 benefits here from a quality reissue by Diggers Digest in 2019.<\/p>\n<p>https:\/\/youtu.be\/hhYbSPSvzO0<\/p>\n<ul>\n<li><strong>Title:<\/strong> Doubout Pou Gad\u00e9<\/li>\n<li><strong>Year:<\/strong> 2019 (publi\u00e9 initialement en 1980)<\/li>\n<li><strong>Label :<\/strong> Diggers Digest (DD04)<\/li>\n<li><strong>Musicians:<\/strong> Jos\u00e9 Mancli\u00e8re, &lsquo;Happy&rsquo; Lewis, Patrick Jean-Marie, Jocelyn Otto, Pierre-Edouard D\u00e9cimus, Jean Robert, Ramon Pirm\u00e9, Gilbert Coco, Germain C\u00e9c\u00e9, Roger Coco, Roland Gallas, Philippe Dambury.<\/li>\n<li><strong>Tracks:<\/strong> 1- Syka \/ 2- Marie-Blanche \/ 3- Doubout Pou Gad\u00e9 \/ 4- Willy \/ 5- Vini Cout\u00e9 E Tann&rsquo; \/ 6- Tipi Fanm<\/li>\n<\/ul>\n<div><\/div>\n<div><\/div>\n<div><\/div>\n<div><\/div>\n<div><\/div>\n<div><\/div>\n<div><\/div>\n<div style=\"position: static !important;\"><\/div>\n<div style=\"position: static !important;\"><\/div>\n<div style=\"position: static !important;\"><\/div>","protected":false},"featured_media":636,"comment_status":"closed","ping_status":"closed","template":"","meta":{"_uag_custom_page_level_css":"","site-sidebar-layout":"default","site-content-layout":"default","ast-site-content-layout":"default","site-content-style":"default","site-sidebar-style":"default","ast-global-header-display":"","ast-banner-title-visibility":"","ast-main-header-display":"","ast-hfb-above-header-display":"","ast-hfb-below-header-display":"","ast-hfb-mobile-header-display":"","site-post-title":"","ast-breadcrumbs-content":"","ast-featured-img":"","footer-sml-layout":"","ast-disable-related-posts":"","theme-transparent-header-meta":"default","adv-header-id-meta":"","stick-header-meta":"","header-above-stick-meta":"","header-main-stick-meta":"","header-below-stick-meta":"","astra-migrate-meta-layouts":"default","ast-page-background-enabled":"default","ast-page-background-meta":{"desktop":{"background-color":"var(--ast-global-color-4)","background-image":"","background-repeat":"repeat","background-position":"center center","background-size":"auto","background-attachment":"scroll","background-type":"","background-media":"","overlay-type":"","overlay-color":"","overlay-opacity":"","overlay-gradient":""},"tablet":{"background-color":"","background-image":"","background-repeat":"repeat","background-position":"center center","background-size":"auto","background-attachment":"scroll","background-type":"","background-media":"","overlay-type":"","overlay-color":"","overlay-opacity":"","overlay-gradient":""},"mobile":{"background-color":"","background-image":"","background-repeat":"repeat","background-position":"center center","background-size":"auto","background-attachment":"scroll","background-type":"","background-media":"","overlay-type":"","overlay-color":"","overlay-opacity":"","overlay-gradient":""}},"ast-content-background-meta":{"desktop":{"background-color":"var(--ast-global-color-5)","background-image":"","background-repeat":"repeat","background-position":"center center","background-size":"auto","background-attachment":"scroll","background-type":"","background-media":"","overlay-type":"","overlay-color":"","overlay-opacity":"","overlay-gradient":""},"tablet":{"background-color":"var(--ast-global-color-5)","background-image":"","background-repeat":"repeat","background-position":"center center","background-size":"auto","background-attachment":"scroll","background-type":"","background-media":"","overlay-type":"","overlay-color":"","overlay-opacity":"","overlay-gradient":""},"mobile":{"background-color":"var(--ast-global-color-5)","background-image":"","background-repeat":"repeat","background-position":"center center","background-size":"auto","background-attachment":"scroll","background-type":"","background-media":"","overlay-type":"","overlay-color":"","overlay-opacity":"","overlay-gradient":""}}},"product_brand":[],"product_cat":[294],"product_tag":[419,420,627,626],"musiciens":[384,383,380,379,381,387,382,385,386],"pays":[226,227],"class_list":{"0":"post-628","1":"product","2":"type-product","3":"status-publish","4":"has-post-thumbnail","6":"product_cat-caraibe","7":"product_tag-funk","8":"product_tag-jazz-creole","9":"product_tag-musique-antillaise","10":"product_tag-musiques-du-monde","11":"pa_format-album","12":"pa_format-cd","13":"pa_format-digipack","14":"musiciens-germain-cece","15":"musiciens-gilbert-coco","16":"musiciens-happy-lewis","17":"musiciens-jose-mancliere","18":"musiciens-patrick-jean-marie","19":"musiciens-philippe-dambury","20":"musiciens-pierre-edouard-decimus","21":"musiciens-roger-coco","22":"musiciens-roland-gallas","23":"pays-ameriques","24":"pays-guadeloupe","25":"desktop-align-left","26":"tablet-align-left","27":"mobile-align-left","29":"first","30":"instock","31":"shipping-taxable","32":"purchasable","33":"product-type-simple"},"supplier_id":1150,"supplier_sku":"","barcode":null,"atum_controlled":true,"out_stock_date":null,"out_stock_threshold":null,"inheritable":false,"inbound_stock":0,"stock_on_hold":0,"sold_today":0,"sales_last_days":0,"reserved_stock":0,"customer_returns":0,"warehouse_damage":0,"lost_in_post":0,"other_logs":0,"out_stock_days":0,"lost_sales":0,"has_location":false,"update_date":"2026-04-28T00:09:02","atum_locations":[],"atum_stock_status":"instock","restock_status":false,"low_stock_amount":"","sales_update_date":"2026-04-28T00:09:02","calc_backorders":null,"uagb_featured_image_src":{"full":["https:\/\/shop.bananierbleu.fr\/wp-content\/uploads\/2022\/08\/DouboutPouGadefull.jpg",599,535,false],"thumbnail":["https:\/\/shop.bananierbleu.fr\/wp-content\/uploads\/2022\/08\/DouboutPouGadefull-150x150.jpg",150,150,true],"medium":["https:\/\/shop.bananierbleu.fr\/wp-content\/uploads\/2022\/08\/DouboutPouGadefull-300x268.jpg",300,268,true],"medium_large":["https:\/\/shop.bananierbleu.fr\/wp-content\/uploads\/2022\/08\/DouboutPouGadefull.jpg",599,535,false],"large":["https:\/\/shop.bananierbleu.fr\/wp-content\/uploads\/2022\/08\/DouboutPouGadefull.jpg",599,535,false],"1536x1536":["https:\/\/shop.bananierbleu.fr\/wp-content\/uploads\/2022\/08\/DouboutPouGadefull.jpg",599,535,false],"2048x2048":["https:\/\/shop.bananierbleu.fr\/wp-content\/uploads\/2022\/08\/DouboutPouGadefull.jpg",599,535,false],"trp-custom-language-flag":["https:\/\/shop.bananierbleu.fr\/wp-content\/uploads\/2022\/08\/DouboutPouGadefull.jpg",13,12,false],"woocommerce_thumbnail":["https:\/\/shop.bananierbleu.fr\/wp-content\/uploads\/2022\/08\/DouboutPouGadefull-300x300.jpg",300,300,true],"woocommerce_single":["https:\/\/shop.bananierbleu.fr\/wp-content\/uploads\/2022\/08\/DouboutPouGadefull.jpg",599,535,false],"woocommerce_gallery_thumbnail":["https:\/\/shop.bananierbleu.fr\/wp-content\/uploads\/2022\/08\/DouboutPouGadefull-100x100.jpg",100,100,true]},"uagb_author_info":{"display_name":"Charlie Bb","author_link":"https:\/\/shop.bananierbleu.fr\/en\/author\/"},"uagb_comment_info":0,"uagb_excerpt":"Produit neuf, sous blister. Coproduit par Pierre-Edouard Decimus, Jos\u00e9 Mancli\u00e8re a concoct\u00e9 ici un disque vraiment personnel et singulier qui met en avant une composition exp\u00e9rimentale \u00e9tonnante fusionnant le Gwo Ka, le Jazz-Funk et la Biguine pour une des toutes premi\u00e8res production synth\u00e9tique \u00e9lectronique du genre. Cet album ultra-rare, distribu\u00e9 \u00e0 titre priv\u00e9 aux Antilles,&hellip;","_links":{"self":[{"href":"https:\/\/shop.bananierbleu.fr\/en\/wp-json\/wp\/v2\/product\/628","targetHints":{"allow":["GET"]}}],"collection":[{"href":"https:\/\/shop.bananierbleu.fr\/en\/wp-json\/wp\/v2\/product"}],"about":[{"href":"https:\/\/shop.bananierbleu.fr\/en\/wp-json\/wp\/v2\/types\/product"}],"replies":[{"embeddable":true,"href":"https:\/\/shop.bananierbleu.fr\/en\/wp-json\/wp\/v2\/comments?post=628"}],"wp:featuredmedia":[{"embeddable":true,"href":"https:\/\/shop.bananierbleu.fr\/en\/wp-json\/wp\/v2\/media\/636"}],"wp:attachment":[{"href":"https:\/\/shop.bananierbleu.fr\/en\/wp-json\/wp\/v2\/media?parent=628"}],"wp:term":[{"taxonomy":"product_brand","embeddable":true,"href":"https:\/\/shop.bananierbleu.fr\/en\/wp-json\/wp\/v2\/product_brand?post=628"},{"taxonomy":"product_cat","embeddable":true,"href":"https:\/\/shop.bananierbleu.fr\/en\/wp-json\/wp\/v2\/product_cat?post=628"},{"taxonomy":"product_tag","embeddable":true,"href":"https:\/\/shop.bananierbleu.fr\/en\/wp-json\/wp\/v2\/product_tag?post=628"},{"taxonomy":"musiciens","embeddable":true,"href":"https:\/\/shop.bananierbleu.fr\/en\/wp-json\/wp\/v2\/musiciens?post=628"},{"taxonomy":"pays","embeddable":true,"href":"https:\/\/shop.bananierbleu.fr\/en\/wp-json\/wp\/v2\/pays?post=628"}],"curies":[{"name":"wp","href":"https:\/\/api.w.org\/{rel}","templated":true}]}}