{"id":970,"date":"2021-11-25T17:19:13","date_gmt":"2021-11-25T17:19:13","guid":{"rendered":"https:\/\/shop.bananierbleu.fr\/?post_type=product&#038;p=970"},"modified":"2023-11-22T09:15:30","modified_gmt":"2023-11-22T09:15:30","slug":"mysteres-nuit-eric-ildefonse-2021","status":"publish","type":"product","link":"https:\/\/shop.bananierbleu.fr\/en\/product\/mysteres-nuit-eric-ildefonse-2021\/","title":{"rendered":"Myst\u00e8res Nuit (Eric Ildefonse \/ 2021)"},"content":{"rendered":"","protected":false},"excerpt":{"rendered":"<p>New product, in blister pack.<\/p>\n<ul>\n<li><strong>Year:<\/strong> 2021<\/li>\n<li><strong>Label\/reference: <\/strong>auto-production<\/li>\n<li><strong>Musicians:<\/strong> Eric Ildefonse, Linley Marthe, St\u00e9phane B\u00e9carie, Dominique Bougrainville, Nantha Kumar<\/li>\n<li><strong>Tracks:<\/strong> 1- Ainsi La Nuit &#8211; 15:17 \/ 2- Danse De Nuit &#8211; 13:44 \/ 3- Myst\u00e8res Nuit &#8211; 9:07 \/ 4- M\u00e9tamorphoses &#8211; 13:39 \/ 5- Et L&rsquo;Aurore &#8211; 10:19<\/li>\n<\/ul>\n<div style=\"position: static !important;\"><\/div>\n<div style=\"position: static !important;\"><\/div>\n<div style=\"position: static !important;\"><\/div>","protected":false},"featured_media":971,"comment_status":"closed","ping_status":"closed","template":"","meta":{"_uag_custom_page_level_css":"","site-sidebar-layout":"default","site-content-layout":"default","ast-site-content-layout":"default","site-content-style":"default","site-sidebar-style":"default","ast-global-header-display":"","ast-banner-title-visibility":"","ast-main-header-display":"","ast-hfb-above-header-display":"","ast-hfb-below-header-display":"","ast-hfb-mobile-header-display":"","site-post-title":"","ast-breadcrumbs-content":"","ast-featured-img":"","footer-sml-layout":"","ast-disable-related-posts":"","theme-transparent-header-meta":"default","adv-header-id-meta":"","stick-header-meta":"","header-above-stick-meta":"","header-main-stick-meta":"","header-below-stick-meta":"","astra-migrate-meta-layouts":"default","ast-page-background-enabled":"default","ast-page-background-meta":{"desktop":{"background-color":"var(--ast-global-color-4)","background-image":"","background-repeat":"repeat","background-position":"center center","background-size":"auto","background-attachment":"scroll","background-type":"","background-media":"","overlay-type":"","overlay-color":"","overlay-opacity":"","overlay-gradient":""},"tablet":{"background-color":"","background-image":"","background-repeat":"repeat","background-position":"center center","background-size":"auto","background-attachment":"scroll","background-type":"","background-media":"","overlay-type":"","overlay-color":"","overlay-opacity":"","overlay-gradient":""},"mobile":{"background-color":"","background-image":"","background-repeat":"repeat","background-position":"center center","background-size":"auto","background-attachment":"scroll","background-type":"","background-media":"","overlay-type":"","overlay-color":"","overlay-opacity":"","overlay-gradient":""}},"ast-content-background-meta":{"desktop":{"background-color":"var(--ast-global-color-5)","background-image":"","background-repeat":"repeat","background-position":"center center","background-size":"auto","background-attachment":"scroll","background-type":"","background-media":"","overlay-type":"","overlay-color":"","overlay-opacity":"","overlay-gradient":""},"tablet":{"background-color":"var(--ast-global-color-5)","background-image":"","background-repeat":"repeat","background-position":"center center","background-size":"auto","background-attachment":"scroll","background-type":"","background-media":"","overlay-type":"","overlay-color":"","overlay-opacity":"","overlay-gradient":""},"mobile":{"background-color":"var(--ast-global-color-5)","background-image":"","background-repeat":"repeat","background-position":"center center","background-size":"auto","background-attachment":"scroll","background-type":"","background-media":"","overlay-type":"","overlay-color":"","overlay-opacity":"","overlay-gradient":""}}},"product_brand":[],"product_cat":[294,472],"product_tag":[414,422,420,627,626],"musiciens":[152,527,216,528,529],"pays":[226,228],"class_list":{"0":"post-970","1":"product","2":"type-product","3":"status-publish","4":"has-post-thumbnail","6":"product_cat-caraibe","7":"product_cat-jazz","8":"product_tag-jazz","9":"product_tag-jazz-contemporain","10":"product_tag-jazz-creole","11":"product_tag-musique-antillaise","12":"product_tag-musiques-du-monde","13":"pa_format-album","14":"pa_format-cd","15":"pa_format-digipack","16":"musiciens-dominique-bougrainville","17":"musiciens-eric-ildefonse","18":"musiciens-linley-marthe","19":"musiciens-nantha-kumar","20":"musiciens-stephane-becarie","21":"pays-ameriques","22":"pays-martinique","23":"desktop-align-left","24":"tablet-align-left","25":"mobile-align-left","27":"first","28":"instock","29":"shipping-taxable","30":"purchasable","31":"product-type-simple"},"supplier_id":1159,"supplier_sku":"","barcode":null,"atum_controlled":true,"out_stock_date":null,"out_stock_threshold":null,"inheritable":false,"inbound_stock":0,"stock_on_hold":0,"sold_today":0,"sales_last_days":0,"reserved_stock":0,"customer_returns":0,"warehouse_damage":0,"lost_in_post":0,"other_logs":0,"out_stock_days":0,"lost_sales":0,"has_location":false,"update_date":"2026-04-19T00:05:54","atum_locations":[],"atum_stock_status":"instock","restock_status":false,"low_stock_amount":"","sales_update_date":"2026-04-19T00:05:54","calc_backorders":null,"uagb_featured_image_src":{"full":["https:\/\/shop.bananierbleu.fr\/wp-content\/uploads\/2022\/11\/Ildefonse_Eric-Mysteres_Nuit-02.jpg",1080,970,false],"thumbnail":["https:\/\/shop.bananierbleu.fr\/wp-content\/uploads\/2022\/11\/Ildefonse_Eric-Mysteres_Nuit-02-150x150.jpg",150,150,true],"medium":["https:\/\/shop.bananierbleu.fr\/wp-content\/uploads\/2022\/11\/Ildefonse_Eric-Mysteres_Nuit-02-300x269.jpg",300,269,true],"medium_large":["https:\/\/shop.bananierbleu.fr\/wp-content\/uploads\/2022\/11\/Ildefonse_Eric-Mysteres_Nuit-02-768x690.jpg",768,690,true],"large":["https:\/\/shop.bananierbleu.fr\/wp-content\/uploads\/2022\/11\/Ildefonse_Eric-Mysteres_Nuit-02-1024x920.jpg",1024,920,true],"1536x1536":["https:\/\/shop.bananierbleu.fr\/wp-content\/uploads\/2022\/11\/Ildefonse_Eric-Mysteres_Nuit-02.jpg",1080,970,false],"2048x2048":["https:\/\/shop.bananierbleu.fr\/wp-content\/uploads\/2022\/11\/Ildefonse_Eric-Mysteres_Nuit-02.jpg",1080,970,false],"trp-custom-language-flag":["https:\/\/shop.bananierbleu.fr\/wp-content\/uploads\/2022\/11\/Ildefonse_Eric-Mysteres_Nuit-02.jpg",13,12,false],"woocommerce_thumbnail":["https:\/\/shop.bananierbleu.fr\/wp-content\/uploads\/2022\/11\/Ildefonse_Eric-Mysteres_Nuit-02-300x300.jpg",300,300,true],"woocommerce_single":["https:\/\/shop.bananierbleu.fr\/wp-content\/uploads\/2022\/11\/Ildefonse_Eric-Mysteres_Nuit-02-600x539.jpg",600,539,true],"woocommerce_gallery_thumbnail":["https:\/\/shop.bananierbleu.fr\/wp-content\/uploads\/2022\/11\/Ildefonse_Eric-Mysteres_Nuit-02-100x100.jpg",100,100,true]},"uagb_author_info":{"display_name":"Charlie Bb","author_link":"https:\/\/shop.bananierbleu.fr\/en\/author\/"},"uagb_comment_info":0,"uagb_excerpt":"Produit neuf, sous blister. Ann\u00e9e : 2021 Label \/ R\u00e9f\u00e9rence : auto-production Interpr\u00e8tes : Eric Ildefonse, Linley Marthe, St\u00e9phane B\u00e9carie, Dominique Bougrainville, Nantha Kumar Titres : 1- Ainsi La Nuit - 15:17 \/ 2- Danse De Nuit - 13:44 \/ 3- Myst\u00e8res Nuit - 9:07 \/ 4- M\u00e9tamorphoses - 13:39 \/ 5- Et L'Aurore -&hellip;","_links":{"self":[{"href":"https:\/\/shop.bananierbleu.fr\/en\/wp-json\/wp\/v2\/product\/970","targetHints":{"allow":["GET"]}}],"collection":[{"href":"https:\/\/shop.bananierbleu.fr\/en\/wp-json\/wp\/v2\/product"}],"about":[{"href":"https:\/\/shop.bananierbleu.fr\/en\/wp-json\/wp\/v2\/types\/product"}],"replies":[{"embeddable":true,"href":"https:\/\/shop.bananierbleu.fr\/en\/wp-json\/wp\/v2\/comments?post=970"}],"wp:featuredmedia":[{"embeddable":true,"href":"https:\/\/shop.bananierbleu.fr\/en\/wp-json\/wp\/v2\/media\/971"}],"wp:attachment":[{"href":"https:\/\/shop.bananierbleu.fr\/en\/wp-json\/wp\/v2\/media?parent=970"}],"wp:term":[{"taxonomy":"product_brand","embeddable":true,"href":"https:\/\/shop.bananierbleu.fr\/en\/wp-json\/wp\/v2\/product_brand?post=970"},{"taxonomy":"product_cat","embeddable":true,"href":"https:\/\/shop.bananierbleu.fr\/en\/wp-json\/wp\/v2\/product_cat?post=970"},{"taxonomy":"product_tag","embeddable":true,"href":"https:\/\/shop.bananierbleu.fr\/en\/wp-json\/wp\/v2\/product_tag?post=970"},{"taxonomy":"musiciens","embeddable":true,"href":"https:\/\/shop.bananierbleu.fr\/en\/wp-json\/wp\/v2\/musiciens?post=970"},{"taxonomy":"pays","embeddable":true,"href":"https:\/\/shop.bananierbleu.fr\/en\/wp-json\/wp\/v2\/pays?post=970"}],"curies":[{"name":"wp","href":"https:\/\/api.w.org\/{rel}","templated":true}]}}