{"id":974,"date":"2016-12-11T10:47:55","date_gmt":"2016-12-11T10:47:55","guid":{"rendered":"https:\/\/shop.bananierbleu.fr\/?post_type=product&#038;p=974"},"modified":"2023-05-17T18:09:25","modified_gmt":"2023-05-17T18:09:25","slug":"mo-juba-o-muyiwa-kunnuji-s-osemako-2016","status":"publish","type":"product","link":"https:\/\/shop.bananierbleu.fr\/en\/product\/mo-juba-o-muyiwa-kunnuji-s-osemako-2016\/","title":{"rendered":"Mo Juba O (Muyiwa Kunnuji &lsquo;s Osemako \/ 2016)"},"content":{"rendered":"","protected":false},"excerpt":{"rendered":"<p>New product, in blister pack.<\/p>\n<p>https:\/\/youtu.be\/tWNCgZHBbvE<\/p>\n<ul>\n<li><strong>Year:<\/strong> 2016<\/li>\n<li><strong>Label\/reference: <\/strong>auto-production<\/li>\n<li><strong>Musicians:<\/strong> Muyiwa Kunnuji, Swala Emati Smith, Nicolas Sak\u00e9lario, Julien Gimbert , Kayode Kuti, Fatna Chaibi, Tokunbo Odubanjo, Fran\u00e7ois Estassy, Tunde Oduyele, Oghene Kologbo, Daniel Levy, Shola Bankole, Jacques Fach, Beautiful Nubia, Chief Udoh Essiet, Dotun Bankole, Fab Smith, Lucas Spiller, Tom Pablo Gareil<\/li>\n<li><strong>Tracks:<\/strong> 1- Mo Juba \/ 2- Olofofo \/ 3- Palapala \/ 4- Aradugbo \/ 5- Petit \u00e0 Petit \/ 6- Pot And Kettle \/ 7- Everything That Has Breath \/ 8- Ore Rerunrerun<\/li>\n<\/ul>\n<div><\/div>","protected":false},"featured_media":976,"comment_status":"closed","ping_status":"closed","template":"","meta":{"_uag_custom_page_level_css":"","site-sidebar-layout":"default","site-content-layout":"default","ast-site-content-layout":"default","site-content-style":"default","site-sidebar-style":"default","ast-global-header-display":"","ast-banner-title-visibility":"","ast-main-header-display":"","ast-hfb-above-header-display":"","ast-hfb-below-header-display":"","ast-hfb-mobile-header-display":"","site-post-title":"","ast-breadcrumbs-content":"","ast-featured-img":"","footer-sml-layout":"","ast-disable-related-posts":"","theme-transparent-header-meta":"default","adv-header-id-meta":"","stick-header-meta":"","header-above-stick-meta":"","header-main-stick-meta":"","header-below-stick-meta":"","astra-migrate-meta-layouts":"default","ast-page-background-enabled":"default","ast-page-background-meta":{"desktop":{"background-color":"var(--ast-global-color-4)","background-image":"","background-repeat":"repeat","background-position":"center center","background-size":"auto","background-attachment":"scroll","background-type":"","background-media":"","overlay-type":"","overlay-color":"","overlay-opacity":"","overlay-gradient":""},"tablet":{"background-color":"","background-image":"","background-repeat":"repeat","background-position":"center center","background-size":"auto","background-attachment":"scroll","background-type":"","background-media":"","overlay-type":"","overlay-color":"","overlay-opacity":"","overlay-gradient":""},"mobile":{"background-color":"","background-image":"","background-repeat":"repeat","background-position":"center center","background-size":"auto","background-attachment":"scroll","background-type":"","background-media":"","overlay-type":"","overlay-color":"","overlay-opacity":"","overlay-gradient":""}},"ast-content-background-meta":{"desktop":{"background-color":"var(--ast-global-color-5)","background-image":"","background-repeat":"repeat","background-position":"center center","background-size":"auto","background-attachment":"scroll","background-type":"","background-media":"","overlay-type":"","overlay-color":"","overlay-opacity":"","overlay-gradient":""},"tablet":{"background-color":"var(--ast-global-color-5)","background-image":"","background-repeat":"repeat","background-position":"center center","background-size":"auto","background-attachment":"scroll","background-type":"","background-media":"","overlay-type":"","overlay-color":"","overlay-opacity":"","overlay-gradient":""},"mobile":{"background-color":"var(--ast-global-color-5)","background-image":"","background-repeat":"repeat","background-position":"center center","background-size":"auto","background-attachment":"scroll","background-type":"","background-media":"","overlay-type":"","overlay-color":"","overlay-opacity":"","overlay-gradient":""}}},"product_brand":[],"product_cat":[469],"product_tag":[624,438,620,623,625,621],"musiciens":[539,538,541,540],"pays":[231,537],"class_list":{"0":"post-974","1":"product","2":"type-product","3":"status-publish","4":"has-post-thumbnail","6":"product_cat-afrique","7":"product_tag-african-music","8":"product_tag-afro-beat","9":"product_tag-afrobeat","10":"product_tag-afrobeat-music","11":"product_tag-musique-africaine","12":"product_tag-nigerian-music","13":"pa_format-album","14":"pa_format-cd","15":"pa_format-digipack","16":"musiciens-chief-udoh-essiet","17":"musiciens-muyiwa-kunnuji","18":"musiciens-swala-emati-smith","19":"musiciens-tom-pablo-gareil","20":"pays-afrique","21":"pays-nigeria","22":"desktop-align-left","23":"tablet-align-left","24":"mobile-align-left","26":"first","27":"instock","28":"shipping-taxable","29":"purchasable","30":"product-type-simple"},"supplier_id":1147,"supplier_sku":"","barcode":null,"atum_controlled":true,"out_stock_date":null,"out_stock_threshold":null,"inheritable":false,"inbound_stock":0,"stock_on_hold":0,"sold_today":0,"sales_last_days":0,"reserved_stock":0,"customer_returns":0,"warehouse_damage":0,"lost_in_post":0,"other_logs":0,"out_stock_days":0,"lost_sales":0,"has_location":false,"update_date":"2026-04-10T00:02:56","atum_locations":[],"atum_stock_status":"instock","restock_status":false,"low_stock_amount":"","sales_update_date":"2026-04-10T00:02:56","calc_backorders":null,"uagb_featured_image_src":{"full":["https:\/\/shop.bananierbleu.fr\/wp-content\/uploads\/2016\/12\/mojubao_front.jpg",1600,1600,false],"thumbnail":["https:\/\/shop.bananierbleu.fr\/wp-content\/uploads\/2016\/12\/mojubao_front-150x150.jpg",150,150,true],"medium":["https:\/\/shop.bananierbleu.fr\/wp-content\/uploads\/2016\/12\/mojubao_front-300x300.jpg",300,300,true],"medium_large":["https:\/\/shop.bananierbleu.fr\/wp-content\/uploads\/2016\/12\/mojubao_front-768x768.jpg",768,768,true],"large":["https:\/\/shop.bananierbleu.fr\/wp-content\/uploads\/2016\/12\/mojubao_front-1024x1024.jpg",1024,1024,true],"1536x1536":["https:\/\/shop.bananierbleu.fr\/wp-content\/uploads\/2016\/12\/mojubao_front-1536x1536.jpg",1536,1536,true],"2048x2048":["https:\/\/shop.bananierbleu.fr\/wp-content\/uploads\/2016\/12\/mojubao_front.jpg",1600,1600,false],"trp-custom-language-flag":["https:\/\/shop.bananierbleu.fr\/wp-content\/uploads\/2016\/12\/mojubao_front.jpg",12,12,false],"woocommerce_thumbnail":["https:\/\/shop.bananierbleu.fr\/wp-content\/uploads\/2016\/12\/mojubao_front-300x300.jpg",300,300,true],"woocommerce_single":["https:\/\/shop.bananierbleu.fr\/wp-content\/uploads\/2016\/12\/mojubao_front-600x600.jpg",600,600,true],"woocommerce_gallery_thumbnail":["https:\/\/shop.bananierbleu.fr\/wp-content\/uploads\/2016\/12\/mojubao_front-100x100.jpg",100,100,true]},"uagb_author_info":{"display_name":"Charlie Bb","author_link":"https:\/\/shop.bananierbleu.fr\/en\/author\/"},"uagb_comment_info":0,"uagb_excerpt":"Produit neuf, sous blister. https:\/\/youtu.be\/tWNCgZHBbvE Ann\u00e9e : 2016 Label \/ R\u00e9f\u00e9rence : auto-production Interpr\u00e8tes : Muyiwa Kunnuji, Swala Emati Smith, Nicolas Sak\u00e9lario, Julien Gimbert , Kayode Kuti, Fatna Chaibi, Tokunbo Odubanjo, Fran\u00e7ois Estassy, Tunde Oduyele, Oghene Kologbo, Daniel Levy, Shola Bankole, Jacques Fach, Beautiful Nubia, Chief Udoh Essiet, Dotun Bankole, Fab Smith, Lucas Spiller, Tom&hellip;","_links":{"self":[{"href":"https:\/\/shop.bananierbleu.fr\/en\/wp-json\/wp\/v2\/product\/974","targetHints":{"allow":["GET"]}}],"collection":[{"href":"https:\/\/shop.bananierbleu.fr\/en\/wp-json\/wp\/v2\/product"}],"about":[{"href":"https:\/\/shop.bananierbleu.fr\/en\/wp-json\/wp\/v2\/types\/product"}],"replies":[{"embeddable":true,"href":"https:\/\/shop.bananierbleu.fr\/en\/wp-json\/wp\/v2\/comments?post=974"}],"wp:featuredmedia":[{"embeddable":true,"href":"https:\/\/shop.bananierbleu.fr\/en\/wp-json\/wp\/v2\/media\/976"}],"wp:attachment":[{"href":"https:\/\/shop.bananierbleu.fr\/en\/wp-json\/wp\/v2\/media?parent=974"}],"wp:term":[{"taxonomy":"product_brand","embeddable":true,"href":"https:\/\/shop.bananierbleu.fr\/en\/wp-json\/wp\/v2\/product_brand?post=974"},{"taxonomy":"product_cat","embeddable":true,"href":"https:\/\/shop.bananierbleu.fr\/en\/wp-json\/wp\/v2\/product_cat?post=974"},{"taxonomy":"product_tag","embeddable":true,"href":"https:\/\/shop.bananierbleu.fr\/en\/wp-json\/wp\/v2\/product_tag?post=974"},{"taxonomy":"musiciens","embeddable":true,"href":"https:\/\/shop.bananierbleu.fr\/en\/wp-json\/wp\/v2\/musiciens?post=974"},{"taxonomy":"pays","embeddable":true,"href":"https:\/\/shop.bananierbleu.fr\/en\/wp-json\/wp\/v2\/pays?post=974"}],"curies":[{"name":"wp","href":"https:\/\/api.w.org\/{rel}","templated":true}]}}